{"id":12045,"date":"2021-03-19T08:45:28","date_gmt":"2021-03-19T08:45:28","guid":{"rendered":"https:\/\/industrial.filtrationgroup.com\/?page_id=12045"},"modified":"2021-08-16T09:28:35","modified_gmt":"2021-08-16T09:28:35","slug":"silentcare-erfolgsstory-buildtelligent","status":"publish","type":"page","link":"https:\/\/industrial.filtrationgroup.com\/de\/silentcare-erfolgsstory-buildtelligent\/","title":{"rendered":"SilentCare Erfolgsstory &#8211; Buildtelligent"},"content":{"rendered":"\n<h1 class=\"alignfull has-text-align-center has-blue-color has-light-gray-background-color has-text-color has-background wp-block-heading\">SilentCare &#8211; Der leise Held der Raumluftfiltration<\/h1>\n\n\n\n<div class=\"wp-block-media-text alignwide is-stacked-on-mobile is-vertically-aligned-center show-thumbnail: \u201ctrue\u201d\" style=\"grid-template-columns:36% auto\"><figure class=\"wp-block-media-text__media\"><img loading=\"lazy\" decoding=\"async\" width=\"683\" height=\"1024\" src=\"https:\/\/industrial.filtrationgroup.com\/wp-content\/uploads\/2021\/03\/SilentCare_104-683x1024.jpg\" alt=\"SilentCareTable\" class=\"wp-image-11777 size-medium\" srcset=\"https:\/\/industrial.filtrationgroup.com\/wp-content\/uploads\/2021\/03\/SilentCare_104-683x1024.jpg 683w, https:\/\/industrial.filtrationgroup.com\/wp-content\/uploads\/2021\/03\/SilentCare_104-200x300.jpg 200w, https:\/\/industrial.filtrationgroup.com\/wp-content\/uploads\/2021\/03\/SilentCare_104-768x1152.jpg 768w, https:\/\/industrial.filtrationgroup.com\/wp-content\/uploads\/2021\/03\/SilentCare_104-1024x1536.jpg 1024w, https:\/\/industrial.filtrationgroup.com\/wp-content\/uploads\/2021\/03\/SilentCare_104-1365x2048.jpg 1365w, https:\/\/industrial.filtrationgroup.com\/wp-content\/uploads\/2021\/03\/SilentCare_104-scaled.jpg 1707w\" sizes=\"auto, (max-width: 683px) 100vw, 683px\" \/><\/figure><div class=\"wp-block-media-text__content\">\n<p><strong>Mithilfe unseres innovativen Raumluftfilters SilentCare tragen wir signifikant zur Senkung der Infektionsgefahr mit Krankheitserregern in Innenr\u00e4umen bei.<\/strong><\/p>\n\n\n\n<p><strong>Dabei kommen HEPA-Filter H14 zum Einsatz, die durch das dreilagige Filtermedium mindesten 99,995 % der luftgetragenen Schadstoffe beseitigen.<\/strong><\/p>\n\n\n\n<p><strong>Unsere Kunden sind begeistert von der Wirksamkeit, dem intelligenten Design und dem fast ger\u00e4uschlosen Betrieb unseres Ger\u00e4tes (bei unter 42 db(A)).<\/strong><\/p>\n\n\n\n<p><strong>Zu solchen Kunden geh\u00f6rt auch die <a href=\"https:\/\/www.buildtelligent.com\/\" target=\"_blank\" rel=\"noreferrer noopener\">Buildtelligent GmbH.<\/a><\/strong><\/p>\n<\/div><\/div>\n\n\n\n<div class=\"wp-block-media-text alignwide has-media-on-the-right is-stacked-on-mobile is-vertically-aligned-center\" style=\"grid-template-columns:auto 45%\"><figure class=\"wp-block-media-text__media\"><img loading=\"lazy\" decoding=\"async\" width=\"683\" height=\"1024\" src=\"https:\/\/industrial.filtrationgroup.com\/wp-content\/uploads\/2021\/03\/Buildtelligent_SilentCare-683x1024.jpg\" alt=\"Buildtelligent_SilentCare\" class=\"wp-image-11912 size-large\" srcset=\"https:\/\/industrial.filtrationgroup.com\/wp-content\/uploads\/2021\/03\/Buildtelligent_SilentCare-683x1024.jpg 683w, https:\/\/industrial.filtrationgroup.com\/wp-content\/uploads\/2021\/03\/Buildtelligent_SilentCare-200x300.jpg 200w, https:\/\/industrial.filtrationgroup.com\/wp-content\/uploads\/2021\/03\/Buildtelligent_SilentCare-768x1152.jpg 768w, https:\/\/industrial.filtrationgroup.com\/wp-content\/uploads\/2021\/03\/Buildtelligent_SilentCare-1024x1536.jpg 1024w, https:\/\/industrial.filtrationgroup.com\/wp-content\/uploads\/2021\/03\/Buildtelligent_SilentCare-1365x2048.jpg 1365w, https:\/\/industrial.filtrationgroup.com\/wp-content\/uploads\/2021\/03\/Buildtelligent_SilentCare-scaled.jpg 1707w\" sizes=\"auto, (max-width: 683px) 100vw, 683px\" \/><\/figure><div class=\"wp-block-media-text__content\">\n<p><br>Buildtelligent ist ein junges, innovatives Start-up aus \u00d6sterreich und Deutschland, welches die Pflegebranche durch kontinuierlichen Technologievorsprung und au\u00dfergew\u00f6hnliche Beratungsleistung revolutionieren will. Die Arbeit der Pflegekr\u00e4fte soll attraktiver und wertsch\u00e4tzender werden und mehr Zeit und Raum bieten, f\u00fcr andere Menschen da zu sein. Mit state-of-the-art Sensorik und intelligenter Software f\u00fcr Pflegeheime, betreutes Wohnen und die h\u00e4usliche Betreuung profitieren Pfleger, Bewohner und Angeh\u00f6rige gleicherma\u00dfen.<\/p>\n\n\n\n<p class=\"has-black-color has-text-color\">Auch in Zusammenhang mit COVID-19 leistet Buildtelligent einen wichtigen Beitrag und hat mit unserem <a href=\"https:\/\/industrial.filtrationgroup.com\/de\/raumluftfilter-silentcare\/\" target=\"_blank\" rel=\"noreferrer noopener\">Raumluftfilter SilentCare<\/a> das eigene Produktportfolio erweitert. Dieser kommt in Besprechungsr\u00e4umen, Wartebereichen und Gro\u00dfraumb\u00fcros, aber auch in der Gastronomie oder in Friseursalons zum Einsatz.<\/p>\n\n\n\n<p class=\"has-black-color has-text-color\">Truc Pham, Co-Founder und Consultant von Buildtelligent, \u00fcberzeugt der SilentCare vor allem mit seiner Funktionalit\u00e4t sowie einem \u00fcberaus fairen Preisrahmen. Au\u00dferdem sch\u00e4tzt er den vielf\u00e4ltigen Anwendungsbereich durch die optional montierbare Tischplatte. Ein weiterer Pluspunkt ist der geringe Ger\u00e4uschpegel des SilentCare Raumluftfilters, der einen st\u00f6rungsfreien Ablauf des Alltags erm\u00f6glicht. Dieser leise Betrieb war auch der ausschlaggebende Kauffaktor f\u00fcr das Unternehmen. Zus\u00e4tzlich beeindruckte der Service der Filtration Group Industrial. Laut Buildtelligent ist das Angebot, die Luftfilter separat austauschen zu lassen, eine bedienungsfreundliche und preisg\u00fcnstige Alternative zum sonst kosten- und zeitintensiven Nachr\u00fcsten von Luftreinigern.<br><br><\/p>\n<\/div><\/div>\n\n\n\n<h3 class=\"has-blue-color has-text-color wp-block-heading\"><br>Kontakt<\/h3>\n\n\n\n<p><strong>Harisa Lumpp<\/strong><br><em>Head of Product Management Airfilter Systems<\/em><br><br><a href=\"mailto:silentcare@filtrationgroup.com\" target=\"_blank\" rel=\"noreferrer noopener\">silentcare@filtrationgroup.com<\/a><br>Tel. 07941-6466-345<\/p>\n","protected":false},"excerpt":{"rendered":"<p>SilentCare &#8211; Der leise Held der Raumluftfiltration Mithilfe unseres innovativen Raumluftfilters SilentCare tragen wir signifikant zur Senkung der Infektionsgefahr mit Krankheitserregern in Innenr\u00e4umen bei. Dabei kommen HEPA-Filter H14 zum Einsatz, die durch das dreilagige Filtermedium mindesten 99,995 % der luftgetragenen Schadstoffe beseitigen. Unsere Kunden sind begeistert von der Wirksamkeit, dem intelligenten Design und dem fast [&hellip;]<\/p>\n","protected":false},"author":10,"featured_media":0,"parent":0,"menu_order":0,"comment_status":"closed","ping_status":"closed","template":"","meta":{"_acf_changed":false,"footnotes":""},"class_list":["post-12045","page","type-page","status-publish","hentry"],"acf":[],"yoast_head":"<!-- This site is optimized with the Yoast SEO plugin v27.3 - https:\/\/yoast.com\/product\/yoast-seo-wordpress\/ -->\n<title>SilentCare Erfolgsstory - Buildtelligent - Filtration Group Industrial<\/title>\n<meta name=\"description\" content=\"Raumluftfiltrationssystem SilentCare. Die Erfolgsgeschichte von Buildtelligent und der Beitrag in Zeiten von COVID-19.\" \/>\n<meta name=\"robots\" content=\"index, follow, max-snippet:-1, max-image-preview:large, max-video-preview:-1\" \/>\n<link rel=\"canonical\" href=\"https:\/\/industrial.filtrationgroup.com\/de\/silentcare-erfolgsstory-buildtelligent\/\" \/>\n<meta property=\"og:locale\" content=\"de_DE\" \/>\n<meta property=\"og:type\" content=\"article\" \/>\n<meta property=\"og:title\" content=\"SilentCare Erfolgsstory - Buildtelligent - Filtration Group Industrial\" \/>\n<meta property=\"og:description\" content=\"Raumluftfiltrationssystem SilentCare. Die Erfolgsgeschichte von Buildtelligent und der Beitrag in Zeiten von COVID-19.\" \/>\n<meta property=\"og:url\" content=\"https:\/\/industrial.filtrationgroup.com\/de\/silentcare-erfolgsstory-buildtelligent\/\" \/>\n<meta property=\"og:site_name\" content=\"Filtration Group Industrial\" \/>\n<meta property=\"article:modified_time\" content=\"2021-08-16T09:28:35+00:00\" \/>\n<meta property=\"og:image\" content=\"https:\/\/industrial.filtrationgroup.com\/wp-content\/uploads\/2021\/03\/SilentCare_104-683x1024.jpg\" \/>\n<meta name=\"twitter:card\" content=\"summary_large_image\" \/>\n<meta name=\"twitter:label1\" content=\"Gesch\u00e4tzte Lesezeit\" \/>\n\t<meta name=\"twitter:data1\" content=\"2 Minuten\" \/>\n<script type=\"application\/ld+json\" class=\"yoast-schema-graph\">{\"@context\":\"https:\\\/\\\/schema.org\",\"@graph\":[{\"@type\":\"WebPage\",\"@id\":\"https:\\\/\\\/industrial.filtrationgroup.com\\\/de\\\/silentcare-erfolgsstory-buildtelligent\\\/\",\"url\":\"https:\\\/\\\/industrial.filtrationgroup.com\\\/de\\\/silentcare-erfolgsstory-buildtelligent\\\/\",\"name\":\"SilentCare Erfolgsstory - Buildtelligent - Filtration Group Industrial\",\"isPartOf\":{\"@id\":\"https:\\\/\\\/industrial.filtrationgroup.com\\\/de\\\/#website\"},\"primaryImageOfPage\":{\"@id\":\"https:\\\/\\\/industrial.filtrationgroup.com\\\/de\\\/silentcare-erfolgsstory-buildtelligent\\\/#primaryimage\"},\"image\":{\"@id\":\"https:\\\/\\\/industrial.filtrationgroup.com\\\/de\\\/silentcare-erfolgsstory-buildtelligent\\\/#primaryimage\"},\"thumbnailUrl\":\"https:\\\/\\\/industrial.filtrationgroup.com\\\/wp-content\\\/uploads\\\/2021\\\/03\\\/SilentCare_104-683x1024.jpg\",\"datePublished\":\"2021-03-19T08:45:28+00:00\",\"dateModified\":\"2021-08-16T09:28:35+00:00\",\"description\":\"Raumluftfiltrationssystem SilentCare. Die Erfolgsgeschichte von Buildtelligent und der Beitrag in Zeiten von COVID-19.\",\"breadcrumb\":{\"@id\":\"https:\\\/\\\/industrial.filtrationgroup.com\\\/de\\\/silentcare-erfolgsstory-buildtelligent\\\/#breadcrumb\"},\"inLanguage\":\"de-DE\",\"potentialAction\":[{\"@type\":\"ReadAction\",\"target\":[\"https:\\\/\\\/industrial.filtrationgroup.com\\\/de\\\/silentcare-erfolgsstory-buildtelligent\\\/\"]}]},{\"@type\":\"ImageObject\",\"inLanguage\":\"de-DE\",\"@id\":\"https:\\\/\\\/industrial.filtrationgroup.com\\\/de\\\/silentcare-erfolgsstory-buildtelligent\\\/#primaryimage\",\"url\":\"https:\\\/\\\/industrial.filtrationgroup.com\\\/wp-content\\\/uploads\\\/2021\\\/03\\\/SilentCare_104-683x1024.jpg\",\"contentUrl\":\"https:\\\/\\\/industrial.filtrationgroup.com\\\/wp-content\\\/uploads\\\/2021\\\/03\\\/SilentCare_104-683x1024.jpg\"},{\"@type\":\"BreadcrumbList\",\"@id\":\"https:\\\/\\\/industrial.filtrationgroup.com\\\/de\\\/silentcare-erfolgsstory-buildtelligent\\\/#breadcrumb\",\"itemListElement\":[{\"@type\":\"ListItem\",\"position\":1,\"name\":\"\",\"item\":\"https:\\\/\\\/industrial.filtrationgroup.com\\\/de\\\/\"},{\"@type\":\"ListItem\",\"position\":2,\"name\":\"SilentCare Erfolgsstory &#8211; Buildtelligent\"}]},{\"@type\":\"WebSite\",\"@id\":\"https:\\\/\\\/industrial.filtrationgroup.com\\\/de\\\/#website\",\"url\":\"https:\\\/\\\/industrial.filtrationgroup.com\\\/de\\\/\",\"name\":\"Filtration Group Industrial\",\"description\":\"Making the World Safer, Healthier and More Productive\",\"publisher\":{\"@id\":\"https:\\\/\\\/industrial.filtrationgroup.com\\\/de\\\/#organization\"},\"potentialAction\":[{\"@type\":\"SearchAction\",\"target\":{\"@type\":\"EntryPoint\",\"urlTemplate\":\"https:\\\/\\\/industrial.filtrationgroup.com\\\/de\\\/?s={search_term_string}\"},\"query-input\":{\"@type\":\"PropertyValueSpecification\",\"valueRequired\":true,\"valueName\":\"search_term_string\"}}],\"inLanguage\":\"de-DE\"},{\"@type\":\"Organization\",\"@id\":\"https:\\\/\\\/industrial.filtrationgroup.com\\\/de\\\/#organization\",\"name\":\"Filtration Group\",\"url\":\"https:\\\/\\\/industrial.filtrationgroup.com\\\/de\\\/\",\"logo\":{\"@type\":\"ImageObject\",\"inLanguage\":\"de-DE\",\"@id\":\"https:\\\/\\\/industrial.filtrationgroup.com\\\/de\\\/#\\\/schema\\\/logo\\\/image\\\/\",\"url\":\"https:\\\/\\\/industrial.filtrationgroup.com\\\/wp-content\\\/uploads\\\/2019\\\/06\\\/FGC-logo-1.png\",\"contentUrl\":\"https:\\\/\\\/industrial.filtrationgroup.com\\\/wp-content\\\/uploads\\\/2019\\\/06\\\/FGC-logo-1.png\",\"width\":1104,\"height\":224,\"caption\":\"Filtration Group\"},\"image\":{\"@id\":\"https:\\\/\\\/industrial.filtrationgroup.com\\\/de\\\/#\\\/schema\\\/logo\\\/image\\\/\"}}]}<\/script>\n<!-- \/ Yoast SEO plugin. -->","yoast_head_json":{"title":"SilentCare Erfolgsstory - Buildtelligent - Filtration Group Industrial","description":"Raumluftfiltrationssystem SilentCare. Die Erfolgsgeschichte von Buildtelligent und der Beitrag in Zeiten von COVID-19.","robots":{"index":"index","follow":"follow","max-snippet":"max-snippet:-1","max-image-preview":"max-image-preview:large","max-video-preview":"max-video-preview:-1"},"canonical":"https:\/\/industrial.filtrationgroup.com\/de\/silentcare-erfolgsstory-buildtelligent\/","og_locale":"de_DE","og_type":"article","og_title":"SilentCare Erfolgsstory - Buildtelligent - Filtration Group Industrial","og_description":"Raumluftfiltrationssystem SilentCare. Die Erfolgsgeschichte von Buildtelligent und der Beitrag in Zeiten von COVID-19.","og_url":"https:\/\/industrial.filtrationgroup.com\/de\/silentcare-erfolgsstory-buildtelligent\/","og_site_name":"Filtration Group Industrial","article_modified_time":"2021-08-16T09:28:35+00:00","og_image":[{"url":"https:\/\/industrial.filtrationgroup.com\/wp-content\/uploads\/2021\/03\/SilentCare_104-683x1024.jpg","type":"","width":"","height":""}],"twitter_card":"summary_large_image","twitter_misc":{"Gesch\u00e4tzte Lesezeit":"2 Minuten"},"schema":{"@context":"https:\/\/schema.org","@graph":[{"@type":"WebPage","@id":"https:\/\/industrial.filtrationgroup.com\/de\/silentcare-erfolgsstory-buildtelligent\/","url":"https:\/\/industrial.filtrationgroup.com\/de\/silentcare-erfolgsstory-buildtelligent\/","name":"SilentCare Erfolgsstory - Buildtelligent - Filtration Group Industrial","isPartOf":{"@id":"https:\/\/industrial.filtrationgroup.com\/de\/#website"},"primaryImageOfPage":{"@id":"https:\/\/industrial.filtrationgroup.com\/de\/silentcare-erfolgsstory-buildtelligent\/#primaryimage"},"image":{"@id":"https:\/\/industrial.filtrationgroup.com\/de\/silentcare-erfolgsstory-buildtelligent\/#primaryimage"},"thumbnailUrl":"https:\/\/industrial.filtrationgroup.com\/wp-content\/uploads\/2021\/03\/SilentCare_104-683x1024.jpg","datePublished":"2021-03-19T08:45:28+00:00","dateModified":"2021-08-16T09:28:35+00:00","description":"Raumluftfiltrationssystem SilentCare. Die Erfolgsgeschichte von Buildtelligent und der Beitrag in Zeiten von COVID-19.","breadcrumb":{"@id":"https:\/\/industrial.filtrationgroup.com\/de\/silentcare-erfolgsstory-buildtelligent\/#breadcrumb"},"inLanguage":"de-DE","potentialAction":[{"@type":"ReadAction","target":["https:\/\/industrial.filtrationgroup.com\/de\/silentcare-erfolgsstory-buildtelligent\/"]}]},{"@type":"ImageObject","inLanguage":"de-DE","@id":"https:\/\/industrial.filtrationgroup.com\/de\/silentcare-erfolgsstory-buildtelligent\/#primaryimage","url":"https:\/\/industrial.filtrationgroup.com\/wp-content\/uploads\/2021\/03\/SilentCare_104-683x1024.jpg","contentUrl":"https:\/\/industrial.filtrationgroup.com\/wp-content\/uploads\/2021\/03\/SilentCare_104-683x1024.jpg"},{"@type":"BreadcrumbList","@id":"https:\/\/industrial.filtrationgroup.com\/de\/silentcare-erfolgsstory-buildtelligent\/#breadcrumb","itemListElement":[{"@type":"ListItem","position":1,"name":"","item":"https:\/\/industrial.filtrationgroup.com\/de\/"},{"@type":"ListItem","position":2,"name":"SilentCare Erfolgsstory &#8211; Buildtelligent"}]},{"@type":"WebSite","@id":"https:\/\/industrial.filtrationgroup.com\/de\/#website","url":"https:\/\/industrial.filtrationgroup.com\/de\/","name":"Filtration Group Industrial","description":"Making the World Safer, Healthier and More Productive","publisher":{"@id":"https:\/\/industrial.filtrationgroup.com\/de\/#organization"},"potentialAction":[{"@type":"SearchAction","target":{"@type":"EntryPoint","urlTemplate":"https:\/\/industrial.filtrationgroup.com\/de\/?s={search_term_string}"},"query-input":{"@type":"PropertyValueSpecification","valueRequired":true,"valueName":"search_term_string"}}],"inLanguage":"de-DE"},{"@type":"Organization","@id":"https:\/\/industrial.filtrationgroup.com\/de\/#organization","name":"Filtration Group","url":"https:\/\/industrial.filtrationgroup.com\/de\/","logo":{"@type":"ImageObject","inLanguage":"de-DE","@id":"https:\/\/industrial.filtrationgroup.com\/de\/#\/schema\/logo\/image\/","url":"https:\/\/industrial.filtrationgroup.com\/wp-content\/uploads\/2019\/06\/FGC-logo-1.png","contentUrl":"https:\/\/industrial.filtrationgroup.com\/wp-content\/uploads\/2019\/06\/FGC-logo-1.png","width":1104,"height":224,"caption":"Filtration Group"},"image":{"@id":"https:\/\/industrial.filtrationgroup.com\/de\/#\/schema\/logo\/image\/"}}]}},"_links":{"self":[{"href":"https:\/\/industrial.filtrationgroup.com\/de\/wp-json\/wp\/v2\/pages\/12045","targetHints":{"allow":["GET"]}}],"collection":[{"href":"https:\/\/industrial.filtrationgroup.com\/de\/wp-json\/wp\/v2\/pages"}],"about":[{"href":"https:\/\/industrial.filtrationgroup.com\/de\/wp-json\/wp\/v2\/types\/page"}],"author":[{"embeddable":true,"href":"https:\/\/industrial.filtrationgroup.com\/de\/wp-json\/wp\/v2\/users\/10"}],"replies":[{"embeddable":true,"href":"https:\/\/industrial.filtrationgroup.com\/de\/wp-json\/wp\/v2\/comments?post=12045"}],"version-history":[{"count":0,"href":"https:\/\/industrial.filtrationgroup.com\/de\/wp-json\/wp\/v2\/pages\/12045\/revisions"}],"wp:attachment":[{"href":"https:\/\/industrial.filtrationgroup.com\/de\/wp-json\/wp\/v2\/media?parent=12045"}],"curies":[{"name":"wp","href":"https:\/\/api.w.org\/{rel}","templated":true}]}}