{"id":12046,"date":"2021-03-19T08:45:53","date_gmt":"2021-03-19T08:45:53","guid":{"rendered":"https:\/\/industrial.filtrationgroup.com\/?page_id=12046"},"modified":"2021-03-19T08:45:54","modified_gmt":"2021-03-19T08:45:54","slug":"silentcare-erfolgsstory-montessori","status":"publish","type":"page","link":"https:\/\/industrial.filtrationgroup.com\/de\/silentcare-erfolgsstory-montessori\/","title":{"rendered":"SilentCare Erfolgsstory &#8211; Montessori"},"content":{"rendered":"\n<h1 class=\"alignfull has-text-align-center has-blue-color has-light-gray-background-color has-text-color has-background wp-block-heading\">SilentCare &#8211; kinderfreundliche Investition mit Zuschuss<\/h1>\n\n\n\n<div class=\"wp-block-media-text alignwide is-stacked-on-mobile is-vertically-aligned-center\" style=\"grid-template-columns:45% auto\"><figure class=\"wp-block-media-text__media\"><img loading=\"lazy\" decoding=\"async\" width=\"640\" height=\"480\" src=\"https:\/\/industrial.filtrationgroup.com\/wp-content\/uploads\/2021\/03\/Montessori.jpg\" alt=\"Montessori\" class=\"wp-image-11962 size-full\" srcset=\"https:\/\/industrial.filtrationgroup.com\/wp-content\/uploads\/2021\/03\/Montessori.jpg 640w, https:\/\/industrial.filtrationgroup.com\/wp-content\/uploads\/2021\/03\/Montessori-300x225.jpg 300w\" sizes=\"auto, (max-width: 640px) 100vw, 640px\" \/><\/figure><div class=\"wp-block-media-text__content\">\n<p>Unser stille Filtrationsheld kommt auch im Alltag zum Einsatz, entlastet Personal in sozialen Einrichtungen und leistet somit einen wichtigen Beitrag in Zeiten von COVID-19. So zum Beispiel im <a href=\"https:\/\/www.montessori-s-mitte.de\/\" target=\"_blank\" rel=\"noreferrer noopener\"><strong>Montessori Kinderhaus Stuttgart Mitte.<\/strong><br><\/a><br>Das Kinderhaus liegt mitten im Herzen von Stuttgart und widmet sich der Ganztagesbetreuung von Kindern im Alter zwischen 3 und 12 Jahren (Kindergarten- und Hortangebot). Benannt nach Maria Montessori hat das Kinderhaus, sowie der zugeh\u00f6rige gemeinn\u00fctzige Verein zum Ziel Kinder in ihrer k\u00f6rperlichen, geistigen, seelischen Entwicklung und in ihrem sozialen Verhalten zu f\u00f6rdern.<br><\/p>\n<\/div><\/div>\n\n\n\n<div class=\"wp-block-media-text alignwide has-media-on-the-right is-stacked-on-mobile is-vertically-aligned-center\" style=\"grid-template-columns:auto 48%\"><figure class=\"wp-block-media-text__media\"><img loading=\"lazy\" decoding=\"async\" width=\"640\" height=\"480\" src=\"https:\/\/industrial.filtrationgroup.com\/wp-content\/uploads\/2021\/03\/Montessori_II.jpg\" alt=\"MontessoriII\" class=\"wp-image-11967 size-full\" srcset=\"https:\/\/industrial.filtrationgroup.com\/wp-content\/uploads\/2021\/03\/Montessori_II.jpg 640w, https:\/\/industrial.filtrationgroup.com\/wp-content\/uploads\/2021\/03\/Montessori_II-300x225.jpg 300w\" sizes=\"auto, (max-width: 640px) 100vw, 640px\" \/><\/figure><div class=\"wp-block-media-text__content\">\n<p>Montessori erwarb gleich vier unseres Raumluftfilters SilentCare.<\/p>\n\n\n\n<p>Laut Martin G\u00fcrtler, Vorstandsmitglied des Tr\u00e4gervereins, liegt der gro\u00dfe Vorteil des <strong><a href=\"https:\/\/industrial.filtrationgroup.com\/de\/raumluftfilter-silentcare\/\" target=\"_blank\" rel=\"noreferrer noopener\">SilentCares<\/a><\/strong> nicht nur in der Filterwirkung, die zu mehr Gesundheitsschutz im Kinderhaus beitr\u00e4gt, sondern auch in seinem kinderfreundlichen Design. Durch seine zylinderartige, runde Form und seine Gr\u00f6\u00dfe besteht keine Verletzungsgefahr f\u00fcr Kinder. Somit eignet sich der <a href=\"https:\/\/industrial.filtrationgroup.com\/de\/raumluftfilter-silentcare\/\" target=\"_blank\" rel=\"noreferrer noopener\"><strong>SilentCare<\/strong> <\/a>hervorragend auch f\u00fcr den Einsatz mit (kleinen) Kindern im Raum. Die angebrachten Rollen sorgen zus\u00e4tzlich f\u00fcr unkomplizierten und leisen Transport des Ger\u00e4tes von Raum zu Raum. Au\u00dferdem sind die Ger\u00e4te sehr ger\u00e4uscharm und beeintr\u00e4chtigen nicht die Arbeit in den Kindergarten- und Hortgruppen.<\/p>\n<\/div><\/div>\n\n\n\n<h3 class=\"has-text-align-left has-blue-color has-text-color wp-block-heading\"><br><br>Kontakt <\/h3>\n\n\n\n<p><strong>Harisa Lumpp<\/strong><br><em>Head of Product Management Airfilter Systems<\/em><br><br><a href=\"mailto:silentcare@filtrationgroup.com\" target=\"_blank\" rel=\"noreferrer noopener\">silentcare@filtrationgroup.com<\/a><br>Tel. 07941-6466-345<\/p>\n","protected":false},"excerpt":{"rendered":"<p>SilentCare &#8211; kinderfreundliche Investition mit Zuschuss Unser stille Filtrationsheld kommt auch im Alltag zum Einsatz, entlastet Personal in sozialen Einrichtungen und leistet somit einen wichtigen Beitrag in Zeiten von COVID-19. So zum Beispiel im Montessori Kinderhaus Stuttgart Mitte.Das Kinderhaus liegt mitten im Herzen von Stuttgart und widmet sich der Ganztagesbetreuung von Kindern im Alter zwischen [&hellip;]<\/p>\n","protected":false},"author":10,"featured_media":0,"parent":0,"menu_order":0,"comment_status":"closed","ping_status":"closed","template":"","meta":{"_acf_changed":false,"footnotes":""},"class_list":["post-12046","page","type-page","status-publish","hentry"],"acf":[],"yoast_head":"<!-- This site is optimized with the Yoast SEO plugin v27.3 - https:\/\/yoast.com\/product\/yoast-seo-wordpress\/ -->\n<title>SilentCare Erfolgsstory - Montessori - Filtration Group Industrial<\/title>\n<meta name=\"description\" content=\"Raumluftfiltration SilentCare. Die Erfolgsgeschichte einer kinderfreundlichen Investition des Montessori Kinderhauses.\" \/>\n<meta name=\"robots\" content=\"index, follow, max-snippet:-1, max-image-preview:large, max-video-preview:-1\" \/>\n<link rel=\"canonical\" href=\"https:\/\/industrial.filtrationgroup.com\/de\/silentcare-erfolgsstory-montessori\/\" \/>\n<meta property=\"og:locale\" content=\"de_DE\" \/>\n<meta property=\"og:type\" content=\"article\" \/>\n<meta property=\"og:title\" content=\"SilentCare Erfolgsstory - Montessori - Filtration Group Industrial\" \/>\n<meta property=\"og:description\" content=\"Raumluftfiltration SilentCare. Die Erfolgsgeschichte einer kinderfreundlichen Investition des Montessori Kinderhauses.\" \/>\n<meta property=\"og:url\" content=\"https:\/\/industrial.filtrationgroup.com\/de\/silentcare-erfolgsstory-montessori\/\" \/>\n<meta property=\"og:site_name\" content=\"Filtration Group Industrial\" \/>\n<meta property=\"article:modified_time\" content=\"2021-03-19T08:45:54+00:00\" \/>\n<meta property=\"og:image\" content=\"https:\/\/industrial.filtrationgroup.com\/wp-content\/uploads\/2021\/03\/Montessori.jpg\" \/>\n<meta name=\"twitter:card\" content=\"summary_large_image\" \/>\n<meta name=\"twitter:label1\" content=\"Gesch\u00e4tzte Lesezeit\" \/>\n\t<meta name=\"twitter:data1\" content=\"2 Minuten\" \/>\n<script type=\"application\/ld+json\" class=\"yoast-schema-graph\">{\"@context\":\"https:\\\/\\\/schema.org\",\"@graph\":[{\"@type\":\"WebPage\",\"@id\":\"https:\\\/\\\/industrial.filtrationgroup.com\\\/de\\\/silentcare-erfolgsstory-montessori\\\/\",\"url\":\"https:\\\/\\\/industrial.filtrationgroup.com\\\/de\\\/silentcare-erfolgsstory-montessori\\\/\",\"name\":\"SilentCare Erfolgsstory - Montessori - Filtration Group Industrial\",\"isPartOf\":{\"@id\":\"https:\\\/\\\/industrial.filtrationgroup.com\\\/de\\\/#website\"},\"primaryImageOfPage\":{\"@id\":\"https:\\\/\\\/industrial.filtrationgroup.com\\\/de\\\/silentcare-erfolgsstory-montessori\\\/#primaryimage\"},\"image\":{\"@id\":\"https:\\\/\\\/industrial.filtrationgroup.com\\\/de\\\/silentcare-erfolgsstory-montessori\\\/#primaryimage\"},\"thumbnailUrl\":\"https:\\\/\\\/industrial.filtrationgroup.com\\\/wp-content\\\/uploads\\\/2021\\\/03\\\/Montessori.jpg\",\"datePublished\":\"2021-03-19T08:45:53+00:00\",\"dateModified\":\"2021-03-19T08:45:54+00:00\",\"description\":\"Raumluftfiltration SilentCare. Die Erfolgsgeschichte einer kinderfreundlichen Investition des Montessori Kinderhauses.\",\"breadcrumb\":{\"@id\":\"https:\\\/\\\/industrial.filtrationgroup.com\\\/de\\\/silentcare-erfolgsstory-montessori\\\/#breadcrumb\"},\"inLanguage\":\"de-DE\",\"potentialAction\":[{\"@type\":\"ReadAction\",\"target\":[\"https:\\\/\\\/industrial.filtrationgroup.com\\\/de\\\/silentcare-erfolgsstory-montessori\\\/\"]}]},{\"@type\":\"ImageObject\",\"inLanguage\":\"de-DE\",\"@id\":\"https:\\\/\\\/industrial.filtrationgroup.com\\\/de\\\/silentcare-erfolgsstory-montessori\\\/#primaryimage\",\"url\":\"https:\\\/\\\/industrial.filtrationgroup.com\\\/wp-content\\\/uploads\\\/2021\\\/03\\\/Montessori.jpg\",\"contentUrl\":\"https:\\\/\\\/industrial.filtrationgroup.com\\\/wp-content\\\/uploads\\\/2021\\\/03\\\/Montessori.jpg\"},{\"@type\":\"BreadcrumbList\",\"@id\":\"https:\\\/\\\/industrial.filtrationgroup.com\\\/de\\\/silentcare-erfolgsstory-montessori\\\/#breadcrumb\",\"itemListElement\":[{\"@type\":\"ListItem\",\"position\":1,\"name\":\"\",\"item\":\"https:\\\/\\\/industrial.filtrationgroup.com\\\/de\\\/\"},{\"@type\":\"ListItem\",\"position\":2,\"name\":\"SilentCare Erfolgsstory &#8211; Montessori\"}]},{\"@type\":\"WebSite\",\"@id\":\"https:\\\/\\\/industrial.filtrationgroup.com\\\/de\\\/#website\",\"url\":\"https:\\\/\\\/industrial.filtrationgroup.com\\\/de\\\/\",\"name\":\"Filtration Group Industrial\",\"description\":\"Making the World Safer, Healthier and More Productive\",\"publisher\":{\"@id\":\"https:\\\/\\\/industrial.filtrationgroup.com\\\/de\\\/#organization\"},\"potentialAction\":[{\"@type\":\"SearchAction\",\"target\":{\"@type\":\"EntryPoint\",\"urlTemplate\":\"https:\\\/\\\/industrial.filtrationgroup.com\\\/de\\\/?s={search_term_string}\"},\"query-input\":{\"@type\":\"PropertyValueSpecification\",\"valueRequired\":true,\"valueName\":\"search_term_string\"}}],\"inLanguage\":\"de-DE\"},{\"@type\":\"Organization\",\"@id\":\"https:\\\/\\\/industrial.filtrationgroup.com\\\/de\\\/#organization\",\"name\":\"Filtration Group\",\"url\":\"https:\\\/\\\/industrial.filtrationgroup.com\\\/de\\\/\",\"logo\":{\"@type\":\"ImageObject\",\"inLanguage\":\"de-DE\",\"@id\":\"https:\\\/\\\/industrial.filtrationgroup.com\\\/de\\\/#\\\/schema\\\/logo\\\/image\\\/\",\"url\":\"https:\\\/\\\/industrial.filtrationgroup.com\\\/wp-content\\\/uploads\\\/2019\\\/06\\\/FGC-logo-1.png\",\"contentUrl\":\"https:\\\/\\\/industrial.filtrationgroup.com\\\/wp-content\\\/uploads\\\/2019\\\/06\\\/FGC-logo-1.png\",\"width\":1104,\"height\":224,\"caption\":\"Filtration Group\"},\"image\":{\"@id\":\"https:\\\/\\\/industrial.filtrationgroup.com\\\/de\\\/#\\\/schema\\\/logo\\\/image\\\/\"}}]}<\/script>\n<!-- \/ Yoast SEO plugin. -->","yoast_head_json":{"title":"SilentCare Erfolgsstory - Montessori - Filtration Group Industrial","description":"Raumluftfiltration SilentCare. Die Erfolgsgeschichte einer kinderfreundlichen Investition des Montessori Kinderhauses.","robots":{"index":"index","follow":"follow","max-snippet":"max-snippet:-1","max-image-preview":"max-image-preview:large","max-video-preview":"max-video-preview:-1"},"canonical":"https:\/\/industrial.filtrationgroup.com\/de\/silentcare-erfolgsstory-montessori\/","og_locale":"de_DE","og_type":"article","og_title":"SilentCare Erfolgsstory - Montessori - Filtration Group Industrial","og_description":"Raumluftfiltration SilentCare. Die Erfolgsgeschichte einer kinderfreundlichen Investition des Montessori Kinderhauses.","og_url":"https:\/\/industrial.filtrationgroup.com\/de\/silentcare-erfolgsstory-montessori\/","og_site_name":"Filtration Group Industrial","article_modified_time":"2021-03-19T08:45:54+00:00","og_image":[{"url":"https:\/\/industrial.filtrationgroup.com\/wp-content\/uploads\/2021\/03\/Montessori.jpg","type":"","width":"","height":""}],"twitter_card":"summary_large_image","twitter_misc":{"Gesch\u00e4tzte Lesezeit":"2 Minuten"},"schema":{"@context":"https:\/\/schema.org","@graph":[{"@type":"WebPage","@id":"https:\/\/industrial.filtrationgroup.com\/de\/silentcare-erfolgsstory-montessori\/","url":"https:\/\/industrial.filtrationgroup.com\/de\/silentcare-erfolgsstory-montessori\/","name":"SilentCare Erfolgsstory - Montessori - Filtration Group Industrial","isPartOf":{"@id":"https:\/\/industrial.filtrationgroup.com\/de\/#website"},"primaryImageOfPage":{"@id":"https:\/\/industrial.filtrationgroup.com\/de\/silentcare-erfolgsstory-montessori\/#primaryimage"},"image":{"@id":"https:\/\/industrial.filtrationgroup.com\/de\/silentcare-erfolgsstory-montessori\/#primaryimage"},"thumbnailUrl":"https:\/\/industrial.filtrationgroup.com\/wp-content\/uploads\/2021\/03\/Montessori.jpg","datePublished":"2021-03-19T08:45:53+00:00","dateModified":"2021-03-19T08:45:54+00:00","description":"Raumluftfiltration SilentCare. Die Erfolgsgeschichte einer kinderfreundlichen Investition des Montessori Kinderhauses.","breadcrumb":{"@id":"https:\/\/industrial.filtrationgroup.com\/de\/silentcare-erfolgsstory-montessori\/#breadcrumb"},"inLanguage":"de-DE","potentialAction":[{"@type":"ReadAction","target":["https:\/\/industrial.filtrationgroup.com\/de\/silentcare-erfolgsstory-montessori\/"]}]},{"@type":"ImageObject","inLanguage":"de-DE","@id":"https:\/\/industrial.filtrationgroup.com\/de\/silentcare-erfolgsstory-montessori\/#primaryimage","url":"https:\/\/industrial.filtrationgroup.com\/wp-content\/uploads\/2021\/03\/Montessori.jpg","contentUrl":"https:\/\/industrial.filtrationgroup.com\/wp-content\/uploads\/2021\/03\/Montessori.jpg"},{"@type":"BreadcrumbList","@id":"https:\/\/industrial.filtrationgroup.com\/de\/silentcare-erfolgsstory-montessori\/#breadcrumb","itemListElement":[{"@type":"ListItem","position":1,"name":"","item":"https:\/\/industrial.filtrationgroup.com\/de\/"},{"@type":"ListItem","position":2,"name":"SilentCare Erfolgsstory &#8211; Montessori"}]},{"@type":"WebSite","@id":"https:\/\/industrial.filtrationgroup.com\/de\/#website","url":"https:\/\/industrial.filtrationgroup.com\/de\/","name":"Filtration Group Industrial","description":"Making the World Safer, Healthier and More Productive","publisher":{"@id":"https:\/\/industrial.filtrationgroup.com\/de\/#organization"},"potentialAction":[{"@type":"SearchAction","target":{"@type":"EntryPoint","urlTemplate":"https:\/\/industrial.filtrationgroup.com\/de\/?s={search_term_string}"},"query-input":{"@type":"PropertyValueSpecification","valueRequired":true,"valueName":"search_term_string"}}],"inLanguage":"de-DE"},{"@type":"Organization","@id":"https:\/\/industrial.filtrationgroup.com\/de\/#organization","name":"Filtration Group","url":"https:\/\/industrial.filtrationgroup.com\/de\/","logo":{"@type":"ImageObject","inLanguage":"de-DE","@id":"https:\/\/industrial.filtrationgroup.com\/de\/#\/schema\/logo\/image\/","url":"https:\/\/industrial.filtrationgroup.com\/wp-content\/uploads\/2019\/06\/FGC-logo-1.png","contentUrl":"https:\/\/industrial.filtrationgroup.com\/wp-content\/uploads\/2019\/06\/FGC-logo-1.png","width":1104,"height":224,"caption":"Filtration Group"},"image":{"@id":"https:\/\/industrial.filtrationgroup.com\/de\/#\/schema\/logo\/image\/"}}]}},"_links":{"self":[{"href":"https:\/\/industrial.filtrationgroup.com\/de\/wp-json\/wp\/v2\/pages\/12046","targetHints":{"allow":["GET"]}}],"collection":[{"href":"https:\/\/industrial.filtrationgroup.com\/de\/wp-json\/wp\/v2\/pages"}],"about":[{"href":"https:\/\/industrial.filtrationgroup.com\/de\/wp-json\/wp\/v2\/types\/page"}],"author":[{"embeddable":true,"href":"https:\/\/industrial.filtrationgroup.com\/de\/wp-json\/wp\/v2\/users\/10"}],"replies":[{"embeddable":true,"href":"https:\/\/industrial.filtrationgroup.com\/de\/wp-json\/wp\/v2\/comments?post=12046"}],"version-history":[{"count":0,"href":"https:\/\/industrial.filtrationgroup.com\/de\/wp-json\/wp\/v2\/pages\/12046\/revisions"}],"wp:attachment":[{"href":"https:\/\/industrial.filtrationgroup.com\/de\/wp-json\/wp\/v2\/media?parent=12046"}],"curies":[{"name":"wp","href":"https:\/\/api.w.org\/{rel}","templated":true}]}}