{"id":12373,"date":"2021-06-14T08:47:12","date_gmt":"2021-06-14T08:47:12","guid":{"rendered":"https:\/\/industrial.filtrationgroup.com\/?page_id=12373"},"modified":"2021-06-17T13:07:59","modified_gmt":"2021-06-17T13:07:59","slug":"silentcare-erfolgsstory-klaiber","status":"publish","type":"page","link":"https:\/\/industrial.filtrationgroup.com\/de\/silentcare-erfolgsstory-klaiber\/","title":{"rendered":"SilentCare Erfolgsstory &#8211; Klaiber"},"content":{"rendered":"\n<h1 class=\"alignfull has-text-align-center has-blue-color has-light-gray-background-color has-text-color has-background wp-block-heading\">SilentCare &#8211; Ein frischer Wind in der Fahrschule Klaiber <\/h1>\n\n\n\n<div class=\"wp-block-media-text alignwide is-stacked-on-mobile is-vertically-aligned-center\" style=\"grid-template-columns:29% auto\"><figure class=\"wp-block-media-text__media\"><img loading=\"lazy\" decoding=\"async\" width=\"683\" height=\"1024\" src=\"https:\/\/industrial.filtrationgroup.com\/wp-content\/uploads\/2021\/06\/IMG_6700-4-683x1024.png\" alt=\"\" class=\"wp-image-12369 size-full\" srcset=\"https:\/\/industrial.filtrationgroup.com\/wp-content\/uploads\/2021\/06\/IMG_6700-4-683x1024.png 683w, https:\/\/industrial.filtrationgroup.com\/wp-content\/uploads\/2021\/06\/IMG_6700-4-200x300.png 200w, https:\/\/industrial.filtrationgroup.com\/wp-content\/uploads\/2021\/06\/IMG_6700-4-768x1152.png 768w, https:\/\/industrial.filtrationgroup.com\/wp-content\/uploads\/2021\/06\/IMG_6700-4-1024x1536.png 1024w, https:\/\/industrial.filtrationgroup.com\/wp-content\/uploads\/2021\/06\/IMG_6700-4.png 1365w\" sizes=\"auto, (max-width: 683px) 100vw, 683px\" \/><\/figure><div class=\"wp-block-media-text__content\">\n<p style=\"font-size:17px\">Neben Online Fahrschul-Unterricht als bew\u00e4hrte Unterrichtsmethode w\u00e4hrend der Pandemie, steht bei Melanie und Kurt Klaiber seit einigen Wochen unser Raumluftfilter <a href=\"https:\/\/industrial.filtrationgroup.com\/de\/raumluftfilter-silentcare\/\" target=\"_blank\" rel=\"noreferrer noopener\"><strong>SilentCare<\/strong><\/a>. Kurt Klaiber gr\u00fcndete 1989 die <strong><a href=\"https:\/\/www.fahrschule-klaiber.de\/\" target=\"_blank\" rel=\"noreferrer noopener\">Fahrschule Klaiber<\/a><\/strong> in Neuenstein und ist seit 50 Jahren selbstst\u00e4ndiger Fahrlehrer. Seine Tochter Melanie Klaiber, die 2013 die Fahrschule \u00fcbernahm, berichtet:<\/p>\n\n\n\n<p class=\"has-green-color has-text-color\" style=\"font-size:18px\"><strong><em>&#8220; Ich stehe am liebsten beim Unterrichten, der SilentCare hat daf\u00fcr die perfekte H\u00f6he, um ihn als Stehtisch zu nutzen. Au\u00dferdem ist er sehr leise und unauff\u00e4llig.&#8220;<\/em><\/strong><\/p>\n\n\n\n<p style=\"font-size:17px\">Auch f\u00fcr den 74-j\u00e4hrigen Vater Kurt Klaiber ist der Raumluftfilter so unauff\u00e4llig, dass er ihn kaum mehr wahrnimmt: <\/p>\n\n\n\n<p class=\"has-green-color has-text-color\" style=\"font-size:18px\"><strong><em>&#8222;F\u00fcr mich geh\u00f6rt der SilentCare als Alltagshelfer und Stehtisch schon fest zum Inventar unserer Fahrschule.&#8220;<\/em><\/strong><\/p>\n<\/div><\/div>\n\n\n\n<p><\/p>\n\n\n\n<div class=\"wp-block-media-text alignwide has-media-on-the-right is-stacked-on-mobile\" style=\"grid-template-columns:auto 44%\"><figure class=\"wp-block-media-text__media\"><img loading=\"lazy\" decoding=\"async\" width=\"1024\" height=\"683\" src=\"https:\/\/industrial.filtrationgroup.com\/wp-content\/uploads\/2021\/06\/IMG_6689-4-1024x683.png\" alt=\"\" class=\"wp-image-12361 size-full\" srcset=\"https:\/\/industrial.filtrationgroup.com\/wp-content\/uploads\/2021\/06\/IMG_6689-4-1024x683.png 1024w, https:\/\/industrial.filtrationgroup.com\/wp-content\/uploads\/2021\/06\/IMG_6689-4-300x200.png 300w, https:\/\/industrial.filtrationgroup.com\/wp-content\/uploads\/2021\/06\/IMG_6689-4-768x512.png 768w, https:\/\/industrial.filtrationgroup.com\/wp-content\/uploads\/2021\/06\/IMG_6689-4-1536x1024.png 1536w, https:\/\/industrial.filtrationgroup.com\/wp-content\/uploads\/2021\/06\/IMG_6689-4-272x182.png 272w, https:\/\/industrial.filtrationgroup.com\/wp-content\/uploads\/2021\/06\/IMG_6689-4.png 2048w\" sizes=\"auto, (max-width: 1024px) 100vw, 1024px\" \/><\/figure><div class=\"wp-block-media-text__content\">\n<p style=\"font-size:17px\"><br>Normalerweise nehmen pro Theorieunterrichtsstunde bis zu 31 Fahrsch\u00fcler*innen teil, durch die Pandemie d\u00fcrfen aktuell nur maximal 13 Personen im Raum sein. Wenn der Fahrschulraum wieder mit mehr Menschen gef\u00fcllt ist und die Aerosolkonzentration in der Luft steigt, macht der Raumluftfilter unauff\u00e4llig seine Arbeit f\u00fcr unsere Gesundheit. Auch wenn die Pandemie nicht mehr haupts\u00e4chlich unser aller Leben bestimmt, wird es weiterhin Grippewellen, allergieausl\u00f6sende Pollen und andere Krankheitserreger geben, die durch den Raumluftfilter zu 99,995 % aus der Luft gefiltert werden. Melanie und Kurt Klaiber sind sich einig, dass unser Raumluftfilter <a href=\"https:\/\/industrial.filtrationgroup.com\/de\/raumluftfilter-silentcare\/\" target=\"_blank\" rel=\"noreferrer noopener\"><strong>SilentCare<\/strong><\/a> nicht nur jetzt, sondern auch f\u00fcr die Zukunft eine sehr gute Investition ist. <\/p>\n<\/div><\/div>\n\n\n\n<h3 class=\"has-blue-color has-text-color wp-block-heading\"><br>Kontakt<\/h3>\n\n\n\n<p><strong>Harisa Lumpp<\/strong><br><em>Head of Product Management Airfilter Systems<\/em><\/p>\n\n\n\n<p><a href=\"mailto:silentcare@filtrationgroup.com\" target=\"_blank\" rel=\"noreferrer noopener\">silentcare@filtrationgroup.com<\/a><br>Telefon 07941-6466-345<\/p>\n","protected":false},"excerpt":{"rendered":"<p>SilentCare &#8211; Ein frischer Wind in der Fahrschule Klaiber Neben Online Fahrschul-Unterricht als bew\u00e4hrte Unterrichtsmethode w\u00e4hrend der Pandemie, steht bei Melanie und Kurt Klaiber seit einigen Wochen unser Raumluftfilter SilentCare. Kurt Klaiber gr\u00fcndete 1989 die Fahrschule Klaiber in Neuenstein und ist seit 50 Jahren selbstst\u00e4ndiger Fahrlehrer. Seine Tochter Melanie Klaiber, die 2013 die Fahrschule \u00fcbernahm, [&hellip;]<\/p>\n","protected":false},"author":10,"featured_media":12369,"parent":0,"menu_order":0,"comment_status":"closed","ping_status":"closed","template":"","meta":{"_acf_changed":false,"footnotes":""},"class_list":["post-12373","page","type-page","status-publish","has-post-thumbnail","hentry"],"acf":[],"yoast_head":"<!-- This site is optimized with the Yoast SEO plugin v27.3 - https:\/\/yoast.com\/product\/yoast-seo-wordpress\/ -->\n<title>SilentCare Erfolgsstory - Klaiber - Filtration Group Industrial<\/title>\n<meta name=\"description\" content=\"SilentCare: Raumluftfilter. Die Erfolgsstory Klaiber - Ein frischer Wind in derFahrschule.\" \/>\n<meta name=\"robots\" content=\"index, follow, max-snippet:-1, max-image-preview:large, max-video-preview:-1\" \/>\n<link rel=\"canonical\" href=\"https:\/\/industrial.filtrationgroup.com\/de\/silentcare-erfolgsstory-klaiber\/\" \/>\n<meta property=\"og:locale\" content=\"de_DE\" \/>\n<meta property=\"og:type\" content=\"article\" \/>\n<meta property=\"og:title\" content=\"SilentCare Erfolgsstory - Klaiber - Filtration Group Industrial\" \/>\n<meta property=\"og:description\" content=\"SilentCare: Raumluftfilter. Die Erfolgsstory Klaiber - Ein frischer Wind in derFahrschule.\" \/>\n<meta property=\"og:url\" content=\"https:\/\/industrial.filtrationgroup.com\/de\/silentcare-erfolgsstory-klaiber\/\" \/>\n<meta property=\"og:site_name\" content=\"Filtration Group Industrial\" \/>\n<meta property=\"article:modified_time\" content=\"2021-06-17T13:07:59+00:00\" \/>\n<meta property=\"og:image\" content=\"https:\/\/industrial.filtrationgroup.com\/wp-content\/uploads\/2021\/06\/IMG_6700-4-683x1024.png\" \/>\n\t<meta property=\"og:image:width\" content=\"683\" \/>\n\t<meta property=\"og:image:height\" content=\"1024\" \/>\n\t<meta property=\"og:image:type\" content=\"image\/png\" \/>\n<meta name=\"twitter:card\" content=\"summary_large_image\" \/>\n<meta name=\"twitter:label1\" content=\"Gesch\u00e4tzte Lesezeit\" \/>\n\t<meta name=\"twitter:data1\" content=\"2 Minuten\" \/>\n<script type=\"application\/ld+json\" class=\"yoast-schema-graph\">{\"@context\":\"https:\\\/\\\/schema.org\",\"@graph\":[{\"@type\":\"WebPage\",\"@id\":\"https:\\\/\\\/industrial.filtrationgroup.com\\\/de\\\/silentcare-erfolgsstory-klaiber\\\/\",\"url\":\"https:\\\/\\\/industrial.filtrationgroup.com\\\/de\\\/silentcare-erfolgsstory-klaiber\\\/\",\"name\":\"SilentCare Erfolgsstory - Klaiber - Filtration Group Industrial\",\"isPartOf\":{\"@id\":\"https:\\\/\\\/industrial.filtrationgroup.com\\\/de\\\/#website\"},\"primaryImageOfPage\":{\"@id\":\"https:\\\/\\\/industrial.filtrationgroup.com\\\/de\\\/silentcare-erfolgsstory-klaiber\\\/#primaryimage\"},\"image\":{\"@id\":\"https:\\\/\\\/industrial.filtrationgroup.com\\\/de\\\/silentcare-erfolgsstory-klaiber\\\/#primaryimage\"},\"thumbnailUrl\":\"https:\\\/\\\/industrial.filtrationgroup.com\\\/wp-content\\\/uploads\\\/2021\\\/06\\\/IMG_6700-4.png\",\"datePublished\":\"2021-06-14T08:47:12+00:00\",\"dateModified\":\"2021-06-17T13:07:59+00:00\",\"description\":\"SilentCare: Raumluftfilter. Die Erfolgsstory Klaiber - Ein frischer Wind in derFahrschule.\",\"breadcrumb\":{\"@id\":\"https:\\\/\\\/industrial.filtrationgroup.com\\\/de\\\/silentcare-erfolgsstory-klaiber\\\/#breadcrumb\"},\"inLanguage\":\"de-DE\",\"potentialAction\":[{\"@type\":\"ReadAction\",\"target\":[\"https:\\\/\\\/industrial.filtrationgroup.com\\\/de\\\/silentcare-erfolgsstory-klaiber\\\/\"]}]},{\"@type\":\"ImageObject\",\"inLanguage\":\"de-DE\",\"@id\":\"https:\\\/\\\/industrial.filtrationgroup.com\\\/de\\\/silentcare-erfolgsstory-klaiber\\\/#primaryimage\",\"url\":\"https:\\\/\\\/industrial.filtrationgroup.com\\\/wp-content\\\/uploads\\\/2021\\\/06\\\/IMG_6700-4.png\",\"contentUrl\":\"https:\\\/\\\/industrial.filtrationgroup.com\\\/wp-content\\\/uploads\\\/2021\\\/06\\\/IMG_6700-4.png\",\"width\":1365,\"height\":2048},{\"@type\":\"BreadcrumbList\",\"@id\":\"https:\\\/\\\/industrial.filtrationgroup.com\\\/de\\\/silentcare-erfolgsstory-klaiber\\\/#breadcrumb\",\"itemListElement\":[{\"@type\":\"ListItem\",\"position\":1,\"name\":\"\",\"item\":\"https:\\\/\\\/industrial.filtrationgroup.com\\\/de\\\/\"},{\"@type\":\"ListItem\",\"position\":2,\"name\":\"SilentCare Erfolgsstory &#8211; Klaiber\"}]},{\"@type\":\"WebSite\",\"@id\":\"https:\\\/\\\/industrial.filtrationgroup.com\\\/de\\\/#website\",\"url\":\"https:\\\/\\\/industrial.filtrationgroup.com\\\/de\\\/\",\"name\":\"Filtration Group Industrial\",\"description\":\"Making the World Safer, Healthier and More Productive\",\"publisher\":{\"@id\":\"https:\\\/\\\/industrial.filtrationgroup.com\\\/de\\\/#organization\"},\"potentialAction\":[{\"@type\":\"SearchAction\",\"target\":{\"@type\":\"EntryPoint\",\"urlTemplate\":\"https:\\\/\\\/industrial.filtrationgroup.com\\\/de\\\/?s={search_term_string}\"},\"query-input\":{\"@type\":\"PropertyValueSpecification\",\"valueRequired\":true,\"valueName\":\"search_term_string\"}}],\"inLanguage\":\"de-DE\"},{\"@type\":\"Organization\",\"@id\":\"https:\\\/\\\/industrial.filtrationgroup.com\\\/de\\\/#organization\",\"name\":\"Filtration Group\",\"url\":\"https:\\\/\\\/industrial.filtrationgroup.com\\\/de\\\/\",\"logo\":{\"@type\":\"ImageObject\",\"inLanguage\":\"de-DE\",\"@id\":\"https:\\\/\\\/industrial.filtrationgroup.com\\\/de\\\/#\\\/schema\\\/logo\\\/image\\\/\",\"url\":\"https:\\\/\\\/industrial.filtrationgroup.com\\\/wp-content\\\/uploads\\\/2019\\\/06\\\/FGC-logo-1.png\",\"contentUrl\":\"https:\\\/\\\/industrial.filtrationgroup.com\\\/wp-content\\\/uploads\\\/2019\\\/06\\\/FGC-logo-1.png\",\"width\":1104,\"height\":224,\"caption\":\"Filtration Group\"},\"image\":{\"@id\":\"https:\\\/\\\/industrial.filtrationgroup.com\\\/de\\\/#\\\/schema\\\/logo\\\/image\\\/\"}}]}<\/script>\n<!-- \/ Yoast SEO plugin. -->","yoast_head_json":{"title":"SilentCare Erfolgsstory - Klaiber - Filtration Group Industrial","description":"SilentCare: Raumluftfilter. Die Erfolgsstory Klaiber - Ein frischer Wind in derFahrschule.","robots":{"index":"index","follow":"follow","max-snippet":"max-snippet:-1","max-image-preview":"max-image-preview:large","max-video-preview":"max-video-preview:-1"},"canonical":"https:\/\/industrial.filtrationgroup.com\/de\/silentcare-erfolgsstory-klaiber\/","og_locale":"de_DE","og_type":"article","og_title":"SilentCare Erfolgsstory - Klaiber - Filtration Group Industrial","og_description":"SilentCare: Raumluftfilter. Die Erfolgsstory Klaiber - Ein frischer Wind in derFahrschule.","og_url":"https:\/\/industrial.filtrationgroup.com\/de\/silentcare-erfolgsstory-klaiber\/","og_site_name":"Filtration Group Industrial","article_modified_time":"2021-06-17T13:07:59+00:00","og_image":[{"width":683,"height":1024,"url":"https:\/\/industrial.filtrationgroup.com\/wp-content\/uploads\/2021\/06\/IMG_6700-4-683x1024.png","type":"image\/png"}],"twitter_card":"summary_large_image","twitter_misc":{"Gesch\u00e4tzte Lesezeit":"2 Minuten"},"schema":{"@context":"https:\/\/schema.org","@graph":[{"@type":"WebPage","@id":"https:\/\/industrial.filtrationgroup.com\/de\/silentcare-erfolgsstory-klaiber\/","url":"https:\/\/industrial.filtrationgroup.com\/de\/silentcare-erfolgsstory-klaiber\/","name":"SilentCare Erfolgsstory - Klaiber - Filtration Group Industrial","isPartOf":{"@id":"https:\/\/industrial.filtrationgroup.com\/de\/#website"},"primaryImageOfPage":{"@id":"https:\/\/industrial.filtrationgroup.com\/de\/silentcare-erfolgsstory-klaiber\/#primaryimage"},"image":{"@id":"https:\/\/industrial.filtrationgroup.com\/de\/silentcare-erfolgsstory-klaiber\/#primaryimage"},"thumbnailUrl":"https:\/\/industrial.filtrationgroup.com\/wp-content\/uploads\/2021\/06\/IMG_6700-4.png","datePublished":"2021-06-14T08:47:12+00:00","dateModified":"2021-06-17T13:07:59+00:00","description":"SilentCare: Raumluftfilter. Die Erfolgsstory Klaiber - Ein frischer Wind in derFahrschule.","breadcrumb":{"@id":"https:\/\/industrial.filtrationgroup.com\/de\/silentcare-erfolgsstory-klaiber\/#breadcrumb"},"inLanguage":"de-DE","potentialAction":[{"@type":"ReadAction","target":["https:\/\/industrial.filtrationgroup.com\/de\/silentcare-erfolgsstory-klaiber\/"]}]},{"@type":"ImageObject","inLanguage":"de-DE","@id":"https:\/\/industrial.filtrationgroup.com\/de\/silentcare-erfolgsstory-klaiber\/#primaryimage","url":"https:\/\/industrial.filtrationgroup.com\/wp-content\/uploads\/2021\/06\/IMG_6700-4.png","contentUrl":"https:\/\/industrial.filtrationgroup.com\/wp-content\/uploads\/2021\/06\/IMG_6700-4.png","width":1365,"height":2048},{"@type":"BreadcrumbList","@id":"https:\/\/industrial.filtrationgroup.com\/de\/silentcare-erfolgsstory-klaiber\/#breadcrumb","itemListElement":[{"@type":"ListItem","position":1,"name":"","item":"https:\/\/industrial.filtrationgroup.com\/de\/"},{"@type":"ListItem","position":2,"name":"SilentCare Erfolgsstory &#8211; Klaiber"}]},{"@type":"WebSite","@id":"https:\/\/industrial.filtrationgroup.com\/de\/#website","url":"https:\/\/industrial.filtrationgroup.com\/de\/","name":"Filtration Group Industrial","description":"Making the World Safer, Healthier and More Productive","publisher":{"@id":"https:\/\/industrial.filtrationgroup.com\/de\/#organization"},"potentialAction":[{"@type":"SearchAction","target":{"@type":"EntryPoint","urlTemplate":"https:\/\/industrial.filtrationgroup.com\/de\/?s={search_term_string}"},"query-input":{"@type":"PropertyValueSpecification","valueRequired":true,"valueName":"search_term_string"}}],"inLanguage":"de-DE"},{"@type":"Organization","@id":"https:\/\/industrial.filtrationgroup.com\/de\/#organization","name":"Filtration Group","url":"https:\/\/industrial.filtrationgroup.com\/de\/","logo":{"@type":"ImageObject","inLanguage":"de-DE","@id":"https:\/\/industrial.filtrationgroup.com\/de\/#\/schema\/logo\/image\/","url":"https:\/\/industrial.filtrationgroup.com\/wp-content\/uploads\/2019\/06\/FGC-logo-1.png","contentUrl":"https:\/\/industrial.filtrationgroup.com\/wp-content\/uploads\/2019\/06\/FGC-logo-1.png","width":1104,"height":224,"caption":"Filtration Group"},"image":{"@id":"https:\/\/industrial.filtrationgroup.com\/de\/#\/schema\/logo\/image\/"}}]}},"_links":{"self":[{"href":"https:\/\/industrial.filtrationgroup.com\/de\/wp-json\/wp\/v2\/pages\/12373","targetHints":{"allow":["GET"]}}],"collection":[{"href":"https:\/\/industrial.filtrationgroup.com\/de\/wp-json\/wp\/v2\/pages"}],"about":[{"href":"https:\/\/industrial.filtrationgroup.com\/de\/wp-json\/wp\/v2\/types\/page"}],"author":[{"embeddable":true,"href":"https:\/\/industrial.filtrationgroup.com\/de\/wp-json\/wp\/v2\/users\/10"}],"replies":[{"embeddable":true,"href":"https:\/\/industrial.filtrationgroup.com\/de\/wp-json\/wp\/v2\/comments?post=12373"}],"version-history":[{"count":0,"href":"https:\/\/industrial.filtrationgroup.com\/de\/wp-json\/wp\/v2\/pages\/12373\/revisions"}],"wp:featuredmedia":[{"embeddable":true,"href":"https:\/\/industrial.filtrationgroup.com\/de\/wp-json\/wp\/v2\/media\/12369"}],"wp:attachment":[{"href":"https:\/\/industrial.filtrationgroup.com\/de\/wp-json\/wp\/v2\/media?parent=12373"}],"curies":[{"name":"wp","href":"https:\/\/api.w.org\/{rel}","templated":true}]}}