{"id":13031,"date":"2021-10-05T14:34:09","date_gmt":"2021-10-05T14:34:09","guid":{"rendered":"https:\/\/industrial.filtrationgroup.com\/?page_id=13031"},"modified":"2024-11-20T08:11:15","modified_gmt":"2024-11-20T08:11:15","slug":"faq-online-shop","status":"publish","type":"page","link":"https:\/\/industrial.filtrationgroup.com\/de\/faq-online-shop\/","title":{"rendered":"FAQ Webshop"},"content":{"rendered":"\n<div class=\"wp-block-cover alignfull is-light is-position-center-center\" style=\"min-height:375px;aspect-ratio:unset;\"><span aria-hidden=\"true\" class=\"wp-block-cover__background has-background-dim-20 has-background-dim\"><\/span><img loading=\"lazy\" decoding=\"async\" width=\"2048\" height=\"819\" class=\"wp-block-cover__image-background wp-image-13062\" alt=\"\" src=\"https:\/\/industrial.filtrationgroup.com\/wp-content\/uploads\/2021\/10\/Webshop_Website_Banner_4-scaled.jpg\" style=\"object-position:67% 92%\" data-object-fit=\"cover\" data-object-position=\"67% 92%\" srcset=\"https:\/\/industrial.filtrationgroup.com\/wp-content\/uploads\/2021\/10\/Webshop_Website_Banner_4-scaled.jpg 2048w, https:\/\/industrial.filtrationgroup.com\/wp-content\/uploads\/2021\/10\/Webshop_Website_Banner_4-300x120.jpg 300w, https:\/\/industrial.filtrationgroup.com\/wp-content\/uploads\/2021\/10\/Webshop_Website_Banner_4-1024x410.jpg 1024w, https:\/\/industrial.filtrationgroup.com\/wp-content\/uploads\/2021\/10\/Webshop_Website_Banner_4-768x307.jpg 768w, https:\/\/industrial.filtrationgroup.com\/wp-content\/uploads\/2021\/10\/Webshop_Website_Banner_4-1536x614.jpg 1536w\" sizes=\"auto, (max-width: 2048px) 100vw, 2048px\" \/><div class=\"wp-block-cover__inner-container is-layout-flow wp-block-cover-is-layout-flow\">\n<h1 class=\"wp-block-heading has-text-align-center\">FAQ <br>FGI Online-Shop<\/h1>\n<\/div><\/div>\n\n\n\n<h3 class=\"wp-block-heading\">Es soll pro Unternehmen, bzw. bestehender Kundennummer bei FGI, lediglich ein User registriert werden. Warum ist das so? K\u00f6nnen meine Kolleginnen und Kollegen dennoch einen Zugriff erhalten?<\/h3>\n\n\n\n<p>Im FGI Online-Shop muss nur ein User registriert werden. Alle weiteren Zug\u00e4nge k\u00f6nnen anschlie\u00dfend jederzeit frei definiert und vergeben werden. Der registrierte User vergibt dann f\u00fcr die Kolleginnen und Kollegen, die auch einen Zugang erhalten sollen, Rechte und Rollen f\u00fcr einen, Ihrem Unternehmen angepassten, individuellen Einkaufsprozess. <\/p>\n\n\n\n<h3 class=\"wp-block-heading\">Mein Unternehmen hat mit FGI feste Konditionen vereinbart. Kennt der Online-Shop diese und werden sie bei Online-Abfragen und -Bestellungen ber\u00fccksichtigt?<\/h3>\n\n\n\n<p>Ja, alle mit Ihrem Unternehmen vereinbarten Konditionen sind fest hinterlegt und werden auch bei jedem Vorgang im Online-Shop ber\u00fccksichtigt. <\/p>\n\n\n\n<h3 class=\"wp-block-heading\">Besteht die M\u00f6glichkeit \u00fcber den FGI Online-Shop Informationen zu Preis und Verf\u00fcgbarkeit von mehreren Produkten zu speichern oder herunter zu laden? Beispielsweise f\u00fcr eine interne Abstimmung.<\/h3>\n\n\n\n<p>Ja, die Produkte k\u00f6nnen im Warenkorb gesammelt werden. Anschlie\u00dfend kann dieser entweder gespeichert werden, falls die Person, mit der eine Abstimmung erfolgen soll, auch einen Zugang zum Online-Shop hat oder als externes Dokument (bspw. PDF) heruntergeladen werden. <\/p>\n\n\n\n<h3 class=\"wp-block-heading\">Mein Unternehmen bestellt Produkte, die an verschiedene Lieferadressen versendet werden m\u00fcssen. <br>Ist dies auch weiterhin \u00fcber den FGI Online-Shop m\u00f6glich und steuerbar? <\/h3>\n\n\n\n<p>Alle f\u00fcr Ihr Unternehmen bestehenden Lieferadressen \/ Warenempf\u00e4nger sind ebenso \u00fcber den Online-Shop ersichtlich und k\u00f6nnen dort ausgew\u00e4hlt werden. \u00c4nderungen sind ebenfalls auf Anfrage m\u00f6glich. <\/p>\n\n\n\n<h3 class=\"wp-block-heading\">Ich ben\u00f6tige zu den Produkten weitere, detailliertere Informationen. Kann ich diese \u00fcber den FGI Online-Shop abrufen?<\/h3>\n\n\n\n<p>Ja, der Online-Shop bietet Ihnen umfassende Informationen zu allen dort erh\u00e4ltlichen Produkten. Jede Materialnummer hat eine eigene Produktseite, auf der die wichtigsten Daten einsehbar sind. Zudem stehen Ihnen im Downloadcenter diverse Unterlagen zur Verf\u00fcgung. Dazu geh\u00f6ren die FGI Verkaufs- und Lieferbedingungen, Betriebsanleitungen und Datenbl\u00e4tter zu den einzelnen Baureihen. <\/p>\n\n\n\n<h3 class=\"wp-block-heading\">Werden mir im FGI Online-Shop lediglich Online-Auftr\u00e4ge angezeigt oder wird meinem Unternehmen eine Gesamt\u00fcbersicht aller Vorg\u00e4nge erm\u00f6glicht? <\/h3>\n\n\n\n<p>Sie finden im Online-Shop eine \u00dcbersicht \u00fcber alle von Ihrem Unternehmen get\u00e4tigten Auftr\u00e4ge. Dabei wird nicht unterschieden, ob der Auftrag \u00fcber den klassischen Weg oder den Online-Shop erfasst wurde. Jeder User Ihres Unternehmens, der \u00fcber eine entsprechende Rolle verf\u00fcgt, kann alle Auftr\u00e4ge einsehen. <\/p>\n\n\n\n<h3 class=\"wp-block-heading\">Kann ich \u00fcber den FGI Online-Shop einsehen, wann meine in Auftrag gegebenen Produkte an meiner Lieferadresse eingehen?<\/h3>\n\n\n\n<p>Ja, Sie k\u00f6nnen die Sendungsverfolgung zu Ihren Auftr\u00e4gen direkt \u00fcber den Online-Shop abfragen, ohne zuvor auf eine Auskunft warten zu m\u00fcssen. <\/p>\n\n\n\n<h3 class=\"wp-block-heading\"><strong>Das Berechnungstool zeigt kein passendes Produkt an. Habt ihr nichts Passendes f\u00fcr mich?<\/strong><\/h3>\n\n\n\n<p>Doch, wir haben vermutlich etwas f\u00fcr Sie! Das Berechnungstool enth\u00e4lt derzeit nur die g\u00e4ngigsten Produkte von Filtration Group Industrial (FGI). Das sind etwa 20% des verf\u00fcgbaren Hydraulik-Portfolios. Sie k\u00f6nnen uns gerne eine Anfrage stellen \u2013 in den meisten F\u00e4llen finden wir eine passende L\u00f6sung f\u00fcr Ihre Anforderungen.&nbsp;<\/p>\n\n\n\n<h3 class=\"wp-block-heading\"><strong>Meine Applikation liegt au\u00dferhalb der im Berechnungstool zul\u00e4ssigen Betriebsparameter. Habt ihr nichts f\u00fcr mich?<\/strong><\/h3>\n\n\n\n<p>Doch, auch f\u00fcr solche F\u00e4lle haben ggf. wir eine L\u00f6sung! Das Tool umfasst aktuell nur die g\u00e4ngigsten Betriebsparameter. Gerne k\u00f6nnen Sie uns eine Anfrage stellen \u2013 wir pr\u00fcfen Ihre Anforderungen und finden in den meisten F\u00e4llen ein geeignetes Produkt.\u00a0<\/p>\n\n\n\n<h3 class=\"wp-block-heading\"><strong>Werden weitere Produkte in das Berechnungstool integriert?<\/strong><\/h3>\n\n\n\n<p>Ja, wir erweitern das Berechnungstool kontinuierlich. Unser Ziel ist es, nach und nach mehr Produkte aus unserem Portfolio im Berechnungstool verf\u00fcgbar zu machen.\u00a0<\/p>\n\n\n\n<h3 class=\"wp-block-heading\"><strong>K\u00f6nnen auch andere Filter neben Hydraulikfiltern damit ausgelegt werden?<\/strong><\/h3>\n\n\n\n<p>Derzeit ist dies nicht geplant. Das Berechnungstool ist momentan auf Hydraulikfilter spezialisiert. Andere Filtertypen wie Automatikfilter oder Kantenspaltfilter sind aktuell nicht integriert.\u00a0<\/p>\n\n\n\n<h3 class=\"wp-block-heading\"><strong>Hilft mir FGI weiter, wenn ich mit dem Tool nicht klarkomme?<\/strong><\/h3>\n\n\n\n<p>Selbstverst\u00e4ndlich! Wenn Sie Unterst\u00fctzung ben\u00f6tigen, k\u00f6nnen Sie sich jederzeit an unseren Customer Service wenden. Wir helfen Ihnen gerne weiter \u2013 kontaktieren Sie uns \u00fcber die bekannten Kan\u00e4le.\u00a0<\/p>\n\n\n\n<h3 class=\"wp-block-heading\"><strong>Muss ich mich einloggen, um das Berechnungstool vollumf\u00e4nglich nutzen zu k\u00f6nnen?<\/strong><\/h3>\n\n\n\n<p>Nein, das Berechnungstool steht Ihnen mit seinem gesamten Funktionsumfang auch ohne Anmeldung zur Verf\u00fcgung.\u00a0<\/p>\n\n\n\n<h3 class=\"wp-block-heading\"><strong>Muss ich mich einloggen, um technische Daten wie CAD-Modelle, Datenbl\u00e4tter oder Druckverlust-Kurven herunterzuladen?<\/strong><\/h3>\n\n\n\n<p>Nein, alle technisch relevanten Informationen k\u00f6nnen Sie auch ohne Anmeldung abrufen.<\/p>\n","protected":false},"excerpt":{"rendered":"<p>Es soll pro Unternehmen, bzw. bestehender Kundennummer bei FGI, lediglich ein User registriert werden. Warum ist das so? K\u00f6nnen meine Kolleginnen und Kollegen dennoch einen Zugriff erhalten? Im FGI Online-Shop muss nur ein User registriert werden. Alle weiteren Zug\u00e4nge k\u00f6nnen anschlie\u00dfend jederzeit frei definiert und vergeben werden. Der registrierte User vergibt dann f\u00fcr die Kolleginnen [&hellip;]<\/p>\n","protected":false},"author":2068,"featured_media":0,"parent":0,"menu_order":0,"comment_status":"closed","ping_status":"closed","template":"","meta":{"_acf_changed":false,"footnotes":""},"class_list":["post-13031","page","type-page","status-publish","hentry"],"acf":[],"yoast_head":"<!-- This site is optimized with the Yoast SEO plugin v27.3 - https:\/\/yoast.com\/product\/yoast-seo-wordpress\/ -->\n<title>FAQ Webshop - Filtration Group Industrial<\/title>\n<meta name=\"robots\" content=\"index, follow, max-snippet:-1, max-image-preview:large, max-video-preview:-1\" \/>\n<link rel=\"canonical\" href=\"https:\/\/industrial.filtrationgroup.com\/de\/faq-online-shop\/\" \/>\n<meta property=\"og:locale\" content=\"de_DE\" \/>\n<meta property=\"og:type\" content=\"article\" \/>\n<meta property=\"og:title\" content=\"FAQ Webshop - Filtration Group Industrial\" \/>\n<meta property=\"og:description\" content=\"Es soll pro Unternehmen, bzw. bestehender Kundennummer bei FGI, lediglich ein User registriert werden. Warum ist das so? K\u00f6nnen meine Kolleginnen und Kollegen dennoch einen Zugriff erhalten? Im FGI Online-Shop muss nur ein User registriert werden. Alle weiteren Zug\u00e4nge k\u00f6nnen anschlie\u00dfend jederzeit frei definiert und vergeben werden. Der registrierte User vergibt dann f\u00fcr die Kolleginnen [&hellip;]\" \/>\n<meta property=\"og:url\" content=\"https:\/\/industrial.filtrationgroup.com\/de\/faq-online-shop\/\" \/>\n<meta property=\"og:site_name\" content=\"Filtration Group Industrial\" \/>\n<meta property=\"article:modified_time\" content=\"2024-11-20T08:11:15+00:00\" \/>\n<meta property=\"og:image\" content=\"https:\/\/industrial.filtrationgroup.com\/wp-content\/uploads\/2021\/10\/Webshop_Website_Banner_4-scaled.jpg\" \/>\n<meta name=\"twitter:card\" content=\"summary_large_image\" \/>\n<meta name=\"twitter:label1\" content=\"Gesch\u00e4tzte Lesezeit\" \/>\n\t<meta name=\"twitter:data1\" content=\"4 Minuten\" \/>\n<script type=\"application\/ld+json\" class=\"yoast-schema-graph\">{\"@context\":\"https:\\\/\\\/schema.org\",\"@graph\":[{\"@type\":\"WebPage\",\"@id\":\"https:\\\/\\\/industrial.filtrationgroup.com\\\/de\\\/faq-online-shop\\\/\",\"url\":\"https:\\\/\\\/industrial.filtrationgroup.com\\\/de\\\/faq-online-shop\\\/\",\"name\":\"FAQ Webshop - Filtration Group Industrial\",\"isPartOf\":{\"@id\":\"https:\\\/\\\/industrial.filtrationgroup.com\\\/de\\\/#website\"},\"primaryImageOfPage\":{\"@id\":\"https:\\\/\\\/industrial.filtrationgroup.com\\\/de\\\/faq-online-shop\\\/#primaryimage\"},\"image\":{\"@id\":\"https:\\\/\\\/industrial.filtrationgroup.com\\\/de\\\/faq-online-shop\\\/#primaryimage\"},\"thumbnailUrl\":\"https:\\\/\\\/industrial.filtrationgroup.com\\\/wp-content\\\/uploads\\\/2021\\\/10\\\/Webshop_Website_Banner_4-scaled.jpg\",\"datePublished\":\"2021-10-05T14:34:09+00:00\",\"dateModified\":\"2024-11-20T08:11:15+00:00\",\"breadcrumb\":{\"@id\":\"https:\\\/\\\/industrial.filtrationgroup.com\\\/de\\\/faq-online-shop\\\/#breadcrumb\"},\"inLanguage\":\"de-DE\",\"potentialAction\":[{\"@type\":\"ReadAction\",\"target\":[\"https:\\\/\\\/industrial.filtrationgroup.com\\\/de\\\/faq-online-shop\\\/\"]}]},{\"@type\":\"ImageObject\",\"inLanguage\":\"de-DE\",\"@id\":\"https:\\\/\\\/industrial.filtrationgroup.com\\\/de\\\/faq-online-shop\\\/#primaryimage\",\"url\":\"https:\\\/\\\/industrial.filtrationgroup.com\\\/wp-content\\\/uploads\\\/2021\\\/10\\\/Webshop_Website_Banner_4-scaled.jpg\",\"contentUrl\":\"https:\\\/\\\/industrial.filtrationgroup.com\\\/wp-content\\\/uploads\\\/2021\\\/10\\\/Webshop_Website_Banner_4-scaled.jpg\"},{\"@type\":\"BreadcrumbList\",\"@id\":\"https:\\\/\\\/industrial.filtrationgroup.com\\\/de\\\/faq-online-shop\\\/#breadcrumb\",\"itemListElement\":[{\"@type\":\"ListItem\",\"position\":1,\"name\":\"\",\"item\":\"https:\\\/\\\/industrial.filtrationgroup.com\\\/de\\\/\"},{\"@type\":\"ListItem\",\"position\":2,\"name\":\"FAQ Webshop\"}]},{\"@type\":\"WebSite\",\"@id\":\"https:\\\/\\\/industrial.filtrationgroup.com\\\/de\\\/#website\",\"url\":\"https:\\\/\\\/industrial.filtrationgroup.com\\\/de\\\/\",\"name\":\"Filtration Group Industrial\",\"description\":\"Making the World Safer, Healthier and More Productive\",\"publisher\":{\"@id\":\"https:\\\/\\\/industrial.filtrationgroup.com\\\/de\\\/#organization\"},\"potentialAction\":[{\"@type\":\"SearchAction\",\"target\":{\"@type\":\"EntryPoint\",\"urlTemplate\":\"https:\\\/\\\/industrial.filtrationgroup.com\\\/de\\\/?s={search_term_string}\"},\"query-input\":{\"@type\":\"PropertyValueSpecification\",\"valueRequired\":true,\"valueName\":\"search_term_string\"}}],\"inLanguage\":\"de-DE\"},{\"@type\":\"Organization\",\"@id\":\"https:\\\/\\\/industrial.filtrationgroup.com\\\/de\\\/#organization\",\"name\":\"Filtration Group\",\"url\":\"https:\\\/\\\/industrial.filtrationgroup.com\\\/de\\\/\",\"logo\":{\"@type\":\"ImageObject\",\"inLanguage\":\"de-DE\",\"@id\":\"https:\\\/\\\/industrial.filtrationgroup.com\\\/de\\\/#\\\/schema\\\/logo\\\/image\\\/\",\"url\":\"https:\\\/\\\/industrial.filtrationgroup.com\\\/wp-content\\\/uploads\\\/2019\\\/06\\\/FGC-logo-1.png\",\"contentUrl\":\"https:\\\/\\\/industrial.filtrationgroup.com\\\/wp-content\\\/uploads\\\/2019\\\/06\\\/FGC-logo-1.png\",\"width\":1104,\"height\":224,\"caption\":\"Filtration Group\"},\"image\":{\"@id\":\"https:\\\/\\\/industrial.filtrationgroup.com\\\/de\\\/#\\\/schema\\\/logo\\\/image\\\/\"}}]}<\/script>\n<!-- \/ Yoast SEO plugin. -->","yoast_head_json":{"title":"FAQ Webshop - Filtration Group Industrial","robots":{"index":"index","follow":"follow","max-snippet":"max-snippet:-1","max-image-preview":"max-image-preview:large","max-video-preview":"max-video-preview:-1"},"canonical":"https:\/\/industrial.filtrationgroup.com\/de\/faq-online-shop\/","og_locale":"de_DE","og_type":"article","og_title":"FAQ Webshop - Filtration Group Industrial","og_description":"Es soll pro Unternehmen, bzw. bestehender Kundennummer bei FGI, lediglich ein User registriert werden. Warum ist das so? K\u00f6nnen meine Kolleginnen und Kollegen dennoch einen Zugriff erhalten? Im FGI Online-Shop muss nur ein User registriert werden. Alle weiteren Zug\u00e4nge k\u00f6nnen anschlie\u00dfend jederzeit frei definiert und vergeben werden. Der registrierte User vergibt dann f\u00fcr die Kolleginnen [&hellip;]","og_url":"https:\/\/industrial.filtrationgroup.com\/de\/faq-online-shop\/","og_site_name":"Filtration Group Industrial","article_modified_time":"2024-11-20T08:11:15+00:00","og_image":[{"url":"https:\/\/industrial.filtrationgroup.com\/wp-content\/uploads\/2021\/10\/Webshop_Website_Banner_4-scaled.jpg","type":"","width":"","height":""}],"twitter_card":"summary_large_image","twitter_misc":{"Gesch\u00e4tzte Lesezeit":"4 Minuten"},"schema":{"@context":"https:\/\/schema.org","@graph":[{"@type":"WebPage","@id":"https:\/\/industrial.filtrationgroup.com\/de\/faq-online-shop\/","url":"https:\/\/industrial.filtrationgroup.com\/de\/faq-online-shop\/","name":"FAQ Webshop - Filtration Group Industrial","isPartOf":{"@id":"https:\/\/industrial.filtrationgroup.com\/de\/#website"},"primaryImageOfPage":{"@id":"https:\/\/industrial.filtrationgroup.com\/de\/faq-online-shop\/#primaryimage"},"image":{"@id":"https:\/\/industrial.filtrationgroup.com\/de\/faq-online-shop\/#primaryimage"},"thumbnailUrl":"https:\/\/industrial.filtrationgroup.com\/wp-content\/uploads\/2021\/10\/Webshop_Website_Banner_4-scaled.jpg","datePublished":"2021-10-05T14:34:09+00:00","dateModified":"2024-11-20T08:11:15+00:00","breadcrumb":{"@id":"https:\/\/industrial.filtrationgroup.com\/de\/faq-online-shop\/#breadcrumb"},"inLanguage":"de-DE","potentialAction":[{"@type":"ReadAction","target":["https:\/\/industrial.filtrationgroup.com\/de\/faq-online-shop\/"]}]},{"@type":"ImageObject","inLanguage":"de-DE","@id":"https:\/\/industrial.filtrationgroup.com\/de\/faq-online-shop\/#primaryimage","url":"https:\/\/industrial.filtrationgroup.com\/wp-content\/uploads\/2021\/10\/Webshop_Website_Banner_4-scaled.jpg","contentUrl":"https:\/\/industrial.filtrationgroup.com\/wp-content\/uploads\/2021\/10\/Webshop_Website_Banner_4-scaled.jpg"},{"@type":"BreadcrumbList","@id":"https:\/\/industrial.filtrationgroup.com\/de\/faq-online-shop\/#breadcrumb","itemListElement":[{"@type":"ListItem","position":1,"name":"","item":"https:\/\/industrial.filtrationgroup.com\/de\/"},{"@type":"ListItem","position":2,"name":"FAQ Webshop"}]},{"@type":"WebSite","@id":"https:\/\/industrial.filtrationgroup.com\/de\/#website","url":"https:\/\/industrial.filtrationgroup.com\/de\/","name":"Filtration Group Industrial","description":"Making the World Safer, Healthier and More Productive","publisher":{"@id":"https:\/\/industrial.filtrationgroup.com\/de\/#organization"},"potentialAction":[{"@type":"SearchAction","target":{"@type":"EntryPoint","urlTemplate":"https:\/\/industrial.filtrationgroup.com\/de\/?s={search_term_string}"},"query-input":{"@type":"PropertyValueSpecification","valueRequired":true,"valueName":"search_term_string"}}],"inLanguage":"de-DE"},{"@type":"Organization","@id":"https:\/\/industrial.filtrationgroup.com\/de\/#organization","name":"Filtration Group","url":"https:\/\/industrial.filtrationgroup.com\/de\/","logo":{"@type":"ImageObject","inLanguage":"de-DE","@id":"https:\/\/industrial.filtrationgroup.com\/de\/#\/schema\/logo\/image\/","url":"https:\/\/industrial.filtrationgroup.com\/wp-content\/uploads\/2019\/06\/FGC-logo-1.png","contentUrl":"https:\/\/industrial.filtrationgroup.com\/wp-content\/uploads\/2019\/06\/FGC-logo-1.png","width":1104,"height":224,"caption":"Filtration Group"},"image":{"@id":"https:\/\/industrial.filtrationgroup.com\/de\/#\/schema\/logo\/image\/"}}]}},"_links":{"self":[{"href":"https:\/\/industrial.filtrationgroup.com\/de\/wp-json\/wp\/v2\/pages\/13031","targetHints":{"allow":["GET"]}}],"collection":[{"href":"https:\/\/industrial.filtrationgroup.com\/de\/wp-json\/wp\/v2\/pages"}],"about":[{"href":"https:\/\/industrial.filtrationgroup.com\/de\/wp-json\/wp\/v2\/types\/page"}],"author":[{"embeddable":true,"href":"https:\/\/industrial.filtrationgroup.com\/de\/wp-json\/wp\/v2\/users\/2068"}],"replies":[{"embeddable":true,"href":"https:\/\/industrial.filtrationgroup.com\/de\/wp-json\/wp\/v2\/comments?post=13031"}],"version-history":[{"count":0,"href":"https:\/\/industrial.filtrationgroup.com\/de\/wp-json\/wp\/v2\/pages\/13031\/revisions"}],"wp:attachment":[{"href":"https:\/\/industrial.filtrationgroup.com\/de\/wp-json\/wp\/v2\/media?parent=13031"}],"curies":[{"name":"wp","href":"https:\/\/api.w.org\/{rel}","templated":true}]}}