{"id":13179,"date":"2021-11-04T14:37:15","date_gmt":"2021-11-04T14:37:15","guid":{"rendered":"https:\/\/industrial.filtrationgroup.com\/?page_id=13179"},"modified":"2025-01-20T08:40:25","modified_gmt":"2025-01-20T08:40:25","slug":"umwelt-und-nachhaltigkeit","status":"publish","type":"page","link":"https:\/\/industrial.filtrationgroup.com\/de\/umwelt-und-nachhaltigkeit\/","title":{"rendered":"Umwelt und Nachhaltigkeit"},"content":{"rendered":"\n<div class=\"wp-block-cover alignfull full-width\"><span aria-hidden=\"true\" class=\"wp-block-cover__background has-black-background-color has-background-dim-30 has-background-dim\"><\/span><img loading=\"lazy\" decoding=\"async\" width=\"2000\" height=\"666\" class=\"wp-block-cover__image-background wp-image-13199\" alt=\"\" src=\"https:\/\/industrial.filtrationgroup.com\/wp-content\/uploads\/2021\/11\/fgi-umwelt-header.png\" style=\"object-position:75% 55%\" data-object-fit=\"cover\" data-object-position=\"75% 55%\" srcset=\"https:\/\/industrial.filtrationgroup.com\/wp-content\/uploads\/2021\/11\/fgi-umwelt-header.png 2000w, https:\/\/industrial.filtrationgroup.com\/wp-content\/uploads\/2021\/11\/fgi-umwelt-header-300x100.png 300w, https:\/\/industrial.filtrationgroup.com\/wp-content\/uploads\/2021\/11\/fgi-umwelt-header-1024x341.png 1024w, https:\/\/industrial.filtrationgroup.com\/wp-content\/uploads\/2021\/11\/fgi-umwelt-header-768x256.png 768w, https:\/\/industrial.filtrationgroup.com\/wp-content\/uploads\/2021\/11\/fgi-umwelt-header-1536x511.png 1536w\" sizes=\"auto, (max-width: 2000px) 100vw, 2000px\" \/><div class=\"wp-block-cover__inner-container is-layout-flow wp-block-cover-is-layout-flow\">\n<h1 class=\"wp-block-heading has-text-align-center\"> Umwelt und Nachhaltigkeit <\/h1>\n<\/div><\/div>\n\n\n\n<h2 class=\"wp-block-heading\">Umweltgedanke in unserer Mission <\/h2>\n\n\n\n<p>Der Umweltgedanke ist in unserer Mission \u201eWir machen die Welt sicherer, ges\u00fcnder und produktiver\u201c fest verankert und bildet einen wichtigen Baustein in unserer Zukunftsvision.<\/p>\n\n\n\n<p>Wir als Filtration Group Industrial sind nach dem Umweltmanagementsystem ISO 14001 zertifiziert, dar\u00fcber hinaus wird der Standort nach EMAS (Eco-Management and Audit Scheme) durch einen Umweltgutachter validiert. Festgelegte Ziele wie z.B. die Reduktion des Energieverbrauchs, des Abfallaufkommens und des Wasserverbrauchs konkretisieren den ganzheitlichen Umweltgedanken. J\u00e4hrlich werden die Umweltleistungen \u00fcberpr\u00fcft, bewertet und in einer Umwelterkl\u00e4rung ver\u00f6ffentlicht.<\/p>\n\n\n\n<div class=\"wp-block-group grayblock\"><div class=\"wp-block-group__inner-container is-layout-flow wp-block-group-is-layout-flow\">\n<h3 class=\"wp-block-heading\">Gr\u00fcnes Produktportfolio und ressourcenschonende Arbeitsprozesse<\/h3>\n\n\n\n<p>Am meisten profitiert die Umwelt durch die Verwendung unserer Produkte bei unseren Kunden. Durch langlebige Produkte, beispielsweise bedingt durch einen niedrigen Anfangsdifferenzdruck, m\u00fcssen Elemente beim Kunden seltener gewechselt werden. Dies f\u00fchrt zur Reduzierung von Abfall, Emissionen und Energie als auch zur Verl\u00e4ngerung der Standzeiten von Maschinen. <br><br>Der Umweltgedanke steckt im Allt\u00e4glichen. So reflektieren unsere F\u00fchrungskr\u00e4fte regelm\u00e4\u00dfig gemeinsam mit ihren Mitarbeitenden grundlegende Prozesse im Arbeitsalltag.<\/p>\n<\/div><\/div>\n\n\n\n<div class=\"wp-block-media-text has-media-on-the-right is-stacked-on-mobile is-image-fill-element has-black-color has-text-color\"><div class=\"wp-block-media-text__content\">\n<h4 class=\"wp-block-heading has-blue-color has-text-color\" style=\"font-size:20px\"><strong>Raumluftfilter SilentCare<\/strong><\/h4>\n\n\n\n<p class=\"has-black-color has-text-color\">Als Filterspezialist haben wir in Rekordzeit unseren SilentCare zur Luftreinigung entwickelt und leisten damit einen wertvollen Beitrag f\u00fcr saubere Luft in geschlossenen R\u00e4umen wie z.B. Klassenzimmer, Restaurants und B\u00fcros. Neben Viren und Bakterien werden auch Feinstaub und Pollen gefiltert.<\/p>\n\n\n\n<p><a href=\"https:\/\/industrial.filtrationgroup.com\/de\/raumluftfilter-silentcare\/\" target=\"_blank\" rel=\"noreferrer noopener\">Erfahren Sie mehr \u00fcber unseren Luftreiniger SilentCare<\/a><\/p>\n<\/div><figure class=\"wp-block-media-text__media\"><a href=\"https:\/\/industrial.filtrationgroup.com\/de\/raumluftfilter-silentcare\/\" target=\"_blank\" rel=\"noopener\"><img loading=\"lazy\" decoding=\"async\" width=\"1000\" height=\"590\" src=\"https:\/\/industrial.filtrationgroup.com\/wp-content\/uploads\/2021\/08\/FGI_SilentCare_Kaufm.Schule_Oehringen_online.png\" alt=\"\" class=\"wp-image-12729 size-full\" style=\"object-position:50% 50%\" srcset=\"https:\/\/industrial.filtrationgroup.com\/wp-content\/uploads\/2021\/08\/FGI_SilentCare_Kaufm.Schule_Oehringen_online.png 1000w, https:\/\/industrial.filtrationgroup.com\/wp-content\/uploads\/2021\/08\/FGI_SilentCare_Kaufm.Schule_Oehringen_online-300x177.png 300w, https:\/\/industrial.filtrationgroup.com\/wp-content\/uploads\/2021\/08\/FGI_SilentCare_Kaufm.Schule_Oehringen_online-768x453.png 768w\" sizes=\"auto, (max-width: 1000px) 100vw, 1000px\" \/><\/a><\/figure><\/div>\n\n\n\n<div class=\"wp-block-media-text alignwide is-stacked-on-mobile is-image-fill-element has-black-color has-text-color\"><figure class=\"wp-block-media-text__media\"><img loading=\"lazy\" decoding=\"async\" width=\"499\" height=\"333\" src=\"https:\/\/industrial.filtrationgroup.com\/wp-content\/uploads\/2021\/11\/fgi-papierlos-e1636020038532.jpg\" alt=\"\" class=\"wp-image-13204 size-full\" style=\"object-position:50% 50%\" \/><\/figure><div class=\"wp-block-media-text__content\">\n<h4 class=\"wp-block-heading has-blue-color has-text-color\" style=\"font-size:20px\"><strong>Papierlose Prozesse<\/strong><\/h4>\n\n\n\n<p class=\"has-black-color has-text-color\">Bereits seit vielen Jahren verfolgt unser Vertriebsinnendienst das Ziel, Abl\u00e4ufe zu digitalisieren und Papiermengen zu reduzieren. Die Anzahl der Ausdrucke konnte um mehr als 95 % reduziert werden.  <br><br>Dies wurde durch viele Projekte und Ma\u00dfnahmen erm\u00f6glicht, wie z.B. Versand von Rechnungen und Auftragsbest\u00e4tigungen per PDF, Digitalisierungsprozesse in SAP und verbesserte Hardware-Ausstattung unserer Mitarbeitenden.<\/p>\n<\/div><\/div>\n\n\n\n<div class=\"wp-block-media-text has-media-on-the-right is-stacked-on-mobile is-image-fill-element has-black-color has-text-color\"><div class=\"wp-block-media-text__content\">\n<h4 class=\"wp-block-heading has-blue-color has-text-color\" style=\"font-size:20px\"><strong>Digitalisierte Lagerlogistik<\/strong><\/h4>\n\n\n\n<p class=\"has-black-color has-text-color\">Papier, Stift und h\u00e4ndische Prozesse haben QR-Codes, mobilen Handscannern und tragbaren Etikettendruckern Platz gemacht. In unserer Logistik werden kontinuierlich Arbeitsschritte f\u00fcr die Steigerung von Qualit\u00e4t und Effizienz digitalisiert. <br><br>Mit diesem Projekt setzten wir den Grundstein f\u00fcr die Digitalisierung, der uns weiter in Richtung Logistik 4.0 bringen wird.<\/p>\n\n\n\n<div class=\"wp-block-buttons is-layout-flex wp-block-buttons-is-layout-flex\"><\/div>\n<\/div><figure class=\"wp-block-media-text__media\"><img loading=\"lazy\" decoding=\"async\" width=\"1024\" height=\"683\" src=\"https:\/\/industrial.filtrationgroup.com\/wp-content\/uploads\/2021\/11\/fgi-lager-1024x683.jpg\" alt=\"\" class=\"wp-image-13211 size-full\" style=\"object-position:50% 50%\" srcset=\"https:\/\/industrial.filtrationgroup.com\/wp-content\/uploads\/2021\/11\/fgi-lager-1024x683.jpg 1024w, https:\/\/industrial.filtrationgroup.com\/wp-content\/uploads\/2021\/11\/fgi-lager-300x200.jpg 300w, https:\/\/industrial.filtrationgroup.com\/wp-content\/uploads\/2021\/11\/fgi-lager-768x512.jpg 768w, https:\/\/industrial.filtrationgroup.com\/wp-content\/uploads\/2021\/11\/fgi-lager-1536x1024.jpg 1536w, https:\/\/industrial.filtrationgroup.com\/wp-content\/uploads\/2021\/11\/fgi-lager-scaled.jpg 2048w, https:\/\/industrial.filtrationgroup.com\/wp-content\/uploads\/2021\/11\/fgi-lager-272x182.jpg 272w\" sizes=\"auto, (max-width: 1024px) 100vw, 1024px\" \/><\/figure><\/div>\n\n\n\n<div class=\"wp-block-media-text alignwide is-stacked-on-mobile is-image-fill-element\"><figure class=\"wp-block-media-text__media\"><img loading=\"lazy\" decoding=\"async\" width=\"1024\" height=\"682\" src=\"https:\/\/industrial.filtrationgroup.com\/wp-content\/uploads\/2021\/11\/shutterstock_12020635-1024x682.jpg\" alt=\"\" class=\"wp-image-13298 size-full\" style=\"object-position:50% 50%\" srcset=\"https:\/\/industrial.filtrationgroup.com\/wp-content\/uploads\/2021\/11\/shutterstock_12020635-1024x682.jpg 1024w, https:\/\/industrial.filtrationgroup.com\/wp-content\/uploads\/2021\/11\/shutterstock_12020635-300x200.jpg 300w, https:\/\/industrial.filtrationgroup.com\/wp-content\/uploads\/2021\/11\/shutterstock_12020635-768x512.jpg 768w, https:\/\/industrial.filtrationgroup.com\/wp-content\/uploads\/2021\/11\/shutterstock_12020635-1536x1024.jpg 1536w, https:\/\/industrial.filtrationgroup.com\/wp-content\/uploads\/2021\/11\/shutterstock_12020635-scaled.jpg 2048w, https:\/\/industrial.filtrationgroup.com\/wp-content\/uploads\/2021\/11\/shutterstock_12020635-272x182.jpg 272w\" sizes=\"auto, (max-width: 1024px) 100vw, 1024px\" \/><\/figure><div class=\"wp-block-media-text__content\">\n<h4 class=\"wp-block-heading has-blue-color has-text-color\" style=\"font-size:20px\"><strong>Saubere, elektrische Energie<\/strong><\/h4>\n\n\n\n<p class=\"has-black-color has-text-color\">Zahlreiche Filterkomponenten aus unserem Haus, ob Luft- oder Hydraulikfilter, gew\u00e4hrleisten den Betrieb von Windkraftanlagen. Hiermit unterst\u00fctzen wir den stetigen Ausbau umweltfreundlicher Energiegewinnungsanlagen.<\/p>\n\n\n\n<p><a href=\"https:\/\/industrial.filtrationgroup.com\/de\/marktsegmente\/windenergie\/\" target=\"_blank\" rel=\"noreferrer noopener\">Erfahren Sie mehr \u00fcber unser Windkraft-Produktportfolio<\/a><\/p>\n<\/div><\/div>\n\n\n\n<div class=\"wp-block-media-text alignwide has-media-on-the-right is-stacked-on-mobile is-image-fill-element\"><div class=\"wp-block-media-text__content\">\n<h4 class=\"wp-block-heading has-blue-color has-text-color\" style=\"font-size:20px\"><strong>Schutz der Weltmeere<\/strong><\/h4>\n\n\n\n<p class=\"has-black-color has-text-color\">F\u00fcr die Schiffsbetriebstechnik bieten wir zahlreiche Filterl\u00f6sungen an, die gew\u00e4hrleisten, dass ausschlie\u00dflich sauberes, gefiltertes Wasser von Offshore-Anlagen zur\u00fcck in die Ozeane flie\u00dft.  So werden Ozeane und deren Meeresbewohner vor verschmutztem Wasser gesch\u00fctzt.<\/p>\n\n\n\n<p><a href=\"https:\/\/industrial.filtrationgroup.com\/de\/produktsegmente\/separation\/\" target=\"_blank\" rel=\"noreferrer noopener\">Erfahren Sie mehr \u00fcber unser Produktsegment Separation<\/a><\/p>\n<\/div><figure class=\"wp-block-media-text__media\"><img loading=\"lazy\" decoding=\"async\" width=\"1024\" height=\"739\" src=\"https:\/\/industrial.filtrationgroup.com\/wp-content\/uploads\/2021\/11\/ColomboExpress-014-1024x739.png\" alt=\"\" class=\"wp-image-13303 size-full\" style=\"object-position:50% 50%\" srcset=\"https:\/\/industrial.filtrationgroup.com\/wp-content\/uploads\/2021\/11\/ColomboExpress-014-1024x739.png 1024w, https:\/\/industrial.filtrationgroup.com\/wp-content\/uploads\/2021\/11\/ColomboExpress-014-300x217.png 300w, https:\/\/industrial.filtrationgroup.com\/wp-content\/uploads\/2021\/11\/ColomboExpress-014-768x555.png 768w, https:\/\/industrial.filtrationgroup.com\/wp-content\/uploads\/2021\/11\/ColomboExpress-014-1536x1109.png 1536w, https:\/\/industrial.filtrationgroup.com\/wp-content\/uploads\/2021\/11\/ColomboExpress-014.png 2048w\" sizes=\"auto, (max-width: 1024px) 100vw, 1024px\" \/><\/figure><\/div>\n\n\n\n<div class=\"wp-block-group\"><div class=\"wp-block-group__inner-container is-layout-flow wp-block-group-is-layout-flow\">\n<h3 class=\"wp-block-heading\">Downloads<\/h3>\n\n\n\n<p><a href=\"https:\/\/industrial.filtrationgroup.com\/wp-content\/uploads\/2024\/01\/Zertifikat-DIN-EN-ISO-14001-de-gultig-bis-14_12_26.pdf\" target=\"_blank\" rel=\"noreferrer noopener\">14001-Zertifikat <\/a><br><a href=\"https:\/\/industrial.filtrationgroup.com\/wp-content\/uploads\/2024\/04\/20240208_IHK_Urkunde_EMAS_gultig_bis_15_12_2026.pdf\" target=\"_blank\" rel=\"noreferrer noopener\">EMAS Registrierungsurkunde <\/a><br><a href=\"https:\/\/industrial.filtrationgroup.com\/wp-content\/uploads\/2025\/01\/Umwelterklarung_2024_final.pdf\" target=\"_blank\" rel=\"noreferrer noopener\">Umwelterkl\u00e4rung<\/a> <br><a href=\"https:\/\/industrial.filtrationgroup.com\/wp-content\/uploads\/2024\/02\/ISO-9001-FG-Ohringen_13Feb2027.pdf\" target=\"_blank\" rel=\"noreferrer noopener\">ISO 9001 &#8211; Standort \u00d6hringen<\/a><br><a href=\"https:\/\/industrial.filtrationgroup.com\/wp-content\/uploads\/2024\/02\/ISO-9001-FG-Hamburg_13Feb2027.pdf\" target=\"_blank\" rel=\"noreferrer noopener\">ISO 9001 &#8211; Standort Hamburg<\/a><br><a href=\"https:\/\/industrial.filtrationgroup.com\/wp-content\/uploads\/2024\/02\/ISO-9001-FG-Timisoara_13Feb2027.pdf\" target=\"_blank\" rel=\"noreferrer noopener\">ISO 9001 &#8211; Standort Timisoara<\/a><br><a href=\"https:\/\/industrial.filtrationgroup.com\/wp-content\/uploads\/2024\/02\/ISO-9001-FG-Shanghai_13Feb2027-englisch.pdf\" target=\"_blank\" rel=\"noreferrer noopener\">ISO 9001 &#8211; Standort Shanghai<\/a><\/p>\n<\/div><\/div>\n","protected":false},"excerpt":{"rendered":"<p>Umweltgedanke in unserer Mission Der Umweltgedanke ist in unserer Mission \u201eWir machen die Welt sicherer, ges\u00fcnder und produktiver\u201c fest verankert und bildet einen wichtigen Baustein in unserer Zukunftsvision. Wir als Filtration Group Industrial sind nach dem Umweltmanagementsystem ISO 14001 zertifiziert, dar\u00fcber hinaus wird der Standort nach EMAS (Eco-Management and Audit Scheme) durch einen Umweltgutachter validiert. [&hellip;]<\/p>\n","protected":false},"author":2068,"featured_media":0,"parent":0,"menu_order":0,"comment_status":"closed","ping_status":"closed","template":"","meta":{"_acf_changed":false,"footnotes":""},"class_list":["post-13179","page","type-page","status-publish","hentry"],"acf":[],"yoast_head":"<!-- This site is optimized with the Yoast SEO plugin v27.3 - https:\/\/yoast.com\/product\/yoast-seo-wordpress\/ -->\n<title>Umwelt und Nachhaltigkeit - Filtration Group Industrial<\/title>\n<meta name=\"description\" content=\"Nachhaltige Prozesse und umweltschonende Produkte durch unsere Unternehmensmission. ISO 14001 Zertifizierung und EMAS Validierung.\" \/>\n<meta name=\"robots\" content=\"index, follow, max-snippet:-1, max-image-preview:large, max-video-preview:-1\" \/>\n<link rel=\"canonical\" href=\"https:\/\/industrial.filtrationgroup.com\/de\/umwelt-und-nachhaltigkeit\/\" \/>\n<meta property=\"og:locale\" content=\"de_DE\" \/>\n<meta property=\"og:type\" content=\"article\" \/>\n<meta property=\"og:title\" content=\"Umwelt und Nachhaltigkeit - Filtration Group Industrial\" \/>\n<meta property=\"og:description\" content=\"Nachhaltige Prozesse und umweltschonende Produkte durch unsere Unternehmensmission. ISO 14001 Zertifizierung und EMAS Validierung.\" \/>\n<meta property=\"og:url\" content=\"https:\/\/industrial.filtrationgroup.com\/de\/umwelt-und-nachhaltigkeit\/\" \/>\n<meta property=\"og:site_name\" content=\"Filtration Group Industrial\" \/>\n<meta property=\"article:modified_time\" content=\"2025-01-20T08:40:25+00:00\" \/>\n<meta property=\"og:image\" content=\"https:\/\/industrial.filtrationgroup.com\/wp-content\/uploads\/2021\/11\/fgi-umwelt-header.png\" \/>\n\t<meta property=\"og:image:width\" content=\"2000\" \/>\n\t<meta property=\"og:image:height\" content=\"666\" \/>\n\t<meta property=\"og:image:type\" content=\"image\/png\" \/>\n<meta name=\"twitter:card\" content=\"summary_large_image\" \/>\n<meta name=\"twitter:label1\" content=\"Gesch\u00e4tzte Lesezeit\" \/>\n\t<meta name=\"twitter:data1\" content=\"3 Minuten\" \/>\n<script type=\"application\/ld+json\" class=\"yoast-schema-graph\">{\"@context\":\"https:\\\/\\\/schema.org\",\"@graph\":[{\"@type\":\"WebPage\",\"@id\":\"https:\\\/\\\/industrial.filtrationgroup.com\\\/de\\\/umwelt-und-nachhaltigkeit\\\/\",\"url\":\"https:\\\/\\\/industrial.filtrationgroup.com\\\/de\\\/umwelt-und-nachhaltigkeit\\\/\",\"name\":\"Umwelt und Nachhaltigkeit - Filtration Group Industrial\",\"isPartOf\":{\"@id\":\"https:\\\/\\\/industrial.filtrationgroup.com\\\/de\\\/#website\"},\"primaryImageOfPage\":{\"@id\":\"https:\\\/\\\/industrial.filtrationgroup.com\\\/de\\\/umwelt-und-nachhaltigkeit\\\/#primaryimage\"},\"image\":{\"@id\":\"https:\\\/\\\/industrial.filtrationgroup.com\\\/de\\\/umwelt-und-nachhaltigkeit\\\/#primaryimage\"},\"thumbnailUrl\":\"https:\\\/\\\/industrial.filtrationgroup.com\\\/wp-content\\\/uploads\\\/2021\\\/11\\\/fgi-umwelt-header.png\",\"datePublished\":\"2021-11-04T14:37:15+00:00\",\"dateModified\":\"2025-01-20T08:40:25+00:00\",\"description\":\"Nachhaltige Prozesse und umweltschonende Produkte durch unsere Unternehmensmission. ISO 14001 Zertifizierung und EMAS Validierung.\",\"breadcrumb\":{\"@id\":\"https:\\\/\\\/industrial.filtrationgroup.com\\\/de\\\/umwelt-und-nachhaltigkeit\\\/#breadcrumb\"},\"inLanguage\":\"de-DE\",\"potentialAction\":[{\"@type\":\"ReadAction\",\"target\":[\"https:\\\/\\\/industrial.filtrationgroup.com\\\/de\\\/umwelt-und-nachhaltigkeit\\\/\"]}]},{\"@type\":\"ImageObject\",\"inLanguage\":\"de-DE\",\"@id\":\"https:\\\/\\\/industrial.filtrationgroup.com\\\/de\\\/umwelt-und-nachhaltigkeit\\\/#primaryimage\",\"url\":\"https:\\\/\\\/industrial.filtrationgroup.com\\\/wp-content\\\/uploads\\\/2021\\\/11\\\/fgi-umwelt-header.png\",\"contentUrl\":\"https:\\\/\\\/industrial.filtrationgroup.com\\\/wp-content\\\/uploads\\\/2021\\\/11\\\/fgi-umwelt-header.png\"},{\"@type\":\"BreadcrumbList\",\"@id\":\"https:\\\/\\\/industrial.filtrationgroup.com\\\/de\\\/umwelt-und-nachhaltigkeit\\\/#breadcrumb\",\"itemListElement\":[{\"@type\":\"ListItem\",\"position\":1,\"name\":\"\",\"item\":\"https:\\\/\\\/industrial.filtrationgroup.com\\\/de\\\/\"},{\"@type\":\"ListItem\",\"position\":2,\"name\":\"Umwelt und Nachhaltigkeit\"}]},{\"@type\":\"WebSite\",\"@id\":\"https:\\\/\\\/industrial.filtrationgroup.com\\\/de\\\/#website\",\"url\":\"https:\\\/\\\/industrial.filtrationgroup.com\\\/de\\\/\",\"name\":\"Filtration Group Industrial\",\"description\":\"Making the World Safer, Healthier and More Productive\",\"publisher\":{\"@id\":\"https:\\\/\\\/industrial.filtrationgroup.com\\\/de\\\/#organization\"},\"potentialAction\":[{\"@type\":\"SearchAction\",\"target\":{\"@type\":\"EntryPoint\",\"urlTemplate\":\"https:\\\/\\\/industrial.filtrationgroup.com\\\/de\\\/?s={search_term_string}\"},\"query-input\":{\"@type\":\"PropertyValueSpecification\",\"valueRequired\":true,\"valueName\":\"search_term_string\"}}],\"inLanguage\":\"de-DE\"},{\"@type\":\"Organization\",\"@id\":\"https:\\\/\\\/industrial.filtrationgroup.com\\\/de\\\/#organization\",\"name\":\"Filtration Group\",\"url\":\"https:\\\/\\\/industrial.filtrationgroup.com\\\/de\\\/\",\"logo\":{\"@type\":\"ImageObject\",\"inLanguage\":\"de-DE\",\"@id\":\"https:\\\/\\\/industrial.filtrationgroup.com\\\/de\\\/#\\\/schema\\\/logo\\\/image\\\/\",\"url\":\"https:\\\/\\\/industrial.filtrationgroup.com\\\/wp-content\\\/uploads\\\/2019\\\/06\\\/FGC-logo-1.png\",\"contentUrl\":\"https:\\\/\\\/industrial.filtrationgroup.com\\\/wp-content\\\/uploads\\\/2019\\\/06\\\/FGC-logo-1.png\",\"width\":1104,\"height\":224,\"caption\":\"Filtration Group\"},\"image\":{\"@id\":\"https:\\\/\\\/industrial.filtrationgroup.com\\\/de\\\/#\\\/schema\\\/logo\\\/image\\\/\"}}]}<\/script>\n<!-- \/ Yoast SEO plugin. -->","yoast_head_json":{"title":"Umwelt und Nachhaltigkeit - Filtration Group Industrial","description":"Nachhaltige Prozesse und umweltschonende Produkte durch unsere Unternehmensmission. ISO 14001 Zertifizierung und EMAS Validierung.","robots":{"index":"index","follow":"follow","max-snippet":"max-snippet:-1","max-image-preview":"max-image-preview:large","max-video-preview":"max-video-preview:-1"},"canonical":"https:\/\/industrial.filtrationgroup.com\/de\/umwelt-und-nachhaltigkeit\/","og_locale":"de_DE","og_type":"article","og_title":"Umwelt und Nachhaltigkeit - Filtration Group Industrial","og_description":"Nachhaltige Prozesse und umweltschonende Produkte durch unsere Unternehmensmission. ISO 14001 Zertifizierung und EMAS Validierung.","og_url":"https:\/\/industrial.filtrationgroup.com\/de\/umwelt-und-nachhaltigkeit\/","og_site_name":"Filtration Group Industrial","article_modified_time":"2025-01-20T08:40:25+00:00","og_image":[{"width":2000,"height":666,"url":"https:\/\/industrial.filtrationgroup.com\/wp-content\/uploads\/2021\/11\/fgi-umwelt-header.png","type":"image\/png"}],"twitter_card":"summary_large_image","twitter_misc":{"Gesch\u00e4tzte Lesezeit":"3 Minuten"},"schema":{"@context":"https:\/\/schema.org","@graph":[{"@type":"WebPage","@id":"https:\/\/industrial.filtrationgroup.com\/de\/umwelt-und-nachhaltigkeit\/","url":"https:\/\/industrial.filtrationgroup.com\/de\/umwelt-und-nachhaltigkeit\/","name":"Umwelt und Nachhaltigkeit - Filtration Group Industrial","isPartOf":{"@id":"https:\/\/industrial.filtrationgroup.com\/de\/#website"},"primaryImageOfPage":{"@id":"https:\/\/industrial.filtrationgroup.com\/de\/umwelt-und-nachhaltigkeit\/#primaryimage"},"image":{"@id":"https:\/\/industrial.filtrationgroup.com\/de\/umwelt-und-nachhaltigkeit\/#primaryimage"},"thumbnailUrl":"https:\/\/industrial.filtrationgroup.com\/wp-content\/uploads\/2021\/11\/fgi-umwelt-header.png","datePublished":"2021-11-04T14:37:15+00:00","dateModified":"2025-01-20T08:40:25+00:00","description":"Nachhaltige Prozesse und umweltschonende Produkte durch unsere Unternehmensmission. ISO 14001 Zertifizierung und EMAS Validierung.","breadcrumb":{"@id":"https:\/\/industrial.filtrationgroup.com\/de\/umwelt-und-nachhaltigkeit\/#breadcrumb"},"inLanguage":"de-DE","potentialAction":[{"@type":"ReadAction","target":["https:\/\/industrial.filtrationgroup.com\/de\/umwelt-und-nachhaltigkeit\/"]}]},{"@type":"ImageObject","inLanguage":"de-DE","@id":"https:\/\/industrial.filtrationgroup.com\/de\/umwelt-und-nachhaltigkeit\/#primaryimage","url":"https:\/\/industrial.filtrationgroup.com\/wp-content\/uploads\/2021\/11\/fgi-umwelt-header.png","contentUrl":"https:\/\/industrial.filtrationgroup.com\/wp-content\/uploads\/2021\/11\/fgi-umwelt-header.png"},{"@type":"BreadcrumbList","@id":"https:\/\/industrial.filtrationgroup.com\/de\/umwelt-und-nachhaltigkeit\/#breadcrumb","itemListElement":[{"@type":"ListItem","position":1,"name":"","item":"https:\/\/industrial.filtrationgroup.com\/de\/"},{"@type":"ListItem","position":2,"name":"Umwelt und Nachhaltigkeit"}]},{"@type":"WebSite","@id":"https:\/\/industrial.filtrationgroup.com\/de\/#website","url":"https:\/\/industrial.filtrationgroup.com\/de\/","name":"Filtration Group Industrial","description":"Making the World Safer, Healthier and More Productive","publisher":{"@id":"https:\/\/industrial.filtrationgroup.com\/de\/#organization"},"potentialAction":[{"@type":"SearchAction","target":{"@type":"EntryPoint","urlTemplate":"https:\/\/industrial.filtrationgroup.com\/de\/?s={search_term_string}"},"query-input":{"@type":"PropertyValueSpecification","valueRequired":true,"valueName":"search_term_string"}}],"inLanguage":"de-DE"},{"@type":"Organization","@id":"https:\/\/industrial.filtrationgroup.com\/de\/#organization","name":"Filtration Group","url":"https:\/\/industrial.filtrationgroup.com\/de\/","logo":{"@type":"ImageObject","inLanguage":"de-DE","@id":"https:\/\/industrial.filtrationgroup.com\/de\/#\/schema\/logo\/image\/","url":"https:\/\/industrial.filtrationgroup.com\/wp-content\/uploads\/2019\/06\/FGC-logo-1.png","contentUrl":"https:\/\/industrial.filtrationgroup.com\/wp-content\/uploads\/2019\/06\/FGC-logo-1.png","width":1104,"height":224,"caption":"Filtration Group"},"image":{"@id":"https:\/\/industrial.filtrationgroup.com\/de\/#\/schema\/logo\/image\/"}}]}},"_links":{"self":[{"href":"https:\/\/industrial.filtrationgroup.com\/de\/wp-json\/wp\/v2\/pages\/13179","targetHints":{"allow":["GET"]}}],"collection":[{"href":"https:\/\/industrial.filtrationgroup.com\/de\/wp-json\/wp\/v2\/pages"}],"about":[{"href":"https:\/\/industrial.filtrationgroup.com\/de\/wp-json\/wp\/v2\/types\/page"}],"author":[{"embeddable":true,"href":"https:\/\/industrial.filtrationgroup.com\/de\/wp-json\/wp\/v2\/users\/2068"}],"replies":[{"embeddable":true,"href":"https:\/\/industrial.filtrationgroup.com\/de\/wp-json\/wp\/v2\/comments?post=13179"}],"version-history":[{"count":0,"href":"https:\/\/industrial.filtrationgroup.com\/de\/wp-json\/wp\/v2\/pages\/13179\/revisions"}],"wp:attachment":[{"href":"https:\/\/industrial.filtrationgroup.com\/de\/wp-json\/wp\/v2\/media?parent=13179"}],"curies":[{"name":"wp","href":"https:\/\/api.w.org\/{rel}","templated":true}]}}