{"id":13510,"date":"2022-01-03T13:51:29","date_gmt":"2022-01-03T13:51:29","guid":{"rendered":"https:\/\/industrial.filtrationgroup.com\/?page_id=13510"},"modified":"2022-01-03T14:30:34","modified_gmt":"2022-01-03T14:30:34","slug":"silentcare-erfolgsstory-fitnessstudios","status":"publish","type":"page","link":"https:\/\/industrial.filtrationgroup.com\/de\/silentcare-erfolgsstory-fitnessstudios\/","title":{"rendered":"SilentCare Erfolgsstory &#8211; Fitnessstudios"},"content":{"rendered":"\n<h1 class=\"alignfull has-text-align-center has-blue-color has-light-gray-background-color has-text-color has-background wp-block-heading\">SilentCare &#8211; Raumluftfilter f\u00fcr saubere Luft in Fitnessstudios<\/h1>\n\n\n\n<p>Das <a href=\"https:\/\/ladym.info\/\" target=\"_blank\" rel=\"noreferrer noopener\">Fitnessstudio Lady M<\/a> in \u00d6hringen feiert dieses Jahr sein 33-j\u00e4hriges Bestehen. Die gelernte Sport- und Gymnastiklehrerin Michaela Rei\u00df arbeitete vor der Gr\u00fcndung ihres Fitnessstudios in der Psychiatrie und befasste sich damals mit der Wirkungsweise von Sport auf psychische Krankheitsbilder. Ihr Traum war es, einen Ort zu schaffen, wo Menschen im gesunden Ma\u00dfe Sport betreiben k\u00f6nnen. Sport f\u00f6rdert nachweislich das Selbstbewusstsein, baut Stress ab und best\u00e4rkt die F\u00e4higkeit, sich eigene Ziele stecken zu k\u00f6nnen. All diese Eigenschaften k\u00f6nnen psychische Krankheiten vorbeugen. Michaela Rei\u00df und ihr Team haben ein Fitnessstudio geschaffen, welches einen besonderen Wert auf Qualit\u00e4t, gesunde und langfristige Trainingsmethoden und Wohlbefinden legt. <\/p>\n\n\n\n<div class=\"wp-block-media-text alignwide is-stacked-on-mobile is-image-fill\"><figure class=\"wp-block-media-text__media\" style=\"background-image:url(https:\/\/industrial.filtrationgroup.com\/wp-content\/uploads\/2022\/01\/IMG_7386-3-698x1024.jpg);background-position:56.99999999999999% 46%\"><img loading=\"lazy\" decoding=\"async\" width=\"698\" height=\"1024\" src=\"https:\/\/industrial.filtrationgroup.com\/wp-content\/uploads\/2022\/01\/IMG_7386-3-698x1024.jpg\" alt=\"Raumluftfilter SilentCare im Ausdauer- und Kraftbereich \" class=\"wp-image-13485 size-full\" srcset=\"https:\/\/industrial.filtrationgroup.com\/wp-content\/uploads\/2022\/01\/IMG_7386-3-698x1024.jpg 698w, https:\/\/industrial.filtrationgroup.com\/wp-content\/uploads\/2022\/01\/IMG_7386-3-204x300.jpg 204w, https:\/\/industrial.filtrationgroup.com\/wp-content\/uploads\/2022\/01\/IMG_7386-3-768x1128.jpg 768w, https:\/\/industrial.filtrationgroup.com\/wp-content\/uploads\/2022\/01\/IMG_7386-3-1046x1536.jpg 1046w, https:\/\/industrial.filtrationgroup.com\/wp-content\/uploads\/2022\/01\/IMG_7386-3.jpg 1395w\" sizes=\"auto, (max-width: 698px) 100vw, 698px\" \/><\/figure><div class=\"wp-block-media-text__content\">\n<h2 class=\"has-blue-color has-text-color has-normal-font-size wp-block-heading\">Kontaminierte Luft durch Ausdauersport<\/h2>\n\n\n\n<p>Zum Wohlbefinden geh\u00f6rt f\u00fcr Michaela Rei\u00df vor allem auch saubere und gesunde Luft. Neben den W\u00e4nden aus Gr\u00fcnpflanzen im gro\u00dfen Trainingsbereich ist unser Raumluftfilter SilentCare ein zuverl\u00e4ssiger Garant f\u00fcr saubere Luft. Zwei Ger\u00e4te stehen im Kursraum und dem Ausdauerbereich, denn bei max. sportlicher Belastung passieren bis zu 120 Liter Luft pro Minute unsere Atemwege. Im Ruhezustand sind es im Vergleich nur sechs bis acht Liter Luft. <\/p>\n\n\n\n<p>Durch eine Bekannte, die im Lady M regelm\u00e4\u00dfig trainiert, ist Michaela Rei\u00df auf unsere Raumluftfilter aufmerksam geworden. Die regionale Entwicklung und Herstellung des Raumluftfilters am Hauptstandort \u00d6hringen und die langj\u00e4hrige Filtrationsexpertise von Filtration Group Industrial waren mitunter entscheidende Kaufargumente. Da das Fitnessstudio \u00fcber den Lockdown der Corona-Pandemie schlie\u00dfen musste, wurden die Anschaffungskosten durch die \u00dcberbr\u00fcckungshilfe III komplett \u00fcbernommen. <\/p>\n<\/div><\/div>\n\n\n\n<div class=\"wp-block-media-text alignwide has-media-on-the-right is-stacked-on-mobile is-image-fill\"><figure class=\"wp-block-media-text__media\" style=\"background-image:url(https:\/\/industrial.filtrationgroup.com\/wp-content\/uploads\/2022\/01\/IMG_7379-3-1024x683.jpg);background-position:50% 50%\"><img loading=\"lazy\" decoding=\"async\" width=\"1024\" height=\"683\" src=\"https:\/\/industrial.filtrationgroup.com\/wp-content\/uploads\/2022\/01\/IMG_7379-3-1024x683.jpg\" alt=\"Raumluftfilter SilentCare in Kursr\u00e4umen\" class=\"wp-image-13475 size-full\" srcset=\"https:\/\/industrial.filtrationgroup.com\/wp-content\/uploads\/2022\/01\/IMG_7379-3-1024x683.jpg 1024w, https:\/\/industrial.filtrationgroup.com\/wp-content\/uploads\/2022\/01\/IMG_7379-3-300x200.jpg 300w, https:\/\/industrial.filtrationgroup.com\/wp-content\/uploads\/2022\/01\/IMG_7379-3-768x512.jpg 768w, https:\/\/industrial.filtrationgroup.com\/wp-content\/uploads\/2022\/01\/IMG_7379-3-1536x1024.jpg 1536w, https:\/\/industrial.filtrationgroup.com\/wp-content\/uploads\/2022\/01\/IMG_7379-3-272x182.jpg 272w, https:\/\/industrial.filtrationgroup.com\/wp-content\/uploads\/2022\/01\/IMG_7379-3.jpg 2048w\" sizes=\"auto, (max-width: 1024px) 100vw, 1024px\" \/><\/figure><div class=\"wp-block-media-text__content\">\n<h2 class=\"has-blue-color has-text-color has-normal-font-size wp-block-heading\">Sicherheit kombiniert mit hochwertigem Design<\/h2>\n\n\n\n<p>Unsere Raumluftfilter wurden bereits von vielen Frauen im Fitnessstudio positiv wahrgenommen. Michaela Rei\u00df ist es wichtig, dass sich ihre Kundinnen trotz der Corona-Pandemie im Fitnessstudio wohlf\u00fchlen und ein sicheres Gef\u00fchl beim Trainieren haben. Au\u00dferdem f\u00fcgt sich unser anthrazitfarbener <a href=\"https:\/\/industrial.filtrationgroup.com\/de\/raumluftfilter-silentcare\/\" target=\"_blank\" rel=\"noreferrer noopener\">SilentCare<\/a> mit seinem runden, unauff\u00e4lligen Design perfekt in das Fitnessstudio-Ambiente ein. <\/p>\n\n\n\n<p>Der Raumluftfilter unterscheidet sich laut Michaela Rei\u00df, von anderen Filtern, die ausprobiert wurden, vor allem durch seine Leistungsf\u00e4higkeit. \u201eLieber habe ich einen gr\u00f6\u00dferen Filter, der auch wirklich kleinste Partikel aus gr\u00f6\u00dferen R\u00e4umen filtert als ein zu kleines Ger\u00e4t, das nicht effektiv ist\u201c, erkl\u00e4rt die Lady M Gr\u00fcnderin. Das mobile Ger\u00e4t kann bequem weggerollt werden, was im Fitnessstudio durch regelm\u00e4\u00dfiges Putzen enorm praktisch ist. Au\u00dferdem kann man auf den Raumluftfilter etwas platzieren wie z.B. Infomaterial und Deko.<\/p>\n<\/div><\/div>\n\n\n\n<div class=\"wp-block-group grayblock\"><div class=\"wp-block-group__inner-container is-layout-flow wp-block-group-is-layout-flow\">\n<div class=\"wp-block-image is-style-rounded\"><figure class=\"alignright size-full is-resized\"><img loading=\"lazy\" decoding=\"async\" src=\"https:\/\/industrial.filtrationgroup.com\/wp-content\/uploads\/2022\/01\/Founder_LadyM_small.png\" alt=\"\" class=\"wp-image-13517\" width=\"281\" height=\"395\" srcset=\"https:\/\/industrial.filtrationgroup.com\/wp-content\/uploads\/2022\/01\/Founder_LadyM_small.png 375w, https:\/\/industrial.filtrationgroup.com\/wp-content\/uploads\/2022\/01\/Founder_LadyM_small-214x300.png 214w\" sizes=\"auto, (max-width: 281px) 100vw, 281px\" \/><\/figure><\/div>\n\n\n\n<p class=\"has-text-align-right\"><strong>&#8222;Wir sind mit den Raumluftfiltern SilentCare von der Filtration Group Industrial sehr zufrieden, sie machen ihren Job unauff\u00e4llig, leise und passen mit ihrem hochwertigen Design sehr gut in unser Fitnessstudio.&#8220;<\/strong><\/p>\n\n\n\n<p class=\"has-text-align-right\"><em>\u2014 Michaela Rei\u00df, Gr\u00fcnderin Fitnessstudio Lady M<\/em><\/p>\n<\/div><\/div>\n\n\n\n<h3 class=\"has-blue-color has-text-color wp-block-heading\"><br>Kontakt<\/h3>\n\n\n\n<p><strong>Harisa Lumpp<\/strong><br><em>Head of Product Management Airfilter Systems<\/em><br><br><a href=\"mailto:silentcare@filtrationgroup.com\" target=\"_blank\" rel=\"noreferrer noopener\">silentcare@filtrationgroup.com<\/a><br>Tel. 07941-6466-345<\/p>\n","protected":false},"excerpt":{"rendered":"<p>SilentCare &#8211; Raumluftfilter f\u00fcr saubere Luft in Fitnessstudios Das Fitnessstudio Lady M in \u00d6hringen feiert dieses Jahr sein 33-j\u00e4hriges Bestehen. Die gelernte Sport- und Gymnastiklehrerin Michaela Rei\u00df arbeitete vor der Gr\u00fcndung ihres Fitnessstudios in der Psychiatrie und befasste sich damals mit der Wirkungsweise von Sport auf psychische Krankheitsbilder. Ihr Traum war es, einen Ort zu [&hellip;]<\/p>\n","protected":false},"author":2068,"featured_media":0,"parent":0,"menu_order":0,"comment_status":"closed","ping_status":"closed","template":"","meta":{"_acf_changed":false,"footnotes":""},"class_list":["post-13510","page","type-page","status-publish","hentry"],"acf":[],"yoast_head":"<!-- This site is optimized with the Yoast SEO plugin v27.3 - https:\/\/yoast.com\/product\/yoast-seo-wordpress\/ -->\n<title>SilentCare Erfolgsstory - Fitnessstudios - Filtration Group Industrial<\/title>\n<meta name=\"description\" content=\"Der SilentCare Raumluftfilter \u00fcberzeugt Fitnessstudios durch seine Mobilit\u00e4t, sein Design, seine Leistung und seinen niedrigen Ger\u00e4uschpegel.\" \/>\n<meta name=\"robots\" content=\"index, follow, max-snippet:-1, max-image-preview:large, max-video-preview:-1\" \/>\n<link rel=\"canonical\" href=\"https:\/\/industrial.filtrationgroup.com\/de\/silentcare-erfolgsstory-fitnessstudios\/\" \/>\n<meta property=\"og:locale\" content=\"de_DE\" \/>\n<meta property=\"og:type\" content=\"article\" \/>\n<meta property=\"og:title\" content=\"SilentCare Erfolgsstory - Fitnessstudios - Filtration Group Industrial\" \/>\n<meta property=\"og:description\" content=\"Der SilentCare Raumluftfilter \u00fcberzeugt Fitnessstudios durch seine Mobilit\u00e4t, sein Design, seine Leistung und seinen niedrigen Ger\u00e4uschpegel.\" \/>\n<meta property=\"og:url\" content=\"https:\/\/industrial.filtrationgroup.com\/de\/silentcare-erfolgsstory-fitnessstudios\/\" \/>\n<meta property=\"og:site_name\" content=\"Filtration Group Industrial\" \/>\n<meta property=\"article:modified_time\" content=\"2022-01-03T14:30:34+00:00\" \/>\n<meta property=\"og:image\" content=\"https:\/\/industrial.filtrationgroup.com\/wp-content\/uploads\/2022\/01\/IMG_7386-3-698x1024.jpg\" \/>\n<meta name=\"twitter:card\" content=\"summary_large_image\" \/>\n<meta name=\"twitter:label1\" content=\"Gesch\u00e4tzte Lesezeit\" \/>\n\t<meta name=\"twitter:data1\" content=\"3 Minuten\" \/>\n<script type=\"application\/ld+json\" class=\"yoast-schema-graph\">{\"@context\":\"https:\\\/\\\/schema.org\",\"@graph\":[{\"@type\":\"WebPage\",\"@id\":\"https:\\\/\\\/industrial.filtrationgroup.com\\\/de\\\/silentcare-erfolgsstory-fitnessstudios\\\/\",\"url\":\"https:\\\/\\\/industrial.filtrationgroup.com\\\/de\\\/silentcare-erfolgsstory-fitnessstudios\\\/\",\"name\":\"SilentCare Erfolgsstory - Fitnessstudios - Filtration Group Industrial\",\"isPartOf\":{\"@id\":\"https:\\\/\\\/industrial.filtrationgroup.com\\\/de\\\/#website\"},\"primaryImageOfPage\":{\"@id\":\"https:\\\/\\\/industrial.filtrationgroup.com\\\/de\\\/silentcare-erfolgsstory-fitnessstudios\\\/#primaryimage\"},\"image\":{\"@id\":\"https:\\\/\\\/industrial.filtrationgroup.com\\\/de\\\/silentcare-erfolgsstory-fitnessstudios\\\/#primaryimage\"},\"thumbnailUrl\":\"https:\\\/\\\/industrial.filtrationgroup.com\\\/wp-content\\\/uploads\\\/2022\\\/01\\\/IMG_7386-3-698x1024.jpg\",\"datePublished\":\"2022-01-03T13:51:29+00:00\",\"dateModified\":\"2022-01-03T14:30:34+00:00\",\"description\":\"Der SilentCare Raumluftfilter \u00fcberzeugt Fitnessstudios durch seine Mobilit\u00e4t, sein Design, seine Leistung und seinen niedrigen Ger\u00e4uschpegel.\",\"breadcrumb\":{\"@id\":\"https:\\\/\\\/industrial.filtrationgroup.com\\\/de\\\/silentcare-erfolgsstory-fitnessstudios\\\/#breadcrumb\"},\"inLanguage\":\"de-DE\",\"potentialAction\":[{\"@type\":\"ReadAction\",\"target\":[\"https:\\\/\\\/industrial.filtrationgroup.com\\\/de\\\/silentcare-erfolgsstory-fitnessstudios\\\/\"]}]},{\"@type\":\"ImageObject\",\"inLanguage\":\"de-DE\",\"@id\":\"https:\\\/\\\/industrial.filtrationgroup.com\\\/de\\\/silentcare-erfolgsstory-fitnessstudios\\\/#primaryimage\",\"url\":\"https:\\\/\\\/industrial.filtrationgroup.com\\\/wp-content\\\/uploads\\\/2022\\\/01\\\/IMG_7386-3-698x1024.jpg\",\"contentUrl\":\"https:\\\/\\\/industrial.filtrationgroup.com\\\/wp-content\\\/uploads\\\/2022\\\/01\\\/IMG_7386-3-698x1024.jpg\"},{\"@type\":\"BreadcrumbList\",\"@id\":\"https:\\\/\\\/industrial.filtrationgroup.com\\\/de\\\/silentcare-erfolgsstory-fitnessstudios\\\/#breadcrumb\",\"itemListElement\":[{\"@type\":\"ListItem\",\"position\":1,\"name\":\"\",\"item\":\"https:\\\/\\\/industrial.filtrationgroup.com\\\/de\\\/\"},{\"@type\":\"ListItem\",\"position\":2,\"name\":\"SilentCare Erfolgsstory &#8211; Fitnessstudios\"}]},{\"@type\":\"WebSite\",\"@id\":\"https:\\\/\\\/industrial.filtrationgroup.com\\\/de\\\/#website\",\"url\":\"https:\\\/\\\/industrial.filtrationgroup.com\\\/de\\\/\",\"name\":\"Filtration Group Industrial\",\"description\":\"Making the World Safer, Healthier and More Productive\",\"publisher\":{\"@id\":\"https:\\\/\\\/industrial.filtrationgroup.com\\\/de\\\/#organization\"},\"potentialAction\":[{\"@type\":\"SearchAction\",\"target\":{\"@type\":\"EntryPoint\",\"urlTemplate\":\"https:\\\/\\\/industrial.filtrationgroup.com\\\/de\\\/?s={search_term_string}\"},\"query-input\":{\"@type\":\"PropertyValueSpecification\",\"valueRequired\":true,\"valueName\":\"search_term_string\"}}],\"inLanguage\":\"de-DE\"},{\"@type\":\"Organization\",\"@id\":\"https:\\\/\\\/industrial.filtrationgroup.com\\\/de\\\/#organization\",\"name\":\"Filtration Group\",\"url\":\"https:\\\/\\\/industrial.filtrationgroup.com\\\/de\\\/\",\"logo\":{\"@type\":\"ImageObject\",\"inLanguage\":\"de-DE\",\"@id\":\"https:\\\/\\\/industrial.filtrationgroup.com\\\/de\\\/#\\\/schema\\\/logo\\\/image\\\/\",\"url\":\"https:\\\/\\\/industrial.filtrationgroup.com\\\/wp-content\\\/uploads\\\/2019\\\/06\\\/FGC-logo-1.png\",\"contentUrl\":\"https:\\\/\\\/industrial.filtrationgroup.com\\\/wp-content\\\/uploads\\\/2019\\\/06\\\/FGC-logo-1.png\",\"width\":1104,\"height\":224,\"caption\":\"Filtration Group\"},\"image\":{\"@id\":\"https:\\\/\\\/industrial.filtrationgroup.com\\\/de\\\/#\\\/schema\\\/logo\\\/image\\\/\"}}]}<\/script>\n<!-- \/ Yoast SEO plugin. -->","yoast_head_json":{"title":"SilentCare Erfolgsstory - Fitnessstudios - Filtration Group Industrial","description":"Der SilentCare Raumluftfilter \u00fcberzeugt Fitnessstudios durch seine Mobilit\u00e4t, sein Design, seine Leistung und seinen niedrigen Ger\u00e4uschpegel.","robots":{"index":"index","follow":"follow","max-snippet":"max-snippet:-1","max-image-preview":"max-image-preview:large","max-video-preview":"max-video-preview:-1"},"canonical":"https:\/\/industrial.filtrationgroup.com\/de\/silentcare-erfolgsstory-fitnessstudios\/","og_locale":"de_DE","og_type":"article","og_title":"SilentCare Erfolgsstory - Fitnessstudios - Filtration Group Industrial","og_description":"Der SilentCare Raumluftfilter \u00fcberzeugt Fitnessstudios durch seine Mobilit\u00e4t, sein Design, seine Leistung und seinen niedrigen Ger\u00e4uschpegel.","og_url":"https:\/\/industrial.filtrationgroup.com\/de\/silentcare-erfolgsstory-fitnessstudios\/","og_site_name":"Filtration Group Industrial","article_modified_time":"2022-01-03T14:30:34+00:00","og_image":[{"url":"https:\/\/industrial.filtrationgroup.com\/wp-content\/uploads\/2022\/01\/IMG_7386-3-698x1024.jpg","type":"","width":"","height":""}],"twitter_card":"summary_large_image","twitter_misc":{"Gesch\u00e4tzte Lesezeit":"3 Minuten"},"schema":{"@context":"https:\/\/schema.org","@graph":[{"@type":"WebPage","@id":"https:\/\/industrial.filtrationgroup.com\/de\/silentcare-erfolgsstory-fitnessstudios\/","url":"https:\/\/industrial.filtrationgroup.com\/de\/silentcare-erfolgsstory-fitnessstudios\/","name":"SilentCare Erfolgsstory - Fitnessstudios - Filtration Group Industrial","isPartOf":{"@id":"https:\/\/industrial.filtrationgroup.com\/de\/#website"},"primaryImageOfPage":{"@id":"https:\/\/industrial.filtrationgroup.com\/de\/silentcare-erfolgsstory-fitnessstudios\/#primaryimage"},"image":{"@id":"https:\/\/industrial.filtrationgroup.com\/de\/silentcare-erfolgsstory-fitnessstudios\/#primaryimage"},"thumbnailUrl":"https:\/\/industrial.filtrationgroup.com\/wp-content\/uploads\/2022\/01\/IMG_7386-3-698x1024.jpg","datePublished":"2022-01-03T13:51:29+00:00","dateModified":"2022-01-03T14:30:34+00:00","description":"Der SilentCare Raumluftfilter \u00fcberzeugt Fitnessstudios durch seine Mobilit\u00e4t, sein Design, seine Leistung und seinen niedrigen Ger\u00e4uschpegel.","breadcrumb":{"@id":"https:\/\/industrial.filtrationgroup.com\/de\/silentcare-erfolgsstory-fitnessstudios\/#breadcrumb"},"inLanguage":"de-DE","potentialAction":[{"@type":"ReadAction","target":["https:\/\/industrial.filtrationgroup.com\/de\/silentcare-erfolgsstory-fitnessstudios\/"]}]},{"@type":"ImageObject","inLanguage":"de-DE","@id":"https:\/\/industrial.filtrationgroup.com\/de\/silentcare-erfolgsstory-fitnessstudios\/#primaryimage","url":"https:\/\/industrial.filtrationgroup.com\/wp-content\/uploads\/2022\/01\/IMG_7386-3-698x1024.jpg","contentUrl":"https:\/\/industrial.filtrationgroup.com\/wp-content\/uploads\/2022\/01\/IMG_7386-3-698x1024.jpg"},{"@type":"BreadcrumbList","@id":"https:\/\/industrial.filtrationgroup.com\/de\/silentcare-erfolgsstory-fitnessstudios\/#breadcrumb","itemListElement":[{"@type":"ListItem","position":1,"name":"","item":"https:\/\/industrial.filtrationgroup.com\/de\/"},{"@type":"ListItem","position":2,"name":"SilentCare Erfolgsstory &#8211; Fitnessstudios"}]},{"@type":"WebSite","@id":"https:\/\/industrial.filtrationgroup.com\/de\/#website","url":"https:\/\/industrial.filtrationgroup.com\/de\/","name":"Filtration Group Industrial","description":"Making the World Safer, Healthier and More Productive","publisher":{"@id":"https:\/\/industrial.filtrationgroup.com\/de\/#organization"},"potentialAction":[{"@type":"SearchAction","target":{"@type":"EntryPoint","urlTemplate":"https:\/\/industrial.filtrationgroup.com\/de\/?s={search_term_string}"},"query-input":{"@type":"PropertyValueSpecification","valueRequired":true,"valueName":"search_term_string"}}],"inLanguage":"de-DE"},{"@type":"Organization","@id":"https:\/\/industrial.filtrationgroup.com\/de\/#organization","name":"Filtration Group","url":"https:\/\/industrial.filtrationgroup.com\/de\/","logo":{"@type":"ImageObject","inLanguage":"de-DE","@id":"https:\/\/industrial.filtrationgroup.com\/de\/#\/schema\/logo\/image\/","url":"https:\/\/industrial.filtrationgroup.com\/wp-content\/uploads\/2019\/06\/FGC-logo-1.png","contentUrl":"https:\/\/industrial.filtrationgroup.com\/wp-content\/uploads\/2019\/06\/FGC-logo-1.png","width":1104,"height":224,"caption":"Filtration Group"},"image":{"@id":"https:\/\/industrial.filtrationgroup.com\/de\/#\/schema\/logo\/image\/"}}]}},"_links":{"self":[{"href":"https:\/\/industrial.filtrationgroup.com\/de\/wp-json\/wp\/v2\/pages\/13510","targetHints":{"allow":["GET"]}}],"collection":[{"href":"https:\/\/industrial.filtrationgroup.com\/de\/wp-json\/wp\/v2\/pages"}],"about":[{"href":"https:\/\/industrial.filtrationgroup.com\/de\/wp-json\/wp\/v2\/types\/page"}],"author":[{"embeddable":true,"href":"https:\/\/industrial.filtrationgroup.com\/de\/wp-json\/wp\/v2\/users\/2068"}],"replies":[{"embeddable":true,"href":"https:\/\/industrial.filtrationgroup.com\/de\/wp-json\/wp\/v2\/comments?post=13510"}],"version-history":[{"count":0,"href":"https:\/\/industrial.filtrationgroup.com\/de\/wp-json\/wp\/v2\/pages\/13510\/revisions"}],"wp:attachment":[{"href":"https:\/\/industrial.filtrationgroup.com\/de\/wp-json\/wp\/v2\/media?parent=13510"}],"curies":[{"name":"wp","href":"https:\/\/api.w.org\/{rel}","templated":true}]}}