{"id":15169,"date":"2024-07-17T09:47:53","date_gmt":"2024-07-17T09:47:53","guid":{"rendered":"https:\/\/industrial.filtrationgroup.com\/?page_id=15169"},"modified":"2024-09-19T09:17:16","modified_gmt":"2024-09-19T09:17:16","slug":"geschaefts-und-ethikkodex","status":"publish","type":"page","link":"https:\/\/industrial.filtrationgroup.com\/de\/geschaefts-und-ethikkodex\/","title":{"rendered":"Gesch\u00e4fts- und Ethikkodex"},"content":{"rendered":"\n<p><strong>Die Welt sicherer, ges\u00fcnder und produktiver gestalten.<\/strong><\/p>\n\n\n\n<p>Die Filtration Group hat sich auf Ethik und Integrit\u00e4t verpflichtet. Unsere Kernwerte legen das gebaren fest, nach dem wir unternehmerisch Handeln. <\/p>\n\n\n\n<figure class=\"wp-block-image size-large is-resized\"><img loading=\"lazy\" decoding=\"async\" width=\"1024\" height=\"341\" src=\"https:\/\/industrial.filtrationgroup.com\/wp-content\/uploads\/2019\/10\/FG-karriere-header-1024x341.jpg\" alt=\"Careers\" class=\"wp-image-376\" style=\"width:840px;height:auto\" srcset=\"https:\/\/industrial.filtrationgroup.com\/wp-content\/uploads\/2019\/10\/FG-karriere-header-1024x341.jpg 1024w, https:\/\/industrial.filtrationgroup.com\/wp-content\/uploads\/2019\/10\/FG-karriere-header-300x100.jpg 300w, https:\/\/industrial.filtrationgroup.com\/wp-content\/uploads\/2019\/10\/FG-karriere-header-768x256.jpg 768w, https:\/\/industrial.filtrationgroup.com\/wp-content\/uploads\/2019\/10\/FG-karriere-header.jpg 2000w\" sizes=\"auto, (max-width: 1024px) 100vw, 1024px\" \/><\/figure>\n\n\n\n<p>Der Verhaltens- und Ethikkodex unseres Unternehmens (&#8222;Unser Kodex&#8220;) ist der Eckpfeiler unseres gemeinsamen Weges, Bemerkenswertes zu erreichen. Wir setzen uns daf\u00fcr ein, unser Unternehmen gem\u00e4\u00df den h\u00f6chsten ethischen Standards zu f\u00fchren. Die Einhaltung dieser Standards war noch nie wichtiger als in dem heutigen wettbewerbsorientierten und sich rasch ver\u00e4ndernden globalen Wirtschaftsklima.<\/p>\n\n\n\n<p><\/p>\n\n\n\n<p><strong>Download<\/strong><\/p>\n\n\n\n<p><a href=\"https:\/\/industrial.filtrationgroup.com\/wp-content\/uploads\/2024\/07\/Update_2022_1161-CORP-Code-of-Conduct_de.pdf\">Gesch\u00e4fts- und Ethikkodex<\/a><\/p>\n","protected":false},"excerpt":{"rendered":"<p>Die Welt sicherer, ges\u00fcnder und produktiver gestalten. Die Filtration Group hat sich auf Ethik und Integrit\u00e4t verpflichtet. Unsere Kernwerte legen das gebaren fest, nach dem wir unternehmerisch Handeln. Der Verhaltens- und Ethikkodex unseres Unternehmens (&#8222;Unser Kodex&#8220;) ist der Eckpfeiler unseres gemeinsamen Weges, Bemerkenswertes zu erreichen. Wir setzen uns daf\u00fcr ein, unser Unternehmen gem\u00e4\u00df den h\u00f6chsten [&hellip;]<\/p>\n","protected":false},"author":2068,"featured_media":0,"parent":0,"menu_order":0,"comment_status":"closed","ping_status":"closed","template":"","meta":{"_acf_changed":false,"footnotes":""},"class_list":["post-15169","page","type-page","status-publish","hentry"],"acf":[],"yoast_head":"<!-- This site is optimized with the Yoast SEO plugin v27.3 - https:\/\/yoast.com\/product\/yoast-seo-wordpress\/ -->\n<title>Gesch\u00e4fts- und Ethikkodex - Filtration Group Industrial<\/title>\n<meta name=\"robots\" content=\"index, follow, max-snippet:-1, max-image-preview:large, max-video-preview:-1\" \/>\n<link rel=\"canonical\" href=\"https:\/\/industrial.filtrationgroup.com\/de\/geschaefts-und-ethikkodex\/\" \/>\n<meta property=\"og:locale\" content=\"de_DE\" \/>\n<meta property=\"og:type\" content=\"article\" \/>\n<meta property=\"og:title\" content=\"Gesch\u00e4fts- und Ethikkodex - Filtration Group Industrial\" \/>\n<meta property=\"og:description\" content=\"Die Welt sicherer, ges\u00fcnder und produktiver gestalten. Die Filtration Group hat sich auf Ethik und Integrit\u00e4t verpflichtet. Unsere Kernwerte legen das gebaren fest, nach dem wir unternehmerisch Handeln. Der Verhaltens- und Ethikkodex unseres Unternehmens (&#8222;Unser Kodex&#8220;) ist der Eckpfeiler unseres gemeinsamen Weges, Bemerkenswertes zu erreichen. Wir setzen uns daf\u00fcr ein, unser Unternehmen gem\u00e4\u00df den h\u00f6chsten [&hellip;]\" \/>\n<meta property=\"og:url\" content=\"https:\/\/industrial.filtrationgroup.com\/de\/geschaefts-und-ethikkodex\/\" \/>\n<meta property=\"og:site_name\" content=\"Filtration Group Industrial\" \/>\n<meta property=\"article:modified_time\" content=\"2024-09-19T09:17:16+00:00\" \/>\n<meta property=\"og:image\" content=\"https:\/\/industrial.filtrationgroup.com\/wp-content\/uploads\/2019\/10\/FG-karriere-header-1024x341.jpg\" \/>\n<meta name=\"twitter:card\" content=\"summary_large_image\" \/>\n<meta name=\"twitter:label1\" content=\"Gesch\u00e4tzte Lesezeit\" \/>\n\t<meta name=\"twitter:data1\" content=\"1 Minute\" \/>\n<script type=\"application\/ld+json\" class=\"yoast-schema-graph\">{\"@context\":\"https:\\\/\\\/schema.org\",\"@graph\":[{\"@type\":\"WebPage\",\"@id\":\"https:\\\/\\\/industrial.filtrationgroup.com\\\/de\\\/geschaefts-und-ethikkodex\\\/\",\"url\":\"https:\\\/\\\/industrial.filtrationgroup.com\\\/de\\\/geschaefts-und-ethikkodex\\\/\",\"name\":\"Gesch\u00e4fts- und Ethikkodex - Filtration Group Industrial\",\"isPartOf\":{\"@id\":\"https:\\\/\\\/industrial.filtrationgroup.com\\\/de\\\/#website\"},\"primaryImageOfPage\":{\"@id\":\"https:\\\/\\\/industrial.filtrationgroup.com\\\/de\\\/geschaefts-und-ethikkodex\\\/#primaryimage\"},\"image\":{\"@id\":\"https:\\\/\\\/industrial.filtrationgroup.com\\\/de\\\/geschaefts-und-ethikkodex\\\/#primaryimage\"},\"thumbnailUrl\":\"https:\\\/\\\/industrial.filtrationgroup.com\\\/wp-content\\\/uploads\\\/2019\\\/10\\\/FG-karriere-header-1024x341.jpg\",\"datePublished\":\"2024-07-17T09:47:53+00:00\",\"dateModified\":\"2024-09-19T09:17:16+00:00\",\"breadcrumb\":{\"@id\":\"https:\\\/\\\/industrial.filtrationgroup.com\\\/de\\\/geschaefts-und-ethikkodex\\\/#breadcrumb\"},\"inLanguage\":\"de-DE\",\"potentialAction\":[{\"@type\":\"ReadAction\",\"target\":[\"https:\\\/\\\/industrial.filtrationgroup.com\\\/de\\\/geschaefts-und-ethikkodex\\\/\"]}]},{\"@type\":\"ImageObject\",\"inLanguage\":\"de-DE\",\"@id\":\"https:\\\/\\\/industrial.filtrationgroup.com\\\/de\\\/geschaefts-und-ethikkodex\\\/#primaryimage\",\"url\":\"https:\\\/\\\/industrial.filtrationgroup.com\\\/wp-content\\\/uploads\\\/2019\\\/10\\\/FG-karriere-header-1024x341.jpg\",\"contentUrl\":\"https:\\\/\\\/industrial.filtrationgroup.com\\\/wp-content\\\/uploads\\\/2019\\\/10\\\/FG-karriere-header-1024x341.jpg\"},{\"@type\":\"BreadcrumbList\",\"@id\":\"https:\\\/\\\/industrial.filtrationgroup.com\\\/de\\\/geschaefts-und-ethikkodex\\\/#breadcrumb\",\"itemListElement\":[{\"@type\":\"ListItem\",\"position\":1,\"name\":\"\",\"item\":\"https:\\\/\\\/industrial.filtrationgroup.com\\\/de\\\/\"},{\"@type\":\"ListItem\",\"position\":2,\"name\":\"Gesch\u00e4fts- und Ethikkodex\"}]},{\"@type\":\"WebSite\",\"@id\":\"https:\\\/\\\/industrial.filtrationgroup.com\\\/de\\\/#website\",\"url\":\"https:\\\/\\\/industrial.filtrationgroup.com\\\/de\\\/\",\"name\":\"Filtration Group Industrial\",\"description\":\"Making the World Safer, Healthier and More Productive\",\"publisher\":{\"@id\":\"https:\\\/\\\/industrial.filtrationgroup.com\\\/de\\\/#organization\"},\"potentialAction\":[{\"@type\":\"SearchAction\",\"target\":{\"@type\":\"EntryPoint\",\"urlTemplate\":\"https:\\\/\\\/industrial.filtrationgroup.com\\\/de\\\/?s={search_term_string}\"},\"query-input\":{\"@type\":\"PropertyValueSpecification\",\"valueRequired\":true,\"valueName\":\"search_term_string\"}}],\"inLanguage\":\"de-DE\"},{\"@type\":\"Organization\",\"@id\":\"https:\\\/\\\/industrial.filtrationgroup.com\\\/de\\\/#organization\",\"name\":\"Filtration Group\",\"url\":\"https:\\\/\\\/industrial.filtrationgroup.com\\\/de\\\/\",\"logo\":{\"@type\":\"ImageObject\",\"inLanguage\":\"de-DE\",\"@id\":\"https:\\\/\\\/industrial.filtrationgroup.com\\\/de\\\/#\\\/schema\\\/logo\\\/image\\\/\",\"url\":\"https:\\\/\\\/industrial.filtrationgroup.com\\\/wp-content\\\/uploads\\\/2019\\\/06\\\/FGC-logo-1.png\",\"contentUrl\":\"https:\\\/\\\/industrial.filtrationgroup.com\\\/wp-content\\\/uploads\\\/2019\\\/06\\\/FGC-logo-1.png\",\"width\":1104,\"height\":224,\"caption\":\"Filtration Group\"},\"image\":{\"@id\":\"https:\\\/\\\/industrial.filtrationgroup.com\\\/de\\\/#\\\/schema\\\/logo\\\/image\\\/\"}}]}<\/script>\n<!-- \/ Yoast SEO plugin. -->","yoast_head_json":{"title":"Gesch\u00e4fts- und Ethikkodex - Filtration Group Industrial","robots":{"index":"index","follow":"follow","max-snippet":"max-snippet:-1","max-image-preview":"max-image-preview:large","max-video-preview":"max-video-preview:-1"},"canonical":"https:\/\/industrial.filtrationgroup.com\/de\/geschaefts-und-ethikkodex\/","og_locale":"de_DE","og_type":"article","og_title":"Gesch\u00e4fts- und Ethikkodex - Filtration Group Industrial","og_description":"Die Welt sicherer, ges\u00fcnder und produktiver gestalten. Die Filtration Group hat sich auf Ethik und Integrit\u00e4t verpflichtet. Unsere Kernwerte legen das gebaren fest, nach dem wir unternehmerisch Handeln. Der Verhaltens- und Ethikkodex unseres Unternehmens (&#8222;Unser Kodex&#8220;) ist der Eckpfeiler unseres gemeinsamen Weges, Bemerkenswertes zu erreichen. Wir setzen uns daf\u00fcr ein, unser Unternehmen gem\u00e4\u00df den h\u00f6chsten [&hellip;]","og_url":"https:\/\/industrial.filtrationgroup.com\/de\/geschaefts-und-ethikkodex\/","og_site_name":"Filtration Group Industrial","article_modified_time":"2024-09-19T09:17:16+00:00","og_image":[{"url":"https:\/\/industrial.filtrationgroup.com\/wp-content\/uploads\/2019\/10\/FG-karriere-header-1024x341.jpg","type":"","width":"","height":""}],"twitter_card":"summary_large_image","twitter_misc":{"Gesch\u00e4tzte Lesezeit":"1 Minute"},"schema":{"@context":"https:\/\/schema.org","@graph":[{"@type":"WebPage","@id":"https:\/\/industrial.filtrationgroup.com\/de\/geschaefts-und-ethikkodex\/","url":"https:\/\/industrial.filtrationgroup.com\/de\/geschaefts-und-ethikkodex\/","name":"Gesch\u00e4fts- und Ethikkodex - Filtration Group Industrial","isPartOf":{"@id":"https:\/\/industrial.filtrationgroup.com\/de\/#website"},"primaryImageOfPage":{"@id":"https:\/\/industrial.filtrationgroup.com\/de\/geschaefts-und-ethikkodex\/#primaryimage"},"image":{"@id":"https:\/\/industrial.filtrationgroup.com\/de\/geschaefts-und-ethikkodex\/#primaryimage"},"thumbnailUrl":"https:\/\/industrial.filtrationgroup.com\/wp-content\/uploads\/2019\/10\/FG-karriere-header-1024x341.jpg","datePublished":"2024-07-17T09:47:53+00:00","dateModified":"2024-09-19T09:17:16+00:00","breadcrumb":{"@id":"https:\/\/industrial.filtrationgroup.com\/de\/geschaefts-und-ethikkodex\/#breadcrumb"},"inLanguage":"de-DE","potentialAction":[{"@type":"ReadAction","target":["https:\/\/industrial.filtrationgroup.com\/de\/geschaefts-und-ethikkodex\/"]}]},{"@type":"ImageObject","inLanguage":"de-DE","@id":"https:\/\/industrial.filtrationgroup.com\/de\/geschaefts-und-ethikkodex\/#primaryimage","url":"https:\/\/industrial.filtrationgroup.com\/wp-content\/uploads\/2019\/10\/FG-karriere-header-1024x341.jpg","contentUrl":"https:\/\/industrial.filtrationgroup.com\/wp-content\/uploads\/2019\/10\/FG-karriere-header-1024x341.jpg"},{"@type":"BreadcrumbList","@id":"https:\/\/industrial.filtrationgroup.com\/de\/geschaefts-und-ethikkodex\/#breadcrumb","itemListElement":[{"@type":"ListItem","position":1,"name":"","item":"https:\/\/industrial.filtrationgroup.com\/de\/"},{"@type":"ListItem","position":2,"name":"Gesch\u00e4fts- und Ethikkodex"}]},{"@type":"WebSite","@id":"https:\/\/industrial.filtrationgroup.com\/de\/#website","url":"https:\/\/industrial.filtrationgroup.com\/de\/","name":"Filtration Group Industrial","description":"Making the World Safer, Healthier and More Productive","publisher":{"@id":"https:\/\/industrial.filtrationgroup.com\/de\/#organization"},"potentialAction":[{"@type":"SearchAction","target":{"@type":"EntryPoint","urlTemplate":"https:\/\/industrial.filtrationgroup.com\/de\/?s={search_term_string}"},"query-input":{"@type":"PropertyValueSpecification","valueRequired":true,"valueName":"search_term_string"}}],"inLanguage":"de-DE"},{"@type":"Organization","@id":"https:\/\/industrial.filtrationgroup.com\/de\/#organization","name":"Filtration Group","url":"https:\/\/industrial.filtrationgroup.com\/de\/","logo":{"@type":"ImageObject","inLanguage":"de-DE","@id":"https:\/\/industrial.filtrationgroup.com\/de\/#\/schema\/logo\/image\/","url":"https:\/\/industrial.filtrationgroup.com\/wp-content\/uploads\/2019\/06\/FGC-logo-1.png","contentUrl":"https:\/\/industrial.filtrationgroup.com\/wp-content\/uploads\/2019\/06\/FGC-logo-1.png","width":1104,"height":224,"caption":"Filtration Group"},"image":{"@id":"https:\/\/industrial.filtrationgroup.com\/de\/#\/schema\/logo\/image\/"}}]}},"_links":{"self":[{"href":"https:\/\/industrial.filtrationgroup.com\/de\/wp-json\/wp\/v2\/pages\/15169","targetHints":{"allow":["GET"]}}],"collection":[{"href":"https:\/\/industrial.filtrationgroup.com\/de\/wp-json\/wp\/v2\/pages"}],"about":[{"href":"https:\/\/industrial.filtrationgroup.com\/de\/wp-json\/wp\/v2\/types\/page"}],"author":[{"embeddable":true,"href":"https:\/\/industrial.filtrationgroup.com\/de\/wp-json\/wp\/v2\/users\/2068"}],"replies":[{"embeddable":true,"href":"https:\/\/industrial.filtrationgroup.com\/de\/wp-json\/wp\/v2\/comments?post=15169"}],"version-history":[{"count":0,"href":"https:\/\/industrial.filtrationgroup.com\/de\/wp-json\/wp\/v2\/pages\/15169\/revisions"}],"wp:attachment":[{"href":"https:\/\/industrial.filtrationgroup.com\/de\/wp-json\/wp\/v2\/media?parent=15169"}],"curies":[{"name":"wp","href":"https:\/\/api.w.org\/{rel}","templated":true}]}}