{"id":1677,"date":"2019-11-08T07:34:03","date_gmt":"2019-11-08T07:34:03","guid":{"rendered":"http:\/\/industrial.filtrationgroup.com\/?page_id=1677"},"modified":"2020-03-26T08:53:51","modified_gmt":"2020-03-26T08:53:51","slug":"marktsegmente","status":"publish","type":"page","link":"https:\/\/industrial.filtrationgroup.com\/de\/marktsegmente\/","title":{"rendered":"Marktsegmente"},"content":{"rendered":"\n<div class=\"wp-block-cover alignfull has-background-dim\" style=\"background-image:url(https:\/\/industrial.filtrationgroup.com\/wp-content\/uploads\/2019\/10\/FG-markets-uebersicht_header.jpg)\"><div class=\"wp-block-cover__inner-container is-layout-flow wp-block-cover-is-layout-flow\">\n<h1 class=\"has-text-align-center wp-block-heading\">Marktsegmente<\/h1>\n<\/div><\/div>\n\n\n\n<h2 class=\"wp-block-heading\"><strong>Filtersysteme, die reibungslose Prozesse erst m\u00f6glich machen<\/strong><\/h2>\n\n\n\n<p>Mit Industriefiltern zur Kraftstoffpflege und Schmier\u00f6lfiltration, zur Entstaubung und Wasseraufbereitung, zur \u00d6lnebenabscheidung und Hei\u00dfgasfiltration deckt Filtration Group Industrial so gut wie jeden Einsatzbereich ab, in dem effiziente Filtersysteme den Betriebsablauf deutlich verbessern oder \u00fcberhaupt erst erm\u00f6glichen. Filtersysteme, -elemente und Separatoren von Filtration Group Industrial setzen mit innovativem Design und einer durchdachten Materialauswahl Ma\u00dfst\u00e4be, was Leistungsf\u00e4higkeit, Lebensdauer und Wartungsbedarf angeht. In Industriefiltern von Filtration Group Industrial steckt jahrzehntelange Erfahrung, fundiertes Wissen und ein klares Bekenntnis zur Firmenphilosophie: Wir wollen Kunden begeistern.<\/p>\n\n\n\n<figure class=\"wp-block-image size-large\"><img loading=\"lazy\" decoding=\"async\" width=\"1024\" height=\"129\" src=\"https:\/\/industrial.filtrationgroup.com\/wp-content\/uploads\/2020\/01\/Icons_Market-1024x129.png\" alt=\"\" class=\"wp-image-3976\" srcset=\"https:\/\/industrial.filtrationgroup.com\/wp-content\/uploads\/2020\/01\/Icons_Market-1024x129.png 1024w, https:\/\/industrial.filtrationgroup.com\/wp-content\/uploads\/2020\/01\/Icons_Market-300x38.png 300w, https:\/\/industrial.filtrationgroup.com\/wp-content\/uploads\/2020\/01\/Icons_Market-768x97.png 768w, https:\/\/industrial.filtrationgroup.com\/wp-content\/uploads\/2020\/01\/Icons_Market.png 1495w\" sizes=\"auto, (max-width: 1024px) 100vw, 1024px\" \/><\/figure>\n\n\n\n<div class=\"wp-block-columns has-2-columns is-layout-flex wp-container-core-columns-is-layout-9d6595d7 wp-block-columns-is-layout-flex\">\n<div class=\"wp-block-column is-layout-flow wp-block-column-is-layout-flow\">\n<div class=\"wp-block-media-text alignwide is-stacked-on-mobile\"><figure class=\"wp-block-media-text__media\"><img loading=\"lazy\" decoding=\"async\" width=\"472\" height=\"472\" src=\"https:\/\/industrial.filtrationgroup.com\/wp-content\/uploads\/2019\/10\/FG-markets-uebersicht_werkzeugmaschinen.jpg\" alt=\"Tool Machines\" class=\"wp-image-588\" srcset=\"https:\/\/industrial.filtrationgroup.com\/wp-content\/uploads\/2019\/10\/FG-markets-uebersicht_werkzeugmaschinen.jpg 472w, https:\/\/industrial.filtrationgroup.com\/wp-content\/uploads\/2019\/10\/FG-markets-uebersicht_werkzeugmaschinen-150x150.jpg 150w, https:\/\/industrial.filtrationgroup.com\/wp-content\/uploads\/2019\/10\/FG-markets-uebersicht_werkzeugmaschinen-300x300.jpg 300w\" sizes=\"auto, (max-width: 472px) 100vw, 472px\" \/><\/figure><div class=\"wp-block-media-text__content\">\n<h3 class=\"wp-block-heading\">Werkzeugmaschinen <\/h3>\n\n\n\n<p>Filtersysteme zur K\u00fchlschmierstoffaufbereitung, \u00d6lnebelabscheidung, Entstaubung und \u00d6lpflege. <\/p>\n\n\n\n<p><a href=\"https:\/\/industrial.filtrationgroup.com\/de\/marktsegmente\/machine-tools\/\">MEHR ERFAHREN<\/a><\/p>\n<\/div><\/div>\n<\/div>\n\n\n\n<div class=\"wp-block-column is-layout-flow wp-block-column-is-layout-flow\">\n<div class=\"wp-block-media-text alignwide is-stacked-on-mobile\"><figure class=\"wp-block-media-text__media\"><img loading=\"lazy\" decoding=\"async\" width=\"472\" height=\"472\" src=\"https:\/\/industrial.filtrationgroup.com\/wp-content\/uploads\/2019\/10\/FG-markets-uebersicht_windkraft.jpg\" alt=\"Wind Power\" class=\"wp-image-590\" srcset=\"https:\/\/industrial.filtrationgroup.com\/wp-content\/uploads\/2019\/10\/FG-markets-uebersicht_windkraft.jpg 472w, https:\/\/industrial.filtrationgroup.com\/wp-content\/uploads\/2019\/10\/FG-markets-uebersicht_windkraft-150x150.jpg 150w, https:\/\/industrial.filtrationgroup.com\/wp-content\/uploads\/2019\/10\/FG-markets-uebersicht_windkraft-300x300.jpg 300w\" sizes=\"auto, (max-width: 472px) 100vw, 472px\" \/><\/figure><div class=\"wp-block-media-text__content\">\n<h3 class=\"wp-block-heading\">Windenergie<\/h3>\n\n\n\n<p>Filtersysteme, Separatoren und Klimatisierungssysteme zur effizienten Nutzung von Windenergie.<\/p>\n\n\n\n<p><a href=\"https:\/\/industrial.filtrationgroup.com\/de\/marktsegmente\/wind-power\/\">MEHR ERFAHREN<\/a><\/p>\n<\/div><\/div>\n<\/div>\n<\/div>\n\n\n\n<div class=\"wp-block-columns has-2-columns is-layout-flex wp-container-core-columns-is-layout-9d6595d7 wp-block-columns-is-layout-flex\">\n<div class=\"wp-block-column is-layout-flow wp-block-column-is-layout-flow\">\n<div class=\"wp-block-media-text alignwide is-stacked-on-mobile\"><figure class=\"wp-block-media-text__media\"><img loading=\"lazy\" decoding=\"async\" width=\"472\" height=\"472\" src=\"https:\/\/industrial.filtrationgroup.com\/wp-content\/uploads\/2019\/10\/FG-markets-uebersicht_stationaerhydraulik.jpg\" alt=\"Hydraulic Systems\" class=\"wp-image-584\" srcset=\"https:\/\/industrial.filtrationgroup.com\/wp-content\/uploads\/2019\/10\/FG-markets-uebersicht_stationaerhydraulik.jpg 472w, https:\/\/industrial.filtrationgroup.com\/wp-content\/uploads\/2019\/10\/FG-markets-uebersicht_stationaerhydraulik-150x150.jpg 150w, https:\/\/industrial.filtrationgroup.com\/wp-content\/uploads\/2019\/10\/FG-markets-uebersicht_stationaerhydraulik-300x300.jpg 300w\" sizes=\"auto, (max-width: 472px) 100vw, 472px\" \/><\/figure><div class=\"wp-block-media-text__content\">\n<h3 class=\"wp-block-heading\">Hydraulische Industrieanlagen <\/h3>\n\n\n\n<p>Hydraulikfilter, Separatoren und Filterelemente zur K\u00fchl- und Prozesswasseraufbereitung, zur Schmierstoff-Filtration, zur \u00d6lpflege und zur Entstaubung.<\/p>\n\n\n\n<p><a href=\"https:\/\/industrial.filtrationgroup.com\/de\/marktsegmente\/industrial-hydraulics\/\">MEHR  ERFAHREN<\/a><\/p>\n<\/div><\/div>\n<\/div>\n\n\n\n<div class=\"wp-block-column is-layout-flow wp-block-column-is-layout-flow\">\n<div class=\"wp-block-media-text alignwide is-stacked-on-mobile\"><figure class=\"wp-block-media-text__media\"><img loading=\"lazy\" decoding=\"async\" width=\"472\" height=\"472\" src=\"https:\/\/industrial.filtrationgroup.com\/wp-content\/uploads\/2019\/10\/FG-markets-uebersicht_konventionelle-energieerzeugungpng.jpg\" alt=\"Conventional Energy\" class=\"wp-image-578\" srcset=\"https:\/\/industrial.filtrationgroup.com\/wp-content\/uploads\/2019\/10\/FG-markets-uebersicht_konventionelle-energieerzeugungpng.jpg 472w, https:\/\/industrial.filtrationgroup.com\/wp-content\/uploads\/2019\/10\/FG-markets-uebersicht_konventionelle-energieerzeugungpng-150x150.jpg 150w, https:\/\/industrial.filtrationgroup.com\/wp-content\/uploads\/2019\/10\/FG-markets-uebersicht_konventionelle-energieerzeugungpng-300x300.jpg 300w\" sizes=\"auto, (max-width: 472px) 100vw, 472px\" \/><\/figure><div class=\"wp-block-media-text__content\">\n<h3 class=\"wp-block-heading\">Konventionelle Energieerzeugung <\/h3>\n\n\n\n<p>Industriefilter zur Wasseraufbereitung, Kraftstoffpflege, Hydraulikfiltration und Luftreinhaltung.<\/p>\n\n\n\n<p><a href=\"https:\/\/industrial.filtrationgroup.com\/de\/marktsegmente\/power-generation\/\">MEHR ERFAHREN<\/a><\/p>\n<\/div><\/div>\n<\/div>\n<\/div>\n\n\n\n<div class=\"wp-block-columns has-2-columns is-layout-flex wp-container-core-columns-is-layout-9d6595d7 wp-block-columns-is-layout-flex\">\n<div class=\"wp-block-column is-layout-flow wp-block-column-is-layout-flow\">\n<div class=\"wp-block-media-text alignwide is-stacked-on-mobile\"><figure class=\"wp-block-media-text__media\"><img loading=\"lazy\" decoding=\"async\" width=\"472\" height=\"472\" src=\"https:\/\/industrial.filtrationgroup.com\/wp-content\/uploads\/2019\/10\/FG-markets-uebersicht_staubkontrolle.jpg\" alt=\"Metal Working\" class=\"wp-image-586\" srcset=\"https:\/\/industrial.filtrationgroup.com\/wp-content\/uploads\/2019\/10\/FG-markets-uebersicht_staubkontrolle.jpg 472w, https:\/\/industrial.filtrationgroup.com\/wp-content\/uploads\/2019\/10\/FG-markets-uebersicht_staubkontrolle-150x150.jpg 150w, https:\/\/industrial.filtrationgroup.com\/wp-content\/uploads\/2019\/10\/FG-markets-uebersicht_staubkontrolle-300x300.jpg 300w\" sizes=\"auto, (max-width: 472px) 100vw, 472px\" \/><\/figure><div class=\"wp-block-media-text__content\">\n<h3 class=\"wp-block-heading\">Metallverarbeitung <\/h3>\n\n\n\n<p>Vom Kompaktfilterelement bis zur Entstaubungsanlage: Filtersysteme zur Luftreinhaltung in der metallverarbeitenden Industrie.<\/p>\n\n\n\n<p><a href=\"https:\/\/industrial.filtrationgroup.com\/de\/marktsegmente\/metallverarbeitung\/\">MEHR ERFAHREN<\/a><\/p>\n<\/div><\/div>\n<\/div>\n\n\n\n<div class=\"wp-block-column is-layout-flow wp-block-column-is-layout-flow\">\n<div class=\"wp-block-media-text alignwide is-stacked-on-mobile\"><figure class=\"wp-block-media-text__media\"><img loading=\"lazy\" decoding=\"async\" width=\"472\" height=\"472\" src=\"https:\/\/industrial.filtrationgroup.com\/wp-content\/uploads\/2019\/10\/FG-markets-uebersicht_schiffsbetriebstechnik.jpg\" alt=\"Marine Industry\" class=\"wp-image-582\" srcset=\"https:\/\/industrial.filtrationgroup.com\/wp-content\/uploads\/2019\/10\/FG-markets-uebersicht_schiffsbetriebstechnik.jpg 472w, https:\/\/industrial.filtrationgroup.com\/wp-content\/uploads\/2019\/10\/FG-markets-uebersicht_schiffsbetriebstechnik-150x150.jpg 150w, https:\/\/industrial.filtrationgroup.com\/wp-content\/uploads\/2019\/10\/FG-markets-uebersicht_schiffsbetriebstechnik-300x300.jpg 300w\" sizes=\"auto, (max-width: 472px) 100vw, 472px\" \/><\/figure><div class=\"wp-block-media-text__content\">\n<h3 class=\"wp-block-heading\">Schiffsbetriebstechnik <\/h3>\n\n\n\n<p>Filtersysteme und Separatoren zur Hydraulikfiltration, \u00d6lentw\u00e4sserung, Bilgewasserent\u00f6lung und Kraftstoffpflege auf hoher See.&nbsp;<\/p>\n\n\n\n<p><a href=\"https:\/\/industrial.filtrationgroup.com\/de\/marktsegmente\/marine\/\">MEHR ERFAHREN<\/a><\/p>\n<\/div><\/div>\n<\/div>\n<\/div>\n\n\n\n<div class=\"wp-block-columns has-2-columns is-layout-flex wp-container-core-columns-is-layout-9d6595d7 wp-block-columns-is-layout-flex\">\n<div class=\"wp-block-column is-layout-flow wp-block-column-is-layout-flow\">\n<div class=\"wp-block-media-text alignwide is-stacked-on-mobile\"><figure class=\"wp-block-media-text__media\"><img loading=\"lazy\" decoding=\"async\" width=\"472\" height=\"472\" src=\"https:\/\/industrial.filtrationgroup.com\/wp-content\/uploads\/2019\/10\/FG-markets-uebersicht_lebensmittel.jpg\" alt=\"Food &amp; Pharmaceutical\" class=\"wp-image-580\" srcset=\"https:\/\/industrial.filtrationgroup.com\/wp-content\/uploads\/2019\/10\/FG-markets-uebersicht_lebensmittel.jpg 472w, https:\/\/industrial.filtrationgroup.com\/wp-content\/uploads\/2019\/10\/FG-markets-uebersicht_lebensmittel-150x150.jpg 150w, https:\/\/industrial.filtrationgroup.com\/wp-content\/uploads\/2019\/10\/FG-markets-uebersicht_lebensmittel-300x300.jpg 300w\" sizes=\"auto, (max-width: 472px) 100vw, 472px\" \/><\/figure><div class=\"wp-block-media-text__content\">\n<h3 class=\"wp-block-heading\"> Lebensmittel- und Pharmaindustrie <\/h3>\n\n\n\n<p>Filtersysteme zur Entstaubung und Luftfiltration sowie Automatikfilter zur Verarbeitung von Fl\u00fcssigkeiten sowie z\u00e4hen und klebrigen Substanzen.<\/p>\n\n\n\n<p><a href=\"https:\/\/industrial.filtrationgroup.com\/de\/marktsegmente\/food-and-pharmaceuticals\/\">MEHR ERFAHREN<\/a><\/p>\n<\/div><\/div>\n<\/div>\n\n\n\n<div class=\"wp-block-column is-layout-flow wp-block-column-is-layout-flow\">\n<div class=\"wp-block-media-text alignwide is-stacked-on-mobile\"><figure class=\"wp-block-media-text__media\"><img loading=\"lazy\" decoding=\"async\" width=\"472\" height=\"472\" src=\"https:\/\/industrial.filtrationgroup.com\/wp-content\/uploads\/2019\/10\/FG-markets-uebersicht_chemie-pharma.jpg\" alt=\"Chemical\" class=\"wp-image-576\" srcset=\"https:\/\/industrial.filtrationgroup.com\/wp-content\/uploads\/2019\/10\/FG-markets-uebersicht_chemie-pharma.jpg 472w, https:\/\/industrial.filtrationgroup.com\/wp-content\/uploads\/2019\/10\/FG-markets-uebersicht_chemie-pharma-150x150.jpg 150w, https:\/\/industrial.filtrationgroup.com\/wp-content\/uploads\/2019\/10\/FG-markets-uebersicht_chemie-pharma-300x300.jpg 300w\" sizes=\"auto, (max-width: 472px) 100vw, 472px\" \/><\/figure><div class=\"wp-block-media-text__content\">\n<h3 class=\"wp-block-heading\"> Chemische Industrie <\/h3>\n\n\n\n<p>Industriefilter zur Entstaubung und Luftfiltration, zur Prozess- und K\u00fchlwasseraufbereitung, zur Filtration chemischer Substanzen und zur Hei\u00dfgasfiltration (Cerafil<sup>TM<\/sup>).<\/p>\n\n\n\n<p><a href=\"https:\/\/industrial.filtrationgroup.com\/de\/marktsegmente\/chemical\/\">MEHR ERFAHREN<\/a><\/p>\n<\/div><\/div>\n<\/div>\n<\/div>\n","protected":false},"excerpt":{"rendered":"<p>Filtersysteme, die reibungslose Prozesse erst m\u00f6glich machen Mit Industriefiltern zur Kraftstoffpflege und Schmier\u00f6lfiltration, zur Entstaubung und Wasseraufbereitung, zur \u00d6lnebenabscheidung und Hei\u00dfgasfiltration deckt Filtration Group Industrial so gut wie jeden Einsatzbereich ab, in dem effiziente Filtersysteme den Betriebsablauf deutlich verbessern oder \u00fcberhaupt erst erm\u00f6glichen. Filtersysteme, -elemente und Separatoren von Filtration Group Industrial setzen mit innovativem Design [&hellip;]<\/p>\n","protected":false},"author":2068,"featured_media":0,"parent":0,"menu_order":0,"comment_status":"closed","ping_status":"closed","template":"","meta":{"_acf_changed":false,"footnotes":""},"class_list":["post-1677","page","type-page","status-publish","hentry"],"acf":[],"yoast_head":"<!-- This site is optimized with the Yoast SEO plugin v27.3 - https:\/\/yoast.com\/product\/yoast-seo-wordpress\/ -->\n<title>Marktsegmente - Filtration Group Industrial<\/title>\n<meta name=\"description\" content=\"Zahlreiche Anwendungsgebiete, vielseitige L\u00f6sungen mit effizienten Filtersystemen, die Betriebsabl\u00e4ufe deutlich verbessern oder \u00fcberhaupt erst erm\u00f6glichen!\" \/>\n<meta name=\"robots\" content=\"index, follow, max-snippet:-1, max-image-preview:large, max-video-preview:-1\" \/>\n<link rel=\"canonical\" href=\"https:\/\/industrial.filtrationgroup.com\/de\/marktsegmente\/\" \/>\n<meta property=\"og:locale\" content=\"de_DE\" \/>\n<meta property=\"og:type\" content=\"article\" \/>\n<meta property=\"og:title\" content=\"Marktsegmente - Filtration Group Industrial\" \/>\n<meta property=\"og:description\" content=\"Zahlreiche Anwendungsgebiete, vielseitige L\u00f6sungen mit effizienten Filtersystemen, die Betriebsabl\u00e4ufe deutlich verbessern oder \u00fcberhaupt erst erm\u00f6glichen!\" \/>\n<meta property=\"og:url\" content=\"https:\/\/industrial.filtrationgroup.com\/de\/marktsegmente\/\" \/>\n<meta property=\"og:site_name\" content=\"Filtration Group Industrial\" \/>\n<meta property=\"article:modified_time\" content=\"2020-03-26T08:53:51+00:00\" \/>\n<meta property=\"og:image\" content=\"https:\/\/industrial.filtrationgroup.com\/wp-content\/uploads\/2019\/10\/FG-markets-uebersicht_werkzeugmaschinen.jpg\" \/>\n<meta name=\"twitter:card\" content=\"summary_large_image\" \/>\n<meta name=\"twitter:label1\" content=\"Gesch\u00e4tzte Lesezeit\" \/>\n\t<meta name=\"twitter:data1\" content=\"1 Minute\" \/>\n<script type=\"application\/ld+json\" class=\"yoast-schema-graph\">{\"@context\":\"https:\\\/\\\/schema.org\",\"@graph\":[{\"@type\":\"WebPage\",\"@id\":\"https:\\\/\\\/industrial.filtrationgroup.com\\\/de\\\/marktsegmente\\\/\",\"url\":\"https:\\\/\\\/industrial.filtrationgroup.com\\\/de\\\/marktsegmente\\\/\",\"name\":\"Marktsegmente - Filtration Group Industrial\",\"isPartOf\":{\"@id\":\"https:\\\/\\\/industrial.filtrationgroup.com\\\/de\\\/#website\"},\"primaryImageOfPage\":{\"@id\":\"https:\\\/\\\/industrial.filtrationgroup.com\\\/de\\\/marktsegmente\\\/#primaryimage\"},\"image\":{\"@id\":\"https:\\\/\\\/industrial.filtrationgroup.com\\\/de\\\/marktsegmente\\\/#primaryimage\"},\"thumbnailUrl\":\"https:\\\/\\\/industrial.filtrationgroup.com\\\/wp-content\\\/uploads\\\/2019\\\/10\\\/FG-markets-uebersicht_werkzeugmaschinen.jpg\",\"datePublished\":\"2019-11-08T07:34:03+00:00\",\"dateModified\":\"2020-03-26T08:53:51+00:00\",\"description\":\"Zahlreiche Anwendungsgebiete, vielseitige L\u00f6sungen mit effizienten Filtersystemen, die Betriebsabl\u00e4ufe deutlich verbessern oder \u00fcberhaupt erst erm\u00f6glichen!\",\"breadcrumb\":{\"@id\":\"https:\\\/\\\/industrial.filtrationgroup.com\\\/de\\\/marktsegmente\\\/#breadcrumb\"},\"inLanguage\":\"de-DE\",\"potentialAction\":[{\"@type\":\"ReadAction\",\"target\":[\"https:\\\/\\\/industrial.filtrationgroup.com\\\/de\\\/marktsegmente\\\/\"]}]},{\"@type\":\"ImageObject\",\"inLanguage\":\"de-DE\",\"@id\":\"https:\\\/\\\/industrial.filtrationgroup.com\\\/de\\\/marktsegmente\\\/#primaryimage\",\"url\":\"https:\\\/\\\/industrial.filtrationgroup.com\\\/wp-content\\\/uploads\\\/2019\\\/10\\\/FG-markets-uebersicht_werkzeugmaschinen.jpg\",\"contentUrl\":\"https:\\\/\\\/industrial.filtrationgroup.com\\\/wp-content\\\/uploads\\\/2019\\\/10\\\/FG-markets-uebersicht_werkzeugmaschinen.jpg\"},{\"@type\":\"BreadcrumbList\",\"@id\":\"https:\\\/\\\/industrial.filtrationgroup.com\\\/de\\\/marktsegmente\\\/#breadcrumb\",\"itemListElement\":[{\"@type\":\"ListItem\",\"position\":1,\"name\":\"\",\"item\":\"https:\\\/\\\/industrial.filtrationgroup.com\\\/de\\\/\"},{\"@type\":\"ListItem\",\"position\":2,\"name\":\"Marktsegmente\"}]},{\"@type\":\"WebSite\",\"@id\":\"https:\\\/\\\/industrial.filtrationgroup.com\\\/de\\\/#website\",\"url\":\"https:\\\/\\\/industrial.filtrationgroup.com\\\/de\\\/\",\"name\":\"Filtration Group Industrial\",\"description\":\"Making the World Safer, Healthier and More Productive\",\"publisher\":{\"@id\":\"https:\\\/\\\/industrial.filtrationgroup.com\\\/de\\\/#organization\"},\"potentialAction\":[{\"@type\":\"SearchAction\",\"target\":{\"@type\":\"EntryPoint\",\"urlTemplate\":\"https:\\\/\\\/industrial.filtrationgroup.com\\\/de\\\/?s={search_term_string}\"},\"query-input\":{\"@type\":\"PropertyValueSpecification\",\"valueRequired\":true,\"valueName\":\"search_term_string\"}}],\"inLanguage\":\"de-DE\"},{\"@type\":\"Organization\",\"@id\":\"https:\\\/\\\/industrial.filtrationgroup.com\\\/de\\\/#organization\",\"name\":\"Filtration Group\",\"url\":\"https:\\\/\\\/industrial.filtrationgroup.com\\\/de\\\/\",\"logo\":{\"@type\":\"ImageObject\",\"inLanguage\":\"de-DE\",\"@id\":\"https:\\\/\\\/industrial.filtrationgroup.com\\\/de\\\/#\\\/schema\\\/logo\\\/image\\\/\",\"url\":\"https:\\\/\\\/industrial.filtrationgroup.com\\\/wp-content\\\/uploads\\\/2019\\\/06\\\/FGC-logo-1.png\",\"contentUrl\":\"https:\\\/\\\/industrial.filtrationgroup.com\\\/wp-content\\\/uploads\\\/2019\\\/06\\\/FGC-logo-1.png\",\"width\":1104,\"height\":224,\"caption\":\"Filtration Group\"},\"image\":{\"@id\":\"https:\\\/\\\/industrial.filtrationgroup.com\\\/de\\\/#\\\/schema\\\/logo\\\/image\\\/\"}}]}<\/script>\n<!-- \/ Yoast SEO plugin. -->","yoast_head_json":{"title":"Marktsegmente - Filtration Group Industrial","description":"Zahlreiche Anwendungsgebiete, vielseitige L\u00f6sungen mit effizienten Filtersystemen, die Betriebsabl\u00e4ufe deutlich verbessern oder \u00fcberhaupt erst erm\u00f6glichen!","robots":{"index":"index","follow":"follow","max-snippet":"max-snippet:-1","max-image-preview":"max-image-preview:large","max-video-preview":"max-video-preview:-1"},"canonical":"https:\/\/industrial.filtrationgroup.com\/de\/marktsegmente\/","og_locale":"de_DE","og_type":"article","og_title":"Marktsegmente - Filtration Group Industrial","og_description":"Zahlreiche Anwendungsgebiete, vielseitige L\u00f6sungen mit effizienten Filtersystemen, die Betriebsabl\u00e4ufe deutlich verbessern oder \u00fcberhaupt erst erm\u00f6glichen!","og_url":"https:\/\/industrial.filtrationgroup.com\/de\/marktsegmente\/","og_site_name":"Filtration Group Industrial","article_modified_time":"2020-03-26T08:53:51+00:00","og_image":[{"url":"https:\/\/industrial.filtrationgroup.com\/wp-content\/uploads\/2019\/10\/FG-markets-uebersicht_werkzeugmaschinen.jpg","type":"","width":"","height":""}],"twitter_card":"summary_large_image","twitter_misc":{"Gesch\u00e4tzte Lesezeit":"1 Minute"},"schema":{"@context":"https:\/\/schema.org","@graph":[{"@type":"WebPage","@id":"https:\/\/industrial.filtrationgroup.com\/de\/marktsegmente\/","url":"https:\/\/industrial.filtrationgroup.com\/de\/marktsegmente\/","name":"Marktsegmente - Filtration Group Industrial","isPartOf":{"@id":"https:\/\/industrial.filtrationgroup.com\/de\/#website"},"primaryImageOfPage":{"@id":"https:\/\/industrial.filtrationgroup.com\/de\/marktsegmente\/#primaryimage"},"image":{"@id":"https:\/\/industrial.filtrationgroup.com\/de\/marktsegmente\/#primaryimage"},"thumbnailUrl":"https:\/\/industrial.filtrationgroup.com\/wp-content\/uploads\/2019\/10\/FG-markets-uebersicht_werkzeugmaschinen.jpg","datePublished":"2019-11-08T07:34:03+00:00","dateModified":"2020-03-26T08:53:51+00:00","description":"Zahlreiche Anwendungsgebiete, vielseitige L\u00f6sungen mit effizienten Filtersystemen, die Betriebsabl\u00e4ufe deutlich verbessern oder \u00fcberhaupt erst erm\u00f6glichen!","breadcrumb":{"@id":"https:\/\/industrial.filtrationgroup.com\/de\/marktsegmente\/#breadcrumb"},"inLanguage":"de-DE","potentialAction":[{"@type":"ReadAction","target":["https:\/\/industrial.filtrationgroup.com\/de\/marktsegmente\/"]}]},{"@type":"ImageObject","inLanguage":"de-DE","@id":"https:\/\/industrial.filtrationgroup.com\/de\/marktsegmente\/#primaryimage","url":"https:\/\/industrial.filtrationgroup.com\/wp-content\/uploads\/2019\/10\/FG-markets-uebersicht_werkzeugmaschinen.jpg","contentUrl":"https:\/\/industrial.filtrationgroup.com\/wp-content\/uploads\/2019\/10\/FG-markets-uebersicht_werkzeugmaschinen.jpg"},{"@type":"BreadcrumbList","@id":"https:\/\/industrial.filtrationgroup.com\/de\/marktsegmente\/#breadcrumb","itemListElement":[{"@type":"ListItem","position":1,"name":"","item":"https:\/\/industrial.filtrationgroup.com\/de\/"},{"@type":"ListItem","position":2,"name":"Marktsegmente"}]},{"@type":"WebSite","@id":"https:\/\/industrial.filtrationgroup.com\/de\/#website","url":"https:\/\/industrial.filtrationgroup.com\/de\/","name":"Filtration Group Industrial","description":"Making the World Safer, Healthier and More Productive","publisher":{"@id":"https:\/\/industrial.filtrationgroup.com\/de\/#organization"},"potentialAction":[{"@type":"SearchAction","target":{"@type":"EntryPoint","urlTemplate":"https:\/\/industrial.filtrationgroup.com\/de\/?s={search_term_string}"},"query-input":{"@type":"PropertyValueSpecification","valueRequired":true,"valueName":"search_term_string"}}],"inLanguage":"de-DE"},{"@type":"Organization","@id":"https:\/\/industrial.filtrationgroup.com\/de\/#organization","name":"Filtration Group","url":"https:\/\/industrial.filtrationgroup.com\/de\/","logo":{"@type":"ImageObject","inLanguage":"de-DE","@id":"https:\/\/industrial.filtrationgroup.com\/de\/#\/schema\/logo\/image\/","url":"https:\/\/industrial.filtrationgroup.com\/wp-content\/uploads\/2019\/06\/FGC-logo-1.png","contentUrl":"https:\/\/industrial.filtrationgroup.com\/wp-content\/uploads\/2019\/06\/FGC-logo-1.png","width":1104,"height":224,"caption":"Filtration Group"},"image":{"@id":"https:\/\/industrial.filtrationgroup.com\/de\/#\/schema\/logo\/image\/"}}]}},"_links":{"self":[{"href":"https:\/\/industrial.filtrationgroup.com\/de\/wp-json\/wp\/v2\/pages\/1677","targetHints":{"allow":["GET"]}}],"collection":[{"href":"https:\/\/industrial.filtrationgroup.com\/de\/wp-json\/wp\/v2\/pages"}],"about":[{"href":"https:\/\/industrial.filtrationgroup.com\/de\/wp-json\/wp\/v2\/types\/page"}],"author":[{"embeddable":true,"href":"https:\/\/industrial.filtrationgroup.com\/de\/wp-json\/wp\/v2\/users\/2068"}],"replies":[{"embeddable":true,"href":"https:\/\/industrial.filtrationgroup.com\/de\/wp-json\/wp\/v2\/comments?post=1677"}],"version-history":[{"count":0,"href":"https:\/\/industrial.filtrationgroup.com\/de\/wp-json\/wp\/v2\/pages\/1677\/revisions"}],"wp:attachment":[{"href":"https:\/\/industrial.filtrationgroup.com\/de\/wp-json\/wp\/v2\/media?parent=1677"}],"curies":[{"name":"wp","href":"https:\/\/api.w.org\/{rel}","templated":true}]}}