{"id":1718,"date":"2019-11-08T08:53:20","date_gmt":"2019-11-08T08:53:20","guid":{"rendered":"http:\/\/industrial.filtrationgroup.com\/?page_id=1718"},"modified":"2024-01-08T09:19:25","modified_gmt":"2024-01-08T09:19:25","slug":"ueber-uns","status":"publish","type":"page","link":"https:\/\/industrial.filtrationgroup.com\/de\/ueber-uns\/","title":{"rendered":"\u00dcber uns"},"content":{"rendered":"\n<div class=\"wp-block-cover alignfull has-background-dim full-width\"><img loading=\"lazy\" decoding=\"async\" width=\"2000\" height=\"666\" class=\"wp-block-cover__image-background wp-image-410\" alt=\"\" src=\"https:\/\/industrial.filtrationgroup.com\/wp-content\/uploads\/2019\/10\/FG-ueber-header.jpg\" data-object-fit=\"cover\" srcset=\"https:\/\/industrial.filtrationgroup.com\/wp-content\/uploads\/2019\/10\/FG-ueber-header.jpg 2000w, https:\/\/industrial.filtrationgroup.com\/wp-content\/uploads\/2019\/10\/FG-ueber-header-300x100.jpg 300w, https:\/\/industrial.filtrationgroup.com\/wp-content\/uploads\/2019\/10\/FG-ueber-header-768x256.jpg 768w, https:\/\/industrial.filtrationgroup.com\/wp-content\/uploads\/2019\/10\/FG-ueber-header-1024x341.jpg 1024w\" sizes=\"auto, (max-width: 2000px) 100vw, 2000px\" \/><div class=\"wp-block-cover__inner-container is-layout-flow wp-block-cover-is-layout-flow\">\n\n<h1 class=\"has-text-align-center wp-block-heading\"> \u00dcber uns<\/h1>\n\n<\/div><\/div>\n\n\n\n<h2 class=\"wp-block-heading\">Die Welt von Filtration Group Industrial dreht sich um den Kunden <\/h2>\n\n\n\n<p>Zur Filtration Group GmbH geh\u00f6ren neben den deutschen Niederlassungen in \u00d6hringen und Hamburg Werke in Rum\u00e4nien, China und Japan. \u00dcber 700 Mitarbeiter arbeiten weltweit f\u00fcr das deutsche Tochterunternehmen. Filtration Group GmbH hat sich auf dem Weltmarkt mit einer enormen Bandbreite an leistungsstarken und innovativen Produkten zur Separation, zur Filtration von Fl\u00fcssigkeiten, zur Luftreinhaltung und Prozessfiltration etabliert. <\/p>\n\n\n\n<h3 class=\"wp-block-heading\">Was alle Unternehmen unter dem Dach der Filtration Group GmbH eint, ist ein klares Versprechen: Wir begeistern unsere Kunden. <\/h3>\n\n\n\n<figure class=\"wp-block-embed is-type-video is-provider-youtube wp-block-embed-youtube wp-embed-aspect-16-9 wp-has-aspect-ratio\"><div class=\"wp-block-embed__wrapper\">\n<iframe loading=\"lazy\" title=\"Expertentag K\u00fchlschmiertstoffe - Eventr\u00fcckblick\" width=\"500\" height=\"281\" src=\"https:\/\/www.youtube.com\/embed\/iND894oanS0?feature=oembed\" frameborder=\"0\" allow=\"accelerometer; autoplay; clipboard-write; encrypted-media; gyroscope; picture-in-picture; web-share\" referrerpolicy=\"strict-origin-when-cross-origin\" allowfullscreen><\/iframe>\n<\/div><\/figure>\n\n\n\n<h2 class=\"wp-block-heading\">Bereit f\u00fcr eine sichere, ges\u00fcndere und produktivere Zukunft <\/h2>\n\n\n\n<p>Unsere Produkte unterst\u00fctzen uns dabei, die Welt ein bisschen besser zu machen. Mit effizienten Filtersystemen und Separationsl\u00f6sungen tragen wir dazu bei, unseren Lebensraum sauber zu halten und sorgen daf\u00fcr, dass Unternehmen zukunfts- und wettbewerbsf\u00e4hig bleiben. Wir zeigen St\u00e4rke und Kompetenz in umk\u00e4mpften M\u00e4rkten zuhause und weltweit, um unserem Paradigma gerecht zu werden: f\u00fcr eine sichere, ges\u00fcndere und produktivere Welt. <\/p>\n\n\n\n<h2 class=\"wp-block-heading\">Weltweit unterst\u00fctzen wir Kunden mit hohen Anspr\u00fcchen  <\/h2>\n\n\n\n<figure class=\"wp-block-image\"><img loading=\"lazy\" decoding=\"async\" width=\"1024\" height=\"572\" src=\"https:\/\/industrial.filtrationgroup.com\/wp-content\/uploads\/2019\/10\/FG-ueber-weltkarte-1024x572.jpg\" alt=\"FG-ueber-weltkarte\" class=\"wp-image-606\" srcset=\"https:\/\/industrial.filtrationgroup.com\/wp-content\/uploads\/2019\/10\/FG-ueber-weltkarte-1024x572.jpg 1024w, https:\/\/industrial.filtrationgroup.com\/wp-content\/uploads\/2019\/10\/FG-ueber-weltkarte-300x168.jpg 300w, https:\/\/industrial.filtrationgroup.com\/wp-content\/uploads\/2019\/10\/FG-ueber-weltkarte-768x429.jpg 768w\" sizes=\"auto, (max-width: 1024px) 100vw, 1024px\" \/><\/figure>\n\n\n\n<p><a href=\"https:\/\/fluid.filtrationgroup.com\/market\/werkzeugmaschinen\"><\/a><a href=\"https:\/\/fluid.filtrationgroup.com\/market\/Hydraulische_Industrieanlagen\"><\/a><a href=\"https:\/\/fluid.filtrationgroup.com\/market\/chemical_industry\"><\/a><a href=\"https:\/\/fluid.filtrationgroup.com\/market\/Luftreinhaltung\"><\/a><a href=\"https:\/\/fluid.filtrationgroup.com\/market\/windenergy\"><\/a><a href=\"https:\/\/fluid.filtrationgroup.com\/market\/Pharma-Lebensmittelindustrie\"><\/a><a href=\"https:\/\/fluid.filtrationgroup.com\/market\/schiffsbetriebstechnik\"><\/a><a href=\"https:\/\/fluid.filtrationgroup.com\/market\/Konventionelle_Energieerzeugung\"><\/a><\/p>\n\n\n\n<h2 class=\"wp-block-heading\">Die Filtration Group im \u00dcberblick  <\/h2>\n\n\n\n<div class=\"wp-block-columns has-2-columns is-layout-flex wp-container-core-columns-is-layout-9d6595d7 wp-block-columns-is-layout-flex\">\n<div class=\"wp-block-column is-layout-flow wp-block-column-is-layout-flow\">\n<figure class=\"wp-block-image size-large is-style-default\"><img loading=\"lazy\" decoding=\"async\" width=\"1024\" height=\"830\" src=\"https:\/\/industrial.filtrationgroup.com\/wp-content\/uploads\/2021\/08\/FGI-ueber-umsatz-1024x830.jpg\" alt=\"\" class=\"wp-image-12734\" srcset=\"https:\/\/industrial.filtrationgroup.com\/wp-content\/uploads\/2021\/08\/FGI-ueber-umsatz-1024x830.jpg 1024w, https:\/\/industrial.filtrationgroup.com\/wp-content\/uploads\/2021\/08\/FGI-ueber-umsatz-300x243.jpg 300w, https:\/\/industrial.filtrationgroup.com\/wp-content\/uploads\/2021\/08\/FGI-ueber-umsatz-768x623.jpg 768w, https:\/\/industrial.filtrationgroup.com\/wp-content\/uploads\/2021\/08\/FGI-ueber-umsatz.jpg 1110w\" sizes=\"auto, (max-width: 1024px) 100vw, 1024px\" \/><\/figure>\n\n\n\n<figure class=\"wp-block-image size-large is-style-default\"><img loading=\"lazy\" decoding=\"async\" width=\"1024\" height=\"839\" src=\"https:\/\/industrial.filtrationgroup.com\/wp-content\/uploads\/2021\/08\/FGI-ueber-standorte-1024x839.jpg\" alt=\"\" class=\"wp-image-12739\" srcset=\"https:\/\/industrial.filtrationgroup.com\/wp-content\/uploads\/2021\/08\/FGI-ueber-standorte-1024x839.jpg 1024w, https:\/\/industrial.filtrationgroup.com\/wp-content\/uploads\/2021\/08\/FGI-ueber-standorte-300x246.jpg 300w, https:\/\/industrial.filtrationgroup.com\/wp-content\/uploads\/2021\/08\/FGI-ueber-standorte-768x630.jpg 768w, https:\/\/industrial.filtrationgroup.com\/wp-content\/uploads\/2021\/08\/FGI-ueber-standorte.jpg 1110w\" sizes=\"auto, (max-width: 1024px) 100vw, 1024px\" \/><\/figure>\n<\/div>\n\n\n\n<div class=\"wp-block-column is-layout-flow wp-block-column-is-layout-flow\">\n<figure class=\"wp-block-image is-style-rounded\"><img decoding=\"async\" src=\"https:\/\/industrial.filtrationgroup.com\/wp-content\/uploads\/2021\/08\/FG-ueber-mitarbeiter-1024x830.jpg\" alt=\"FG-ueber-mitarbeiter-en\" class=\"wp-image-597\" \/><\/figure>\n\n\n\n<figure class=\"wp-block-image is-style-rounded\"><img decoding=\"async\" src=\"https:\/\/industrial.filtrationgroup.com\/wp-content\/uploads\/2021\/08\/FG-ueber-laender-1024x830.jpg\" alt=\"FG-ueber-laender-en\" class=\"wp-image-595\" \/><\/figure>\n<\/div>\n<\/div>\n\n\n\n<figure class=\"wp-block-image is-style-rounded\"><img decoding=\"async\" src=\"https:\/\/industrial.filtrationgroup.com\/wp-content\/uploads\/2021\/08\/FG-ueber-grafik-1024x496.jpg\" alt=\"FG-ueber-grafik-en\" class=\"wp-image-593\" \/><\/figure>\n\n\n\n<h3 class=\"wp-block-heading\">Historie   <\/h3>\n\n\n\n<h4 class=\"wp-block-heading\">Geballte Erfahrung aus \u00fcber 60 Jahren <\/h4>\n\n\n\n<p>In der Filtration Group verschmelzen das Fachwissen und die Erfahrung hochspezialisierter Unternehmen zu einer Lexikothek des Expertentums, die in diesem Industriesektor einzigartig ist. <\/p>\n\n\n\n<div class=\"embedded-content\" data-reactid=\"162\">\n<section id=\"timeline\">\n \n  <article>\n    <div class=\"inner\">\n      <span class=\"date\">\n        <span class=\"year\">2016<\/span>\n      <\/span>\n      <h2>2016<\/h2>\n      <p>Der amerikanische Filterspezialist Filtration Group Corporation integriert den Industriefiltrations-Sektor in die Konzernfamilie. Das Unternehmen, eine Tochtergesellschaft von Madison Industries, betreibt \u00fcber 100 Standorte in 28 L\u00e4ndern.  <\/p>\n    <\/div>\n  <\/article>\n\n  <article>\n    <div class=\"inner\">\n      <span class=\"date\">\n        <span class=\"year\">2006<\/span>\n      <\/span>\n      <h2>2006 bis 2016:<\/h2>\n      <p>MAHLE \u00fcbernimmt die Norddeutsche-Filter-Vertriebs GmbH (NFV) und die AKO Filter GmbH, zwei Jahre sp\u00e4ter kommt die Amafilter Group mit Sitz im niederl\u00e4ndischen Alkmaar dazu. Ab 2011 operieren die MAHLE Filtersysteme GmbH und die MAHLE Industriefiltration GmbH in \u00d6hringen als zwei eigenst\u00e4ndige Gesellschaften unter einem Dach. <\/p>\n    <\/div>\n  <\/article>\n\t\n\t<article>\n    <div class=\"inner\">\n      <span class=\"date\">\n        <span class=\"year\">2002<\/span>\n      <\/span>\n      <h2>2002<\/h2>\n      <p>MAHLE kauft die Tennex Group mit Sitz in Tokyo, Japan, und Produktionsst\u00e4tten in Thailand, in den USA, Gro\u00dfbritannien und auf den Philippinen. Tennex ist spezialisiert auf die Herstellung von Filtersystemen f\u00fcr die Automobilindustrie. <\/p>\n    <\/div>\n  <\/article>\n\t\n\t<article>\n    <div class=\"inner\">\n      <span class=\"date\">\n        <span class=\"year\">1999<\/span>\n      <\/span>\n      <h2>1999<\/h2>\n      <p>MAHLE kauft Purolator \u00d6hringen, l\u00e4sst aber die Filtersysteme unter der bekannten Marke weiterproduzieren. Nachdem 1990 die Lizenzvereinbarung abgelaufen ist, werden Filter aus \u00d6hringen ausschlie\u00dflich mit der Markenkennung Knecht und MAHLE vertrieben.<\/p>\n    <\/div>\n  <\/article>\n\t\n\t<article>\n    <div class=\"inner\">\n      <span class=\"date\">\n        <span class=\"year\">1972<\/span>\n      <\/span>\n      <h2>1972<\/h2>\n      <p>Die Purolator-Tochtergesellschaft in \u00d6hringen \u00fcbernimmt die Gesamtverantwortung f\u00fcr den europ\u00e4ischen Markt. Im selben Jahr steigt MAHLE beim Unternehmen Knecht ein, das f\u00fcr Purolator Filter herstellt. <\/p>\n    <\/div>\n  <\/article>\n\t\n\t<article>\n    <div class=\"inner\">\n      <span class=\"date\">\n        <span class=\"year\">1962<\/span>\n      <\/span>\n      <h2>1962<\/h2>\n      <p>Das amerikanische Unternehmen Purolator baut in \u00d6hringen den ersten Standort einer internationalen Tochtergesellschaft auf. Neben Filtern f\u00fcr Kraftfahrzeuge wurden ab 1966 zus\u00e4tzlich Industriefilter produziert.<\/p>\n    <\/div>\n  <\/article>\n<\/section><\/div>\n","protected":false},"excerpt":{"rendered":"<p>Die Welt von Filtration Group Industrial dreht sich um den Kunden Zur Filtration Group GmbH geh\u00f6ren neben den deutschen Niederlassungen in \u00d6hringen und Hamburg Werke in Rum\u00e4nien, China und Japan. \u00dcber 700 Mitarbeiter arbeiten weltweit f\u00fcr das deutsche Tochterunternehmen. Filtration Group GmbH hat sich auf dem Weltmarkt mit einer enormen Bandbreite an leistungsstarken und innovativen [&hellip;]<\/p>\n","protected":false},"author":2068,"featured_media":0,"parent":0,"menu_order":0,"comment_status":"closed","ping_status":"closed","template":"","meta":{"_acf_changed":false,"footnotes":""},"class_list":["post-1718","page","type-page","status-publish","hentry"],"acf":[],"yoast_head":"<!-- This site is optimized with the Yoast SEO plugin v27.3 - https:\/\/yoast.com\/product\/yoast-seo-wordpress\/ -->\n<title>\u00dcber uns - Filtration Group Industrial<\/title>\n<meta name=\"description\" content=\"Wir begeistern unsere Kunden mit langj\u00e4hriger Erfahrung und Expertise rund um die Welt der Filtration. Erfahre mehr zu unserer Historie!\" \/>\n<meta name=\"robots\" content=\"index, follow, max-snippet:-1, max-image-preview:large, max-video-preview:-1\" \/>\n<link rel=\"canonical\" href=\"https:\/\/industrial.filtrationgroup.com\/de\/ueber-uns\/\" \/>\n<meta property=\"og:locale\" content=\"de_DE\" \/>\n<meta property=\"og:type\" content=\"article\" \/>\n<meta property=\"og:title\" content=\"\u00dcber uns - Filtration Group Industrial\" \/>\n<meta property=\"og:description\" content=\"Wir begeistern unsere Kunden mit langj\u00e4hriger Erfahrung und Expertise rund um die Welt der Filtration. Erfahre mehr zu unserer Historie!\" \/>\n<meta property=\"og:url\" content=\"https:\/\/industrial.filtrationgroup.com\/de\/ueber-uns\/\" \/>\n<meta property=\"og:site_name\" content=\"Filtration Group Industrial\" \/>\n<meta property=\"article:modified_time\" content=\"2024-01-08T09:19:25+00:00\" \/>\n<meta property=\"og:image\" content=\"https:\/\/industrial.filtrationgroup.com\/wp-content\/uploads\/2019\/10\/FG-ueber-header.jpg\" \/>\n<meta name=\"twitter:card\" content=\"summary_large_image\" \/>\n<meta name=\"twitter:label1\" content=\"Gesch\u00e4tzte Lesezeit\" \/>\n\t<meta name=\"twitter:data1\" content=\"4 Minuten\" \/>\n<script type=\"application\/ld+json\" class=\"yoast-schema-graph\">{\"@context\":\"https:\\\/\\\/schema.org\",\"@graph\":[{\"@type\":\"WebPage\",\"@id\":\"https:\\\/\\\/industrial.filtrationgroup.com\\\/de\\\/ueber-uns\\\/\",\"url\":\"https:\\\/\\\/industrial.filtrationgroup.com\\\/de\\\/ueber-uns\\\/\",\"name\":\"\u00dcber uns - Filtration Group Industrial\",\"isPartOf\":{\"@id\":\"https:\\\/\\\/industrial.filtrationgroup.com\\\/de\\\/#website\"},\"primaryImageOfPage\":{\"@id\":\"https:\\\/\\\/industrial.filtrationgroup.com\\\/de\\\/ueber-uns\\\/#primaryimage\"},\"image\":{\"@id\":\"https:\\\/\\\/industrial.filtrationgroup.com\\\/de\\\/ueber-uns\\\/#primaryimage\"},\"thumbnailUrl\":\"https:\\\/\\\/industrial.filtrationgroup.com\\\/wp-content\\\/uploads\\\/2019\\\/10\\\/FG-ueber-header.jpg\",\"datePublished\":\"2019-11-08T08:53:20+00:00\",\"dateModified\":\"2024-01-08T09:19:25+00:00\",\"description\":\"Wir begeistern unsere Kunden mit langj\u00e4hriger Erfahrung und Expertise rund um die Welt der Filtration. Erfahre mehr zu unserer Historie!\",\"breadcrumb\":{\"@id\":\"https:\\\/\\\/industrial.filtrationgroup.com\\\/de\\\/ueber-uns\\\/#breadcrumb\"},\"inLanguage\":\"de-DE\",\"potentialAction\":[{\"@type\":\"ReadAction\",\"target\":[\"https:\\\/\\\/industrial.filtrationgroup.com\\\/de\\\/ueber-uns\\\/\"]}]},{\"@type\":\"ImageObject\",\"inLanguage\":\"de-DE\",\"@id\":\"https:\\\/\\\/industrial.filtrationgroup.com\\\/de\\\/ueber-uns\\\/#primaryimage\",\"url\":\"https:\\\/\\\/industrial.filtrationgroup.com\\\/wp-content\\\/uploads\\\/2019\\\/10\\\/FG-ueber-header.jpg\",\"contentUrl\":\"https:\\\/\\\/industrial.filtrationgroup.com\\\/wp-content\\\/uploads\\\/2019\\\/10\\\/FG-ueber-header.jpg\"},{\"@type\":\"BreadcrumbList\",\"@id\":\"https:\\\/\\\/industrial.filtrationgroup.com\\\/de\\\/ueber-uns\\\/#breadcrumb\",\"itemListElement\":[{\"@type\":\"ListItem\",\"position\":1,\"name\":\"\",\"item\":\"https:\\\/\\\/industrial.filtrationgroup.com\\\/de\\\/\"},{\"@type\":\"ListItem\",\"position\":2,\"name\":\"\u00dcber uns\"}]},{\"@type\":\"WebSite\",\"@id\":\"https:\\\/\\\/industrial.filtrationgroup.com\\\/de\\\/#website\",\"url\":\"https:\\\/\\\/industrial.filtrationgroup.com\\\/de\\\/\",\"name\":\"Filtration Group Industrial\",\"description\":\"Making the World Safer, Healthier and More Productive\",\"publisher\":{\"@id\":\"https:\\\/\\\/industrial.filtrationgroup.com\\\/de\\\/#organization\"},\"potentialAction\":[{\"@type\":\"SearchAction\",\"target\":{\"@type\":\"EntryPoint\",\"urlTemplate\":\"https:\\\/\\\/industrial.filtrationgroup.com\\\/de\\\/?s={search_term_string}\"},\"query-input\":{\"@type\":\"PropertyValueSpecification\",\"valueRequired\":true,\"valueName\":\"search_term_string\"}}],\"inLanguage\":\"de-DE\"},{\"@type\":\"Organization\",\"@id\":\"https:\\\/\\\/industrial.filtrationgroup.com\\\/de\\\/#organization\",\"name\":\"Filtration Group\",\"url\":\"https:\\\/\\\/industrial.filtrationgroup.com\\\/de\\\/\",\"logo\":{\"@type\":\"ImageObject\",\"inLanguage\":\"de-DE\",\"@id\":\"https:\\\/\\\/industrial.filtrationgroup.com\\\/de\\\/#\\\/schema\\\/logo\\\/image\\\/\",\"url\":\"https:\\\/\\\/industrial.filtrationgroup.com\\\/wp-content\\\/uploads\\\/2019\\\/06\\\/FGC-logo-1.png\",\"contentUrl\":\"https:\\\/\\\/industrial.filtrationgroup.com\\\/wp-content\\\/uploads\\\/2019\\\/06\\\/FGC-logo-1.png\",\"width\":1104,\"height\":224,\"caption\":\"Filtration Group\"},\"image\":{\"@id\":\"https:\\\/\\\/industrial.filtrationgroup.com\\\/de\\\/#\\\/schema\\\/logo\\\/image\\\/\"}}]}<\/script>\n<!-- \/ Yoast SEO plugin. -->","yoast_head_json":{"title":"\u00dcber uns - Filtration Group Industrial","description":"Wir begeistern unsere Kunden mit langj\u00e4hriger Erfahrung und Expertise rund um die Welt der Filtration. Erfahre mehr zu unserer Historie!","robots":{"index":"index","follow":"follow","max-snippet":"max-snippet:-1","max-image-preview":"max-image-preview:large","max-video-preview":"max-video-preview:-1"},"canonical":"https:\/\/industrial.filtrationgroup.com\/de\/ueber-uns\/","og_locale":"de_DE","og_type":"article","og_title":"\u00dcber uns - Filtration Group Industrial","og_description":"Wir begeistern unsere Kunden mit langj\u00e4hriger Erfahrung und Expertise rund um die Welt der Filtration. Erfahre mehr zu unserer Historie!","og_url":"https:\/\/industrial.filtrationgroup.com\/de\/ueber-uns\/","og_site_name":"Filtration Group Industrial","article_modified_time":"2024-01-08T09:19:25+00:00","og_image":[{"url":"https:\/\/industrial.filtrationgroup.com\/wp-content\/uploads\/2019\/10\/FG-ueber-header.jpg","type":"","width":"","height":""}],"twitter_card":"summary_large_image","twitter_misc":{"Gesch\u00e4tzte Lesezeit":"4 Minuten"},"schema":{"@context":"https:\/\/schema.org","@graph":[{"@type":"WebPage","@id":"https:\/\/industrial.filtrationgroup.com\/de\/ueber-uns\/","url":"https:\/\/industrial.filtrationgroup.com\/de\/ueber-uns\/","name":"\u00dcber uns - Filtration Group Industrial","isPartOf":{"@id":"https:\/\/industrial.filtrationgroup.com\/de\/#website"},"primaryImageOfPage":{"@id":"https:\/\/industrial.filtrationgroup.com\/de\/ueber-uns\/#primaryimage"},"image":{"@id":"https:\/\/industrial.filtrationgroup.com\/de\/ueber-uns\/#primaryimage"},"thumbnailUrl":"https:\/\/industrial.filtrationgroup.com\/wp-content\/uploads\/2019\/10\/FG-ueber-header.jpg","datePublished":"2019-11-08T08:53:20+00:00","dateModified":"2024-01-08T09:19:25+00:00","description":"Wir begeistern unsere Kunden mit langj\u00e4hriger Erfahrung und Expertise rund um die Welt der Filtration. Erfahre mehr zu unserer Historie!","breadcrumb":{"@id":"https:\/\/industrial.filtrationgroup.com\/de\/ueber-uns\/#breadcrumb"},"inLanguage":"de-DE","potentialAction":[{"@type":"ReadAction","target":["https:\/\/industrial.filtrationgroup.com\/de\/ueber-uns\/"]}]},{"@type":"ImageObject","inLanguage":"de-DE","@id":"https:\/\/industrial.filtrationgroup.com\/de\/ueber-uns\/#primaryimage","url":"https:\/\/industrial.filtrationgroup.com\/wp-content\/uploads\/2019\/10\/FG-ueber-header.jpg","contentUrl":"https:\/\/industrial.filtrationgroup.com\/wp-content\/uploads\/2019\/10\/FG-ueber-header.jpg"},{"@type":"BreadcrumbList","@id":"https:\/\/industrial.filtrationgroup.com\/de\/ueber-uns\/#breadcrumb","itemListElement":[{"@type":"ListItem","position":1,"name":"","item":"https:\/\/industrial.filtrationgroup.com\/de\/"},{"@type":"ListItem","position":2,"name":"\u00dcber uns"}]},{"@type":"WebSite","@id":"https:\/\/industrial.filtrationgroup.com\/de\/#website","url":"https:\/\/industrial.filtrationgroup.com\/de\/","name":"Filtration Group Industrial","description":"Making the World Safer, Healthier and More Productive","publisher":{"@id":"https:\/\/industrial.filtrationgroup.com\/de\/#organization"},"potentialAction":[{"@type":"SearchAction","target":{"@type":"EntryPoint","urlTemplate":"https:\/\/industrial.filtrationgroup.com\/de\/?s={search_term_string}"},"query-input":{"@type":"PropertyValueSpecification","valueRequired":true,"valueName":"search_term_string"}}],"inLanguage":"de-DE"},{"@type":"Organization","@id":"https:\/\/industrial.filtrationgroup.com\/de\/#organization","name":"Filtration Group","url":"https:\/\/industrial.filtrationgroup.com\/de\/","logo":{"@type":"ImageObject","inLanguage":"de-DE","@id":"https:\/\/industrial.filtrationgroup.com\/de\/#\/schema\/logo\/image\/","url":"https:\/\/industrial.filtrationgroup.com\/wp-content\/uploads\/2019\/06\/FGC-logo-1.png","contentUrl":"https:\/\/industrial.filtrationgroup.com\/wp-content\/uploads\/2019\/06\/FGC-logo-1.png","width":1104,"height":224,"caption":"Filtration Group"},"image":{"@id":"https:\/\/industrial.filtrationgroup.com\/de\/#\/schema\/logo\/image\/"}}]}},"_links":{"self":[{"href":"https:\/\/industrial.filtrationgroup.com\/de\/wp-json\/wp\/v2\/pages\/1718","targetHints":{"allow":["GET"]}}],"collection":[{"href":"https:\/\/industrial.filtrationgroup.com\/de\/wp-json\/wp\/v2\/pages"}],"about":[{"href":"https:\/\/industrial.filtrationgroup.com\/de\/wp-json\/wp\/v2\/types\/page"}],"author":[{"embeddable":true,"href":"https:\/\/industrial.filtrationgroup.com\/de\/wp-json\/wp\/v2\/users\/2068"}],"replies":[{"embeddable":true,"href":"https:\/\/industrial.filtrationgroup.com\/de\/wp-json\/wp\/v2\/comments?post=1718"}],"version-history":[{"count":0,"href":"https:\/\/industrial.filtrationgroup.com\/de\/wp-json\/wp\/v2\/pages\/1718\/revisions"}],"wp:attachment":[{"href":"https:\/\/industrial.filtrationgroup.com\/de\/wp-json\/wp\/v2\/media?parent=1718"}],"curies":[{"name":"wp","href":"https:\/\/api.w.org\/{rel}","templated":true}]}}