{"id":1768,"date":"2019-11-08T10:02:47","date_gmt":"2019-11-08T10:02:47","guid":{"rendered":"http:\/\/industrial.filtrationgroup.com\/?page_id=1768"},"modified":"2025-05-19T09:15:28","modified_gmt":"2025-05-19T09:15:28","slug":"impressum","status":"publish","type":"page","link":"https:\/\/industrial.filtrationgroup.com\/de\/kontakt\/impressum\/","title":{"rendered":"Impressum"},"content":{"rendered":"\n<div class=\"wp-block-cover alignfull has-blue-background-color has-background-dim hero-small\"><img loading=\"lazy\" decoding=\"async\" width=\"1\" height=\"1\" class=\"wp-block-cover__image-background wp-image-767\" alt=\"\" src=\"https:\/\/industrial.filtrationgroup.com\/wp-content\/uploads\/2019\/10\/blank.png\" data-object-fit=\"cover\" \/><div class=\"wp-block-cover__inner-container is-layout-flow wp-block-cover-is-layout-flow\">\n\n<h1 class=\"has-text-align-center wp-block-heading\">Impressum<\/h1>\n\n<\/div><\/div>\n\n\n\n<div class=\"wp-block-columns has-2-columns is-layout-flex wp-container-core-columns-is-layout-9d6595d7 wp-block-columns-is-layout-flex\">\n<div class=\"wp-block-column is-layout-flow wp-block-column-is-layout-flow\">\n<h3 class=\"wp-block-heading\">Betreiber und verantwortlich f\u00fcr den Inhalt<\/h3>\n\n\n\n<p>Filtration Group GmbH<br>Schleifbachweg 45<br>74613 \u00d6hringen<\/p>\n\n\n\n<p>Phone: +49 7941 6466-0<br>Fax: +49 7941 6466-429<\/p>\n\n\n\n<p>Email: industrial@filtrationgroup.com<br>Web: industrial.filtrationgroup.com<\/p>\n\n\n\n<h3 class=\"wp-block-heading\">Vertretungsberechtigt<\/h3>\n\n\n\n<p>Christian Bernert (Gesch\u00e4ftsf\u00fchrung)<br><\/p>\n<\/div>\n\n\n\n<div class=\"wp-block-column is-layout-flow wp-block-column-is-layout-flow\">\n<h3 class=\"wp-block-heading\">Handelsregister<\/h3>\n\n\n\n<p>Amtsgericht Stuttgart<br>Registernummer HRB 736520<\/p>\n\n\n\n<p>Umsatzsteuer-Identifikationsnummer: DE 222609448<\/p>\n<\/div>\n<\/div>\n\n\n\n<h3 class=\"wp-block-heading\">Hinweis<\/h3>\n\n\n\n<p>Die Informationen auf dieser Internetseite werden st\u00e4ndig gepr\u00fcft und aktualisiert. Weder der Provider noch die Filtration Group GmbH Deutschland \u00fcbernehmen die Haftung f\u00fcr die Inhalte oder die Garantie f\u00fcr Aktualit\u00e4t, Vollst\u00e4ndigkeit, Richtigkeit derjenigen Websites, auf die mittels Hyperlink verweisen wird. <\/p>\n\n\n\n<p>Inhalte und Struktur dieser Website sind urheberrechtlich gesch\u00fctzt. Die Vervielf\u00e4ltigung von Informationen oder Daten, insbesondere die Verwendung von Texten und Bildmaterial bedarf der vorherigen Zustimmung der Filtration Group GmbH Deutschland. <\/p>\n\n\n\n<p><strong>Online-Streitbeilegung<br><\/strong>Online-Streitbeilegung gem\u00e4\u00df Art. 14 Abs. 1 ODR-VO und \u00a7 36 VSBG<br>Die Europ\u00e4ische Kommission stellt eine Plattform zur Online-Streitbeilegung (OS) bereit, die Sie unter <a href=\"https:\/\/nam10.safelinks.protection.outlook.com\/?url=https%3A%2F%2Furldefense.com%2Fv3%2F__https%3A%2F%2Fnam10.safelinks.protection.outlook.com%2F%3Furl%3Dhttps*3A*2F*2Furldefense.com*2Fv3*2F__http*3A*2F*2Fec.europa.eu*2Fconsumers*2Fodr*2F__*3B!!C_AKm8hM!P0E-MPvtS3Gmh-Bvy8dlr4Rhk3S33syLjw2ylavoD-uq1sQ9Ka5Cu2s78Jf-D29yY7aqpzOrZA*24%26data%3D04*7C01*7Cjana.graeter*40filtrationgroup.com*7C23c1a623508e40c398e708d86c5096c4*7C00b86b9ade5d425587f22ec7aa270973*7C0*7C0*7C637378440669065497*7CUnknown*7CTWFpbGZsb3d8eyJWIjoiMC4wLjAwMDAiLCJQIjoiV2luMzIiLCJBTiI6Ik1haWwiLCJXVCI6Mn0*3D*7C1000%26sdata%3DdnavExXbUVxcWKIIKGna*2FZaDTTLq0B50zz1wpzstDwg*3D%26reserved%3D0__%3BJSUlJSUlJSUlJSUlJSUlJSUlJSUlJSUlJSUl!!C_AKm8hM!ObYlm1OzwG4A1rCFNkTcXBKZ8I0WiN3RnJQKVVl4yrrk0vrUI6aw4D3FEeR5tVjRV-WN3bvq2A%24&amp;data=04%7C01%7Cjana.graeter%40filtrationgroup.com%7C0593187d04924f6920a808d870fde038%7C00b86b9ade5d425587f22ec7aa270973%7C0%7C0%7C637383582988562271%7CUnknown%7CTWFpbGZsb3d8eyJWIjoiMC4wLjAwMDAiLCJQIjoiV2luMzIiLCJBTiI6Ik1haWwiLCJXVCI6Mn0%3D%7C1000&amp;sdata=Z%2FWREoUr26dhHOxveK6UysSc4zPUiAkbduM7LnkpXkM%3D&amp;reserved=0\">http:\/\/ec.europa.eu\/consumers\/odr\/<\/a> finden. Zur Teilnahme an einem Streitbeilegungsverfahren vor einer Verbraucherschlichtungsstelle sind wir nicht verpflichtet und grunds\u00e4tzlich nicht bereit.<\/p>\n\n\n\n<p>\u00a9 2020 Filtration Group GmbH Deutschland, \u00d6hringen <\/p>\n","protected":false},"excerpt":{"rendered":"<p>Betreiber und verantwortlich f\u00fcr den Inhalt Filtration Group GmbHSchleifbachweg 4574613 \u00d6hringen Phone: +49 7941 6466-0Fax: +49 7941 6466-429 Email: industrial@filtrationgroup.comWeb: industrial.filtrationgroup.com Vertretungsberechtigt Christian Bernert (Gesch\u00e4ftsf\u00fchrung) Handelsregister Amtsgericht StuttgartRegisternummer HRB 736520 Umsatzsteuer-Identifikationsnummer: DE 222609448 Hinweis Die Informationen auf dieser Internetseite werden st\u00e4ndig gepr\u00fcft und aktualisiert. Weder der Provider noch die Filtration Group GmbH Deutschland \u00fcbernehmen die [&hellip;]<\/p>\n","protected":false},"author":2068,"featured_media":0,"parent":1674,"menu_order":0,"comment_status":"closed","ping_status":"closed","template":"","meta":{"_acf_changed":false,"footnotes":""},"class_list":["post-1768","page","type-page","status-publish","hentry"],"acf":[],"yoast_head":"<!-- This site is optimized with the Yoast SEO plugin v27.3 - https:\/\/yoast.com\/product\/yoast-seo-wordpress\/ -->\n<title>Impressum - Filtration Group Industrial<\/title>\n<meta name=\"description\" content=\"Wichtige Informationen zu rechtlichen Themen rund um unsere Website, Handelsregistereintragung und Ansprechpartner. Erfahren Sie mehr!\" \/>\n<meta name=\"robots\" content=\"index, follow, max-snippet:-1, max-image-preview:large, max-video-preview:-1\" \/>\n<link rel=\"canonical\" href=\"https:\/\/industrial.filtrationgroup.com\/de\/kontakt\/impressum\/\" \/>\n<meta property=\"og:locale\" content=\"de_DE\" \/>\n<meta property=\"og:type\" content=\"article\" \/>\n<meta property=\"og:title\" content=\"Impressum - Filtration Group Industrial\" \/>\n<meta property=\"og:description\" content=\"Wichtige Informationen zu rechtlichen Themen rund um unsere Website, Handelsregistereintragung und Ansprechpartner. Erfahren Sie mehr!\" \/>\n<meta property=\"og:url\" content=\"https:\/\/industrial.filtrationgroup.com\/de\/kontakt\/impressum\/\" \/>\n<meta property=\"og:site_name\" content=\"Filtration Group Industrial\" \/>\n<meta property=\"article:modified_time\" content=\"2025-05-19T09:15:28+00:00\" \/>\n<meta property=\"og:image\" content=\"https:\/\/industrial.filtrationgroup.com\/wp-content\/uploads\/2019\/10\/blank.png\" \/>\n\t<meta property=\"og:image:width\" content=\"1\" \/>\n\t<meta property=\"og:image:height\" content=\"1\" \/>\n\t<meta property=\"og:image:type\" content=\"image\/png\" \/>\n<meta name=\"twitter:card\" content=\"summary_large_image\" \/>\n<meta name=\"twitter:label1\" content=\"Gesch\u00e4tzte Lesezeit\" \/>\n\t<meta name=\"twitter:data1\" content=\"1 Minute\" \/>\n<script type=\"application\/ld+json\" class=\"yoast-schema-graph\">{\"@context\":\"https:\\\/\\\/schema.org\",\"@graph\":[{\"@type\":\"WebPage\",\"@id\":\"https:\\\/\\\/industrial.filtrationgroup.com\\\/de\\\/kontakt\\\/impressum\\\/\",\"url\":\"https:\\\/\\\/industrial.filtrationgroup.com\\\/de\\\/kontakt\\\/impressum\\\/\",\"name\":\"Impressum - Filtration Group Industrial\",\"isPartOf\":{\"@id\":\"https:\\\/\\\/industrial.filtrationgroup.com\\\/de\\\/#website\"},\"primaryImageOfPage\":{\"@id\":\"https:\\\/\\\/industrial.filtrationgroup.com\\\/de\\\/kontakt\\\/impressum\\\/#primaryimage\"},\"image\":{\"@id\":\"https:\\\/\\\/industrial.filtrationgroup.com\\\/de\\\/kontakt\\\/impressum\\\/#primaryimage\"},\"thumbnailUrl\":\"https:\\\/\\\/industrial.filtrationgroup.com\\\/wp-content\\\/uploads\\\/2019\\\/10\\\/blank.png\",\"datePublished\":\"2019-11-08T10:02:47+00:00\",\"dateModified\":\"2025-05-19T09:15:28+00:00\",\"description\":\"Wichtige Informationen zu rechtlichen Themen rund um unsere Website, Handelsregistereintragung und Ansprechpartner. Erfahren Sie mehr!\",\"breadcrumb\":{\"@id\":\"https:\\\/\\\/industrial.filtrationgroup.com\\\/de\\\/kontakt\\\/impressum\\\/#breadcrumb\"},\"inLanguage\":\"de-DE\",\"potentialAction\":[{\"@type\":\"ReadAction\",\"target\":[\"https:\\\/\\\/industrial.filtrationgroup.com\\\/de\\\/kontakt\\\/impressum\\\/\"]}]},{\"@type\":\"ImageObject\",\"inLanguage\":\"de-DE\",\"@id\":\"https:\\\/\\\/industrial.filtrationgroup.com\\\/de\\\/kontakt\\\/impressum\\\/#primaryimage\",\"url\":\"https:\\\/\\\/industrial.filtrationgroup.com\\\/wp-content\\\/uploads\\\/2019\\\/10\\\/blank.png\",\"contentUrl\":\"https:\\\/\\\/industrial.filtrationgroup.com\\\/wp-content\\\/uploads\\\/2019\\\/10\\\/blank.png\"},{\"@type\":\"BreadcrumbList\",\"@id\":\"https:\\\/\\\/industrial.filtrationgroup.com\\\/de\\\/kontakt\\\/impressum\\\/#breadcrumb\",\"itemListElement\":[{\"@type\":\"ListItem\",\"position\":1,\"name\":\"\",\"item\":\"https:\\\/\\\/industrial.filtrationgroup.com\\\/de\\\/\"},{\"@type\":\"ListItem\",\"position\":2,\"name\":\"Kontakt\",\"item\":\"https:\\\/\\\/industrial.filtrationgroup.com\\\/de\\\/kontakt\\\/\"},{\"@type\":\"ListItem\",\"position\":3,\"name\":\"Impressum\"}]},{\"@type\":\"WebSite\",\"@id\":\"https:\\\/\\\/industrial.filtrationgroup.com\\\/de\\\/#website\",\"url\":\"https:\\\/\\\/industrial.filtrationgroup.com\\\/de\\\/\",\"name\":\"Filtration Group Industrial\",\"description\":\"Making the World Safer, Healthier and More Productive\",\"publisher\":{\"@id\":\"https:\\\/\\\/industrial.filtrationgroup.com\\\/de\\\/#organization\"},\"potentialAction\":[{\"@type\":\"SearchAction\",\"target\":{\"@type\":\"EntryPoint\",\"urlTemplate\":\"https:\\\/\\\/industrial.filtrationgroup.com\\\/de\\\/?s={search_term_string}\"},\"query-input\":{\"@type\":\"PropertyValueSpecification\",\"valueRequired\":true,\"valueName\":\"search_term_string\"}}],\"inLanguage\":\"de-DE\"},{\"@type\":\"Organization\",\"@id\":\"https:\\\/\\\/industrial.filtrationgroup.com\\\/de\\\/#organization\",\"name\":\"Filtration Group\",\"url\":\"https:\\\/\\\/industrial.filtrationgroup.com\\\/de\\\/\",\"logo\":{\"@type\":\"ImageObject\",\"inLanguage\":\"de-DE\",\"@id\":\"https:\\\/\\\/industrial.filtrationgroup.com\\\/de\\\/#\\\/schema\\\/logo\\\/image\\\/\",\"url\":\"https:\\\/\\\/industrial.filtrationgroup.com\\\/wp-content\\\/uploads\\\/2019\\\/06\\\/FGC-logo-1.png\",\"contentUrl\":\"https:\\\/\\\/industrial.filtrationgroup.com\\\/wp-content\\\/uploads\\\/2019\\\/06\\\/FGC-logo-1.png\",\"width\":1104,\"height\":224,\"caption\":\"Filtration Group\"},\"image\":{\"@id\":\"https:\\\/\\\/industrial.filtrationgroup.com\\\/de\\\/#\\\/schema\\\/logo\\\/image\\\/\"}}]}<\/script>\n<!-- \/ Yoast SEO plugin. -->","yoast_head_json":{"title":"Impressum - Filtration Group Industrial","description":"Wichtige Informationen zu rechtlichen Themen rund um unsere Website, Handelsregistereintragung und Ansprechpartner. Erfahren Sie mehr!","robots":{"index":"index","follow":"follow","max-snippet":"max-snippet:-1","max-image-preview":"max-image-preview:large","max-video-preview":"max-video-preview:-1"},"canonical":"https:\/\/industrial.filtrationgroup.com\/de\/kontakt\/impressum\/","og_locale":"de_DE","og_type":"article","og_title":"Impressum - Filtration Group Industrial","og_description":"Wichtige Informationen zu rechtlichen Themen rund um unsere Website, Handelsregistereintragung und Ansprechpartner. Erfahren Sie mehr!","og_url":"https:\/\/industrial.filtrationgroup.com\/de\/kontakt\/impressum\/","og_site_name":"Filtration Group Industrial","article_modified_time":"2025-05-19T09:15:28+00:00","og_image":[{"width":1,"height":1,"url":"https:\/\/industrial.filtrationgroup.com\/wp-content\/uploads\/2019\/10\/blank.png","type":"image\/png"}],"twitter_card":"summary_large_image","twitter_misc":{"Gesch\u00e4tzte Lesezeit":"1 Minute"},"schema":{"@context":"https:\/\/schema.org","@graph":[{"@type":"WebPage","@id":"https:\/\/industrial.filtrationgroup.com\/de\/kontakt\/impressum\/","url":"https:\/\/industrial.filtrationgroup.com\/de\/kontakt\/impressum\/","name":"Impressum - Filtration Group Industrial","isPartOf":{"@id":"https:\/\/industrial.filtrationgroup.com\/de\/#website"},"primaryImageOfPage":{"@id":"https:\/\/industrial.filtrationgroup.com\/de\/kontakt\/impressum\/#primaryimage"},"image":{"@id":"https:\/\/industrial.filtrationgroup.com\/de\/kontakt\/impressum\/#primaryimage"},"thumbnailUrl":"https:\/\/industrial.filtrationgroup.com\/wp-content\/uploads\/2019\/10\/blank.png","datePublished":"2019-11-08T10:02:47+00:00","dateModified":"2025-05-19T09:15:28+00:00","description":"Wichtige Informationen zu rechtlichen Themen rund um unsere Website, Handelsregistereintragung und Ansprechpartner. Erfahren Sie mehr!","breadcrumb":{"@id":"https:\/\/industrial.filtrationgroup.com\/de\/kontakt\/impressum\/#breadcrumb"},"inLanguage":"de-DE","potentialAction":[{"@type":"ReadAction","target":["https:\/\/industrial.filtrationgroup.com\/de\/kontakt\/impressum\/"]}]},{"@type":"ImageObject","inLanguage":"de-DE","@id":"https:\/\/industrial.filtrationgroup.com\/de\/kontakt\/impressum\/#primaryimage","url":"https:\/\/industrial.filtrationgroup.com\/wp-content\/uploads\/2019\/10\/blank.png","contentUrl":"https:\/\/industrial.filtrationgroup.com\/wp-content\/uploads\/2019\/10\/blank.png"},{"@type":"BreadcrumbList","@id":"https:\/\/industrial.filtrationgroup.com\/de\/kontakt\/impressum\/#breadcrumb","itemListElement":[{"@type":"ListItem","position":1,"name":"","item":"https:\/\/industrial.filtrationgroup.com\/de\/"},{"@type":"ListItem","position":2,"name":"Kontakt","item":"https:\/\/industrial.filtrationgroup.com\/de\/kontakt\/"},{"@type":"ListItem","position":3,"name":"Impressum"}]},{"@type":"WebSite","@id":"https:\/\/industrial.filtrationgroup.com\/de\/#website","url":"https:\/\/industrial.filtrationgroup.com\/de\/","name":"Filtration Group Industrial","description":"Making the World Safer, Healthier and More Productive","publisher":{"@id":"https:\/\/industrial.filtrationgroup.com\/de\/#organization"},"potentialAction":[{"@type":"SearchAction","target":{"@type":"EntryPoint","urlTemplate":"https:\/\/industrial.filtrationgroup.com\/de\/?s={search_term_string}"},"query-input":{"@type":"PropertyValueSpecification","valueRequired":true,"valueName":"search_term_string"}}],"inLanguage":"de-DE"},{"@type":"Organization","@id":"https:\/\/industrial.filtrationgroup.com\/de\/#organization","name":"Filtration Group","url":"https:\/\/industrial.filtrationgroup.com\/de\/","logo":{"@type":"ImageObject","inLanguage":"de-DE","@id":"https:\/\/industrial.filtrationgroup.com\/de\/#\/schema\/logo\/image\/","url":"https:\/\/industrial.filtrationgroup.com\/wp-content\/uploads\/2019\/06\/FGC-logo-1.png","contentUrl":"https:\/\/industrial.filtrationgroup.com\/wp-content\/uploads\/2019\/06\/FGC-logo-1.png","width":1104,"height":224,"caption":"Filtration Group"},"image":{"@id":"https:\/\/industrial.filtrationgroup.com\/de\/#\/schema\/logo\/image\/"}}]}},"_links":{"self":[{"href":"https:\/\/industrial.filtrationgroup.com\/de\/wp-json\/wp\/v2\/pages\/1768","targetHints":{"allow":["GET"]}}],"collection":[{"href":"https:\/\/industrial.filtrationgroup.com\/de\/wp-json\/wp\/v2\/pages"}],"about":[{"href":"https:\/\/industrial.filtrationgroup.com\/de\/wp-json\/wp\/v2\/types\/page"}],"author":[{"embeddable":true,"href":"https:\/\/industrial.filtrationgroup.com\/de\/wp-json\/wp\/v2\/users\/2068"}],"replies":[{"embeddable":true,"href":"https:\/\/industrial.filtrationgroup.com\/de\/wp-json\/wp\/v2\/comments?post=1768"}],"version-history":[{"count":0,"href":"https:\/\/industrial.filtrationgroup.com\/de\/wp-json\/wp\/v2\/pages\/1768\/revisions"}],"up":[{"embeddable":true,"href":"https:\/\/industrial.filtrationgroup.com\/de\/wp-json\/wp\/v2\/pages\/1674"}],"wp:attachment":[{"href":"https:\/\/industrial.filtrationgroup.com\/de\/wp-json\/wp\/v2\/media?parent=1768"}],"curies":[{"name":"wp","href":"https:\/\/api.w.org\/{rel}","templated":true}]}}