{"id":1872,"date":"2019-11-19T09:43:14","date_gmt":"2019-11-19T09:43:14","guid":{"rendered":"http:\/\/industrial.filtrationgroup.com\/?page_id=1872"},"modified":"2024-11-14T08:55:25","modified_gmt":"2024-11-14T08:55:25","slug":"tools","status":"publish","type":"page","link":"https:\/\/industrial.filtrationgroup.com\/de\/tools\/","title":{"rendered":"Tools"},"content":{"rendered":"\n<div class=\"wp-block-cover alignfull has-background-dim\"><img loading=\"lazy\" decoding=\"async\" width=\"2000\" height=\"666\" class=\"wp-block-cover__image-background wp-image-408\" alt=\"\" src=\"https:\/\/industrial.filtrationgroup.com\/wp-content\/uploads\/2019\/10\/FG-tools-header_0.jpg\" data-object-fit=\"cover\" srcset=\"https:\/\/industrial.filtrationgroup.com\/wp-content\/uploads\/2019\/10\/FG-tools-header_0.jpg 2000w, https:\/\/industrial.filtrationgroup.com\/wp-content\/uploads\/2019\/10\/FG-tools-header_0-300x100.jpg 300w, https:\/\/industrial.filtrationgroup.com\/wp-content\/uploads\/2019\/10\/FG-tools-header_0-768x256.jpg 768w, https:\/\/industrial.filtrationgroup.com\/wp-content\/uploads\/2019\/10\/FG-tools-header_0-1024x341.jpg 1024w\" sizes=\"auto, (max-width: 2000px) 100vw, 2000px\" \/><div class=\"wp-block-cover__inner-container is-layout-flow wp-block-cover-is-layout-flow\">\n\n<h1 class=\"has-text-align-center wp-block-heading\">Tools<\/h1>\n\n<\/div><\/div>\n\n\n\n<h2 class=\"wp-block-heading\">Mit diesen hilfreichen Tools l\u00e4uft\u2018s weiterhin reibungslos. <\/h2>\n\n\n\n<div class=\"wp-block-columns has-2-columns is-layout-flex wp-container-core-columns-is-layout-9d6595d7 wp-block-columns-is-layout-flex\">\n<div class=\"wp-block-column is-layout-flow wp-block-column-is-layout-flow\">\n<h3 class=\"wp-block-heading\">EcoParts Umrechner <\/h3>\n\n\n\n<p>Wir erleichtern unseren Kunden, die bisher Hydraulikfilter von anderen Herstellern einsetzen, das passende Produkt aus unserem Filtration Group Industrial Sortiment zu finden. Anhand der urspr\u00fcnglichen Teilenummer l\u00e4sst sich ganz leicht der entsprechende Ersatzartikel herausfinden.  <\/p>\n\n\n\n<p><a href=\"https:\/\/shopindustrial.filtrationgroup.com\/vergleichsliste.html\" target=\"_blank\" rel=\"noreferrer noopener\">CROSS REFERENCE TOOL IN UNSEREM ONLINE-SHOP<\/a><\/p>\n<\/div>\n\n\n\n<div class=\"wp-block-column is-layout-flow wp-block-column-is-layout-flow\">\n<h3 class=\"wp-block-heading\">Filterkatalog und Filterberechnung <\/h3>\n\n\n\n<p>F\u00fcr den Bereich Fluidfiltration bieten wir ein umfassendes Sortiment, aus dem Sie die passende Komponente f\u00fcr Ihre Anlage finden. In unserem Filterkatalog finden Sie eine umfangreiche \u00dcbersicht unserer Produktpalette in diesem Bereich.<\/p>\n\n\n\n<p>Gerne k\u00f6nnen Sie auch mit der Filterberechnung auf Grundlage Ihrer individuellen Maschinendaten und Anforderungen einen passenden Filter suchen.<\/p>\n\n\n\n<blockquote class=\"wp-block-quote has-green-color has-text-color is-layout-flow wp-block-quote-is-layout-flow\">\n<p><a href=\"https:\/\/shopindustrial.filtrationgroup.com\/de\/filter-auslegungstool.html\">FILTER-AUSLEGUNGSTOOL<\/a><\/p>\n<\/blockquote>\n<\/div>\n<\/div>\n","protected":false},"excerpt":{"rendered":"<p>Mit diesen hilfreichen Tools l\u00e4uft\u2018s weiterhin reibungslos. EcoParts Umrechner Wir erleichtern unseren Kunden, die bisher Hydraulikfilter von anderen Herstellern einsetzen, das passende Produkt aus unserem Filtration Group Industrial Sortiment zu finden. Anhand der urspr\u00fcnglichen Teilenummer l\u00e4sst sich ganz leicht der entsprechende Ersatzartikel herausfinden. CROSS REFERENCE TOOL IN UNSEREM ONLINE-SHOP Filterkatalog und Filterberechnung F\u00fcr den Bereich [&hellip;]<\/p>\n","protected":false},"author":2068,"featured_media":0,"parent":0,"menu_order":0,"comment_status":"closed","ping_status":"closed","template":"","meta":{"_acf_changed":false,"footnotes":""},"class_list":["post-1872","page","type-page","status-publish","hentry"],"acf":[],"yoast_head":"<!-- This site is optimized with the Yoast SEO plugin v27.3 - https:\/\/yoast.com\/product\/yoast-seo-wordpress\/ -->\n<title>Tools - Filtration Group Industrial<\/title>\n<meta name=\"description\" content=\"Hilfreiche Tools zur Umschl\u00fcsselung relevanter Filter, Berechnung und eine umfangreiche \u00dcbersicht im Filterkatalog von FG Industrial. Probieren Sie es aus!\" \/>\n<meta name=\"robots\" content=\"index, follow, max-snippet:-1, max-image-preview:large, max-video-preview:-1\" \/>\n<link rel=\"canonical\" href=\"https:\/\/industrial.filtrationgroup.com\/de\/tools\/\" \/>\n<meta property=\"og:locale\" content=\"de_DE\" \/>\n<meta property=\"og:type\" content=\"article\" \/>\n<meta property=\"og:title\" content=\"Tools - Filtration Group Industrial\" \/>\n<meta property=\"og:description\" content=\"Hilfreiche Tools zur Umschl\u00fcsselung relevanter Filter, Berechnung und eine umfangreiche \u00dcbersicht im Filterkatalog von FG Industrial. Probieren Sie es aus!\" \/>\n<meta property=\"og:url\" content=\"https:\/\/industrial.filtrationgroup.com\/de\/tools\/\" \/>\n<meta property=\"og:site_name\" content=\"Filtration Group Industrial\" \/>\n<meta property=\"article:modified_time\" content=\"2024-11-14T08:55:25+00:00\" \/>\n<meta property=\"og:image\" content=\"https:\/\/industrial.filtrationgroup.com\/wp-content\/uploads\/2019\/10\/FG-tools-header_0.jpg\" \/>\n<meta name=\"twitter:card\" content=\"summary_large_image\" \/>\n<meta name=\"twitter:label1\" content=\"Gesch\u00e4tzte Lesezeit\" \/>\n\t<meta name=\"twitter:data1\" content=\"1 Minute\" \/>\n<script type=\"application\/ld+json\" class=\"yoast-schema-graph\">{\"@context\":\"https:\\\/\\\/schema.org\",\"@graph\":[{\"@type\":\"WebPage\",\"@id\":\"https:\\\/\\\/industrial.filtrationgroup.com\\\/de\\\/tools\\\/\",\"url\":\"https:\\\/\\\/industrial.filtrationgroup.com\\\/de\\\/tools\\\/\",\"name\":\"Tools - Filtration Group Industrial\",\"isPartOf\":{\"@id\":\"https:\\\/\\\/industrial.filtrationgroup.com\\\/de\\\/#website\"},\"primaryImageOfPage\":{\"@id\":\"https:\\\/\\\/industrial.filtrationgroup.com\\\/de\\\/tools\\\/#primaryimage\"},\"image\":{\"@id\":\"https:\\\/\\\/industrial.filtrationgroup.com\\\/de\\\/tools\\\/#primaryimage\"},\"thumbnailUrl\":\"https:\\\/\\\/industrial.filtrationgroup.com\\\/wp-content\\\/uploads\\\/2019\\\/10\\\/FG-tools-header_0.jpg\",\"datePublished\":\"2019-11-19T09:43:14+00:00\",\"dateModified\":\"2024-11-14T08:55:25+00:00\",\"description\":\"Hilfreiche Tools zur Umschl\u00fcsselung relevanter Filter, Berechnung und eine umfangreiche \u00dcbersicht im Filterkatalog von FG Industrial. Probieren Sie es aus!\",\"breadcrumb\":{\"@id\":\"https:\\\/\\\/industrial.filtrationgroup.com\\\/de\\\/tools\\\/#breadcrumb\"},\"inLanguage\":\"de-DE\",\"potentialAction\":[{\"@type\":\"ReadAction\",\"target\":[\"https:\\\/\\\/industrial.filtrationgroup.com\\\/de\\\/tools\\\/\"]}]},{\"@type\":\"ImageObject\",\"inLanguage\":\"de-DE\",\"@id\":\"https:\\\/\\\/industrial.filtrationgroup.com\\\/de\\\/tools\\\/#primaryimage\",\"url\":\"https:\\\/\\\/industrial.filtrationgroup.com\\\/wp-content\\\/uploads\\\/2019\\\/10\\\/FG-tools-header_0.jpg\",\"contentUrl\":\"https:\\\/\\\/industrial.filtrationgroup.com\\\/wp-content\\\/uploads\\\/2019\\\/10\\\/FG-tools-header_0.jpg\"},{\"@type\":\"BreadcrumbList\",\"@id\":\"https:\\\/\\\/industrial.filtrationgroup.com\\\/de\\\/tools\\\/#breadcrumb\",\"itemListElement\":[{\"@type\":\"ListItem\",\"position\":1,\"name\":\"\",\"item\":\"https:\\\/\\\/industrial.filtrationgroup.com\\\/de\\\/\"},{\"@type\":\"ListItem\",\"position\":2,\"name\":\"Tools\"}]},{\"@type\":\"WebSite\",\"@id\":\"https:\\\/\\\/industrial.filtrationgroup.com\\\/de\\\/#website\",\"url\":\"https:\\\/\\\/industrial.filtrationgroup.com\\\/de\\\/\",\"name\":\"Filtration Group Industrial\",\"description\":\"Making the World Safer, Healthier and More Productive\",\"publisher\":{\"@id\":\"https:\\\/\\\/industrial.filtrationgroup.com\\\/de\\\/#organization\"},\"potentialAction\":[{\"@type\":\"SearchAction\",\"target\":{\"@type\":\"EntryPoint\",\"urlTemplate\":\"https:\\\/\\\/industrial.filtrationgroup.com\\\/de\\\/?s={search_term_string}\"},\"query-input\":{\"@type\":\"PropertyValueSpecification\",\"valueRequired\":true,\"valueName\":\"search_term_string\"}}],\"inLanguage\":\"de-DE\"},{\"@type\":\"Organization\",\"@id\":\"https:\\\/\\\/industrial.filtrationgroup.com\\\/de\\\/#organization\",\"name\":\"Filtration Group\",\"url\":\"https:\\\/\\\/industrial.filtrationgroup.com\\\/de\\\/\",\"logo\":{\"@type\":\"ImageObject\",\"inLanguage\":\"de-DE\",\"@id\":\"https:\\\/\\\/industrial.filtrationgroup.com\\\/de\\\/#\\\/schema\\\/logo\\\/image\\\/\",\"url\":\"https:\\\/\\\/industrial.filtrationgroup.com\\\/wp-content\\\/uploads\\\/2019\\\/06\\\/FGC-logo-1.png\",\"contentUrl\":\"https:\\\/\\\/industrial.filtrationgroup.com\\\/wp-content\\\/uploads\\\/2019\\\/06\\\/FGC-logo-1.png\",\"width\":1104,\"height\":224,\"caption\":\"Filtration Group\"},\"image\":{\"@id\":\"https:\\\/\\\/industrial.filtrationgroup.com\\\/de\\\/#\\\/schema\\\/logo\\\/image\\\/\"}}]}<\/script>\n<!-- \/ Yoast SEO plugin. -->","yoast_head_json":{"title":"Tools - Filtration Group Industrial","description":"Hilfreiche Tools zur Umschl\u00fcsselung relevanter Filter, Berechnung und eine umfangreiche \u00dcbersicht im Filterkatalog von FG Industrial. Probieren Sie es aus!","robots":{"index":"index","follow":"follow","max-snippet":"max-snippet:-1","max-image-preview":"max-image-preview:large","max-video-preview":"max-video-preview:-1"},"canonical":"https:\/\/industrial.filtrationgroup.com\/de\/tools\/","og_locale":"de_DE","og_type":"article","og_title":"Tools - Filtration Group Industrial","og_description":"Hilfreiche Tools zur Umschl\u00fcsselung relevanter Filter, Berechnung und eine umfangreiche \u00dcbersicht im Filterkatalog von FG Industrial. Probieren Sie es aus!","og_url":"https:\/\/industrial.filtrationgroup.com\/de\/tools\/","og_site_name":"Filtration Group Industrial","article_modified_time":"2024-11-14T08:55:25+00:00","og_image":[{"url":"https:\/\/industrial.filtrationgroup.com\/wp-content\/uploads\/2019\/10\/FG-tools-header_0.jpg","type":"","width":"","height":""}],"twitter_card":"summary_large_image","twitter_misc":{"Gesch\u00e4tzte Lesezeit":"1 Minute"},"schema":{"@context":"https:\/\/schema.org","@graph":[{"@type":"WebPage","@id":"https:\/\/industrial.filtrationgroup.com\/de\/tools\/","url":"https:\/\/industrial.filtrationgroup.com\/de\/tools\/","name":"Tools - Filtration Group Industrial","isPartOf":{"@id":"https:\/\/industrial.filtrationgroup.com\/de\/#website"},"primaryImageOfPage":{"@id":"https:\/\/industrial.filtrationgroup.com\/de\/tools\/#primaryimage"},"image":{"@id":"https:\/\/industrial.filtrationgroup.com\/de\/tools\/#primaryimage"},"thumbnailUrl":"https:\/\/industrial.filtrationgroup.com\/wp-content\/uploads\/2019\/10\/FG-tools-header_0.jpg","datePublished":"2019-11-19T09:43:14+00:00","dateModified":"2024-11-14T08:55:25+00:00","description":"Hilfreiche Tools zur Umschl\u00fcsselung relevanter Filter, Berechnung und eine umfangreiche \u00dcbersicht im Filterkatalog von FG Industrial. Probieren Sie es aus!","breadcrumb":{"@id":"https:\/\/industrial.filtrationgroup.com\/de\/tools\/#breadcrumb"},"inLanguage":"de-DE","potentialAction":[{"@type":"ReadAction","target":["https:\/\/industrial.filtrationgroup.com\/de\/tools\/"]}]},{"@type":"ImageObject","inLanguage":"de-DE","@id":"https:\/\/industrial.filtrationgroup.com\/de\/tools\/#primaryimage","url":"https:\/\/industrial.filtrationgroup.com\/wp-content\/uploads\/2019\/10\/FG-tools-header_0.jpg","contentUrl":"https:\/\/industrial.filtrationgroup.com\/wp-content\/uploads\/2019\/10\/FG-tools-header_0.jpg"},{"@type":"BreadcrumbList","@id":"https:\/\/industrial.filtrationgroup.com\/de\/tools\/#breadcrumb","itemListElement":[{"@type":"ListItem","position":1,"name":"","item":"https:\/\/industrial.filtrationgroup.com\/de\/"},{"@type":"ListItem","position":2,"name":"Tools"}]},{"@type":"WebSite","@id":"https:\/\/industrial.filtrationgroup.com\/de\/#website","url":"https:\/\/industrial.filtrationgroup.com\/de\/","name":"Filtration Group Industrial","description":"Making the World Safer, Healthier and More Productive","publisher":{"@id":"https:\/\/industrial.filtrationgroup.com\/de\/#organization"},"potentialAction":[{"@type":"SearchAction","target":{"@type":"EntryPoint","urlTemplate":"https:\/\/industrial.filtrationgroup.com\/de\/?s={search_term_string}"},"query-input":{"@type":"PropertyValueSpecification","valueRequired":true,"valueName":"search_term_string"}}],"inLanguage":"de-DE"},{"@type":"Organization","@id":"https:\/\/industrial.filtrationgroup.com\/de\/#organization","name":"Filtration Group","url":"https:\/\/industrial.filtrationgroup.com\/de\/","logo":{"@type":"ImageObject","inLanguage":"de-DE","@id":"https:\/\/industrial.filtrationgroup.com\/de\/#\/schema\/logo\/image\/","url":"https:\/\/industrial.filtrationgroup.com\/wp-content\/uploads\/2019\/06\/FGC-logo-1.png","contentUrl":"https:\/\/industrial.filtrationgroup.com\/wp-content\/uploads\/2019\/06\/FGC-logo-1.png","width":1104,"height":224,"caption":"Filtration Group"},"image":{"@id":"https:\/\/industrial.filtrationgroup.com\/de\/#\/schema\/logo\/image\/"}}]}},"_links":{"self":[{"href":"https:\/\/industrial.filtrationgroup.com\/de\/wp-json\/wp\/v2\/pages\/1872","targetHints":{"allow":["GET"]}}],"collection":[{"href":"https:\/\/industrial.filtrationgroup.com\/de\/wp-json\/wp\/v2\/pages"}],"about":[{"href":"https:\/\/industrial.filtrationgroup.com\/de\/wp-json\/wp\/v2\/types\/page"}],"author":[{"embeddable":true,"href":"https:\/\/industrial.filtrationgroup.com\/de\/wp-json\/wp\/v2\/users\/2068"}],"replies":[{"embeddable":true,"href":"https:\/\/industrial.filtrationgroup.com\/de\/wp-json\/wp\/v2\/comments?post=1872"}],"version-history":[{"count":0,"href":"https:\/\/industrial.filtrationgroup.com\/de\/wp-json\/wp\/v2\/pages\/1872\/revisions"}],"wp:attachment":[{"href":"https:\/\/industrial.filtrationgroup.com\/de\/wp-json\/wp\/v2\/media?parent=1872"}],"curies":[{"name":"wp","href":"https:\/\/api.w.org\/{rel}","templated":true}]}}