{"id":2273,"date":"2019-10-03T16:11:14","date_gmt":"2019-10-03T16:11:14","guid":{"rendered":"http:\/\/industrial.filtrationgroup.com\/marktsegmente\/marine\/"},"modified":"2021-09-09T08:26:43","modified_gmt":"2021-09-09T08:26:43","slug":"schiffsbetriebstechnik","status":"publish","type":"page","link":"https:\/\/industrial.filtrationgroup.com\/de\/marktsegmente\/schiffsbetriebstechnik\/","title":{"rendered":"Schiffsbetriebstechnik"},"content":{"rendered":"\n<div class=\"wp-block-cover alignfull has-background-dim\"><img loading=\"lazy\" decoding=\"async\" width=\"2000\" height=\"666\" class=\"wp-block-cover__image-background wp-image-386\" alt=\"\" src=\"https:\/\/industrial.filtrationgroup.com\/wp-content\/uploads\/2019\/10\/FG-markets-schiff_header.jpg\" data-object-fit=\"cover\" srcset=\"https:\/\/industrial.filtrationgroup.com\/wp-content\/uploads\/2019\/10\/FG-markets-schiff_header.jpg 2000w, https:\/\/industrial.filtrationgroup.com\/wp-content\/uploads\/2019\/10\/FG-markets-schiff_header-300x100.jpg 300w, https:\/\/industrial.filtrationgroup.com\/wp-content\/uploads\/2019\/10\/FG-markets-schiff_header-768x256.jpg 768w, https:\/\/industrial.filtrationgroup.com\/wp-content\/uploads\/2019\/10\/FG-markets-schiff_header-1024x341.jpg 1024w\" sizes=\"auto, (max-width: 2000px) 100vw, 2000px\" \/><div class=\"wp-block-cover__inner-container is-layout-flow wp-block-cover-is-layout-flow\">\n<h1 class=\"has-text-align-center wp-block-heading\">Schiffsbetriebstechnik<\/h1>\n<\/div><\/div>\n\n\n\n<div class=\"wp-block-columns has-2-columns is-layout-flex wp-container-core-columns-is-layout-9d6595d7 wp-block-columns-is-layout-flex\">\n<div class=\"wp-block-column is-layout-flow wp-block-column-is-layout-flow\">\n<h2 class=\"wp-block-heading\"><strong>Entw\u00e4sserung und Hydraulikfiltration: Zwei S\u00e4ulen f\u00fcr Betriebssicherheit auf hoher See<\/strong><\/h2>\n\n\n\n<h3 class=\"wp-block-heading\">Auf hoher See haben Filtersysteme drei zentrale Aufgaben: die Kraftstoffaufbereitung, die Bilgewasser-Separation und die Reinhaltung von Hydraulikfl\u00fcssigkeiten im Motor des Schiffes. Filtration Group Industrial Industrial hat f\u00fcr alle Einsatzszenarien Filtersysteme, die nicht nur die erforderliche Filtrationsleistung bringen, sondern sich auch den beengten r\u00e4umlichen Gegebenheiten auf Schiffen anpassen. Bei Bedarf werden auch individuelle L\u00f6sungen ausgearbeitet.<\/h3>\n\n\n\n<p>Die auf Schiffen verbaute Technik muss trotz der widrigen Au\u00dfenbedingungen tadellos funktionieren. F\u00fcr die Hydraulikfiltration auf Schiffen bietet Filtration Group Industrial eine ganze Reihe ad\u00e4quater Industriefilter und Separatoren. Zus\u00e4tzlich zu den Filterelementen f\u00fcr die Originalfilter schlie\u00dft Filtration Group Industrial mit der EcoParts-Serie die L\u00fccke zu den Filtersystemen anderer Hersteller.&nbsp;<\/p>\n\n\n\n<p>Bei der Kraftstoffpflege und der Bilgewasser-Separation setzt Filtration Group Industrial auf die Separation nach der Koaleszer-Methode. Diese trennt \u00d6l und Wasser effizient und kommt ohne den Zusatz von Chemikalien aus. Der Rest\u00f6lgehalt im gefilterten Bilgewasser liegt unter den international geforderten 5 ppm. Umgekehrt verhindert die saubere Entw\u00e4sserung des Kraftstoffes Korrosionen und Ablagerungen am Motor. <\/p>\n<\/div>\n\n\n\n<div class=\"wp-block-column is-layout-flow wp-block-column-is-layout-flow\">\n<h3 class=\"wp-block-heading\">Gemeinsam machen wir die Schifffahrt \u2026<\/h3>\n\n\n\n<p><strong>\u2026 sicherer,<\/strong>&nbsp;indem wir die Betriebstechnik eines Schiffes vor Verschmutzungen und Korrosion sch\u00fctzen. So helfen wir Sch\u00e4den auf hoher See zu vermeiden<\/p>\n\n\n\n<p><strong>&#8230; ges\u00fcnder,<\/strong>&nbsp;indem wir daf\u00fcr sorgen, dass nur Wasser vom Schiff abgeleitet wird, das gem\u00e4\u00df international geltenden Vorschriften gereinigt wurde<\/p>\n\n\n\n<p><strong>&#8230; produktiver,<\/strong>&nbsp;indem wir unsere Filter- und Separationsl\u00f6sungen so konstruiert haben, dass sie so wirken wie eine g\u00fcnstige Str\u00f6mung auf das Schiff: als wirkungsvolle Schubkraft f\u00fcr die Wirtschaftlichkeit<\/p>\n<\/div>\n<\/div>\n\n\n\n<div class=\"wp-block-media-text alignwide has-media-on-the-right is-stacked-on-mobile\"><figure class=\"wp-block-media-text__media\"><img loading=\"lazy\" decoding=\"async\" width=\"1024\" height=\"648\" src=\"https:\/\/industrial.filtrationgroup.com\/wp-content\/uploads\/2019\/10\/FG-markets-schiff_uebesicht-1024x648.jpg\" alt=\"\" class=\"wp-image-724 size-full\" srcset=\"https:\/\/industrial.filtrationgroup.com\/wp-content\/uploads\/2019\/10\/FG-markets-schiff_uebesicht-1024x648.jpg 1024w, https:\/\/industrial.filtrationgroup.com\/wp-content\/uploads\/2019\/10\/FG-markets-schiff_uebesicht-300x190.jpg 300w, https:\/\/industrial.filtrationgroup.com\/wp-content\/uploads\/2019\/10\/FG-markets-schiff_uebesicht-768x486.jpg 768w, https:\/\/industrial.filtrationgroup.com\/wp-content\/uploads\/2019\/10\/FG-markets-schiff_uebesicht.jpg 1030w\" sizes=\"auto, (max-width: 1024px) 100vw, 1024px\" \/><\/figure><div class=\"wp-block-media-text__content\">\n<h3 class=\"wp-block-heading\">Anwendungen<\/h3>\n\n\n\n<h2 class=\"wp-block-heading\"><strong>Filtersysteme und Service verbindet der hohe Qualit\u00e4tsanspruch von Filtration Group<\/strong> Industrial<\/h2>\n\n\n\n<p>Filtersysteme von Filtration Group Industrial halten den Schiffsmotor am Laufen und helfen dabei, die Umweltbelastung des Schiffsverkehrs f\u00fcr die Meere zu reduzieren. Filtration Group Industrial meistert dabei die Herausforderung, maximale Leistungsf\u00e4higkeit mit minimalem Platzbedarf zu verbinden. Das optimale Produktangebot rund um Separation, Hydraulikfiltration und Bilgewasser-Separation erg\u00e4nzt ein ausgezeichneter Service: Wenn n\u00f6tig, bleibt der FG-Techniker sogar an Bord, um die Funktionsf\u00e4higkeit der Filtersysteme in voller Fahrt sicherzustellen.\u00a0\u00a0<\/p>\n<\/div><\/div>\n\n\n<div\n\t\t\t\n\t\t\tclass=\"so-widget-sow-accordion so-widget-sow-accordion-default-5674beebb4fa\"\n\t\t\t\n\t\t><div>\n\t<div class=\"sow-accordion\">\n\t\t\t<div class=\"sow-accordion-panel\n\t\t\t\t\t\"\n\t\t\t\tdata-anchor-id=\"systeme-zur-motorenreinhaltung\">\n\t\t\t\t\t<div class=\"sow-accordion-panel-header-container\" role=\"heading\" aria-level=\"2\">\n\t\t\t\t\t<div class=\"sow-accordion-panel-header\" tabindex=\"0\" role=\"button\" id=\"accordion-label-systeme-zur-motorenreinhaltung\" aria-controls=\"accordion-content-systeme-zur-motorenreinhaltung\" aria-expanded=\"false\">\n\t\t\t\t\t\t<div class=\"sow-accordion-title sow-accordion-title-icon-left\">\n\t\t\t\t\t\t\t\t\t\t\t\t\t\tSysteme zur Motorenreinhaltung\t\t\t\t\t\t\t\t\t\t\t\t\t<\/div>\n\t\t\t\t\t\t<div class=\"sow-accordion-open-close-button\">\n\t\t\t\t\t\t\t<div class=\"sow-accordion-open-button\">\n\t\t\t\t\t\t\t\t<span class=\"sow-icon-fontawesome sow-fas\" data-sow-icon=\"&#x2b;\"\n\t\t \n\t\taria-hidden=\"true\"><\/span>\t\t\t\t\t\t\t<\/div>\n\t\t\t\t\t\t\t<div class=\"sow-accordion-close-button\">\n\t\t\t\t\t\t\t\t<span class=\"sow-icon-fontawesome sow-fas\" data-sow-icon=\"&#xf068;\"\n\t\t \n\t\taria-hidden=\"true\"><\/span>\t\t\t\t\t\t\t<\/div>\n\t\t\t\t\t\t<\/div>\n\t\t\t\t\t<\/div>\n\t\t\t\t<\/div>\n\n\t\t\t<div\n\t\t\t\tclass=\"sow-accordion-panel-content\"\n\t\t\t\trole=\"region\"\n\t\t\t\taria-labelledby=\"accordion-label-systeme-zur-motorenreinhaltung\"\n\t\t\t\tid=\"accordion-content-systeme-zur-motorenreinhaltung\"\n\t\t\t\tstyle=\"display: none;\"\t\t\t>\n\t\t\t\t<div class=\"sow-accordion-panel-border\">\n\t\t\t\t\t<p>Verschiedene Filter und Pflegesysteme f\u00fcr Kraft- und Schmierstoffe sch\u00fctzen den Motor vor Verunreinigungen und gew\u00e4hrleisten einen zuverl\u00e4ssigen und schadstoffarmen Betrieb \u00fcber einen langen Zeitraum. Um Korrosionssch\u00e4den am Motor zu vermeiden, kommt mit der Koaleszertechnik ein physikalisches Trennverfahren von \u00d6l bzw. Treibstoff und Wasser zum Einsatz, das Zentrifugen und Chemikalien \u00fcberfl\u00fcssig macht. Filtersysteme f\u00fcr die Ansaugluft machen das Portfolio zur Reinhaltung des Motors komplett. Dass alle Systeme sehr selten gewartet werden m\u00fcssen, wirkt sich zusammen mit ihrer Leistungsf\u00e4higkeit auf einen wirtschaftlichen Betrieb des Schiffes aus.<\/p>\n<div class=\"clear\">\u00a0<\/div>\n<p><a class=\"btn btn-primary btn-half-width\" href=\"https:\/\/industrial.filtrationgroup.com\/de\/produktsegmente\/separation\/\">KRAFTSTOFFPFLEGESYSTEME<\/a><\/p>\n<p><a class=\"btn btn-primary btn-half-width\" href=\"https:\/\/industrial.filtrationgroup.com\/de\/produktsegmente\/separation\/\">KRAFTSTOFFFILTER<\/a><\/p>\n<p><a class=\"btn btn-primary btn-half-width\" href=\"https:\/\/industrial.filtrationgroup.com\/de\/produktsegmente\/separation\/\">SCHMIERSTOFFPFLEGESYSTEME<\/a><\/p>\n<p><a class=\"btn btn-primary btn-half-width\" href=\"https:\/\/industrial.filtrationgroup.com\/de\/produktsegmente\/separation\/\">SCHMIERSTOFFFILTER<\/a><\/p>\n<p><a class=\"btn btn-primary btn-half-width\" href=\"https:\/\/industrial.filtrationgroup.com\/de\/produktsegmente\/separation\/\">ANSAUGLUFTFILTER<\/a><\/p>\n<p><a class=\"btn btn-primary btn-half-width\" href=\"https:\/\/industrial.filtrationgroup.com\/de\/produktsegmente\/hydraulikfiltration\/\">ANSCHRAUBPATRONEN<\/a><\/p>\n\t\t\t\t<\/div>\n\t\t\t<\/div>\n\t\t<\/div>\n\t\t\t<div class=\"sow-accordion-panel\n\t\t\t\t\t\"\n\t\t\t\tdata-anchor-id=\"hydraulik-und-schmierung\">\n\t\t\t\t\t<div class=\"sow-accordion-panel-header-container\" role=\"heading\" aria-level=\"2\">\n\t\t\t\t\t<div class=\"sow-accordion-panel-header\" tabindex=\"0\" role=\"button\" id=\"accordion-label-hydraulik-und-schmierung\" aria-controls=\"accordion-content-hydraulik-und-schmierung\" aria-expanded=\"false\">\n\t\t\t\t\t\t<div class=\"sow-accordion-title sow-accordion-title-icon-left\">\n\t\t\t\t\t\t\t\t\t\t\t\t\t\tHydraulik und Schmierung\t\t\t\t\t\t\t\t\t\t\t\t\t<\/div>\n\t\t\t\t\t\t<div class=\"sow-accordion-open-close-button\">\n\t\t\t\t\t\t\t<div class=\"sow-accordion-open-button\">\n\t\t\t\t\t\t\t\t<span class=\"sow-icon-fontawesome sow-fas\" data-sow-icon=\"&#x2b;\"\n\t\t \n\t\taria-hidden=\"true\"><\/span>\t\t\t\t\t\t\t<\/div>\n\t\t\t\t\t\t\t<div class=\"sow-accordion-close-button\">\n\t\t\t\t\t\t\t\t<span class=\"sow-icon-fontawesome sow-fas\" data-sow-icon=\"&#xf068;\"\n\t\t \n\t\taria-hidden=\"true\"><\/span>\t\t\t\t\t\t\t<\/div>\n\t\t\t\t\t\t<\/div>\n\t\t\t\t\t<\/div>\n\t\t\t\t<\/div>\n\n\t\t\t<div\n\t\t\t\tclass=\"sow-accordion-panel-content\"\n\t\t\t\trole=\"region\"\n\t\t\t\taria-labelledby=\"accordion-label-hydraulik-und-schmierung\"\n\t\t\t\tid=\"accordion-content-hydraulik-und-schmierung\"\n\t\t\t\tstyle=\"display: none;\"\t\t\t>\n\t\t\t\t<div class=\"sow-accordion-panel-border\">\n\t\t\t\t\t<p>In jeder Yacht, jedem Container-, Fracht- oder Passagierschiff ist komplexe Technik verbaut, die trotz der zahlreichen \u00e4u\u00dferen Einfl\u00fcsse einwandfrei funktionieren muss. Um die verschiedenen Antriebe, Hydraulikanlagen und Systeme dauerhaft vor Verunreinigungen oder Korrosion zu sch\u00fctzen, bietet Filtration Group Industrial ein breitgef\u00e4chertes Portfolio mit Filter- und Separationsl\u00f6sungen f\u00fcr jeden Anwendungsbereich auf und unter Deck an. Alle Produkte passen sich flexibel den baulichen Vorgaben jedes Schiffstyps an und reinigen zuverl\u00e4ssig alle Fl\u00fcssigkeiten, die den Schiffsbetrieb und damit seine Rentabilit\u00e4t am Laufen halten. Dass Filtrations- und Separationsstandards internationalen Normen entsprechen, versteht sich von selbst.<\/p>\n<div class=\"clear\">\u00a0<\/div>\n<p><a class=\"btn btn-primary btn-half-width\" href=\"https:\/\/industrial.filtrationgroup.com\/de\/produktsegmente\/hydraulikfiltration\/\">DRUCKFILTER<\/a><\/p>\n<p><a class=\"btn btn-primary btn-half-width\" href=\"https:\/\/industrial.filtrationgroup.com\/de\/produktsegmente\/hydraulikfiltration\/\">DUPLEX- ODER DOPPELSCHALTFILTER<\/a><\/p>\n<p><a class=\"btn btn-primary btn-half-width\" href=\"https:\/\/industrial.filtrationgroup.com\/de\/produktsegmente\/hydraulikfiltration\/\">R\u00dcCKLAUFFILTER<\/a><\/p>\n<p><a class=\"btn btn-primary btn-half-width\" href=\"https:\/\/industrial.filtrationgroup.com\/de\/produktsegmente\/hydraulikfiltration\/\">HYDRAULIKFILTER F\u00dcR RUDERANLAGE<\/a><\/p>\n<p><a class=\"btn btn-primary btn-half-width\" href=\"https:\/\/industrial.filtrationgroup.com\/de\/produktsegmente\/hydraulikfiltration\/\">GETRIEBE\u00d6LFILTER<\/a><\/p>\n<p><a class=\"btn btn-primary btn-half-width\" href=\"https:\/\/industrial.filtrationgroup.com\/de\/produktsegmente\/hydraulikfiltration\/\">FILTER F\u00dcR DECKSHYDRAULIK<\/a><\/p>\n<p><a class=\"btn btn-primary btn-half-width\" href=\"https:\/\/industrial.filtrationgroup.com\/de\/produktsegmente\/hydraulikfiltration\/\">FILTERELEMENTE<\/a><\/p>\n<p><a class=\"btn btn-primary btn-half-width\" href=\"https:\/\/industrial.filtrationgroup.com\/de\/produktsegmente\/hydraulikfiltration\/\">ECOPARTS<\/a><\/p>\n<p><a class=\"btn btn-primary btn-half-width\" href=\"https:\/\/industrial.filtrationgroup.com\/de\/produktsegmente\/hydraulikfiltration\/\">TR\u00dcBUNGSSENSOR<\/a><\/p>\n<p><a class=\"btn btn-primary btn-half-width\" href=\"\/\/industrial.filtrationgroup.com\/de\/produktsegmente\/hydraulikfiltration\/\">FILTERWASSERABSCHEIDER<\/a><\/p>\n<p><a class=\"btn btn-primary btn-half-width\" href=\"https:\/\/industrial.filtrationgroup.com\/de\/produktsegmente\/separation\/\">\u00d6LPFLEGESYSTEME F\u00dcR STEVENROHRABDICHTUNGEN<\/a><\/p>\n\t\t\t\t<\/div>\n\t\t\t<\/div>\n\t\t<\/div>\n\t\t<\/div>\n<\/div>\n<\/div>\n\n<div\n\t\t\t\n\t\t\tclass=\"so-widget-sow-post-carousel so-widget-sow-post-carousel-base-ad93eedad001\"\n\t\t\t\n\t\t><\/div>\n\n\n<div class=\"wp-block-columns is-layout-flex wp-container-core-columns-is-layout-9d6595d7 wp-block-columns-is-layout-flex\">\n<div class=\"wp-block-column is-layout-flow wp-block-column-is-layout-flow\">\n<h2 class=\"wp-block-heading\">Kontakt <\/h2>\n\n\n\n<h3 class=\"wp-block-heading\">Gerne helfen wir Ihnen weiter.<br>Kontaktieren Sie uns. <\/h3>\n\n\n\n<div class=\"wp-block-button\"><a class=\"wp-block-button__link has-white-color has-green-background-color has-text-color has-background\" href=\"https:\/\/industrial.filtrationgroup.com\/de\/kontakt\/\"> Zum Kontaktformular <\/a><\/div>\n<\/div>\n\n\n\n<div class=\"wp-block-column is-layout-flow wp-block-column-is-layout-flow\">\n<h2 class=\"wp-block-heading\">Speziall\u00f6sungen <\/h2>\n\n\n\n<p>Filtration Group Industrial bietet alle Filtersysteme und Separationsanlagen auch als ma\u00dfgeschneiderte L\u00f6sung an. Unsere Experten beraten Sie gerne, welche Variante am besten zu den speziellen Anforderungen in Ihrer Arbeitsumgebung passt.  <\/p>\n<\/div>\n\n\n\n<div class=\"wp-block-column is-layout-flow wp-block-column-is-layout-flow\">\n<h2 class=\"wp-block-heading\">Downloads <\/h2>\n\n\n\n<h3 class=\"wp-block-heading\">Hier finden Sie unsere aktuelle Brosch\u00fcre zum Download.<\/h3>\n\n\n\n<div class=\"wp-block-buttons is-layout-flex wp-block-buttons-is-layout-flex\">\n<div class=\"wp-block-button\"><a class=\"wp-block-button__link has-green-background-color has-background\" href=\"https:\/\/industrial.filtrationgroup.com\/wp-content\/uploads\/2022\/05\/220511_FG_Broschuere-Marine_DE_ds.pdf\" target=\"_blank\" rel=\"noreferrer noopener\">Brosch\u00fcre Schiffsbetriebstechnik<\/a><\/div>\n<\/div>\n<\/div>\n<\/div>\n","protected":false},"excerpt":{"rendered":"<p>Entw\u00e4sserung und Hydraulikfiltration: Zwei S\u00e4ulen f\u00fcr Betriebssicherheit auf hoher See Auf hoher See haben Filtersysteme drei zentrale Aufgaben: die Kraftstoffaufbereitung, die Bilgewasser-Separation und die Reinhaltung von Hydraulikfl\u00fcssigkeiten im Motor des Schiffes. Filtration Group Industrial Industrial hat f\u00fcr alle Einsatzszenarien Filtersysteme, die nicht nur die erforderliche Filtrationsleistung bringen, sondern sich auch den beengten r\u00e4umlichen Gegebenheiten auf [&hellip;]<\/p>\n","protected":false},"author":2068,"featured_media":0,"parent":1677,"menu_order":0,"comment_status":"closed","ping_status":"closed","template":"","meta":{"_acf_changed":false,"footnotes":""},"class_list":["post-2273","page","type-page","status-publish","hentry"],"acf":[],"yoast_head":"<!-- This site is optimized with the Yoast SEO plugin v27.3 - https:\/\/yoast.com\/product\/yoast-seo-wordpress\/ -->\n<title>Schiffsbetriebstechnik - Filtration Group Industrial<\/title>\n<meta name=\"description\" content=\"Einsatz auf hoher See - Wir kombinieren maximale Effizienz auf kleinstem Raum f\u00fcr eine saubere Wasserabscheidung. Erfahren Sie mehr!\" \/>\n<meta name=\"robots\" content=\"index, follow, max-snippet:-1, max-image-preview:large, max-video-preview:-1\" \/>\n<link rel=\"canonical\" href=\"https:\/\/industrial.filtrationgroup.com\/de\/marktsegmente\/schiffsbetriebstechnik\/\" \/>\n<meta property=\"og:locale\" content=\"de_DE\" \/>\n<meta property=\"og:type\" content=\"article\" \/>\n<meta property=\"og:title\" content=\"Schiffsbetriebstechnik - Filtration Group Industrial\" \/>\n<meta property=\"og:description\" content=\"Einsatz auf hoher See - Wir kombinieren maximale Effizienz auf kleinstem Raum f\u00fcr eine saubere Wasserabscheidung. Erfahren Sie mehr!\" \/>\n<meta property=\"og:url\" content=\"https:\/\/industrial.filtrationgroup.com\/de\/marktsegmente\/schiffsbetriebstechnik\/\" \/>\n<meta property=\"og:site_name\" content=\"Filtration Group Industrial\" \/>\n<meta property=\"article:modified_time\" content=\"2021-09-09T08:26:43+00:00\" \/>\n<meta property=\"og:image\" content=\"https:\/\/industrial.filtrationgroup.com\/wp-content\/uploads\/2019\/10\/FG-markets-schiff_header.jpg\" \/>\n<meta name=\"twitter:card\" content=\"summary_large_image\" \/>\n<meta name=\"twitter:label1\" content=\"Gesch\u00e4tzte Lesezeit\" \/>\n\t<meta name=\"twitter:data1\" content=\"2 Minuten\" \/>\n<script type=\"application\/ld+json\" class=\"yoast-schema-graph\">{\"@context\":\"https:\\\/\\\/schema.org\",\"@graph\":[{\"@type\":\"WebPage\",\"@id\":\"https:\\\/\\\/industrial.filtrationgroup.com\\\/de\\\/marktsegmente\\\/schiffsbetriebstechnik\\\/\",\"url\":\"https:\\\/\\\/industrial.filtrationgroup.com\\\/de\\\/marktsegmente\\\/schiffsbetriebstechnik\\\/\",\"name\":\"Schiffsbetriebstechnik - Filtration Group Industrial\",\"isPartOf\":{\"@id\":\"https:\\\/\\\/industrial.filtrationgroup.com\\\/de\\\/#website\"},\"primaryImageOfPage\":{\"@id\":\"https:\\\/\\\/industrial.filtrationgroup.com\\\/de\\\/marktsegmente\\\/schiffsbetriebstechnik\\\/#primaryimage\"},\"image\":{\"@id\":\"https:\\\/\\\/industrial.filtrationgroup.com\\\/de\\\/marktsegmente\\\/schiffsbetriebstechnik\\\/#primaryimage\"},\"thumbnailUrl\":\"https:\\\/\\\/industrial.filtrationgroup.com\\\/wp-content\\\/uploads\\\/2019\\\/10\\\/FG-markets-schiff_header.jpg\",\"datePublished\":\"2019-10-03T16:11:14+00:00\",\"dateModified\":\"2021-09-09T08:26:43+00:00\",\"description\":\"Einsatz auf hoher See - Wir kombinieren maximale Effizienz auf kleinstem Raum f\u00fcr eine saubere Wasserabscheidung. Erfahren Sie mehr!\",\"breadcrumb\":{\"@id\":\"https:\\\/\\\/industrial.filtrationgroup.com\\\/de\\\/marktsegmente\\\/schiffsbetriebstechnik\\\/#breadcrumb\"},\"inLanguage\":\"de-DE\",\"potentialAction\":[{\"@type\":\"ReadAction\",\"target\":[\"https:\\\/\\\/industrial.filtrationgroup.com\\\/de\\\/marktsegmente\\\/schiffsbetriebstechnik\\\/\"]}]},{\"@type\":\"ImageObject\",\"inLanguage\":\"de-DE\",\"@id\":\"https:\\\/\\\/industrial.filtrationgroup.com\\\/de\\\/marktsegmente\\\/schiffsbetriebstechnik\\\/#primaryimage\",\"url\":\"https:\\\/\\\/industrial.filtrationgroup.com\\\/wp-content\\\/uploads\\\/2019\\\/10\\\/FG-markets-schiff_header.jpg\",\"contentUrl\":\"https:\\\/\\\/industrial.filtrationgroup.com\\\/wp-content\\\/uploads\\\/2019\\\/10\\\/FG-markets-schiff_header.jpg\"},{\"@type\":\"BreadcrumbList\",\"@id\":\"https:\\\/\\\/industrial.filtrationgroup.com\\\/de\\\/marktsegmente\\\/schiffsbetriebstechnik\\\/#breadcrumb\",\"itemListElement\":[{\"@type\":\"ListItem\",\"position\":1,\"name\":\"\",\"item\":\"https:\\\/\\\/industrial.filtrationgroup.com\\\/de\\\/\"},{\"@type\":\"ListItem\",\"position\":2,\"name\":\"Marktsegmente\",\"item\":\"https:\\\/\\\/industrial.filtrationgroup.com\\\/de\\\/marktsegmente\\\/\"},{\"@type\":\"ListItem\",\"position\":3,\"name\":\"Schiffsbetriebstechnik\"}]},{\"@type\":\"WebSite\",\"@id\":\"https:\\\/\\\/industrial.filtrationgroup.com\\\/de\\\/#website\",\"url\":\"https:\\\/\\\/industrial.filtrationgroup.com\\\/de\\\/\",\"name\":\"Filtration Group Industrial\",\"description\":\"Making the World Safer, Healthier and More Productive\",\"publisher\":{\"@id\":\"https:\\\/\\\/industrial.filtrationgroup.com\\\/de\\\/#organization\"},\"potentialAction\":[{\"@type\":\"SearchAction\",\"target\":{\"@type\":\"EntryPoint\",\"urlTemplate\":\"https:\\\/\\\/industrial.filtrationgroup.com\\\/de\\\/?s={search_term_string}\"},\"query-input\":{\"@type\":\"PropertyValueSpecification\",\"valueRequired\":true,\"valueName\":\"search_term_string\"}}],\"inLanguage\":\"de-DE\"},{\"@type\":\"Organization\",\"@id\":\"https:\\\/\\\/industrial.filtrationgroup.com\\\/de\\\/#organization\",\"name\":\"Filtration Group\",\"url\":\"https:\\\/\\\/industrial.filtrationgroup.com\\\/de\\\/\",\"logo\":{\"@type\":\"ImageObject\",\"inLanguage\":\"de-DE\",\"@id\":\"https:\\\/\\\/industrial.filtrationgroup.com\\\/de\\\/#\\\/schema\\\/logo\\\/image\\\/\",\"url\":\"https:\\\/\\\/industrial.filtrationgroup.com\\\/wp-content\\\/uploads\\\/2019\\\/06\\\/FGC-logo-1.png\",\"contentUrl\":\"https:\\\/\\\/industrial.filtrationgroup.com\\\/wp-content\\\/uploads\\\/2019\\\/06\\\/FGC-logo-1.png\",\"width\":1104,\"height\":224,\"caption\":\"Filtration Group\"},\"image\":{\"@id\":\"https:\\\/\\\/industrial.filtrationgroup.com\\\/de\\\/#\\\/schema\\\/logo\\\/image\\\/\"}}]}<\/script>\n<!-- \/ Yoast SEO plugin. -->","yoast_head_json":{"title":"Schiffsbetriebstechnik - Filtration Group Industrial","description":"Einsatz auf hoher See - Wir kombinieren maximale Effizienz auf kleinstem Raum f\u00fcr eine saubere Wasserabscheidung. Erfahren Sie mehr!","robots":{"index":"index","follow":"follow","max-snippet":"max-snippet:-1","max-image-preview":"max-image-preview:large","max-video-preview":"max-video-preview:-1"},"canonical":"https:\/\/industrial.filtrationgroup.com\/de\/marktsegmente\/schiffsbetriebstechnik\/","og_locale":"de_DE","og_type":"article","og_title":"Schiffsbetriebstechnik - Filtration Group Industrial","og_description":"Einsatz auf hoher See - Wir kombinieren maximale Effizienz auf kleinstem Raum f\u00fcr eine saubere Wasserabscheidung. Erfahren Sie mehr!","og_url":"https:\/\/industrial.filtrationgroup.com\/de\/marktsegmente\/schiffsbetriebstechnik\/","og_site_name":"Filtration Group Industrial","article_modified_time":"2021-09-09T08:26:43+00:00","og_image":[{"url":"https:\/\/industrial.filtrationgroup.com\/wp-content\/uploads\/2019\/10\/FG-markets-schiff_header.jpg","type":"","width":"","height":""}],"twitter_card":"summary_large_image","twitter_misc":{"Gesch\u00e4tzte Lesezeit":"2 Minuten"},"schema":{"@context":"https:\/\/schema.org","@graph":[{"@type":"WebPage","@id":"https:\/\/industrial.filtrationgroup.com\/de\/marktsegmente\/schiffsbetriebstechnik\/","url":"https:\/\/industrial.filtrationgroup.com\/de\/marktsegmente\/schiffsbetriebstechnik\/","name":"Schiffsbetriebstechnik - Filtration Group Industrial","isPartOf":{"@id":"https:\/\/industrial.filtrationgroup.com\/de\/#website"},"primaryImageOfPage":{"@id":"https:\/\/industrial.filtrationgroup.com\/de\/marktsegmente\/schiffsbetriebstechnik\/#primaryimage"},"image":{"@id":"https:\/\/industrial.filtrationgroup.com\/de\/marktsegmente\/schiffsbetriebstechnik\/#primaryimage"},"thumbnailUrl":"https:\/\/industrial.filtrationgroup.com\/wp-content\/uploads\/2019\/10\/FG-markets-schiff_header.jpg","datePublished":"2019-10-03T16:11:14+00:00","dateModified":"2021-09-09T08:26:43+00:00","description":"Einsatz auf hoher See - Wir kombinieren maximale Effizienz auf kleinstem Raum f\u00fcr eine saubere Wasserabscheidung. Erfahren Sie mehr!","breadcrumb":{"@id":"https:\/\/industrial.filtrationgroup.com\/de\/marktsegmente\/schiffsbetriebstechnik\/#breadcrumb"},"inLanguage":"de-DE","potentialAction":[{"@type":"ReadAction","target":["https:\/\/industrial.filtrationgroup.com\/de\/marktsegmente\/schiffsbetriebstechnik\/"]}]},{"@type":"ImageObject","inLanguage":"de-DE","@id":"https:\/\/industrial.filtrationgroup.com\/de\/marktsegmente\/schiffsbetriebstechnik\/#primaryimage","url":"https:\/\/industrial.filtrationgroup.com\/wp-content\/uploads\/2019\/10\/FG-markets-schiff_header.jpg","contentUrl":"https:\/\/industrial.filtrationgroup.com\/wp-content\/uploads\/2019\/10\/FG-markets-schiff_header.jpg"},{"@type":"BreadcrumbList","@id":"https:\/\/industrial.filtrationgroup.com\/de\/marktsegmente\/schiffsbetriebstechnik\/#breadcrumb","itemListElement":[{"@type":"ListItem","position":1,"name":"","item":"https:\/\/industrial.filtrationgroup.com\/de\/"},{"@type":"ListItem","position":2,"name":"Marktsegmente","item":"https:\/\/industrial.filtrationgroup.com\/de\/marktsegmente\/"},{"@type":"ListItem","position":3,"name":"Schiffsbetriebstechnik"}]},{"@type":"WebSite","@id":"https:\/\/industrial.filtrationgroup.com\/de\/#website","url":"https:\/\/industrial.filtrationgroup.com\/de\/","name":"Filtration Group Industrial","description":"Making the World Safer, Healthier and More Productive","publisher":{"@id":"https:\/\/industrial.filtrationgroup.com\/de\/#organization"},"potentialAction":[{"@type":"SearchAction","target":{"@type":"EntryPoint","urlTemplate":"https:\/\/industrial.filtrationgroup.com\/de\/?s={search_term_string}"},"query-input":{"@type":"PropertyValueSpecification","valueRequired":true,"valueName":"search_term_string"}}],"inLanguage":"de-DE"},{"@type":"Organization","@id":"https:\/\/industrial.filtrationgroup.com\/de\/#organization","name":"Filtration Group","url":"https:\/\/industrial.filtrationgroup.com\/de\/","logo":{"@type":"ImageObject","inLanguage":"de-DE","@id":"https:\/\/industrial.filtrationgroup.com\/de\/#\/schema\/logo\/image\/","url":"https:\/\/industrial.filtrationgroup.com\/wp-content\/uploads\/2019\/06\/FGC-logo-1.png","contentUrl":"https:\/\/industrial.filtrationgroup.com\/wp-content\/uploads\/2019\/06\/FGC-logo-1.png","width":1104,"height":224,"caption":"Filtration Group"},"image":{"@id":"https:\/\/industrial.filtrationgroup.com\/de\/#\/schema\/logo\/image\/"}}]}},"_links":{"self":[{"href":"https:\/\/industrial.filtrationgroup.com\/de\/wp-json\/wp\/v2\/pages\/2273","targetHints":{"allow":["GET"]}}],"collection":[{"href":"https:\/\/industrial.filtrationgroup.com\/de\/wp-json\/wp\/v2\/pages"}],"about":[{"href":"https:\/\/industrial.filtrationgroup.com\/de\/wp-json\/wp\/v2\/types\/page"}],"author":[{"embeddable":true,"href":"https:\/\/industrial.filtrationgroup.com\/de\/wp-json\/wp\/v2\/users\/2068"}],"replies":[{"embeddable":true,"href":"https:\/\/industrial.filtrationgroup.com\/de\/wp-json\/wp\/v2\/comments?post=2273"}],"version-history":[{"count":0,"href":"https:\/\/industrial.filtrationgroup.com\/de\/wp-json\/wp\/v2\/pages\/2273\/revisions"}],"up":[{"embeddable":true,"href":"https:\/\/industrial.filtrationgroup.com\/de\/wp-json\/wp\/v2\/pages\/1677"}],"wp:attachment":[{"href":"https:\/\/industrial.filtrationgroup.com\/de\/wp-json\/wp\/v2\/media?parent=2273"}],"curies":[{"name":"wp","href":"https:\/\/api.w.org\/{rel}","templated":true}]}}