{"id":2557,"date":"2019-10-01T17:19:03","date_gmt":"2019-10-01T17:19:03","guid":{"rendered":"http:\/\/industrial.filtrationgroup.com\/product\/"},"modified":"2020-03-16T13:15:54","modified_gmt":"2020-03-16T13:15:54","slug":"produktsegmente","status":"publish","type":"page","link":"https:\/\/industrial.filtrationgroup.com\/de\/produktsegmente\/","title":{"rendered":"Produktsegmente"},"content":{"rendered":"\n<div class=\"wp-block-cover alignfull has-background-dim\" style=\"background-image:url(https:\/\/industrial.filtrationgroup.com\/wp-content\/uploads\/2019\/10\/FG-product-uebersicht-header.jpg)\"><div class=\"wp-block-cover__inner-container is-layout-flow wp-block-cover-is-layout-flow\">\n<h1 class=\"has-text-align-center wp-block-heading\">Produktsegmente <\/h1>\n<\/div><\/div>\n\n\n\n<h2 class=\"wp-block-heading\">Die Marke Filtration Group steht f\u00fcr Industriefilter der Spitzenqualit\u00e4t <\/h2>\n\n\n\n<p>Seit den 1960er Jahren z\u00e4hlt Filtration Group Industrial zu den f\u00fchrenden Herstellern von Hydraulikfiltern, Automatikfiltern, Prozessfiltern, Filtersystemen zur Luftreinhaltung und Separatoren. Das Unternehmen, vormals die Industriefilter-Sparte von MAHLE, setzt seit jeher auf hohe Qualit\u00e4t und innovative Produkte. Zu den Einsatzgebieten z\u00e4hlen verschiedene Industriezweige, wie die Metallverarbeitung und Schifffahrt sowie konventionelle Kraftwerke und die Windindustrie. Filtration Group Industrial bietet leistungsf\u00e4hige Produkte, die exakt auf den jeweiligen Anwendungsbereich abgestimmt werden. Ziel ist es langfristig die Wirtschaftlichkeit eines Unternehmens im Einklang mit Mensch und Umwelt abzusichern.<\/p>\n\n\n\n<figure class=\"wp-block-image size-large is-resized\"><img loading=\"lazy\" decoding=\"async\" src=\"https:\/\/industrial.filtrationgroup.com\/wp-content\/uploads\/2020\/01\/Produktsegmente_Kreise.png\" alt=\"\" class=\"wp-image-3674\" width=\"472\" height=\"108\" srcset=\"https:\/\/industrial.filtrationgroup.com\/wp-content\/uploads\/2020\/01\/Produktsegmente_Kreise.png 651w, https:\/\/industrial.filtrationgroup.com\/wp-content\/uploads\/2020\/01\/Produktsegmente_Kreise-300x69.png 300w\" sizes=\"auto, (max-width: 472px) 100vw, 472px\" \/><\/figure>\n\n\n\n<div class=\"wp-block-media-text alignwide is-stacked-on-mobile\"><figure class=\"wp-block-media-text__media\"><img loading=\"lazy\" decoding=\"async\" width=\"502\" height=\"282\" src=\"https:\/\/industrial.filtrationgroup.com\/wp-content\/uploads\/2019\/10\/hydraulic-filters.jpg\" alt=\"hydraulic filters\" class=\"wp-image-360\" srcset=\"https:\/\/industrial.filtrationgroup.com\/wp-content\/uploads\/2019\/10\/hydraulic-filters.jpg 502w, https:\/\/industrial.filtrationgroup.com\/wp-content\/uploads\/2019\/10\/hydraulic-filters-300x169.jpg 300w\" sizes=\"auto, (max-width: 502px) 100vw, 502px\" \/><\/figure><div class=\"wp-block-media-text__content\">\n<h3 class=\"wp-block-heading\">Hydraulikfilter <\/h3>\n\n\n\n<p>Top-Werte in allen Reinheitsklassen, geringer Wartungsbedarf und eine konstant hohe Leistungsf\u00e4higkeit bei einer gleichzeitig langen Laufzeit. Das sind die zentralen Merkmale von Hydraulikfiltern aus dem Hause Filtration Group Industrial. Die effektiven Filtersysteme gew\u00e4hrleisten reibungslose Prozessabl\u00e4ufe. Au\u00dferdem helfen sie dabei Ressourcen zu schonen und dem fr\u00fchzeitigen Verschlei\u00df von Hydraulikanlagen entgegenzuwirken. Dank eines breiten Produktportfolios gibt es f\u00fcr jeden Einsatzbereich das passende Filtersystem. Mit den EcoParts hat Filtration Group Industrial zus\u00e4tzliche Filterelemente f\u00fcr die Industriefilter anderer Hersteller im Sortiment. <\/p>\n\n\n\n<p><a href=\"https:\/\/industrial.filtrationgroup.com\/de\/produktsegmente\/hydraulikfiltration\/\">MEHR ERFAHREN<\/a><\/p>\n<\/div><\/div>\n\n\n\n<div class=\"wp-block-media-text alignwide is-stacked-on-mobile\"><figure class=\"wp-block-media-text__media\"><img loading=\"lazy\" decoding=\"async\" width=\"502\" height=\"282\" src=\"https:\/\/industrial.filtrationgroup.com\/wp-content\/uploads\/2019\/10\/auto-filters.jpg\" alt=\"auto filters\" class=\"wp-image-358\" srcset=\"https:\/\/industrial.filtrationgroup.com\/wp-content\/uploads\/2019\/10\/auto-filters.jpg 502w, https:\/\/industrial.filtrationgroup.com\/wp-content\/uploads\/2019\/10\/auto-filters-300x169.jpg 300w\" sizes=\"auto, (max-width: 502px) 100vw, 502px\" \/><\/figure><div class=\"wp-block-media-text__content\">\n<h3 class=\"wp-block-heading\">Automatikfilter und Prozessfilter<\/h3>\n\n\n\n<p>Wo es darauf ankommt, eine hohe Abscheideleistung mit niedrigem Wartungsaufwand zu verbinden, liefern die Automatikfilter und Prozessfilter von Filtration Group erstklassige Ergebnisse. Eine gut best\u00fcckte Produktpalette und der Serviceanspruch von Filtration Group halten f\u00fcr jede Anforderung und jedes Einsatzszenario das passende Filtersystem bereit. Da sich die Industriefilter selbst reinigen oder sehr einfach zu wechseln sind, erm\u00f6glichen sie reibungslose Produktionsabl\u00e4ufe. Die Top-Qualit\u00e4t der Filterelemente pr\u00e4destiniert FG Industriefilter f\u00fcr anspruchsvolle Bereiche. Dazu geh\u00f6ren die Chemie-, Pharma- und Lebensmittelindustrie als auch die Metallverarbeitung, Schifffahrt und Energiegewinnung.<\/p>\n\n\n\n<p><a href=\"https:\/\/industrial.filtrationgroup.com\/de\/produktsegmente\/automatik-und-prozessfiltration\/\">MEHR ERFAHREN<\/a><\/p>\n<\/div><\/div>\n\n\n\n<div class=\"wp-block-media-text alignwide is-stacked-on-mobile\"><figure class=\"wp-block-media-text__media\"><img loading=\"lazy\" decoding=\"async\" width=\"502\" height=\"283\" src=\"https:\/\/industrial.filtrationgroup.com\/wp-content\/uploads\/2019\/10\/air-filters.jpg\" alt=\"air filters\" class=\"wp-image-356\" srcset=\"https:\/\/industrial.filtrationgroup.com\/wp-content\/uploads\/2019\/10\/air-filters.jpg 502w, https:\/\/industrial.filtrationgroup.com\/wp-content\/uploads\/2019\/10\/air-filters-300x169.jpg 300w\" sizes=\"auto, (max-width: 502px) 100vw, 502px\" \/><\/figure><div class=\"wp-block-media-text__content\">\n<h3 class=\"wp-block-heading\">Luftreinhaltung<\/h3>\n\n\n\n<p>Die Luftreinhaltung ist ein zentraler Faktor des Mitarbeiterschutzes, der Umweltvertr\u00e4glichkeit und der Produktivit\u00e4t eines Unternehmens. Filtration Group Industrial bietet ein breites Spektrum an Luftfiltern f\u00fcr verschiedene Anwendungsbereiche. Dazu z\u00e4hlen die Industrie, Metallverarbeitung sowie die Windkraft. Individuelle Kundenl\u00f6sungen spielen dabei eine wichtige Rolle. Neben den eigenen Filtersystemen und Filterelementen vertreibt Filtration Group auch die bew\u00e4hrten Kompaktfilterelemente (CFE\u2122) und Keramikfilterelemente (Cerafil\u2122) von Clear Edge. Des Weiteren z\u00e4hlen wir auch die synthetischen Filtermedien und Taschenfilter von Filtrair B.V. zu unserem Sortiment.<\/p>\n\n\n\n<p><a href=\"https:\/\/industrial.filtrationgroup.com\/de\/produktsegmente\/luftreinhaltung\/\">MEHR ERFAHREN<\/a><\/p>\n<\/div><\/div>\n\n\n\n<div class=\"wp-block-media-text alignwide is-stacked-on-mobile\"><figure class=\"wp-block-media-text__media\"><img loading=\"lazy\" decoding=\"async\" width=\"502\" height=\"282\" src=\"https:\/\/industrial.filtrationgroup.com\/wp-content\/uploads\/2019\/10\/separation.jpg\" alt=\"separation\" class=\"wp-image-362\" srcset=\"https:\/\/industrial.filtrationgroup.com\/wp-content\/uploads\/2019\/10\/separation.jpg 502w, https:\/\/industrial.filtrationgroup.com\/wp-content\/uploads\/2019\/10\/separation-300x169.jpg 300w\" sizes=\"auto, (max-width: 502px) 100vw, 502px\" \/><\/figure><div class=\"wp-block-media-text__content\">\n<h3 class=\"wp-block-heading\">Separation<\/h3>\n\n\n\n<p>Separationssysteme von Filtration Group trennen Fl\u00fcssigkeiten zuverl\u00e4ssig sowie ohne Einsatz von Chemikalien. Die Entw\u00e4sserung und Ent\u00f6lung funktioniert nach dem Koaleszer-Verfahren, das auf dem unterschiedlichen physikalischen Verhalten von Wasser und \u00d6l basiert. FG Separationssysteme gibt es f\u00fcr viele Anwendungsbereiche, so zum Beispiel in Schiffsmotoren. Weitere Bereiche die Ent\u00f6lung des Oberfl\u00e4chenwassers auf Transformatorplattformen und die Entw\u00e4sserung des Roh\u00f6ls in der \u00d6l- und Gasindustrie. Die leistungsstarken Separatoren gew\u00e4hrleisten die Einhaltung gesetzlicher Normen auf hoher See. Dar\u00fcber hinaus werden die Anforderungen an den Restwassergehalt bei der Kraftstoffpflege erf\u00fcllt.<\/p>\n\n\n\n<p><a href=\"https:\/\/industrial.filtrationgroup.com\/de\/product\/separation\/\">MEHR ERFAHREN<\/a><\/p>\n<\/div><\/div>\n","protected":false},"excerpt":{"rendered":"<p>Die Marke Filtration Group steht f\u00fcr Industriefilter der Spitzenqualit\u00e4t Seit den 1960er Jahren z\u00e4hlt Filtration Group Industrial zu den f\u00fchrenden Herstellern von Hydraulikfiltern, Automatikfiltern, Prozessfiltern, Filtersystemen zur Luftreinhaltung und Separatoren. Das Unternehmen, vormals die Industriefilter-Sparte von MAHLE, setzt seit jeher auf hohe Qualit\u00e4t und innovative Produkte. Zu den Einsatzgebieten z\u00e4hlen verschiedene Industriezweige, wie die Metallverarbeitung [&hellip;]<\/p>\n","protected":false},"author":2068,"featured_media":0,"parent":0,"menu_order":0,"comment_status":"closed","ping_status":"closed","template":"","meta":{"_acf_changed":false,"footnotes":""},"class_list":["post-2557","page","type-page","status-publish","hentry"],"acf":[],"yoast_head":"<!-- This site is optimized with the Yoast SEO plugin v27.3 - https:\/\/yoast.com\/product\/yoast-seo-wordpress\/ -->\n<title>Produktsegmente - Filtration Group Industrial<\/title>\n<meta name=\"description\" content=\"Wir vereinen das gesamte Spektrum von Hydraulik-, Automatik- und Prozessfiltern, Luftreinhaltung und der Separation. Erfahren Sie mehr \u00fcber unsere Produkte!\" \/>\n<meta name=\"robots\" content=\"index, follow, max-snippet:-1, max-image-preview:large, max-video-preview:-1\" \/>\n<link rel=\"canonical\" href=\"https:\/\/industrial.filtrationgroup.com\/de\/produktsegmente\/\" \/>\n<meta property=\"og:locale\" content=\"de_DE\" \/>\n<meta property=\"og:type\" content=\"article\" \/>\n<meta property=\"og:title\" content=\"Produktsegmente - Filtration Group Industrial\" \/>\n<meta property=\"og:description\" content=\"Wir vereinen das gesamte Spektrum von Hydraulik-, Automatik- und Prozessfiltern, Luftreinhaltung und der Separation. Erfahren Sie mehr \u00fcber unsere Produkte!\" \/>\n<meta property=\"og:url\" content=\"https:\/\/industrial.filtrationgroup.com\/de\/produktsegmente\/\" \/>\n<meta property=\"og:site_name\" content=\"Filtration Group Industrial\" \/>\n<meta property=\"article:modified_time\" content=\"2020-03-16T13:15:54+00:00\" \/>\n<meta property=\"og:image\" content=\"https:\/\/industrial.filtrationgroup.com\/wp-content\/uploads\/2020\/01\/Produktsegmente_Kreise.png\" \/>\n<meta name=\"twitter:card\" content=\"summary_large_image\" \/>\n<meta name=\"twitter:label1\" content=\"Gesch\u00e4tzte Lesezeit\" \/>\n\t<meta name=\"twitter:data1\" content=\"2 Minuten\" \/>\n<script type=\"application\/ld+json\" class=\"yoast-schema-graph\">{\"@context\":\"https:\\\/\\\/schema.org\",\"@graph\":[{\"@type\":\"WebPage\",\"@id\":\"https:\\\/\\\/industrial.filtrationgroup.com\\\/de\\\/produktsegmente\\\/\",\"url\":\"https:\\\/\\\/industrial.filtrationgroup.com\\\/de\\\/produktsegmente\\\/\",\"name\":\"Produktsegmente - Filtration Group Industrial\",\"isPartOf\":{\"@id\":\"https:\\\/\\\/industrial.filtrationgroup.com\\\/de\\\/#website\"},\"primaryImageOfPage\":{\"@id\":\"https:\\\/\\\/industrial.filtrationgroup.com\\\/de\\\/produktsegmente\\\/#primaryimage\"},\"image\":{\"@id\":\"https:\\\/\\\/industrial.filtrationgroup.com\\\/de\\\/produktsegmente\\\/#primaryimage\"},\"thumbnailUrl\":\"https:\\\/\\\/industrial.filtrationgroup.com\\\/wp-content\\\/uploads\\\/2020\\\/01\\\/Produktsegmente_Kreise.png\",\"datePublished\":\"2019-10-01T17:19:03+00:00\",\"dateModified\":\"2020-03-16T13:15:54+00:00\",\"description\":\"Wir vereinen das gesamte Spektrum von Hydraulik-, Automatik- und Prozessfiltern, Luftreinhaltung und der Separation. Erfahren Sie mehr \u00fcber unsere Produkte!\",\"breadcrumb\":{\"@id\":\"https:\\\/\\\/industrial.filtrationgroup.com\\\/de\\\/produktsegmente\\\/#breadcrumb\"},\"inLanguage\":\"de-DE\",\"potentialAction\":[{\"@type\":\"ReadAction\",\"target\":[\"https:\\\/\\\/industrial.filtrationgroup.com\\\/de\\\/produktsegmente\\\/\"]}]},{\"@type\":\"ImageObject\",\"inLanguage\":\"de-DE\",\"@id\":\"https:\\\/\\\/industrial.filtrationgroup.com\\\/de\\\/produktsegmente\\\/#primaryimage\",\"url\":\"https:\\\/\\\/industrial.filtrationgroup.com\\\/wp-content\\\/uploads\\\/2020\\\/01\\\/Produktsegmente_Kreise.png\",\"contentUrl\":\"https:\\\/\\\/industrial.filtrationgroup.com\\\/wp-content\\\/uploads\\\/2020\\\/01\\\/Produktsegmente_Kreise.png\"},{\"@type\":\"BreadcrumbList\",\"@id\":\"https:\\\/\\\/industrial.filtrationgroup.com\\\/de\\\/produktsegmente\\\/#breadcrumb\",\"itemListElement\":[{\"@type\":\"ListItem\",\"position\":1,\"name\":\"\",\"item\":\"https:\\\/\\\/industrial.filtrationgroup.com\\\/de\\\/\"},{\"@type\":\"ListItem\",\"position\":2,\"name\":\"Produktsegmente\"}]},{\"@type\":\"WebSite\",\"@id\":\"https:\\\/\\\/industrial.filtrationgroup.com\\\/de\\\/#website\",\"url\":\"https:\\\/\\\/industrial.filtrationgroup.com\\\/de\\\/\",\"name\":\"Filtration Group Industrial\",\"description\":\"Making the World Safer, Healthier and More Productive\",\"publisher\":{\"@id\":\"https:\\\/\\\/industrial.filtrationgroup.com\\\/de\\\/#organization\"},\"potentialAction\":[{\"@type\":\"SearchAction\",\"target\":{\"@type\":\"EntryPoint\",\"urlTemplate\":\"https:\\\/\\\/industrial.filtrationgroup.com\\\/de\\\/?s={search_term_string}\"},\"query-input\":{\"@type\":\"PropertyValueSpecification\",\"valueRequired\":true,\"valueName\":\"search_term_string\"}}],\"inLanguage\":\"de-DE\"},{\"@type\":\"Organization\",\"@id\":\"https:\\\/\\\/industrial.filtrationgroup.com\\\/de\\\/#organization\",\"name\":\"Filtration Group\",\"url\":\"https:\\\/\\\/industrial.filtrationgroup.com\\\/de\\\/\",\"logo\":{\"@type\":\"ImageObject\",\"inLanguage\":\"de-DE\",\"@id\":\"https:\\\/\\\/industrial.filtrationgroup.com\\\/de\\\/#\\\/schema\\\/logo\\\/image\\\/\",\"url\":\"https:\\\/\\\/industrial.filtrationgroup.com\\\/wp-content\\\/uploads\\\/2019\\\/06\\\/FGC-logo-1.png\",\"contentUrl\":\"https:\\\/\\\/industrial.filtrationgroup.com\\\/wp-content\\\/uploads\\\/2019\\\/06\\\/FGC-logo-1.png\",\"width\":1104,\"height\":224,\"caption\":\"Filtration Group\"},\"image\":{\"@id\":\"https:\\\/\\\/industrial.filtrationgroup.com\\\/de\\\/#\\\/schema\\\/logo\\\/image\\\/\"}}]}<\/script>\n<!-- \/ Yoast SEO plugin. -->","yoast_head_json":{"title":"Produktsegmente - Filtration Group Industrial","description":"Wir vereinen das gesamte Spektrum von Hydraulik-, Automatik- und Prozessfiltern, Luftreinhaltung und der Separation. Erfahren Sie mehr \u00fcber unsere Produkte!","robots":{"index":"index","follow":"follow","max-snippet":"max-snippet:-1","max-image-preview":"max-image-preview:large","max-video-preview":"max-video-preview:-1"},"canonical":"https:\/\/industrial.filtrationgroup.com\/de\/produktsegmente\/","og_locale":"de_DE","og_type":"article","og_title":"Produktsegmente - Filtration Group Industrial","og_description":"Wir vereinen das gesamte Spektrum von Hydraulik-, Automatik- und Prozessfiltern, Luftreinhaltung und der Separation. Erfahren Sie mehr \u00fcber unsere Produkte!","og_url":"https:\/\/industrial.filtrationgroup.com\/de\/produktsegmente\/","og_site_name":"Filtration Group Industrial","article_modified_time":"2020-03-16T13:15:54+00:00","og_image":[{"url":"https:\/\/industrial.filtrationgroup.com\/wp-content\/uploads\/2020\/01\/Produktsegmente_Kreise.png","type":"","width":"","height":""}],"twitter_card":"summary_large_image","twitter_misc":{"Gesch\u00e4tzte Lesezeit":"2 Minuten"},"schema":{"@context":"https:\/\/schema.org","@graph":[{"@type":"WebPage","@id":"https:\/\/industrial.filtrationgroup.com\/de\/produktsegmente\/","url":"https:\/\/industrial.filtrationgroup.com\/de\/produktsegmente\/","name":"Produktsegmente - Filtration Group Industrial","isPartOf":{"@id":"https:\/\/industrial.filtrationgroup.com\/de\/#website"},"primaryImageOfPage":{"@id":"https:\/\/industrial.filtrationgroup.com\/de\/produktsegmente\/#primaryimage"},"image":{"@id":"https:\/\/industrial.filtrationgroup.com\/de\/produktsegmente\/#primaryimage"},"thumbnailUrl":"https:\/\/industrial.filtrationgroup.com\/wp-content\/uploads\/2020\/01\/Produktsegmente_Kreise.png","datePublished":"2019-10-01T17:19:03+00:00","dateModified":"2020-03-16T13:15:54+00:00","description":"Wir vereinen das gesamte Spektrum von Hydraulik-, Automatik- und Prozessfiltern, Luftreinhaltung und der Separation. Erfahren Sie mehr \u00fcber unsere Produkte!","breadcrumb":{"@id":"https:\/\/industrial.filtrationgroup.com\/de\/produktsegmente\/#breadcrumb"},"inLanguage":"de-DE","potentialAction":[{"@type":"ReadAction","target":["https:\/\/industrial.filtrationgroup.com\/de\/produktsegmente\/"]}]},{"@type":"ImageObject","inLanguage":"de-DE","@id":"https:\/\/industrial.filtrationgroup.com\/de\/produktsegmente\/#primaryimage","url":"https:\/\/industrial.filtrationgroup.com\/wp-content\/uploads\/2020\/01\/Produktsegmente_Kreise.png","contentUrl":"https:\/\/industrial.filtrationgroup.com\/wp-content\/uploads\/2020\/01\/Produktsegmente_Kreise.png"},{"@type":"BreadcrumbList","@id":"https:\/\/industrial.filtrationgroup.com\/de\/produktsegmente\/#breadcrumb","itemListElement":[{"@type":"ListItem","position":1,"name":"","item":"https:\/\/industrial.filtrationgroup.com\/de\/"},{"@type":"ListItem","position":2,"name":"Produktsegmente"}]},{"@type":"WebSite","@id":"https:\/\/industrial.filtrationgroup.com\/de\/#website","url":"https:\/\/industrial.filtrationgroup.com\/de\/","name":"Filtration Group Industrial","description":"Making the World Safer, Healthier and More Productive","publisher":{"@id":"https:\/\/industrial.filtrationgroup.com\/de\/#organization"},"potentialAction":[{"@type":"SearchAction","target":{"@type":"EntryPoint","urlTemplate":"https:\/\/industrial.filtrationgroup.com\/de\/?s={search_term_string}"},"query-input":{"@type":"PropertyValueSpecification","valueRequired":true,"valueName":"search_term_string"}}],"inLanguage":"de-DE"},{"@type":"Organization","@id":"https:\/\/industrial.filtrationgroup.com\/de\/#organization","name":"Filtration Group","url":"https:\/\/industrial.filtrationgroup.com\/de\/","logo":{"@type":"ImageObject","inLanguage":"de-DE","@id":"https:\/\/industrial.filtrationgroup.com\/de\/#\/schema\/logo\/image\/","url":"https:\/\/industrial.filtrationgroup.com\/wp-content\/uploads\/2019\/06\/FGC-logo-1.png","contentUrl":"https:\/\/industrial.filtrationgroup.com\/wp-content\/uploads\/2019\/06\/FGC-logo-1.png","width":1104,"height":224,"caption":"Filtration Group"},"image":{"@id":"https:\/\/industrial.filtrationgroup.com\/de\/#\/schema\/logo\/image\/"}}]}},"_links":{"self":[{"href":"https:\/\/industrial.filtrationgroup.com\/de\/wp-json\/wp\/v2\/pages\/2557","targetHints":{"allow":["GET"]}}],"collection":[{"href":"https:\/\/industrial.filtrationgroup.com\/de\/wp-json\/wp\/v2\/pages"}],"about":[{"href":"https:\/\/industrial.filtrationgroup.com\/de\/wp-json\/wp\/v2\/types\/page"}],"author":[{"embeddable":true,"href":"https:\/\/industrial.filtrationgroup.com\/de\/wp-json\/wp\/v2\/users\/2068"}],"replies":[{"embeddable":true,"href":"https:\/\/industrial.filtrationgroup.com\/de\/wp-json\/wp\/v2\/comments?post=2557"}],"version-history":[{"count":0,"href":"https:\/\/industrial.filtrationgroup.com\/de\/wp-json\/wp\/v2\/pages\/2557\/revisions"}],"wp:attachment":[{"href":"https:\/\/industrial.filtrationgroup.com\/de\/wp-json\/wp\/v2\/media?parent=2557"}],"curies":[{"name":"wp","href":"https:\/\/api.w.org\/{rel}","templated":true}]}}