{"id":6468,"date":"2020-03-19T11:12:56","date_gmt":"2020-03-19T11:12:56","guid":{"rendered":"http:\/\/industrial.filtrationgroup.com\/?page_id=6468"},"modified":"2022-01-10T08:07:29","modified_gmt":"2022-01-10T08:07:29","slug":"reach-lieferanten","status":"publish","type":"page","link":"https:\/\/industrial.filtrationgroup.com\/de\/reach-lieferanten\/","title":{"rendered":"REACH Lieferanten"},"content":{"rendered":"\n<div class=\"wp-block-cover alignfull has-background-dim-90 has-green-background-color has-background-dim\"><img decoding=\"async\" class=\"wp-block-cover__image-background wp-image-6455\" alt=\"\" src=\"https:\/\/industrial.filtrationgroup.com\/wp-content\/uploads\/2020\/03\/fg-supplier.jpg\" data-object-fit=\"cover\" \/><div class=\"wp-block-cover__inner-container is-layout-flow wp-block-cover-is-layout-flow\">\n<h1 class=\"has-text-align-center wp-block-heading\">REACH Informationen<\/h1>\n\n\n\n<h2 class=\"has-text-align-center wp-block-heading\">Lieferanten<\/h2>\n<\/div><\/div>\n\n\n\n<h2 class=\"wp-block-heading\">REACH Konformit\u00e4t und Informationspflichten\/RoHS EU-Richtlinie 2011\/65\/EU <\/h2>\n\n\n\n<p>(1) Der Lieferant verpflichtet sich betreffend an die Filtration Group Industrial gelieferten Waren inklusive Verpackungen die REACH-Verordnung (Verordnung EG Nr. 1907\/2006) einzuhalten. Er versichert insbesondere, dass die gelieferten Waren\/Erzeugnisse und deren Verpackungen keine Stoffe der jeweils aktuellen Kandidatenliste gem\u00e4\u00df Art. 53 Abs. 1 der Verordnung in einer Menge \u00fcber 0,1 % Massenprozent (SVHC-Stoffe) enthalten. Der Lieferant ist verpflichtet, s\u00e4mtliche an die Filtration Group Industrial gelieferten Stoffe selbst oder von Vorlieferanten (vor)registrieren zu lassen, sofern ihn Registrierungspflichten nach REACH treffen. Ist der Lieferant nach der REACH Verordnung selbst nicht registrierungspflichtig, verpflichtet er seine Vorlieferanten zur Einhaltung ihrer Pflichten nach REACH. Eine vom Lieferanten oder seinen Vorlieferanten vorgenommene Registrierung betreffend die gelieferten Waren ist der Filtration Group Industrial auf Anforderung schriftlich nachzuweisen.<\/p>\n\n\n\n<p>(2) Der Lieferant stellt sicher, dass, wenn in von ihm gelieferten Waren\/Erzeugnisse oder deren Verpackungen unter REACH fallende Stoffe enthalten sind, diese entsprechend REACH registriert sind. Er verpflichtet sich, s\u00e4mtliche aufgrund der Verordnung erforderlichen Informationen und Dokumentationen (insbesondere nach Art. 31 ff. der REACH-Verordnung) innerhalb der in REACH vorgesehenen Fristen an die Filtration Group Industrial zu \u00fcbermitteln bzw. die Informationen seines Vorlieferanten unverz\u00fcglich an Filtration Group Industrial weiterzuleiten.<\/p>\n\n\n\n<p>(3) Wird die Filtration Group Industrial wegen Verletzung der REACH-Vorschriften von Kunden, Konkurrenten oder Beh\u00f6rden in Anspruch genommen, die auf eine Ware des Lieferanten zur\u00fcckzuf\u00fchren ist, dann ist die Filtration Group Industrial berechtigt, von dem Lieferanten die Freistellung von diesen Anspr\u00fcchen oder den Ersatz des Schades zu verlangen, der durch die nicht vorhandene REACH-Konformit\u00e4t verursacht wurde.<\/p>\n\n\n\n<p>(4) Die vorgenannten Verpflichtungen gelten entsprechend (mit\nAusnahme der Registrierungspflichten), wenn der Lieferant seinen Sitz in einem\nNicht-EU-Land hat. Er muss insbesondere dar\u00fcber informieren, wenn ein\nSVHC-Stoff gr\u00f6\u00dfer 0,1 % enthalten ist, oder unter REACH fallende Stoffe bei der\nnormalen und vorhersehbaren Verwendung freigesetzt werden k\u00f6nnen.<\/p>\n\n\n\n<p>(5) Der Lieferant hat die Umweltauflagen gem\u00e4\u00df dem deutschen\nund europ\u00e4ischen Recht, einschlie\u00dflich der EU-Richtlinie 2011\/65\/EC\n\u201eBeschr\u00e4nkung der Verwendung bestimmter gef\u00e4hrlicher Stoffe bei Elektro- und\nElektronikger\u00e4ten\u201c und des Elektrogesetzes vollumf\u00e4nglich zu erf\u00fcllen.<\/p>\n\n\n\n<p>(6) Elektro- und Elektronikger\u00e4te jeder Ger\u00e4tekategorie sowie\nBauteile f\u00fcr diese m\u00fcssen die Stoffverbote der EU-Richtlinie 2011\/65\/EC und der\nzu Ihrer Umsetzung erlassenen Gesetze, Verordnungen, Entscheidungen und\nsonstigen Bestimmungen einhalten. Der Lieferant hat dazu eine schriftliche Konformit\u00e4tserkl\u00e4rung\nauszuh\u00e4ndigen. Diese Ger\u00e4te m\u00fcssen mit einem CE-Zeichen und mit dem Symbol nach\nAnhang IV der EU-Richtlinie 2002\/96\/EG (WEEE) versehen sein.<\/p>\n\n\n\n<p>(7) Der Lieferant gew\u00e4hrleistet, dass alle Produkte den Anforderungen der RoHS-Richtlinie gem\u00e4\u00df obiger Ziffern 5 und 6 entsprechen. Der Lieferant hat alle Sch\u00e4den und Aufwendungen (einschlie\u00dflich Kosten der Rechtsverfolgung) und f\u00fcr alle Anspr\u00fcche Dritter, die auf einem vom Lieferanten verschuldeten Versto\u00df gegen die RoHS Richtlinie oder sonstiger geltender Umweltvorschriften beruhen, zu ersetzen.<\/p>\n\n\n\n<div class=\"wp-block-button is-style-fill\"><a class=\"wp-block-button__link has-green-background-color has-background\" href=\"https:\/\/industrial.filtrationgroup.com\/wp-content\/uploads\/2022\/01\/fg-reach-konformitaet-und-informationspflichten-de.pdf\" style=\"border-radius:33px\" target=\"_blank\" rel=\"noreferrer noopener\">Download REACH Informationen f\u00fcr Lieferanten (PDF)<\/a><\/div>\n","protected":false},"excerpt":{"rendered":"<p>REACH Konformit\u00e4t und Informationspflichten\/RoHS EU-Richtlinie 2011\/65\/EU (1) Der Lieferant verpflichtet sich betreffend an die Filtration Group Industrial gelieferten Waren inklusive Verpackungen die REACH-Verordnung (Verordnung EG Nr. 1907\/2006) einzuhalten. Er versichert insbesondere, dass die gelieferten Waren\/Erzeugnisse und deren Verpackungen keine Stoffe der jeweils aktuellen Kandidatenliste gem\u00e4\u00df Art. 53 Abs. 1 der Verordnung in einer Menge \u00fcber [&hellip;]<\/p>\n","protected":false},"author":2068,"featured_media":0,"parent":0,"menu_order":0,"comment_status":"closed","ping_status":"closed","template":"","meta":{"_acf_changed":false,"footnotes":""},"class_list":["post-6468","page","type-page","status-publish","hentry"],"acf":[],"yoast_head":"<!-- This site is optimized with the Yoast SEO plugin v27.3 - https:\/\/yoast.com\/product\/yoast-seo-wordpress\/ -->\n<title>REACH Lieferanten - Filtration Group Industrial<\/title>\n<meta name=\"robots\" content=\"index, follow, max-snippet:-1, max-image-preview:large, max-video-preview:-1\" \/>\n<link rel=\"canonical\" href=\"https:\/\/industrial.filtrationgroup.com\/de\/reach-lieferanten\/\" \/>\n<meta property=\"og:locale\" content=\"de_DE\" \/>\n<meta property=\"og:type\" content=\"article\" \/>\n<meta property=\"og:title\" content=\"REACH Lieferanten - Filtration Group Industrial\" \/>\n<meta property=\"og:description\" content=\"REACH Konformit\u00e4t und Informationspflichten\/RoHS EU-Richtlinie 2011\/65\/EU (1) Der Lieferant verpflichtet sich betreffend an die Filtration Group Industrial gelieferten Waren inklusive Verpackungen die REACH-Verordnung (Verordnung EG Nr. 1907\/2006) einzuhalten. Er versichert insbesondere, dass die gelieferten Waren\/Erzeugnisse und deren Verpackungen keine Stoffe der jeweils aktuellen Kandidatenliste gem\u00e4\u00df Art. 53 Abs. 1 der Verordnung in einer Menge \u00fcber [&hellip;]\" \/>\n<meta property=\"og:url\" content=\"https:\/\/industrial.filtrationgroup.com\/de\/reach-lieferanten\/\" \/>\n<meta property=\"og:site_name\" content=\"Filtration Group Industrial\" \/>\n<meta property=\"article:modified_time\" content=\"2022-01-10T08:07:29+00:00\" \/>\n<meta property=\"og:image\" content=\"https:\/\/industrial.filtrationgroup.com\/wp-content\/uploads\/2020\/03\/fg-supplier.jpg\" \/>\n<meta name=\"twitter:card\" content=\"summary_large_image\" \/>\n<meta name=\"twitter:label1\" content=\"Gesch\u00e4tzte Lesezeit\" \/>\n\t<meta name=\"twitter:data1\" content=\"3 Minuten\" \/>\n<script type=\"application\/ld+json\" class=\"yoast-schema-graph\">{\"@context\":\"https:\\\/\\\/schema.org\",\"@graph\":[{\"@type\":\"WebPage\",\"@id\":\"https:\\\/\\\/industrial.filtrationgroup.com\\\/de\\\/reach-lieferanten\\\/\",\"url\":\"https:\\\/\\\/industrial.filtrationgroup.com\\\/de\\\/reach-lieferanten\\\/\",\"name\":\"REACH Lieferanten - Filtration Group Industrial\",\"isPartOf\":{\"@id\":\"https:\\\/\\\/industrial.filtrationgroup.com\\\/de\\\/#website\"},\"primaryImageOfPage\":{\"@id\":\"https:\\\/\\\/industrial.filtrationgroup.com\\\/de\\\/reach-lieferanten\\\/#primaryimage\"},\"image\":{\"@id\":\"https:\\\/\\\/industrial.filtrationgroup.com\\\/de\\\/reach-lieferanten\\\/#primaryimage\"},\"thumbnailUrl\":\"https:\\\/\\\/industrial.filtrationgroup.com\\\/wp-content\\\/uploads\\\/2020\\\/03\\\/fg-supplier.jpg\",\"datePublished\":\"2020-03-19T11:12:56+00:00\",\"dateModified\":\"2022-01-10T08:07:29+00:00\",\"breadcrumb\":{\"@id\":\"https:\\\/\\\/industrial.filtrationgroup.com\\\/de\\\/reach-lieferanten\\\/#breadcrumb\"},\"inLanguage\":\"de-DE\",\"potentialAction\":[{\"@type\":\"ReadAction\",\"target\":[\"https:\\\/\\\/industrial.filtrationgroup.com\\\/de\\\/reach-lieferanten\\\/\"]}]},{\"@type\":\"ImageObject\",\"inLanguage\":\"de-DE\",\"@id\":\"https:\\\/\\\/industrial.filtrationgroup.com\\\/de\\\/reach-lieferanten\\\/#primaryimage\",\"url\":\"https:\\\/\\\/industrial.filtrationgroup.com\\\/wp-content\\\/uploads\\\/2020\\\/03\\\/fg-supplier.jpg\",\"contentUrl\":\"https:\\\/\\\/industrial.filtrationgroup.com\\\/wp-content\\\/uploads\\\/2020\\\/03\\\/fg-supplier.jpg\"},{\"@type\":\"BreadcrumbList\",\"@id\":\"https:\\\/\\\/industrial.filtrationgroup.com\\\/de\\\/reach-lieferanten\\\/#breadcrumb\",\"itemListElement\":[{\"@type\":\"ListItem\",\"position\":1,\"name\":\"\",\"item\":\"https:\\\/\\\/industrial.filtrationgroup.com\\\/de\\\/\"},{\"@type\":\"ListItem\",\"position\":2,\"name\":\"REACH Lieferanten\"}]},{\"@type\":\"WebSite\",\"@id\":\"https:\\\/\\\/industrial.filtrationgroup.com\\\/de\\\/#website\",\"url\":\"https:\\\/\\\/industrial.filtrationgroup.com\\\/de\\\/\",\"name\":\"Filtration Group Industrial\",\"description\":\"Making the World Safer, Healthier and More Productive\",\"publisher\":{\"@id\":\"https:\\\/\\\/industrial.filtrationgroup.com\\\/de\\\/#organization\"},\"potentialAction\":[{\"@type\":\"SearchAction\",\"target\":{\"@type\":\"EntryPoint\",\"urlTemplate\":\"https:\\\/\\\/industrial.filtrationgroup.com\\\/de\\\/?s={search_term_string}\"},\"query-input\":{\"@type\":\"PropertyValueSpecification\",\"valueRequired\":true,\"valueName\":\"search_term_string\"}}],\"inLanguage\":\"de-DE\"},{\"@type\":\"Organization\",\"@id\":\"https:\\\/\\\/industrial.filtrationgroup.com\\\/de\\\/#organization\",\"name\":\"Filtration Group\",\"url\":\"https:\\\/\\\/industrial.filtrationgroup.com\\\/de\\\/\",\"logo\":{\"@type\":\"ImageObject\",\"inLanguage\":\"de-DE\",\"@id\":\"https:\\\/\\\/industrial.filtrationgroup.com\\\/de\\\/#\\\/schema\\\/logo\\\/image\\\/\",\"url\":\"https:\\\/\\\/industrial.filtrationgroup.com\\\/wp-content\\\/uploads\\\/2019\\\/06\\\/FGC-logo-1.png\",\"contentUrl\":\"https:\\\/\\\/industrial.filtrationgroup.com\\\/wp-content\\\/uploads\\\/2019\\\/06\\\/FGC-logo-1.png\",\"width\":1104,\"height\":224,\"caption\":\"Filtration Group\"},\"image\":{\"@id\":\"https:\\\/\\\/industrial.filtrationgroup.com\\\/de\\\/#\\\/schema\\\/logo\\\/image\\\/\"}}]}<\/script>\n<!-- \/ Yoast SEO plugin. -->","yoast_head_json":{"title":"REACH Lieferanten - Filtration Group Industrial","robots":{"index":"index","follow":"follow","max-snippet":"max-snippet:-1","max-image-preview":"max-image-preview:large","max-video-preview":"max-video-preview:-1"},"canonical":"https:\/\/industrial.filtrationgroup.com\/de\/reach-lieferanten\/","og_locale":"de_DE","og_type":"article","og_title":"REACH Lieferanten - Filtration Group Industrial","og_description":"REACH Konformit\u00e4t und Informationspflichten\/RoHS EU-Richtlinie 2011\/65\/EU (1) Der Lieferant verpflichtet sich betreffend an die Filtration Group Industrial gelieferten Waren inklusive Verpackungen die REACH-Verordnung (Verordnung EG Nr. 1907\/2006) einzuhalten. Er versichert insbesondere, dass die gelieferten Waren\/Erzeugnisse und deren Verpackungen keine Stoffe der jeweils aktuellen Kandidatenliste gem\u00e4\u00df Art. 53 Abs. 1 der Verordnung in einer Menge \u00fcber [&hellip;]","og_url":"https:\/\/industrial.filtrationgroup.com\/de\/reach-lieferanten\/","og_site_name":"Filtration Group Industrial","article_modified_time":"2022-01-10T08:07:29+00:00","og_image":[{"url":"https:\/\/industrial.filtrationgroup.com\/wp-content\/uploads\/2020\/03\/fg-supplier.jpg","type":"","width":"","height":""}],"twitter_card":"summary_large_image","twitter_misc":{"Gesch\u00e4tzte Lesezeit":"3 Minuten"},"schema":{"@context":"https:\/\/schema.org","@graph":[{"@type":"WebPage","@id":"https:\/\/industrial.filtrationgroup.com\/de\/reach-lieferanten\/","url":"https:\/\/industrial.filtrationgroup.com\/de\/reach-lieferanten\/","name":"REACH Lieferanten - Filtration Group Industrial","isPartOf":{"@id":"https:\/\/industrial.filtrationgroup.com\/de\/#website"},"primaryImageOfPage":{"@id":"https:\/\/industrial.filtrationgroup.com\/de\/reach-lieferanten\/#primaryimage"},"image":{"@id":"https:\/\/industrial.filtrationgroup.com\/de\/reach-lieferanten\/#primaryimage"},"thumbnailUrl":"https:\/\/industrial.filtrationgroup.com\/wp-content\/uploads\/2020\/03\/fg-supplier.jpg","datePublished":"2020-03-19T11:12:56+00:00","dateModified":"2022-01-10T08:07:29+00:00","breadcrumb":{"@id":"https:\/\/industrial.filtrationgroup.com\/de\/reach-lieferanten\/#breadcrumb"},"inLanguage":"de-DE","potentialAction":[{"@type":"ReadAction","target":["https:\/\/industrial.filtrationgroup.com\/de\/reach-lieferanten\/"]}]},{"@type":"ImageObject","inLanguage":"de-DE","@id":"https:\/\/industrial.filtrationgroup.com\/de\/reach-lieferanten\/#primaryimage","url":"https:\/\/industrial.filtrationgroup.com\/wp-content\/uploads\/2020\/03\/fg-supplier.jpg","contentUrl":"https:\/\/industrial.filtrationgroup.com\/wp-content\/uploads\/2020\/03\/fg-supplier.jpg"},{"@type":"BreadcrumbList","@id":"https:\/\/industrial.filtrationgroup.com\/de\/reach-lieferanten\/#breadcrumb","itemListElement":[{"@type":"ListItem","position":1,"name":"","item":"https:\/\/industrial.filtrationgroup.com\/de\/"},{"@type":"ListItem","position":2,"name":"REACH Lieferanten"}]},{"@type":"WebSite","@id":"https:\/\/industrial.filtrationgroup.com\/de\/#website","url":"https:\/\/industrial.filtrationgroup.com\/de\/","name":"Filtration Group Industrial","description":"Making the World Safer, Healthier and More Productive","publisher":{"@id":"https:\/\/industrial.filtrationgroup.com\/de\/#organization"},"potentialAction":[{"@type":"SearchAction","target":{"@type":"EntryPoint","urlTemplate":"https:\/\/industrial.filtrationgroup.com\/de\/?s={search_term_string}"},"query-input":{"@type":"PropertyValueSpecification","valueRequired":true,"valueName":"search_term_string"}}],"inLanguage":"de-DE"},{"@type":"Organization","@id":"https:\/\/industrial.filtrationgroup.com\/de\/#organization","name":"Filtration Group","url":"https:\/\/industrial.filtrationgroup.com\/de\/","logo":{"@type":"ImageObject","inLanguage":"de-DE","@id":"https:\/\/industrial.filtrationgroup.com\/de\/#\/schema\/logo\/image\/","url":"https:\/\/industrial.filtrationgroup.com\/wp-content\/uploads\/2019\/06\/FGC-logo-1.png","contentUrl":"https:\/\/industrial.filtrationgroup.com\/wp-content\/uploads\/2019\/06\/FGC-logo-1.png","width":1104,"height":224,"caption":"Filtration Group"},"image":{"@id":"https:\/\/industrial.filtrationgroup.com\/de\/#\/schema\/logo\/image\/"}}]}},"_links":{"self":[{"href":"https:\/\/industrial.filtrationgroup.com\/de\/wp-json\/wp\/v2\/pages\/6468","targetHints":{"allow":["GET"]}}],"collection":[{"href":"https:\/\/industrial.filtrationgroup.com\/de\/wp-json\/wp\/v2\/pages"}],"about":[{"href":"https:\/\/industrial.filtrationgroup.com\/de\/wp-json\/wp\/v2\/types\/page"}],"author":[{"embeddable":true,"href":"https:\/\/industrial.filtrationgroup.com\/de\/wp-json\/wp\/v2\/users\/2068"}],"replies":[{"embeddable":true,"href":"https:\/\/industrial.filtrationgroup.com\/de\/wp-json\/wp\/v2\/comments?post=6468"}],"version-history":[{"count":0,"href":"https:\/\/industrial.filtrationgroup.com\/de\/wp-json\/wp\/v2\/pages\/6468\/revisions"}],"wp:attachment":[{"href":"https:\/\/industrial.filtrationgroup.com\/de\/wp-json\/wp\/v2\/media?parent=6468"}],"curies":[{"name":"wp","href":"https:\/\/api.w.org\/{rel}","templated":true}]}}