{"id":12077,"date":"2021-03-19T08:47:24","date_gmt":"2021-03-19T08:47:24","guid":{"rendered":"https:\/\/industrial.filtrationgroup.com\/silentcare-success-story-montessori\/"},"modified":"2021-04-23T12:09:31","modified_gmt":"2021-04-23T12:09:31","slug":"silentcare-success-story-montessori","status":"publish","type":"page","link":"https:\/\/industrial.filtrationgroup.com\/fr\/silentcare-success-story-montessori\/","title":{"rendered":"SilentCare Success Story &#8211; Montessori"},"content":{"rendered":"\n<h1 class=\"alignfull has-text-align-center has-blue-color has-light-gray-background-color has-text-color has-background wp-block-heading\">SilentCare &#8211; un investissement adapt\u00e9 aux enfants<\/h1>\n\n\n\n<div class=\"wp-block-media-text alignwide is-stacked-on-mobile is-vertically-aligned-center\" style=\"grid-template-columns:45% auto\"><figure class=\"wp-block-media-text__media\"><img loading=\"lazy\" decoding=\"async\" width=\"640\" height=\"480\" src=\"https:\/\/industrial.filtrationgroup.com\/wp-content\/uploads\/2021\/03\/Montessori.jpg\" alt=\"Montessori\" class=\"wp-image-11961 size-full\" srcset=\"https:\/\/industrial.filtrationgroup.com\/wp-content\/uploads\/2021\/03\/Montessori.jpg 640w, https:\/\/industrial.filtrationgroup.com\/wp-content\/uploads\/2021\/03\/Montessori-300x225.jpg 300w\" sizes=\"auto, (max-width: 640px) 100vw, 640px\" \/><\/figure><div class=\"wp-block-media-text__content\">\n<p>Notre h\u00e9ros de la filtration silencieuse est \u00e9galement utilis\u00e9 dans la vie quotidienne, soulageant le personnel des institutions sociales et apportant ainsi une contribution importante en p\u00e9riode de COVID-19. Un exemple en est le <a href=\"https:\/\/www.montessori-s-mitte.de\/\">CENTRE MONTESSORI KINDERGARTEN STUTTGART.<\/a><\/p>\n\n\n\n<p>Cette \u00e9cole est situ\u00e9e au centre de Stuttgart et se consacre \u00e0 l&rsquo;accueil d&rsquo;enfants \u00e2g\u00e9s de 3 \u00e0 12 ans pendant toute la journ\u00e9e (jardin d&rsquo;enfants et accueil parascolaire). Nomm\u00e9e d&rsquo;apr\u00e8s Maria Montessori, la maison d&rsquo;enfants, ainsi que l&rsquo;association \u00e0 but non lucratif qui y est associ\u00e9e, a pour objectif de soutenir les enfants dans leur d\u00e9veloppement physique, mental et spirituel ainsi que dans leur comportement social.<\/p>\n<\/div><\/div>\n\n\n\n<div class=\"wp-block-media-text alignwide has-media-on-the-right is-stacked-on-mobile is-vertically-aligned-center\" style=\"grid-template-columns:auto 48%\"><figure class=\"wp-block-media-text__media\"><img loading=\"lazy\" decoding=\"async\" width=\"640\" height=\"480\" src=\"https:\/\/industrial.filtrationgroup.com\/wp-content\/uploads\/2021\/03\/Montessori_II.jpg\" alt=\"Montessori\" class=\"wp-image-11966 size-full\" srcset=\"https:\/\/industrial.filtrationgroup.com\/wp-content\/uploads\/2021\/03\/Montessori_II.jpg 640w, https:\/\/industrial.filtrationgroup.com\/wp-content\/uploads\/2021\/03\/Montessori_II-300x225.jpg 300w\" sizes=\"auto, (max-width: 640px) 100vw, 640px\" \/><\/figure><div class=\"wp-block-media-text__content\">\n<p>Montessori a achet\u00e9 quatre de nos syst\u00e8mes de filtration d&rsquo;air int\u00e9rieur. Selon Martin G\u00fcrtler, membre du conseil d&rsquo;administration de l&rsquo;association de soutien, les grands avantages de <a href=\"https:\/\/industrial.filtrationgroup.com\/fr\/room-air-filter-silentcare\/\" target=\"_blank\" rel=\"noreferrer noopener\">SilentCare<\/a> ne r\u00e9sident pas seulement dans sa fonction, qui contribue \u00e0 une meilleure protection de la sant\u00e9, mais aussi dans son design adapt\u00e9 aux enfants. Gr\u00e2ce \u00e0 sa forme cylindrique et \u00e0 sa taille, il n&rsquo;y a aucun risque de blessure pour les enfants. Ainsi, <a href=\"https:\/\/industrial.filtrationgroup.com\/fr\/room-air-filter-silentcare\/\" target=\"_blank\" rel=\"noreferrer noopener\">SilentCare<\/a> est parfaitement adapt\u00e9 \u00e0 une utilisation lorsque des enfants se trouvent dans la pi\u00e8ce. Les roulettes fix\u00e9es \u00e0 l&rsquo;appareil permettent en outre de le transporter facilement et sans bruit d&rsquo;une pi\u00e8ce \u00e0 l&rsquo;autre. En outre, nos appareils sont tr\u00e8s silencieux et n&rsquo;interf\u00e8rent pas avec les processus de travail dans les jardins d&rsquo;enfants et les groupes p\u00e9riscolaires.<\/p>\n<\/div><\/div>\n\n\n\n<h3 class=\"has-text-align-left has-blue-color has-text-color wp-block-heading\">Contact<\/h3>\n\n\n\n<p><strong>Harisa Lumpp<\/strong> <br><em>Direction du d\u00e9veloppement des syst\u00e8mes de filtration d&rsquo;air<\/em><\/p>\n\n\n\n<p><a href=\"mailto:silentcare@filtrationgroup.com\" target=\"_blank\" rel=\"noreferrer noopener\">silentcare@filtrationgroup.com<\/a> <br>T\u00e9l\u00e9phone 07941-6466-345<\/p>\n","protected":false},"excerpt":{"rendered":"<p>SilentCare &#8211; un investissement adapt\u00e9 aux enfants Notre h\u00e9ros de la filtration silencieuse est \u00e9galement utilis\u00e9 dans la vie quotidienne, soulageant le personnel des institutions sociales et apportant ainsi une contribution importante en p\u00e9riode de COVID-19. Un exemple en est le CENTRE MONTESSORI KINDERGARTEN STUTTGART. Cette \u00e9cole est situ\u00e9e au centre de Stuttgart et se [&hellip;]<\/p>\n","protected":false},"author":10,"featured_media":0,"parent":0,"menu_order":0,"comment_status":"closed","ping_status":"closed","template":"","meta":{"_acf_changed":false,"footnotes":""},"class_list":["post-12077","page","type-page","status-publish","hentry"],"acf":[],"yoast_head":"<!-- This site is optimized with the Yoast SEO plugin v27.3 - https:\/\/yoast.com\/product\/yoast-seo-wordpress\/ -->\n<title>SilentCare Success Story - Montessori - Filtration Group Industrial<\/title>\n<meta name=\"description\" content=\"SilentCare : syst\u00e8me de filtration de l&#039;air int\u00e9rieur. L&#039;histoire du succ\u00e8s d&#039;un investissement adapt\u00e9 aux enfants de la maison Montessori.\" \/>\n<meta name=\"robots\" content=\"index, follow, max-snippet:-1, max-image-preview:large, max-video-preview:-1\" \/>\n<link rel=\"canonical\" href=\"https:\/\/industrial.filtrationgroup.com\/fr\/silentcare-success-story-montessori\/\" \/>\n<meta property=\"og:locale\" content=\"fr_FR\" \/>\n<meta property=\"og:type\" content=\"article\" \/>\n<meta property=\"og:title\" content=\"SilentCare Success Story - Montessori - Filtration Group Industrial\" \/>\n<meta property=\"og:description\" content=\"SilentCare : syst\u00e8me de filtration de l&#039;air int\u00e9rieur. L&#039;histoire du succ\u00e8s d&#039;un investissement adapt\u00e9 aux enfants de la maison Montessori.\" \/>\n<meta property=\"og:url\" content=\"https:\/\/industrial.filtrationgroup.com\/fr\/silentcare-success-story-montessori\/\" \/>\n<meta property=\"og:site_name\" content=\"Filtration Group Industrial\" \/>\n<meta property=\"article:modified_time\" content=\"2021-04-23T12:09:31+00:00\" \/>\n<meta property=\"og:image\" content=\"https:\/\/industrial.filtrationgroup.com\/wp-content\/uploads\/2021\/03\/Montessori.jpg\" \/>\n<meta name=\"twitter:card\" content=\"summary_large_image\" \/>\n<meta name=\"twitter:label1\" content=\"Dur\u00e9e de lecture estim\u00e9e\" \/>\n\t<meta name=\"twitter:data1\" content=\"2 minutes\" \/>\n<script type=\"application\/ld+json\" class=\"yoast-schema-graph\">{\"@context\":\"https:\\\/\\\/schema.org\",\"@graph\":[{\"@type\":\"WebPage\",\"@id\":\"https:\\\/\\\/industrial.filtrationgroup.com\\\/fr\\\/silentcare-success-story-montessori\\\/\",\"url\":\"https:\\\/\\\/industrial.filtrationgroup.com\\\/fr\\\/silentcare-success-story-montessori\\\/\",\"name\":\"SilentCare Success Story - Montessori - Filtration Group Industrial\",\"isPartOf\":{\"@id\":\"https:\\\/\\\/industrial.filtrationgroup.com\\\/fr\\\/#website\"},\"primaryImageOfPage\":{\"@id\":\"https:\\\/\\\/industrial.filtrationgroup.com\\\/fr\\\/silentcare-success-story-montessori\\\/#primaryimage\"},\"image\":{\"@id\":\"https:\\\/\\\/industrial.filtrationgroup.com\\\/fr\\\/silentcare-success-story-montessori\\\/#primaryimage\"},\"thumbnailUrl\":\"https:\\\/\\\/industrial.filtrationgroup.com\\\/wp-content\\\/uploads\\\/2021\\\/03\\\/Montessori.jpg\",\"datePublished\":\"2021-03-19T08:47:24+00:00\",\"dateModified\":\"2021-04-23T12:09:31+00:00\",\"description\":\"SilentCare : syst\u00e8me de filtration de l'air int\u00e9rieur. L'histoire du succ\u00e8s d'un investissement adapt\u00e9 aux enfants de la maison Montessori.\",\"breadcrumb\":{\"@id\":\"https:\\\/\\\/industrial.filtrationgroup.com\\\/fr\\\/silentcare-success-story-montessori\\\/#breadcrumb\"},\"inLanguage\":\"fr-FR\",\"potentialAction\":[{\"@type\":\"ReadAction\",\"target\":[\"https:\\\/\\\/industrial.filtrationgroup.com\\\/fr\\\/silentcare-success-story-montessori\\\/\"]}]},{\"@type\":\"ImageObject\",\"inLanguage\":\"fr-FR\",\"@id\":\"https:\\\/\\\/industrial.filtrationgroup.com\\\/fr\\\/silentcare-success-story-montessori\\\/#primaryimage\",\"url\":\"https:\\\/\\\/industrial.filtrationgroup.com\\\/wp-content\\\/uploads\\\/2021\\\/03\\\/Montessori.jpg\",\"contentUrl\":\"https:\\\/\\\/industrial.filtrationgroup.com\\\/wp-content\\\/uploads\\\/2021\\\/03\\\/Montessori.jpg\"},{\"@type\":\"BreadcrumbList\",\"@id\":\"https:\\\/\\\/industrial.filtrationgroup.com\\\/fr\\\/silentcare-success-story-montessori\\\/#breadcrumb\",\"itemListElement\":[{\"@type\":\"ListItem\",\"position\":1,\"name\":\"\",\"item\":\"https:\\\/\\\/industrial.filtrationgroup.com\\\/fr\\\/\"},{\"@type\":\"ListItem\",\"position\":2,\"name\":\"SilentCare Success Story &#8211; Montessori\"}]},{\"@type\":\"WebSite\",\"@id\":\"https:\\\/\\\/industrial.filtrationgroup.com\\\/fr\\\/#website\",\"url\":\"https:\\\/\\\/industrial.filtrationgroup.com\\\/fr\\\/\",\"name\":\"Filtration Group Industrial\",\"description\":\"Making the World Safer, Healthier and More Productive\",\"publisher\":{\"@id\":\"https:\\\/\\\/industrial.filtrationgroup.com\\\/fr\\\/#organization\"},\"potentialAction\":[{\"@type\":\"SearchAction\",\"target\":{\"@type\":\"EntryPoint\",\"urlTemplate\":\"https:\\\/\\\/industrial.filtrationgroup.com\\\/fr\\\/?s={search_term_string}\"},\"query-input\":{\"@type\":\"PropertyValueSpecification\",\"valueRequired\":true,\"valueName\":\"search_term_string\"}}],\"inLanguage\":\"fr-FR\"},{\"@type\":\"Organization\",\"@id\":\"https:\\\/\\\/industrial.filtrationgroup.com\\\/fr\\\/#organization\",\"name\":\"Filtration Group\",\"url\":\"https:\\\/\\\/industrial.filtrationgroup.com\\\/fr\\\/\",\"logo\":{\"@type\":\"ImageObject\",\"inLanguage\":\"fr-FR\",\"@id\":\"https:\\\/\\\/industrial.filtrationgroup.com\\\/fr\\\/#\\\/schema\\\/logo\\\/image\\\/\",\"url\":\"https:\\\/\\\/industrial.filtrationgroup.com\\\/wp-content\\\/uploads\\\/2019\\\/06\\\/FGC-logo-1.png\",\"contentUrl\":\"https:\\\/\\\/industrial.filtrationgroup.com\\\/wp-content\\\/uploads\\\/2019\\\/06\\\/FGC-logo-1.png\",\"width\":1104,\"height\":224,\"caption\":\"Filtration Group\"},\"image\":{\"@id\":\"https:\\\/\\\/industrial.filtrationgroup.com\\\/fr\\\/#\\\/schema\\\/logo\\\/image\\\/\"}}]}<\/script>\n<!-- \/ Yoast SEO plugin. -->","yoast_head_json":{"title":"SilentCare Success Story - Montessori - Filtration Group Industrial","description":"SilentCare : syst\u00e8me de filtration de l'air int\u00e9rieur. L'histoire du succ\u00e8s d'un investissement adapt\u00e9 aux enfants de la maison Montessori.","robots":{"index":"index","follow":"follow","max-snippet":"max-snippet:-1","max-image-preview":"max-image-preview:large","max-video-preview":"max-video-preview:-1"},"canonical":"https:\/\/industrial.filtrationgroup.com\/fr\/silentcare-success-story-montessori\/","og_locale":"fr_FR","og_type":"article","og_title":"SilentCare Success Story - Montessori - Filtration Group Industrial","og_description":"SilentCare : syst\u00e8me de filtration de l'air int\u00e9rieur. L'histoire du succ\u00e8s d'un investissement adapt\u00e9 aux enfants de la maison Montessori.","og_url":"https:\/\/industrial.filtrationgroup.com\/fr\/silentcare-success-story-montessori\/","og_site_name":"Filtration Group Industrial","article_modified_time":"2021-04-23T12:09:31+00:00","og_image":[{"url":"https:\/\/industrial.filtrationgroup.com\/wp-content\/uploads\/2021\/03\/Montessori.jpg","type":"","width":"","height":""}],"twitter_card":"summary_large_image","twitter_misc":{"Dur\u00e9e de lecture estim\u00e9e":"2 minutes"},"schema":{"@context":"https:\/\/schema.org","@graph":[{"@type":"WebPage","@id":"https:\/\/industrial.filtrationgroup.com\/fr\/silentcare-success-story-montessori\/","url":"https:\/\/industrial.filtrationgroup.com\/fr\/silentcare-success-story-montessori\/","name":"SilentCare Success Story - Montessori - Filtration Group Industrial","isPartOf":{"@id":"https:\/\/industrial.filtrationgroup.com\/fr\/#website"},"primaryImageOfPage":{"@id":"https:\/\/industrial.filtrationgroup.com\/fr\/silentcare-success-story-montessori\/#primaryimage"},"image":{"@id":"https:\/\/industrial.filtrationgroup.com\/fr\/silentcare-success-story-montessori\/#primaryimage"},"thumbnailUrl":"https:\/\/industrial.filtrationgroup.com\/wp-content\/uploads\/2021\/03\/Montessori.jpg","datePublished":"2021-03-19T08:47:24+00:00","dateModified":"2021-04-23T12:09:31+00:00","description":"SilentCare : syst\u00e8me de filtration de l'air int\u00e9rieur. L'histoire du succ\u00e8s d'un investissement adapt\u00e9 aux enfants de la maison Montessori.","breadcrumb":{"@id":"https:\/\/industrial.filtrationgroup.com\/fr\/silentcare-success-story-montessori\/#breadcrumb"},"inLanguage":"fr-FR","potentialAction":[{"@type":"ReadAction","target":["https:\/\/industrial.filtrationgroup.com\/fr\/silentcare-success-story-montessori\/"]}]},{"@type":"ImageObject","inLanguage":"fr-FR","@id":"https:\/\/industrial.filtrationgroup.com\/fr\/silentcare-success-story-montessori\/#primaryimage","url":"https:\/\/industrial.filtrationgroup.com\/wp-content\/uploads\/2021\/03\/Montessori.jpg","contentUrl":"https:\/\/industrial.filtrationgroup.com\/wp-content\/uploads\/2021\/03\/Montessori.jpg"},{"@type":"BreadcrumbList","@id":"https:\/\/industrial.filtrationgroup.com\/fr\/silentcare-success-story-montessori\/#breadcrumb","itemListElement":[{"@type":"ListItem","position":1,"name":"","item":"https:\/\/industrial.filtrationgroup.com\/fr\/"},{"@type":"ListItem","position":2,"name":"SilentCare Success Story &#8211; Montessori"}]},{"@type":"WebSite","@id":"https:\/\/industrial.filtrationgroup.com\/fr\/#website","url":"https:\/\/industrial.filtrationgroup.com\/fr\/","name":"Filtration Group Industrial","description":"Making the World Safer, Healthier and More Productive","publisher":{"@id":"https:\/\/industrial.filtrationgroup.com\/fr\/#organization"},"potentialAction":[{"@type":"SearchAction","target":{"@type":"EntryPoint","urlTemplate":"https:\/\/industrial.filtrationgroup.com\/fr\/?s={search_term_string}"},"query-input":{"@type":"PropertyValueSpecification","valueRequired":true,"valueName":"search_term_string"}}],"inLanguage":"fr-FR"},{"@type":"Organization","@id":"https:\/\/industrial.filtrationgroup.com\/fr\/#organization","name":"Filtration Group","url":"https:\/\/industrial.filtrationgroup.com\/fr\/","logo":{"@type":"ImageObject","inLanguage":"fr-FR","@id":"https:\/\/industrial.filtrationgroup.com\/fr\/#\/schema\/logo\/image\/","url":"https:\/\/industrial.filtrationgroup.com\/wp-content\/uploads\/2019\/06\/FGC-logo-1.png","contentUrl":"https:\/\/industrial.filtrationgroup.com\/wp-content\/uploads\/2019\/06\/FGC-logo-1.png","width":1104,"height":224,"caption":"Filtration Group"},"image":{"@id":"https:\/\/industrial.filtrationgroup.com\/fr\/#\/schema\/logo\/image\/"}}]}},"_links":{"self":[{"href":"https:\/\/industrial.filtrationgroup.com\/fr\/wp-json\/wp\/v2\/pages\/12077","targetHints":{"allow":["GET"]}}],"collection":[{"href":"https:\/\/industrial.filtrationgroup.com\/fr\/wp-json\/wp\/v2\/pages"}],"about":[{"href":"https:\/\/industrial.filtrationgroup.com\/fr\/wp-json\/wp\/v2\/types\/page"}],"author":[{"embeddable":true,"href":"https:\/\/industrial.filtrationgroup.com\/fr\/wp-json\/wp\/v2\/users\/10"}],"replies":[{"embeddable":true,"href":"https:\/\/industrial.filtrationgroup.com\/fr\/wp-json\/wp\/v2\/comments?post=12077"}],"version-history":[{"count":0,"href":"https:\/\/industrial.filtrationgroup.com\/fr\/wp-json\/wp\/v2\/pages\/12077\/revisions"}],"wp:attachment":[{"href":"https:\/\/industrial.filtrationgroup.com\/fr\/wp-json\/wp\/v2\/media?parent=12077"}],"curies":[{"name":"wp","href":"https:\/\/api.w.org\/{rel}","templated":true}]}}