{"id":2182,"date":"2019-12-10T21:03:26","date_gmt":"2019-12-10T21:03:26","guid":{"rendered":"http:\/\/industrial.filtrationgroup.com\/?page_id=2182"},"modified":"2024-01-08T09:23:34","modified_gmt":"2024-01-08T09:23:34","slug":"about-us-2","status":"publish","type":"page","link":"https:\/\/industrial.filtrationgroup.com\/fr\/about-us-2\/","title":{"rendered":"\u00c0 propos de nous"},"content":{"rendered":"\n<div class=\"wp-block-cover alignfull has-background-dim full-width\"><img loading=\"lazy\" decoding=\"async\" width=\"2000\" height=\"666\" class=\"wp-block-cover__image-background wp-image-6751\" alt=\"\" src=\"https:\/\/industrial.filtrationgroup.com\/wp-content\/uploads\/2019\/10\/FG-ueber-header.jpg\" data-object-fit=\"cover\" srcset=\"https:\/\/industrial.filtrationgroup.com\/wp-content\/uploads\/2019\/10\/FG-ueber-header.jpg 2000w, https:\/\/industrial.filtrationgroup.com\/wp-content\/uploads\/2019\/10\/FG-ueber-header-300x100.jpg 300w, https:\/\/industrial.filtrationgroup.com\/wp-content\/uploads\/2019\/10\/FG-ueber-header-768x256.jpg 768w, https:\/\/industrial.filtrationgroup.com\/wp-content\/uploads\/2019\/10\/FG-ueber-header-1024x341.jpg 1024w\" sizes=\"auto, (max-width: 2000px) 100vw, 2000px\" \/><div class=\"wp-block-cover__inner-container is-layout-flow wp-block-cover-is-layout-flow\">\n\n<h1 class=\"has-text-align-center wp-block-heading\">\u00c0 propos de nous<\/h1>\n\n<\/div><\/div>\n\n\n\n<h2 class=\"wp-block-heading\">Le monde de Filtration Group tourne autour du client<\/h2>\n\n\n\n<p>En plus des filiales allemandes d&rsquo;\u00d6hringen et de Hambourg, FG Industrial poss\u00e8de des usines en Roumanie, en Chine et au Japon. Plus de 700 employ\u00e9s travaillent pour la filiale allemande dans le monde entier. FG Industrial s&rsquo;est \u00e9tabli sur le march\u00e9 mondial avec une gamme \u00e9tendue de produits performants et innovants pour la s\u00e9paration, la filtration des liquides, la lutte contre la pollution de l&rsquo;air et la filtration de process industriels. <\/p>\n\n\n\n<h3 class=\"wp-block-heading\">Ce qui unit toutes les entreprises sous l&rsquo;\u00e9gide de Filtration Group Industrial est une promesse claire : nous sommes une source d&rsquo;inspiration pour nos clients.<\/h3>\n\n\n\n<figure class=\"wp-block-embed is-type-video is-provider-youtube wp-block-embed-youtube wp-embed-aspect-16-9 wp-has-aspect-ratio\"><div class=\"wp-block-embed__wrapper\">\n<iframe loading=\"lazy\" title=\"Expert Day Cooling Lubricants - Event Review\" width=\"500\" height=\"281\" src=\"https:\/\/www.youtube.com\/embed\/PvvknlY_L10?feature=oembed\" frameborder=\"0\" allow=\"accelerometer; autoplay; clipboard-write; encrypted-media; gyroscope; picture-in-picture; web-share\" referrerpolicy=\"strict-origin-when-cross-origin\" allowfullscreen><\/iframe>\n<\/div><\/figure>\n\n\n\n<h2 class=\"wp-block-heading\">Pr\u00eats pour un avenir plus s\u00fbr, plus sain et plus efficace<\/h2>\n\n\n\n<p>Nos produits nous aident \u00e0 rendre le monde un peu meilleur. Gr\u00e2ce \u00e0 des syst\u00e8mes de filtration et des solutions de s\u00e9paration efficaces, nous contribuons \u00e0 maintenir la propret\u00e9 de notre espace de vie et \u00e0 assurer la p\u00e9rennit\u00e9 et la comp\u00e9titivit\u00e9 des entreprises. Nous faisons preuve de force et de comp\u00e9tence sur des march\u00e9s concurrentiels dans le monde entier pour \u00eatre \u00e0 la hauteur de notre devise : pour un monde plus s\u00fbr, plus sain et plus efficace. <\/p>\n\n\n\n<h2 class=\"wp-block-heading\">Nous accompagnons nos clients aux exigences \u00e9lev\u00e9es dans le monde entier<\/h2>\n\n\n\n<figure class=\"wp-block-image\"><img loading=\"lazy\" decoding=\"async\" width=\"1024\" height=\"572\" src=\"https:\/\/industrial.filtrationgroup.com\/wp-content\/uploads\/2019\/10\/FG-ueber-weltkarte-1024x572.jpg\" alt=\"FG-ueber-weltkarte\" class=\"wp-image-6817\" srcset=\"https:\/\/industrial.filtrationgroup.com\/wp-content\/uploads\/2019\/10\/FG-ueber-weltkarte-1024x572.jpg 1024w, https:\/\/industrial.filtrationgroup.com\/wp-content\/uploads\/2019\/10\/FG-ueber-weltkarte-300x168.jpg 300w, https:\/\/industrial.filtrationgroup.com\/wp-content\/uploads\/2019\/10\/FG-ueber-weltkarte-768x429.jpg 768w\" sizes=\"auto, (max-width: 1024px) 100vw, 1024px\" \/><\/figure>\n\n\n\n<p><a href=\"https:\/\/fluid.filtrationgroup.com\/market\/werkzeugmaschinen\"><\/a><a href=\"https:\/\/fluid.filtrationgroup.com\/market\/Hydraulische_Industrieanlagen\"><\/a><a href=\"https:\/\/fluid.filtrationgroup.com\/market\/chemical_industry\"><\/a><a href=\"https:\/\/fluid.filtrationgroup.com\/market\/Luftreinhaltung\"><\/a><a href=\"https:\/\/fluid.filtrationgroup.com\/market\/windenergy\"><\/a><a href=\"https:\/\/fluid.filtrationgroup.com\/market\/Pharma-Lebensmittelindustrie\"><\/a><a href=\"https:\/\/fluid.filtrationgroup.com\/market\/schiffsbetriebstechnik\"><\/a><a href=\"https:\/\/fluid.filtrationgroup.com\/market\/Konventionelle_Energieerzeugung\"><\/a><\/p>\n\n\n\n<h2 class=\"wp-block-heading\">Filtration Group en un coup d&rsquo;\u0153il<\/h2>\n\n\n\n<div class=\"wp-block-columns has-2-columns is-layout-flex wp-container-core-columns-is-layout-9d6595d7 wp-block-columns-is-layout-flex\">\n<div class=\"wp-block-column is-layout-flow wp-block-column-is-layout-flow\">\n<figure class=\"wp-block-image\"><img loading=\"lazy\" decoding=\"async\" width=\"1024\" height=\"910\" src=\"https:\/\/industrial.filtrationgroup.com\/wp-content\/uploads\/2019\/10\/FG-ueber-umsatz-en-1024x910.jpg\" alt=\"FG-ueber-umsatz-en\" class=\"wp-image-6814\" srcset=\"https:\/\/industrial.filtrationgroup.com\/wp-content\/uploads\/2019\/10\/FG-ueber-umsatz-en-1024x910.jpg 1024w, https:\/\/industrial.filtrationgroup.com\/wp-content\/uploads\/2019\/10\/FG-ueber-umsatz-en-300x266.jpg 300w, https:\/\/industrial.filtrationgroup.com\/wp-content\/uploads\/2019\/10\/FG-ueber-umsatz-en-768x682.jpg 768w, https:\/\/industrial.filtrationgroup.com\/wp-content\/uploads\/2019\/10\/FG-ueber-umsatz-en.jpg 1110w\" sizes=\"auto, (max-width: 1024px) 100vw, 1024px\" \/><\/figure>\n\n\n\n<figure class=\"wp-block-image\"><img loading=\"lazy\" decoding=\"async\" width=\"1024\" height=\"830\" src=\"https:\/\/industrial.filtrationgroup.com\/wp-content\/uploads\/2019\/10\/FG-ueber-standorte-en-1024x830.jpg\" alt=\"\" class=\"wp-image-6808\" srcset=\"https:\/\/industrial.filtrationgroup.com\/wp-content\/uploads\/2019\/10\/FG-ueber-standorte-en-1024x830.jpg 1024w, https:\/\/industrial.filtrationgroup.com\/wp-content\/uploads\/2019\/10\/FG-ueber-standorte-en-300x243.jpg 300w, https:\/\/industrial.filtrationgroup.com\/wp-content\/uploads\/2019\/10\/FG-ueber-standorte-en-768x622.jpg 768w, https:\/\/industrial.filtrationgroup.com\/wp-content\/uploads\/2019\/10\/FG-ueber-standorte-en.jpg 1111w\" sizes=\"auto, (max-width: 1024px) 100vw, 1024px\" \/><\/figure>\n<\/div>\n\n\n\n<div class=\"wp-block-column is-layout-flow wp-block-column-is-layout-flow\">\n<figure class=\"wp-block-image\"><img loading=\"lazy\" decoding=\"async\" width=\"1024\" height=\"830\" src=\"https:\/\/industrial.filtrationgroup.com\/wp-content\/uploads\/2019\/10\/FG-ueber-mitarbeiter-en-1024x830.jpg\" alt=\"FG-ueber-mitarbeiter-en\" class=\"wp-image-6805\" srcset=\"https:\/\/industrial.filtrationgroup.com\/wp-content\/uploads\/2019\/10\/FG-ueber-mitarbeiter-en-1024x830.jpg 1024w, https:\/\/industrial.filtrationgroup.com\/wp-content\/uploads\/2019\/10\/FG-ueber-mitarbeiter-en-300x243.jpg 300w, https:\/\/industrial.filtrationgroup.com\/wp-content\/uploads\/2019\/10\/FG-ueber-mitarbeiter-en-768x623.jpg 768w, https:\/\/industrial.filtrationgroup.com\/wp-content\/uploads\/2019\/10\/FG-ueber-mitarbeiter-en.jpg 1110w\" sizes=\"auto, (max-width: 1024px) 100vw, 1024px\" \/><\/figure>\n\n\n\n<figure class=\"wp-block-image\"><img loading=\"lazy\" decoding=\"async\" width=\"1024\" height=\"830\" src=\"https:\/\/industrial.filtrationgroup.com\/wp-content\/uploads\/2019\/10\/FG-ueber-laender-en-1024x830.jpg\" alt=\"FG-ueber-laender-en\" class=\"wp-image-6802\" srcset=\"https:\/\/industrial.filtrationgroup.com\/wp-content\/uploads\/2019\/10\/FG-ueber-laender-en-1024x830.jpg 1024w, https:\/\/industrial.filtrationgroup.com\/wp-content\/uploads\/2019\/10\/FG-ueber-laender-en-300x243.jpg 300w, https:\/\/industrial.filtrationgroup.com\/wp-content\/uploads\/2019\/10\/FG-ueber-laender-en-768x622.jpg 768w, https:\/\/industrial.filtrationgroup.com\/wp-content\/uploads\/2019\/10\/FG-ueber-laender-en.jpg 1111w\" sizes=\"auto, (max-width: 1024px) 100vw, 1024px\" \/><\/figure>\n<\/div>\n<\/div>\n\n\n\n<figure class=\"wp-block-image\"><img loading=\"lazy\" decoding=\"async\" width=\"1024\" height=\"496\" src=\"https:\/\/industrial.filtrationgroup.com\/wp-content\/uploads\/2019\/10\/FG-ueber-grafik-en-1024x496.jpg\" alt=\"FG-ueber-grafik-en\" class=\"wp-image-6799\" srcset=\"https:\/\/industrial.filtrationgroup.com\/wp-content\/uploads\/2019\/10\/FG-ueber-grafik-en-1024x496.jpg 1024w, https:\/\/industrial.filtrationgroup.com\/wp-content\/uploads\/2019\/10\/FG-ueber-grafik-en-300x145.jpg 300w, https:\/\/industrial.filtrationgroup.com\/wp-content\/uploads\/2019\/10\/FG-ueber-grafik-en-768x372.jpg 768w\" sizes=\"auto, (max-width: 1024px) 100vw, 1024px\" \/><\/figure>\n\n\n\n<h3 class=\"wp-block-heading\">Histoire <\/h3>\n\n\n\n<h4 class=\"wp-block-heading\">Un concentr\u00e9 d&rsquo;exp\u00e9rience de plus de 60 ans<\/h4>\n\n\n\n<p>Au sein de Filtration Group, l&rsquo;expertise et l&rsquo;exp\u00e9rience de soci\u00e9t\u00e9s hautement sp\u00e9cialis\u00e9es sont unique dans ce secteur industriel. <\/p>\n\n\n\n<section id=\"timeline\">\n \n  <article>\n    <div class=\"inner\">\n      <span class=\"date\">\n        <span class=\"year\">2016<\/span>\n      <\/span>\n      <h2>2016<\/h2>\n      <p>Le sp\u00e9cialiste am\u00e9ricain Filtration Group Corporation int\u00e8gre&nbsp;MAHLE Industrial Filtration dans sa famille d&rsquo;entreprises. L&rsquo;entreprise, filiale de Madison Industries, exploite plus de 100 sites dans 28 pays.<\/p>\n    <\/div>\n  <\/article>\n\n  <article>\n    <div class=\"inner\">\n      <span class=\"date\">\n        <span class=\"year\">2006<\/span>\n      <\/span>\n      <h2>2006 until 2016:<\/h2>\n      <p>MAHLE acquiert Norddeutsche-Filter-Vertriebs GmbH (NVF) et AKO Filter GmbH, suivie deux ans plus tard du groupe Amafilter, bas\u00e9 \u00e0 Alkmaar, aux Pays-Bas. Depuis 2011, MAHLE exploite Filtersysteme GmbH et MAHLE<\/p>\n    <\/div>\n  <\/article>\n\t\n\t<article>\n    <div class=\"inner\">\n      <span class=\"date\">\n        <span class=\"year\">2002<\/span>\n      <\/span>\n      <h2>2002<\/h2>\n      <p>MAHLE acquiert le groupe Tennex bas\u00e9 \u00e0 Tokyo, au Japon, avec des sites de production en Tha\u00eflande, aux \u00c9tats-Unis, en Grande-Bretagne et aux Philippines. Tennex est sp\u00e9cialis\u00e9e dans la fabrication de syst\u00e8mes de filtration pour l&rsquo;industrie automobile.<\/p>\n    <\/div>\n  <\/article>\n\t\n\t<article>\n    <div class=\"inner\">\n      <span class=\"date\">\n        <span class=\"year\">1999<\/span>\n      <\/span>\n      <h2>1999<\/h2>\n      <p>MAHLE acquiert Purolator \u00d6hringen, et permet de poursuivre la production des syst\u00e8mes de filtration sous&nbsp;cette marque reconnue. Apr\u00e8s l&rsquo;expiration du contrat de licence en 1990, les filtres d&rsquo;\u00d6hringen sont commercialis\u00e9s exclusivement sous les marques Knecht et MAHLE.<\/p>\n    <\/div>\n  <\/article>\n\t\n\t<article>\n    <div class=\"inner\">\n      <span class=\"date\">\n        <span class=\"year\">1972<\/span>\n      <\/span>\n      <h2>1972<\/h2>\n      <p>La filiale Purolator \u00e0 \u00d6hringen prend en charge la responsabilit\u00e9 du march\u00e9 europ\u00e9en. La m\u00eame ann\u00e9e, Mahle rejoint la soci\u00e9t\u00e9 Knecht, qui fabrique des filtres pour Purolator.<\/p>\n    <\/div>\n  <\/article>\n\t\n\t<article>\n    <div class=\"inner\">\n      <span class=\"date\">\n        <span class=\"year\">1962<\/span>\n      <\/span>\n      <h2>1962<\/h2>\n      <p>La firme am\u00e9ricaine Purolator construit son premier site international \u00e0 \u00d6hringen. En plus des filtres pour v\u00e9hicules, des filtres industriels sont fabriqu\u00e9s \u00e0 partir de&nbsp;1966.<\/p>\n    <\/div>\n  <\/article>\n<\/section>\n","protected":false},"excerpt":{"rendered":"<p>Le monde de Filtration Group tourne autour du client En plus des filiales allemandes d&rsquo;\u00d6hringen et de Hambourg, FG Industrial poss\u00e8de des usines en Roumanie, en Chine et au Japon. Plus de 700 employ\u00e9s travaillent pour la filiale allemande dans le monde entier. FG Industrial s&rsquo;est \u00e9tabli sur le march\u00e9 mondial avec une gamme \u00e9tendue [&hellip;]<\/p>\n","protected":false},"author":3,"featured_media":0,"parent":0,"menu_order":0,"comment_status":"closed","ping_status":"closed","template":"","meta":{"_acf_changed":false,"footnotes":""},"class_list":["post-2182","page","type-page","status-publish","hentry"],"acf":[],"yoast_head":"<!-- This site is optimized with the Yoast SEO plugin v27.3 - https:\/\/yoast.com\/product\/yoast-seo-wordpress\/ -->\n<title>\u00c0 propos de nous - Filtration Group Industrial<\/title>\n<meta name=\"robots\" content=\"index, follow, max-snippet:-1, max-image-preview:large, max-video-preview:-1\" \/>\n<link rel=\"canonical\" href=\"https:\/\/industrial.filtrationgroup.com\/fr\/about-us-2\/\" \/>\n<meta property=\"og:locale\" content=\"fr_FR\" \/>\n<meta property=\"og:type\" content=\"article\" \/>\n<meta property=\"og:title\" content=\"\u00c0 propos de nous - Filtration Group Industrial\" \/>\n<meta property=\"og:description\" content=\"Le monde de Filtration Group tourne autour du client En plus des filiales allemandes d&rsquo;\u00d6hringen et de Hambourg, FG Industrial poss\u00e8de des usines en Roumanie, en Chine et au Japon. Plus de 700 employ\u00e9s travaillent pour la filiale allemande dans le monde entier. FG Industrial s&rsquo;est \u00e9tabli sur le march\u00e9 mondial avec une gamme \u00e9tendue [&hellip;]\" \/>\n<meta property=\"og:url\" content=\"https:\/\/industrial.filtrationgroup.com\/fr\/about-us-2\/\" \/>\n<meta property=\"og:site_name\" content=\"Filtration Group Industrial\" \/>\n<meta property=\"article:modified_time\" content=\"2024-01-08T09:23:34+00:00\" \/>\n<meta property=\"og:image\" content=\"https:\/\/industrial.filtrationgroup.com\/wp-content\/uploads\/2019\/10\/FG-ueber-header.jpg\" \/>\n<meta name=\"twitter:card\" content=\"summary_large_image\" \/>\n<meta name=\"twitter:label1\" content=\"Dur\u00e9e de lecture estim\u00e9e\" \/>\n\t<meta name=\"twitter:data1\" content=\"4 minutes\" \/>\n<script type=\"application\/ld+json\" class=\"yoast-schema-graph\">{\"@context\":\"https:\\\/\\\/schema.org\",\"@graph\":[{\"@type\":\"WebPage\",\"@id\":\"https:\\\/\\\/industrial.filtrationgroup.com\\\/fr\\\/about-us-2\\\/\",\"url\":\"https:\\\/\\\/industrial.filtrationgroup.com\\\/fr\\\/about-us-2\\\/\",\"name\":\"\u00c0 propos de nous - Filtration Group Industrial\",\"isPartOf\":{\"@id\":\"https:\\\/\\\/industrial.filtrationgroup.com\\\/fr\\\/#website\"},\"primaryImageOfPage\":{\"@id\":\"https:\\\/\\\/industrial.filtrationgroup.com\\\/fr\\\/about-us-2\\\/#primaryimage\"},\"image\":{\"@id\":\"https:\\\/\\\/industrial.filtrationgroup.com\\\/fr\\\/about-us-2\\\/#primaryimage\"},\"thumbnailUrl\":\"https:\\\/\\\/industrial.filtrationgroup.com\\\/wp-content\\\/uploads\\\/2019\\\/10\\\/FG-ueber-header.jpg\",\"datePublished\":\"2019-12-10T21:03:26+00:00\",\"dateModified\":\"2024-01-08T09:23:34+00:00\",\"breadcrumb\":{\"@id\":\"https:\\\/\\\/industrial.filtrationgroup.com\\\/fr\\\/about-us-2\\\/#breadcrumb\"},\"inLanguage\":\"fr-FR\",\"potentialAction\":[{\"@type\":\"ReadAction\",\"target\":[\"https:\\\/\\\/industrial.filtrationgroup.com\\\/fr\\\/about-us-2\\\/\"]}]},{\"@type\":\"ImageObject\",\"inLanguage\":\"fr-FR\",\"@id\":\"https:\\\/\\\/industrial.filtrationgroup.com\\\/fr\\\/about-us-2\\\/#primaryimage\",\"url\":\"https:\\\/\\\/industrial.filtrationgroup.com\\\/wp-content\\\/uploads\\\/2019\\\/10\\\/FG-ueber-header.jpg\",\"contentUrl\":\"https:\\\/\\\/industrial.filtrationgroup.com\\\/wp-content\\\/uploads\\\/2019\\\/10\\\/FG-ueber-header.jpg\"},{\"@type\":\"BreadcrumbList\",\"@id\":\"https:\\\/\\\/industrial.filtrationgroup.com\\\/fr\\\/about-us-2\\\/#breadcrumb\",\"itemListElement\":[{\"@type\":\"ListItem\",\"position\":1,\"name\":\"\",\"item\":\"https:\\\/\\\/industrial.filtrationgroup.com\\\/fr\\\/\"},{\"@type\":\"ListItem\",\"position\":2,\"name\":\"\u00c0 propos de nous\"}]},{\"@type\":\"WebSite\",\"@id\":\"https:\\\/\\\/industrial.filtrationgroup.com\\\/fr\\\/#website\",\"url\":\"https:\\\/\\\/industrial.filtrationgroup.com\\\/fr\\\/\",\"name\":\"Filtration Group Industrial\",\"description\":\"Making the World Safer, Healthier and More Productive\",\"publisher\":{\"@id\":\"https:\\\/\\\/industrial.filtrationgroup.com\\\/fr\\\/#organization\"},\"potentialAction\":[{\"@type\":\"SearchAction\",\"target\":{\"@type\":\"EntryPoint\",\"urlTemplate\":\"https:\\\/\\\/industrial.filtrationgroup.com\\\/fr\\\/?s={search_term_string}\"},\"query-input\":{\"@type\":\"PropertyValueSpecification\",\"valueRequired\":true,\"valueName\":\"search_term_string\"}}],\"inLanguage\":\"fr-FR\"},{\"@type\":\"Organization\",\"@id\":\"https:\\\/\\\/industrial.filtrationgroup.com\\\/fr\\\/#organization\",\"name\":\"Filtration Group\",\"url\":\"https:\\\/\\\/industrial.filtrationgroup.com\\\/fr\\\/\",\"logo\":{\"@type\":\"ImageObject\",\"inLanguage\":\"fr-FR\",\"@id\":\"https:\\\/\\\/industrial.filtrationgroup.com\\\/fr\\\/#\\\/schema\\\/logo\\\/image\\\/\",\"url\":\"https:\\\/\\\/industrial.filtrationgroup.com\\\/wp-content\\\/uploads\\\/2019\\\/06\\\/FGC-logo-1.png\",\"contentUrl\":\"https:\\\/\\\/industrial.filtrationgroup.com\\\/wp-content\\\/uploads\\\/2019\\\/06\\\/FGC-logo-1.png\",\"width\":1104,\"height\":224,\"caption\":\"Filtration Group\"},\"image\":{\"@id\":\"https:\\\/\\\/industrial.filtrationgroup.com\\\/fr\\\/#\\\/schema\\\/logo\\\/image\\\/\"}}]}<\/script>\n<!-- \/ Yoast SEO plugin. -->","yoast_head_json":{"title":"\u00c0 propos de nous - Filtration Group Industrial","robots":{"index":"index","follow":"follow","max-snippet":"max-snippet:-1","max-image-preview":"max-image-preview:large","max-video-preview":"max-video-preview:-1"},"canonical":"https:\/\/industrial.filtrationgroup.com\/fr\/about-us-2\/","og_locale":"fr_FR","og_type":"article","og_title":"\u00c0 propos de nous - Filtration Group Industrial","og_description":"Le monde de Filtration Group tourne autour du client En plus des filiales allemandes d&rsquo;\u00d6hringen et de Hambourg, FG Industrial poss\u00e8de des usines en Roumanie, en Chine et au Japon. Plus de 700 employ\u00e9s travaillent pour la filiale allemande dans le monde entier. FG Industrial s&rsquo;est \u00e9tabli sur le march\u00e9 mondial avec une gamme \u00e9tendue [&hellip;]","og_url":"https:\/\/industrial.filtrationgroup.com\/fr\/about-us-2\/","og_site_name":"Filtration Group Industrial","article_modified_time":"2024-01-08T09:23:34+00:00","og_image":[{"url":"https:\/\/industrial.filtrationgroup.com\/wp-content\/uploads\/2019\/10\/FG-ueber-header.jpg","type":"","width":"","height":""}],"twitter_card":"summary_large_image","twitter_misc":{"Dur\u00e9e de lecture estim\u00e9e":"4 minutes"},"schema":{"@context":"https:\/\/schema.org","@graph":[{"@type":"WebPage","@id":"https:\/\/industrial.filtrationgroup.com\/fr\/about-us-2\/","url":"https:\/\/industrial.filtrationgroup.com\/fr\/about-us-2\/","name":"\u00c0 propos de nous - Filtration Group Industrial","isPartOf":{"@id":"https:\/\/industrial.filtrationgroup.com\/fr\/#website"},"primaryImageOfPage":{"@id":"https:\/\/industrial.filtrationgroup.com\/fr\/about-us-2\/#primaryimage"},"image":{"@id":"https:\/\/industrial.filtrationgroup.com\/fr\/about-us-2\/#primaryimage"},"thumbnailUrl":"https:\/\/industrial.filtrationgroup.com\/wp-content\/uploads\/2019\/10\/FG-ueber-header.jpg","datePublished":"2019-12-10T21:03:26+00:00","dateModified":"2024-01-08T09:23:34+00:00","breadcrumb":{"@id":"https:\/\/industrial.filtrationgroup.com\/fr\/about-us-2\/#breadcrumb"},"inLanguage":"fr-FR","potentialAction":[{"@type":"ReadAction","target":["https:\/\/industrial.filtrationgroup.com\/fr\/about-us-2\/"]}]},{"@type":"ImageObject","inLanguage":"fr-FR","@id":"https:\/\/industrial.filtrationgroup.com\/fr\/about-us-2\/#primaryimage","url":"https:\/\/industrial.filtrationgroup.com\/wp-content\/uploads\/2019\/10\/FG-ueber-header.jpg","contentUrl":"https:\/\/industrial.filtrationgroup.com\/wp-content\/uploads\/2019\/10\/FG-ueber-header.jpg"},{"@type":"BreadcrumbList","@id":"https:\/\/industrial.filtrationgroup.com\/fr\/about-us-2\/#breadcrumb","itemListElement":[{"@type":"ListItem","position":1,"name":"","item":"https:\/\/industrial.filtrationgroup.com\/fr\/"},{"@type":"ListItem","position":2,"name":"\u00c0 propos de nous"}]},{"@type":"WebSite","@id":"https:\/\/industrial.filtrationgroup.com\/fr\/#website","url":"https:\/\/industrial.filtrationgroup.com\/fr\/","name":"Filtration Group Industrial","description":"Making the World Safer, Healthier and More Productive","publisher":{"@id":"https:\/\/industrial.filtrationgroup.com\/fr\/#organization"},"potentialAction":[{"@type":"SearchAction","target":{"@type":"EntryPoint","urlTemplate":"https:\/\/industrial.filtrationgroup.com\/fr\/?s={search_term_string}"},"query-input":{"@type":"PropertyValueSpecification","valueRequired":true,"valueName":"search_term_string"}}],"inLanguage":"fr-FR"},{"@type":"Organization","@id":"https:\/\/industrial.filtrationgroup.com\/fr\/#organization","name":"Filtration Group","url":"https:\/\/industrial.filtrationgroup.com\/fr\/","logo":{"@type":"ImageObject","inLanguage":"fr-FR","@id":"https:\/\/industrial.filtrationgroup.com\/fr\/#\/schema\/logo\/image\/","url":"https:\/\/industrial.filtrationgroup.com\/wp-content\/uploads\/2019\/06\/FGC-logo-1.png","contentUrl":"https:\/\/industrial.filtrationgroup.com\/wp-content\/uploads\/2019\/06\/FGC-logo-1.png","width":1104,"height":224,"caption":"Filtration Group"},"image":{"@id":"https:\/\/industrial.filtrationgroup.com\/fr\/#\/schema\/logo\/image\/"}}]}},"_links":{"self":[{"href":"https:\/\/industrial.filtrationgroup.com\/fr\/wp-json\/wp\/v2\/pages\/2182","targetHints":{"allow":["GET"]}}],"collection":[{"href":"https:\/\/industrial.filtrationgroup.com\/fr\/wp-json\/wp\/v2\/pages"}],"about":[{"href":"https:\/\/industrial.filtrationgroup.com\/fr\/wp-json\/wp\/v2\/types\/page"}],"author":[{"embeddable":true,"href":"https:\/\/industrial.filtrationgroup.com\/fr\/wp-json\/wp\/v2\/users\/3"}],"replies":[{"embeddable":true,"href":"https:\/\/industrial.filtrationgroup.com\/fr\/wp-json\/wp\/v2\/comments?post=2182"}],"version-history":[{"count":0,"href":"https:\/\/industrial.filtrationgroup.com\/fr\/wp-json\/wp\/v2\/pages\/2182\/revisions"}],"wp:attachment":[{"href":"https:\/\/industrial.filtrationgroup.com\/fr\/wp-json\/wp\/v2\/media?parent=2182"}],"curies":[{"name":"wp","href":"https:\/\/api.w.org\/{rel}","templated":true}]}}