{"id":6105,"date":"2019-10-02T01:31:45","date_gmt":"2019-10-02T01:31:45","guid":{"rendered":"http:\/\/industrial.filtrationgroup.com\/marktsegmente\/konventionelle-energieerzeugung\/"},"modified":"2021-09-01T11:02:48","modified_gmt":"2021-09-01T11:02:48","slug":"konventionelle-energieerzeugung","status":"publish","type":"page","link":"https:\/\/industrial.filtrationgroup.com\/fr\/marktsegmente\/konventionelle-energieerzeugung\/","title":{"rendered":"Production d&rsquo;\u00e9lectricit\u00e9 conventionnelle"},"content":{"rendered":"\n<div class=\"wp-block-cover alignfull has-background-dim\"><img decoding=\"async\" class=\"wp-block-cover__image-background wp-image-411\" alt=\"\" src=\"https:\/\/industrial.filtrationgroup.com\/wp-content\/uploads\/2019\/10\/powerplant_overview.jpg\" data-object-fit=\"cover\" \/><div class=\"wp-block-cover__inner-container is-layout-flow wp-block-cover-is-layout-flow\">\n<h1 class=\"has-text-align-center wp-block-heading\">Production d&rsquo;\u00e9lectricit\u00e9 conventionnelle<\/h1>\n<\/div><\/div>\n\n\n\n<div class=\"wp-block-columns has-2-columns is-layout-flex wp-container-core-columns-is-layout-9d6595d7 wp-block-columns-is-layout-flex\">\n<div class=\"wp-block-column is-layout-flow wp-block-column-is-layout-flow\">\n<h2 class=\"wp-block-heading\">Syst\u00e8mes de filtration efficaces pour la production d&rsquo;\u00e9lectricit\u00e9<\/h2>\n\n\n\n<h3 class=\"wp-block-heading\">Dans les centrales \u00e9lectriques conventionnelles telles que les centrales \u00e0 gaz ou nucl\u00e9aires, les filtres et s\u00e9parateurs de Filtration Group Industrial garantissent la fonctionnalit\u00e9 et la durabilit\u00e9 \u00e0 long terme des turbines et des g\u00e9n\u00e9rateurs, tout en respectant les normes \u00e9cologiques et la disponibilit\u00e9 de g\u00e9n\u00e9rateurs \u00e9lectriques de secours.<\/h3>\n\n\n\n<p>Les filtres hydrauliques de Filtration Group Industrial purifient de mani\u00e8re fiable les fluides hydrauliques et les huiles lubrifiantes, m\u00eame avec une pression diff\u00e9rentielle \u00e9lev\u00e9e et pulsations de pression. Les \u00e9l\u00e9ments filtrants multicouches assurent une plus grande capacit\u00e9 de r\u00e9tention des contaminants et les \u00e9l\u00e9ments filtrants innovants e-protect emp\u00eachent les d\u00e9charges \u00e9lectrostatiques affectant l&rsquo;efficacit\u00e9 des fluides hydrauliques.<\/p>\n\n\n\n<p>En plus de la filtration hydraulique, Filtration Group Industrial propose \u00e9galement des solutions efficaces pour le contr\u00f4le de la pollution de l&rsquo;air : l&rsquo;air d&rsquo;admission ainsi filtr\u00e9 et alimentant en oxyg\u00e8ne le process de combustion est exempt de contaminants et poussi\u00e8res.<\/p>\n\n\n\n<p>Pour la filtration des gaz haute temp\u00e9rature (gaz de combustion), de plus en plus d&rsquo;exploitants de centrales \u00e9lectriques comptent sur les \u00e9l\u00e9ments filtrants \u00e0 bougie haute performance Cerafil<sup>TM<\/sup>, qui fournissent d&rsquo;excellents r\u00e9sultats \u00e0 des temp\u00e9ratures tr\u00e8s \u00e9lev\u00e9es.<\/p>\n\n\n\n<p>Pour la filtration de l&rsquo;eau, divers syst\u00e8mes de filtration FG clarifient l&rsquo;eau de process et de refroidissement et emp\u00eachent ainsi la corrosion et les d\u00e9p\u00f4ts d&rsquo;endommager les syst\u00e8mes. Pour la s\u00e9paration huile-eau, des filtres \u00e0 coalescence, formant de plus grosses gouttes \u00e0 la surface du m\u00e9dia filtrant puis les \u00e9liminant, purifient l&rsquo;eau de surface jusqu&rsquo;\u00e0 une teneur en huile r\u00e9siduelle inf\u00e9rieure \u00e0 1 ppm.<\/p>\n<\/div>\n\n\n\n<div class=\"wp-block-column is-layout-flow wp-block-column-is-layout-flow\">\n<h3 class=\"wp-block-heading\">Ensemble, nous rendons la production d&rsquo;\u00e9lectricit\u00e9 conventionnelle \u2026<\/h3>\n\n\n\n<p><strong>\u2026 plus s\u00fbre<\/strong>, car nos syst\u00e8mes de filtration garantissent un fonctionnement ininterrompu des process sensibles de la centrale et permettent ainsi d&rsquo;\u00e9viter les d\u00e9faillances<\/p>\n\n\n\n<p><strong>\u2026 plus saine<\/strong>, car nos produits assurent un approvisionnement \u00e0 long terme en eau de refroidissement et, gr\u00e2ce \u00e0 un traitement efficace, r\u00e9duisent la consommation d&rsquo;huiles hydrauliques et de lubrification<\/p>\n\n\n\n<p><strong>\u2026 plus efficace<\/strong>, car nos syst\u00e8mes de s\u00e9paration et de filtration permettent un fonctionnement continu de la centrale \u00e0 plein rendement.<\/p>\n<\/div>\n<\/div>\n\n\n\n<h3 class=\"wp-block-heading\">Applications <\/h3>\n\n\n\n<h2 class=\"wp-block-heading\">Filtration Group Industrial r\u00e9duit les pertes d&rsquo;\u00e9nergie dans la production d&rsquo;\u00e9lectricit\u00e9 <\/h2>\n\n\n\n<p>Les filtres de Filtration Group Industrial contribuent au fonctionnement \u00e9conomique des centrales au p\u00e9trole, au charbon, au gaz et nucl\u00e9aires et contribuent en m\u00eame temps \u00e0 r\u00e9duire l&rsquo;impact environnemental. En ce qui concerne le traitement de l&rsquo;eau et la gestion des carburants, la filtration hydraulique, le contr\u00f4le de la pollution de l&rsquo;air, les syst\u00e8mes de filtration et les s\u00e9parateurs de Filtration Group Industrial impressionnent par leurs taux de s\u00e9paration \u00e9lev\u00e9s, leur bonne r\u00e9sistance aux fortes concentrations de contaminants et leur longue dur\u00e9e de vie. <\/p>\n\n\n<div\n\t\t\t\n\t\t\tclass=\"so-widget-sow-post-carousel so-widget-sow-post-carousel-base-ad93eedad001\"\n\t\t\t\n\t\t><\/div>\n\n\n<div class=\"wp-block-columns has-3-columns is-layout-flex wp-container-core-columns-is-layout-9d6595d7 wp-block-columns-is-layout-flex\">\n<div class=\"wp-block-column is-layout-flow wp-block-column-is-layout-flow\">\n<h2 class=\"wp-block-heading\">Contact<\/h2>\n\n\n\n<h3 class=\"wp-block-heading\">Besoin d\u2019aide? Contactez-nous. Vers la fiche de renseignement.<\/h3>\n\n\n\n<div class=\"wp-block-button btn-full-width\"><a class=\"wp-block-button__link has-green-background-color has-background\" href=\"https:\/\/industrial.filtrationgroup.com\/fr\/contact\/\">VERS LE FORMULAIRE DE CONTACT<\/a><\/div>\n<\/div>\n\n\n\n<div class=\"wp-block-column is-layout-flow wp-block-column-is-layout-flow\">\n<h2 class=\"wp-block-heading\">Solutions d\u00e9di\u00e9es<\/h2>\n\n\n\n<p>Filtration Group Industrial propose des syst\u00e8mes de filtration et de s\u00e9paration d\u00e9di\u00e9s. Nos ing\u00e9nieurs d\u2019applications seront heureux de travailler avec vous pour trouver la meilleure solution r\u00e9pondant aux exigences sp\u00e9cifiques de votre environnement de travail.<\/p>\n<\/div>\n\n\n\n<div class=\"wp-block-column is-layout-flow wp-block-column-is-layout-flow\">\n<h2 class=\"wp-block-heading\">T\u00e9l\u00e9chargements<\/h2>\n\n\n\n<div class=\"wp-block-button btn-full-width\"><a class=\"wp-block-button__link has-green-background-color has-background\" href=\"https:\/\/industrial.filtrationgroup.com\/wp-content\/uploads\/2020\/07\/FG_Broschuere-Hydraulikfilter_DE_Screen-2.pdf\" target=\"_blank\" rel=\"noreferrer noopener\">BROCHURE SUR LES FLUIDES<\/a><\/div>\n<\/div>\n<\/div>\n","protected":false},"excerpt":{"rendered":"<p>Syst\u00e8mes de filtration efficaces pour la production d&rsquo;\u00e9lectricit\u00e9 Dans les centrales \u00e9lectriques conventionnelles telles que les centrales \u00e0 gaz ou nucl\u00e9aires, les filtres et s\u00e9parateurs de Filtration Group Industrial garantissent la fonctionnalit\u00e9 et la durabilit\u00e9 \u00e0 long terme des turbines et des g\u00e9n\u00e9rateurs, tout en respectant les normes \u00e9cologiques et la disponibilit\u00e9 de g\u00e9n\u00e9rateurs \u00e9lectriques [&hellip;]<\/p>\n","protected":false},"author":2068,"featured_media":0,"parent":6082,"menu_order":0,"comment_status":"closed","ping_status":"closed","template":"","meta":{"_acf_changed":false,"footnotes":""},"class_list":["post-6105","page","type-page","status-publish","hentry"],"acf":[],"yoast_head":"<!-- This site is optimized with the Yoast SEO plugin v27.3 - https:\/\/yoast.com\/product\/yoast-seo-wordpress\/ -->\n<title>Production d&#039;\u00e9lectricit\u00e9 conventionnelle - Filtration Group Industrial<\/title>\n<meta name=\"description\" content=\"Market Segment Power Generation | We offer filter elements, system solutions and separation systems that ensure a trouble-free operation. Find out more!\" \/>\n<meta name=\"robots\" content=\"index, follow, max-snippet:-1, max-image-preview:large, max-video-preview:-1\" \/>\n<link rel=\"canonical\" href=\"https:\/\/industrial.filtrationgroup.com\/fr\/marktsegmente\/konventionelle-energieerzeugung\/\" \/>\n<meta property=\"og:locale\" content=\"fr_FR\" \/>\n<meta property=\"og:type\" content=\"article\" \/>\n<meta property=\"og:title\" content=\"Production d&#039;\u00e9lectricit\u00e9 conventionnelle - Filtration Group Industrial\" \/>\n<meta property=\"og:description\" content=\"Market Segment Power Generation | We offer filter elements, system solutions and separation systems that ensure a trouble-free operation. Find out more!\" \/>\n<meta property=\"og:url\" content=\"https:\/\/industrial.filtrationgroup.com\/fr\/marktsegmente\/konventionelle-energieerzeugung\/\" \/>\n<meta property=\"og:site_name\" content=\"Filtration Group Industrial\" \/>\n<meta property=\"article:modified_time\" content=\"2021-09-01T11:02:48+00:00\" \/>\n<meta property=\"og:image\" content=\"https:\/\/industrial.filtrationgroup.com\/wp-content\/uploads\/2019\/10\/powerplant_overview.jpg\" \/>\n<meta name=\"twitter:card\" content=\"summary_large_image\" \/>\n<meta name=\"twitter:label1\" content=\"Dur\u00e9e de lecture estim\u00e9e\" \/>\n\t<meta name=\"twitter:data1\" content=\"3 minutes\" \/>\n<script type=\"application\/ld+json\" class=\"yoast-schema-graph\">{\"@context\":\"https:\\\/\\\/schema.org\",\"@graph\":[{\"@type\":\"WebPage\",\"@id\":\"https:\\\/\\\/industrial.filtrationgroup.com\\\/fr\\\/marktsegmente\\\/konventionelle-energieerzeugung\\\/\",\"url\":\"https:\\\/\\\/industrial.filtrationgroup.com\\\/fr\\\/marktsegmente\\\/konventionelle-energieerzeugung\\\/\",\"name\":\"Production d'\u00e9lectricit\u00e9 conventionnelle - Filtration Group Industrial\",\"isPartOf\":{\"@id\":\"https:\\\/\\\/industrial.filtrationgroup.com\\\/fr\\\/#website\"},\"primaryImageOfPage\":{\"@id\":\"https:\\\/\\\/industrial.filtrationgroup.com\\\/fr\\\/marktsegmente\\\/konventionelle-energieerzeugung\\\/#primaryimage\"},\"image\":{\"@id\":\"https:\\\/\\\/industrial.filtrationgroup.com\\\/fr\\\/marktsegmente\\\/konventionelle-energieerzeugung\\\/#primaryimage\"},\"thumbnailUrl\":\"https:\\\/\\\/industrial.filtrationgroup.com\\\/wp-content\\\/uploads\\\/2019\\\/10\\\/powerplant_overview.jpg\",\"datePublished\":\"2019-10-02T01:31:45+00:00\",\"dateModified\":\"2021-09-01T11:02:48+00:00\",\"description\":\"Market Segment Power Generation | We offer filter elements, system solutions and separation systems that ensure a trouble-free operation. Find out more!\",\"breadcrumb\":{\"@id\":\"https:\\\/\\\/industrial.filtrationgroup.com\\\/fr\\\/marktsegmente\\\/konventionelle-energieerzeugung\\\/#breadcrumb\"},\"inLanguage\":\"fr-FR\",\"potentialAction\":[{\"@type\":\"ReadAction\",\"target\":[\"https:\\\/\\\/industrial.filtrationgroup.com\\\/fr\\\/marktsegmente\\\/konventionelle-energieerzeugung\\\/\"]}]},{\"@type\":\"ImageObject\",\"inLanguage\":\"fr-FR\",\"@id\":\"https:\\\/\\\/industrial.filtrationgroup.com\\\/fr\\\/marktsegmente\\\/konventionelle-energieerzeugung\\\/#primaryimage\",\"url\":\"https:\\\/\\\/industrial.filtrationgroup.com\\\/wp-content\\\/uploads\\\/2019\\\/10\\\/powerplant_overview.jpg\",\"contentUrl\":\"https:\\\/\\\/industrial.filtrationgroup.com\\\/wp-content\\\/uploads\\\/2019\\\/10\\\/powerplant_overview.jpg\"},{\"@type\":\"BreadcrumbList\",\"@id\":\"https:\\\/\\\/industrial.filtrationgroup.com\\\/fr\\\/marktsegmente\\\/konventionelle-energieerzeugung\\\/#breadcrumb\",\"itemListElement\":[{\"@type\":\"ListItem\",\"position\":1,\"name\":\"\",\"item\":\"https:\\\/\\\/industrial.filtrationgroup.com\\\/fr\\\/\"},{\"@type\":\"ListItem\",\"position\":2,\"name\":\"Segments de march\u00e9\",\"item\":\"https:\\\/\\\/industrial.filtrationgroup.com\\\/fr\\\/marktsegmente\\\/\"},{\"@type\":\"ListItem\",\"position\":3,\"name\":\"Production d&rsquo;\u00e9lectricit\u00e9 conventionnelle\"}]},{\"@type\":\"WebSite\",\"@id\":\"https:\\\/\\\/industrial.filtrationgroup.com\\\/fr\\\/#website\",\"url\":\"https:\\\/\\\/industrial.filtrationgroup.com\\\/fr\\\/\",\"name\":\"Filtration Group Industrial\",\"description\":\"Making the World Safer, Healthier and More Productive\",\"publisher\":{\"@id\":\"https:\\\/\\\/industrial.filtrationgroup.com\\\/fr\\\/#organization\"},\"potentialAction\":[{\"@type\":\"SearchAction\",\"target\":{\"@type\":\"EntryPoint\",\"urlTemplate\":\"https:\\\/\\\/industrial.filtrationgroup.com\\\/fr\\\/?s={search_term_string}\"},\"query-input\":{\"@type\":\"PropertyValueSpecification\",\"valueRequired\":true,\"valueName\":\"search_term_string\"}}],\"inLanguage\":\"fr-FR\"},{\"@type\":\"Organization\",\"@id\":\"https:\\\/\\\/industrial.filtrationgroup.com\\\/fr\\\/#organization\",\"name\":\"Filtration Group\",\"url\":\"https:\\\/\\\/industrial.filtrationgroup.com\\\/fr\\\/\",\"logo\":{\"@type\":\"ImageObject\",\"inLanguage\":\"fr-FR\",\"@id\":\"https:\\\/\\\/industrial.filtrationgroup.com\\\/fr\\\/#\\\/schema\\\/logo\\\/image\\\/\",\"url\":\"https:\\\/\\\/industrial.filtrationgroup.com\\\/wp-content\\\/uploads\\\/2019\\\/06\\\/FGC-logo-1.png\",\"contentUrl\":\"https:\\\/\\\/industrial.filtrationgroup.com\\\/wp-content\\\/uploads\\\/2019\\\/06\\\/FGC-logo-1.png\",\"width\":1104,\"height\":224,\"caption\":\"Filtration Group\"},\"image\":{\"@id\":\"https:\\\/\\\/industrial.filtrationgroup.com\\\/fr\\\/#\\\/schema\\\/logo\\\/image\\\/\"}}]}<\/script>\n<!-- \/ Yoast SEO plugin. -->","yoast_head_json":{"title":"Production d'\u00e9lectricit\u00e9 conventionnelle - Filtration Group Industrial","description":"Market Segment Power Generation | We offer filter elements, system solutions and separation systems that ensure a trouble-free operation. Find out more!","robots":{"index":"index","follow":"follow","max-snippet":"max-snippet:-1","max-image-preview":"max-image-preview:large","max-video-preview":"max-video-preview:-1"},"canonical":"https:\/\/industrial.filtrationgroup.com\/fr\/marktsegmente\/konventionelle-energieerzeugung\/","og_locale":"fr_FR","og_type":"article","og_title":"Production d'\u00e9lectricit\u00e9 conventionnelle - Filtration Group Industrial","og_description":"Market Segment Power Generation | We offer filter elements, system solutions and separation systems that ensure a trouble-free operation. Find out more!","og_url":"https:\/\/industrial.filtrationgroup.com\/fr\/marktsegmente\/konventionelle-energieerzeugung\/","og_site_name":"Filtration Group Industrial","article_modified_time":"2021-09-01T11:02:48+00:00","og_image":[{"url":"https:\/\/industrial.filtrationgroup.com\/wp-content\/uploads\/2019\/10\/powerplant_overview.jpg","type":"","width":"","height":""}],"twitter_card":"summary_large_image","twitter_misc":{"Dur\u00e9e de lecture estim\u00e9e":"3 minutes"},"schema":{"@context":"https:\/\/schema.org","@graph":[{"@type":"WebPage","@id":"https:\/\/industrial.filtrationgroup.com\/fr\/marktsegmente\/konventionelle-energieerzeugung\/","url":"https:\/\/industrial.filtrationgroup.com\/fr\/marktsegmente\/konventionelle-energieerzeugung\/","name":"Production d'\u00e9lectricit\u00e9 conventionnelle - Filtration Group Industrial","isPartOf":{"@id":"https:\/\/industrial.filtrationgroup.com\/fr\/#website"},"primaryImageOfPage":{"@id":"https:\/\/industrial.filtrationgroup.com\/fr\/marktsegmente\/konventionelle-energieerzeugung\/#primaryimage"},"image":{"@id":"https:\/\/industrial.filtrationgroup.com\/fr\/marktsegmente\/konventionelle-energieerzeugung\/#primaryimage"},"thumbnailUrl":"https:\/\/industrial.filtrationgroup.com\/wp-content\/uploads\/2019\/10\/powerplant_overview.jpg","datePublished":"2019-10-02T01:31:45+00:00","dateModified":"2021-09-01T11:02:48+00:00","description":"Market Segment Power Generation | We offer filter elements, system solutions and separation systems that ensure a trouble-free operation. Find out more!","breadcrumb":{"@id":"https:\/\/industrial.filtrationgroup.com\/fr\/marktsegmente\/konventionelle-energieerzeugung\/#breadcrumb"},"inLanguage":"fr-FR","potentialAction":[{"@type":"ReadAction","target":["https:\/\/industrial.filtrationgroup.com\/fr\/marktsegmente\/konventionelle-energieerzeugung\/"]}]},{"@type":"ImageObject","inLanguage":"fr-FR","@id":"https:\/\/industrial.filtrationgroup.com\/fr\/marktsegmente\/konventionelle-energieerzeugung\/#primaryimage","url":"https:\/\/industrial.filtrationgroup.com\/wp-content\/uploads\/2019\/10\/powerplant_overview.jpg","contentUrl":"https:\/\/industrial.filtrationgroup.com\/wp-content\/uploads\/2019\/10\/powerplant_overview.jpg"},{"@type":"BreadcrumbList","@id":"https:\/\/industrial.filtrationgroup.com\/fr\/marktsegmente\/konventionelle-energieerzeugung\/#breadcrumb","itemListElement":[{"@type":"ListItem","position":1,"name":"","item":"https:\/\/industrial.filtrationgroup.com\/fr\/"},{"@type":"ListItem","position":2,"name":"Segments de march\u00e9","item":"https:\/\/industrial.filtrationgroup.com\/fr\/marktsegmente\/"},{"@type":"ListItem","position":3,"name":"Production d&rsquo;\u00e9lectricit\u00e9 conventionnelle"}]},{"@type":"WebSite","@id":"https:\/\/industrial.filtrationgroup.com\/fr\/#website","url":"https:\/\/industrial.filtrationgroup.com\/fr\/","name":"Filtration Group Industrial","description":"Making the World Safer, Healthier and More Productive","publisher":{"@id":"https:\/\/industrial.filtrationgroup.com\/fr\/#organization"},"potentialAction":[{"@type":"SearchAction","target":{"@type":"EntryPoint","urlTemplate":"https:\/\/industrial.filtrationgroup.com\/fr\/?s={search_term_string}"},"query-input":{"@type":"PropertyValueSpecification","valueRequired":true,"valueName":"search_term_string"}}],"inLanguage":"fr-FR"},{"@type":"Organization","@id":"https:\/\/industrial.filtrationgroup.com\/fr\/#organization","name":"Filtration Group","url":"https:\/\/industrial.filtrationgroup.com\/fr\/","logo":{"@type":"ImageObject","inLanguage":"fr-FR","@id":"https:\/\/industrial.filtrationgroup.com\/fr\/#\/schema\/logo\/image\/","url":"https:\/\/industrial.filtrationgroup.com\/wp-content\/uploads\/2019\/06\/FGC-logo-1.png","contentUrl":"https:\/\/industrial.filtrationgroup.com\/wp-content\/uploads\/2019\/06\/FGC-logo-1.png","width":1104,"height":224,"caption":"Filtration Group"},"image":{"@id":"https:\/\/industrial.filtrationgroup.com\/fr\/#\/schema\/logo\/image\/"}}]}},"_links":{"self":[{"href":"https:\/\/industrial.filtrationgroup.com\/fr\/wp-json\/wp\/v2\/pages\/6105","targetHints":{"allow":["GET"]}}],"collection":[{"href":"https:\/\/industrial.filtrationgroup.com\/fr\/wp-json\/wp\/v2\/pages"}],"about":[{"href":"https:\/\/industrial.filtrationgroup.com\/fr\/wp-json\/wp\/v2\/types\/page"}],"author":[{"embeddable":true,"href":"https:\/\/industrial.filtrationgroup.com\/fr\/wp-json\/wp\/v2\/users\/2068"}],"replies":[{"embeddable":true,"href":"https:\/\/industrial.filtrationgroup.com\/fr\/wp-json\/wp\/v2\/comments?post=6105"}],"version-history":[{"count":0,"href":"https:\/\/industrial.filtrationgroup.com\/fr\/wp-json\/wp\/v2\/pages\/6105\/revisions"}],"up":[{"embeddable":true,"href":"https:\/\/industrial.filtrationgroup.com\/fr\/wp-json\/wp\/v2\/pages\/6082"}],"wp:attachment":[{"href":"https:\/\/industrial.filtrationgroup.com\/fr\/wp-json\/wp\/v2\/media?parent=6105"}],"curies":[{"name":"wp","href":"https:\/\/api.w.org\/{rel}","templated":true}]}}