{"id":6118,"date":"2019-11-19T09:43:14","date_gmt":"2019-11-19T09:43:14","guid":{"rendered":"http:\/\/industrial.filtrationgroup.com\/tools\/"},"modified":"2024-02-23T08:30:09","modified_gmt":"2024-02-23T08:30:09","slug":"tools","status":"publish","type":"page","link":"https:\/\/industrial.filtrationgroup.com\/fr\/tools\/","title":{"rendered":"Outils"},"content":{"rendered":"\n<div class=\"wp-block-cover alignfull has-background-dim\"><img loading=\"lazy\" decoding=\"async\" width=\"2000\" height=\"666\" class=\"wp-block-cover__image-background wp-image-6748\" alt=\"\" src=\"https:\/\/industrial.filtrationgroup.com\/wp-content\/uploads\/2019\/10\/FG-tools-header_0.jpg\" data-object-fit=\"cover\" srcset=\"https:\/\/industrial.filtrationgroup.com\/wp-content\/uploads\/2019\/10\/FG-tools-header_0.jpg 2000w, https:\/\/industrial.filtrationgroup.com\/wp-content\/uploads\/2019\/10\/FG-tools-header_0-300x100.jpg 300w, https:\/\/industrial.filtrationgroup.com\/wp-content\/uploads\/2019\/10\/FG-tools-header_0-768x256.jpg 768w, https:\/\/industrial.filtrationgroup.com\/wp-content\/uploads\/2019\/10\/FG-tools-header_0-1024x341.jpg 1024w\" sizes=\"auto, (max-width: 2000px) 100vw, 2000px\" \/><div class=\"wp-block-cover__inner-container is-layout-flow wp-block-cover-is-layout-flow\">\n\n<h1 class=\"has-text-align-center wp-block-heading\">Outils<\/h1>\n\n<\/div><\/div>\n\n\n\n<h2 class=\"wp-block-heading\">Outils pour choisir le bon filtre. <\/h2>\n\n\n\n<div class=\"wp-block-columns has-2-columns is-layout-flex wp-container-core-columns-is-layout-9d6595d7 wp-block-columns-is-layout-flex\">\n<div class=\"wp-block-column is-layout-flow wp-block-column-is-layout-flow\">\n<h3 class=\"wp-block-heading\">Outil de r\u00e9f\u00e9rences crois\u00e9es EcoParts<\/h3>\n\n\n\n<p>Nous aidons ceux qui utilisent des filtres hydrauliques d&rsquo;autres fabricants \u00e0 trouver plus facilement le produit appropri\u00e9 dans la gamme Ecoparts de Filtration Group. Le num\u00e9ro d&rsquo;article d&rsquo;origine permet de trouver facilement la bonne pi\u00e8ce de rechange FG. <\/p>\n\n\n\n<p><a href=\"https:\/\/shopindustrial.filtrationgroup.com\/en\/comparison-list.html\">Outil de r\u00e9f\u00e9rence crois\u00e9e sur notre boutique en ligne<\/a><\/p>\n<\/div>\n\n\n\n<div class=\"wp-block-column is-layout-flow wp-block-column-is-layout-flow\">\n<h3 class=\"wp-block-heading\">Catalogue et calcul des filtres<\/h3>\n\n\n\n<p>En mati\u00e8re de filtration des fluides, nous proposons une gamme compl\u00e8te dans laquelle vous trouverez le produit adapt\u00e9 \u00e0 votre syst\u00e8me. Dans notre catalogue, vous trouverez un aper\u00e7u complet de notre palette de produits dans chaque domaine.<\/p>\n\n\n\n<p>Vous pouvez \u00e9galement utiliser l&rsquo;outil de calcul de filtre pour rechercher un filtre appropri\u00e9 en fonction des donn\u00e9es techniques et des exigences de votre machine. <\/p>\n\n\n\n<blockquote class=\"wp-block-quote has-green-color has-text-color is-layout-flow wp-block-quote-is-layout-flow\">\n<p><a href=\"https:\/\/shopindustrial.filtrationgroup.com\/en\/filter-calculation-tool.html\">FILTER CALCULATION TOOL<\/a><\/p>\n<\/blockquote>\n<\/div>\n<\/div>\n\n\n\n<p><\/p>\n","protected":false},"excerpt":{"rendered":"<p>Outils pour choisir le bon filtre. Outil de r\u00e9f\u00e9rences crois\u00e9es EcoParts Nous aidons ceux qui utilisent des filtres hydrauliques d&rsquo;autres fabricants \u00e0 trouver plus facilement le produit appropri\u00e9 dans la gamme Ecoparts de Filtration Group. Le num\u00e9ro d&rsquo;article d&rsquo;origine permet de trouver facilement la bonne pi\u00e8ce de rechange FG. Outil de r\u00e9f\u00e9rence crois\u00e9e sur notre [&hellip;]<\/p>\n","protected":false},"author":2068,"featured_media":0,"parent":0,"menu_order":0,"comment_status":"closed","ping_status":"closed","template":"","meta":{"_acf_changed":false,"footnotes":""},"class_list":["post-6118","page","type-page","status-publish","hentry"],"acf":[],"yoast_head":"<!-- This site is optimized with the Yoast SEO plugin v27.3 - https:\/\/yoast.com\/product\/yoast-seo-wordpress\/ -->\n<title>Outils - Filtration Group Industrial<\/title>\n<meta name=\"robots\" content=\"index, follow, max-snippet:-1, max-image-preview:large, max-video-preview:-1\" \/>\n<link rel=\"canonical\" href=\"https:\/\/industrial.filtrationgroup.com\/fr\/tools\/\" \/>\n<meta property=\"og:locale\" content=\"fr_FR\" \/>\n<meta property=\"og:type\" content=\"article\" \/>\n<meta property=\"og:title\" content=\"Outils - Filtration Group Industrial\" \/>\n<meta property=\"og:description\" content=\"Outils pour choisir le bon filtre. Outil de r\u00e9f\u00e9rences crois\u00e9es EcoParts Nous aidons ceux qui utilisent des filtres hydrauliques d&rsquo;autres fabricants \u00e0 trouver plus facilement le produit appropri\u00e9 dans la gamme Ecoparts de Filtration Group. Le num\u00e9ro d&rsquo;article d&rsquo;origine permet de trouver facilement la bonne pi\u00e8ce de rechange FG. Outil de r\u00e9f\u00e9rence crois\u00e9e sur notre [&hellip;]\" \/>\n<meta property=\"og:url\" content=\"https:\/\/industrial.filtrationgroup.com\/fr\/tools\/\" \/>\n<meta property=\"og:site_name\" content=\"Filtration Group Industrial\" \/>\n<meta property=\"article:modified_time\" content=\"2024-02-23T08:30:09+00:00\" \/>\n<meta property=\"og:image\" content=\"https:\/\/industrial.filtrationgroup.com\/wp-content\/uploads\/2019\/10\/FG-tools-header_0.jpg\" \/>\n<meta name=\"twitter:card\" content=\"summary_large_image\" \/>\n<meta name=\"twitter:label1\" content=\"Dur\u00e9e de lecture estim\u00e9e\" \/>\n\t<meta name=\"twitter:data1\" content=\"1 minute\" \/>\n<script type=\"application\/ld+json\" class=\"yoast-schema-graph\">{\"@context\":\"https:\\\/\\\/schema.org\",\"@graph\":[{\"@type\":\"WebPage\",\"@id\":\"https:\\\/\\\/industrial.filtrationgroup.com\\\/fr\\\/tools\\\/\",\"url\":\"https:\\\/\\\/industrial.filtrationgroup.com\\\/fr\\\/tools\\\/\",\"name\":\"Outils - Filtration Group Industrial\",\"isPartOf\":{\"@id\":\"https:\\\/\\\/industrial.filtrationgroup.com\\\/fr\\\/#website\"},\"primaryImageOfPage\":{\"@id\":\"https:\\\/\\\/industrial.filtrationgroup.com\\\/fr\\\/tools\\\/#primaryimage\"},\"image\":{\"@id\":\"https:\\\/\\\/industrial.filtrationgroup.com\\\/fr\\\/tools\\\/#primaryimage\"},\"thumbnailUrl\":\"https:\\\/\\\/industrial.filtrationgroup.com\\\/wp-content\\\/uploads\\\/2019\\\/10\\\/FG-tools-header_0.jpg\",\"datePublished\":\"2019-11-19T09:43:14+00:00\",\"dateModified\":\"2024-02-23T08:30:09+00:00\",\"breadcrumb\":{\"@id\":\"https:\\\/\\\/industrial.filtrationgroup.com\\\/fr\\\/tools\\\/#breadcrumb\"},\"inLanguage\":\"fr-FR\",\"potentialAction\":[{\"@type\":\"ReadAction\",\"target\":[\"https:\\\/\\\/industrial.filtrationgroup.com\\\/fr\\\/tools\\\/\"]}]},{\"@type\":\"ImageObject\",\"inLanguage\":\"fr-FR\",\"@id\":\"https:\\\/\\\/industrial.filtrationgroup.com\\\/fr\\\/tools\\\/#primaryimage\",\"url\":\"https:\\\/\\\/industrial.filtrationgroup.com\\\/wp-content\\\/uploads\\\/2019\\\/10\\\/FG-tools-header_0.jpg\",\"contentUrl\":\"https:\\\/\\\/industrial.filtrationgroup.com\\\/wp-content\\\/uploads\\\/2019\\\/10\\\/FG-tools-header_0.jpg\"},{\"@type\":\"BreadcrumbList\",\"@id\":\"https:\\\/\\\/industrial.filtrationgroup.com\\\/fr\\\/tools\\\/#breadcrumb\",\"itemListElement\":[{\"@type\":\"ListItem\",\"position\":1,\"name\":\"\",\"item\":\"https:\\\/\\\/industrial.filtrationgroup.com\\\/fr\\\/\"},{\"@type\":\"ListItem\",\"position\":2,\"name\":\"Outils\"}]},{\"@type\":\"WebSite\",\"@id\":\"https:\\\/\\\/industrial.filtrationgroup.com\\\/fr\\\/#website\",\"url\":\"https:\\\/\\\/industrial.filtrationgroup.com\\\/fr\\\/\",\"name\":\"Filtration Group Industrial\",\"description\":\"Making the World Safer, Healthier and More Productive\",\"publisher\":{\"@id\":\"https:\\\/\\\/industrial.filtrationgroup.com\\\/fr\\\/#organization\"},\"potentialAction\":[{\"@type\":\"SearchAction\",\"target\":{\"@type\":\"EntryPoint\",\"urlTemplate\":\"https:\\\/\\\/industrial.filtrationgroup.com\\\/fr\\\/?s={search_term_string}\"},\"query-input\":{\"@type\":\"PropertyValueSpecification\",\"valueRequired\":true,\"valueName\":\"search_term_string\"}}],\"inLanguage\":\"fr-FR\"},{\"@type\":\"Organization\",\"@id\":\"https:\\\/\\\/industrial.filtrationgroup.com\\\/fr\\\/#organization\",\"name\":\"Filtration Group\",\"url\":\"https:\\\/\\\/industrial.filtrationgroup.com\\\/fr\\\/\",\"logo\":{\"@type\":\"ImageObject\",\"inLanguage\":\"fr-FR\",\"@id\":\"https:\\\/\\\/industrial.filtrationgroup.com\\\/fr\\\/#\\\/schema\\\/logo\\\/image\\\/\",\"url\":\"https:\\\/\\\/industrial.filtrationgroup.com\\\/wp-content\\\/uploads\\\/2019\\\/06\\\/FGC-logo-1.png\",\"contentUrl\":\"https:\\\/\\\/industrial.filtrationgroup.com\\\/wp-content\\\/uploads\\\/2019\\\/06\\\/FGC-logo-1.png\",\"width\":1104,\"height\":224,\"caption\":\"Filtration Group\"},\"image\":{\"@id\":\"https:\\\/\\\/industrial.filtrationgroup.com\\\/fr\\\/#\\\/schema\\\/logo\\\/image\\\/\"}}]}<\/script>\n<!-- \/ Yoast SEO plugin. -->","yoast_head_json":{"title":"Outils - Filtration Group Industrial","robots":{"index":"index","follow":"follow","max-snippet":"max-snippet:-1","max-image-preview":"max-image-preview:large","max-video-preview":"max-video-preview:-1"},"canonical":"https:\/\/industrial.filtrationgroup.com\/fr\/tools\/","og_locale":"fr_FR","og_type":"article","og_title":"Outils - Filtration Group Industrial","og_description":"Outils pour choisir le bon filtre. Outil de r\u00e9f\u00e9rences crois\u00e9es EcoParts Nous aidons ceux qui utilisent des filtres hydrauliques d&rsquo;autres fabricants \u00e0 trouver plus facilement le produit appropri\u00e9 dans la gamme Ecoparts de Filtration Group. Le num\u00e9ro d&rsquo;article d&rsquo;origine permet de trouver facilement la bonne pi\u00e8ce de rechange FG. Outil de r\u00e9f\u00e9rence crois\u00e9e sur notre [&hellip;]","og_url":"https:\/\/industrial.filtrationgroup.com\/fr\/tools\/","og_site_name":"Filtration Group Industrial","article_modified_time":"2024-02-23T08:30:09+00:00","og_image":[{"url":"https:\/\/industrial.filtrationgroup.com\/wp-content\/uploads\/2019\/10\/FG-tools-header_0.jpg","type":"","width":"","height":""}],"twitter_card":"summary_large_image","twitter_misc":{"Dur\u00e9e de lecture estim\u00e9e":"1 minute"},"schema":{"@context":"https:\/\/schema.org","@graph":[{"@type":"WebPage","@id":"https:\/\/industrial.filtrationgroup.com\/fr\/tools\/","url":"https:\/\/industrial.filtrationgroup.com\/fr\/tools\/","name":"Outils - Filtration Group Industrial","isPartOf":{"@id":"https:\/\/industrial.filtrationgroup.com\/fr\/#website"},"primaryImageOfPage":{"@id":"https:\/\/industrial.filtrationgroup.com\/fr\/tools\/#primaryimage"},"image":{"@id":"https:\/\/industrial.filtrationgroup.com\/fr\/tools\/#primaryimage"},"thumbnailUrl":"https:\/\/industrial.filtrationgroup.com\/wp-content\/uploads\/2019\/10\/FG-tools-header_0.jpg","datePublished":"2019-11-19T09:43:14+00:00","dateModified":"2024-02-23T08:30:09+00:00","breadcrumb":{"@id":"https:\/\/industrial.filtrationgroup.com\/fr\/tools\/#breadcrumb"},"inLanguage":"fr-FR","potentialAction":[{"@type":"ReadAction","target":["https:\/\/industrial.filtrationgroup.com\/fr\/tools\/"]}]},{"@type":"ImageObject","inLanguage":"fr-FR","@id":"https:\/\/industrial.filtrationgroup.com\/fr\/tools\/#primaryimage","url":"https:\/\/industrial.filtrationgroup.com\/wp-content\/uploads\/2019\/10\/FG-tools-header_0.jpg","contentUrl":"https:\/\/industrial.filtrationgroup.com\/wp-content\/uploads\/2019\/10\/FG-tools-header_0.jpg"},{"@type":"BreadcrumbList","@id":"https:\/\/industrial.filtrationgroup.com\/fr\/tools\/#breadcrumb","itemListElement":[{"@type":"ListItem","position":1,"name":"","item":"https:\/\/industrial.filtrationgroup.com\/fr\/"},{"@type":"ListItem","position":2,"name":"Outils"}]},{"@type":"WebSite","@id":"https:\/\/industrial.filtrationgroup.com\/fr\/#website","url":"https:\/\/industrial.filtrationgroup.com\/fr\/","name":"Filtration Group Industrial","description":"Making the World Safer, Healthier and More Productive","publisher":{"@id":"https:\/\/industrial.filtrationgroup.com\/fr\/#organization"},"potentialAction":[{"@type":"SearchAction","target":{"@type":"EntryPoint","urlTemplate":"https:\/\/industrial.filtrationgroup.com\/fr\/?s={search_term_string}"},"query-input":{"@type":"PropertyValueSpecification","valueRequired":true,"valueName":"search_term_string"}}],"inLanguage":"fr-FR"},{"@type":"Organization","@id":"https:\/\/industrial.filtrationgroup.com\/fr\/#organization","name":"Filtration Group","url":"https:\/\/industrial.filtrationgroup.com\/fr\/","logo":{"@type":"ImageObject","inLanguage":"fr-FR","@id":"https:\/\/industrial.filtrationgroup.com\/fr\/#\/schema\/logo\/image\/","url":"https:\/\/industrial.filtrationgroup.com\/wp-content\/uploads\/2019\/06\/FGC-logo-1.png","contentUrl":"https:\/\/industrial.filtrationgroup.com\/wp-content\/uploads\/2019\/06\/FGC-logo-1.png","width":1104,"height":224,"caption":"Filtration Group"},"image":{"@id":"https:\/\/industrial.filtrationgroup.com\/fr\/#\/schema\/logo\/image\/"}}]}},"_links":{"self":[{"href":"https:\/\/industrial.filtrationgroup.com\/fr\/wp-json\/wp\/v2\/pages\/6118","targetHints":{"allow":["GET"]}}],"collection":[{"href":"https:\/\/industrial.filtrationgroup.com\/fr\/wp-json\/wp\/v2\/pages"}],"about":[{"href":"https:\/\/industrial.filtrationgroup.com\/fr\/wp-json\/wp\/v2\/types\/page"}],"author":[{"embeddable":true,"href":"https:\/\/industrial.filtrationgroup.com\/fr\/wp-json\/wp\/v2\/users\/2068"}],"replies":[{"embeddable":true,"href":"https:\/\/industrial.filtrationgroup.com\/fr\/wp-json\/wp\/v2\/comments?post=6118"}],"version-history":[{"count":0,"href":"https:\/\/industrial.filtrationgroup.com\/fr\/wp-json\/wp\/v2\/pages\/6118\/revisions"}],"wp:attachment":[{"href":"https:\/\/industrial.filtrationgroup.com\/fr\/wp-json\/wp\/v2\/media?parent=6118"}],"curies":[{"name":"wp","href":"https:\/\/api.w.org\/{rel}","templated":true}]}}