{"id":6190,"date":"2019-10-02T00:29:59","date_gmt":"2019-10-02T00:29:59","guid":{"rendered":"http:\/\/industrial.filtrationgroup.com\/contact-2\/reach-information\/"},"modified":"2021-12-07T10:32:11","modified_gmt":"2021-12-07T10:32:11","slug":"reach-customers","status":"publish","type":"page","link":"https:\/\/industrial.filtrationgroup.com\/fr\/contact\/reach-customers\/","title":{"rendered":"Informations REACH pour nos clients"},"content":{"rendered":"\n<div class=\"wp-block-cover alignfull has-background-dim-90 has-green-background-color has-background-dim\"><img decoding=\"async\" class=\"wp-block-cover__image-background wp-image-6461\" alt=\"\" src=\"https:\/\/industrial.filtrationgroup.com\/wp-content\/uploads\/2020\/03\/fg-customer.jpg\" data-object-fit=\"cover\" \/><div class=\"wp-block-cover__inner-container is-layout-flow wp-block-cover-is-layout-flow\">\n<h1 class=\"has-text-align-center wp-block-heading\">Informations REACH<\/h1>\n\n\n\n<h2 class=\"has-text-align-center wp-block-heading\">pour nos clients<\/h2>\n<\/div><\/div>\n\n\n\n<h2 class=\"wp-block-heading\">INFORMATION REACH  <\/h2>\n\n\n\n<p>Le r\u00e8glement REACH (EG) 1907\/2006] est le r\u00e8glement chimique europ\u00e9en pour l&rsquo;enregistrement, l&rsquo;\u00e9valuation, l&rsquo;approbation et la restriction des substances chimiques.<\/p>\n\n\n\n<h3 class=\"wp-block-heading\">REACH &#8211; Qu&rsquo;est ce que c&rsquo;est?<\/h3>\n\n\n\n<p>REACH est en vigueur depuis 2007 et vise \u00e0 assurer un niveau \u00e9lev\u00e9 de protection de la sant\u00e9 humaine et de l&rsquo;environnement. Dans le m\u00eame temps, il devrait assurer la libre circulation des produits chimiques au sein du march\u00e9 int\u00e9rieur et promouvoir la comp\u00e9titivit\u00e9 et l&rsquo;innovation. REACH repose sur le principe selon lequel les fabricants, les importateurs et les utilisateurs en aval assument la responsabilit\u00e9 de leurs produits chimiques. Ils doivent s&rsquo;assurer que les produits chimiques qu&rsquo;ils fabriquent et mettent sur le march\u00e9 sont utilis\u00e9s en toute s\u00e9curit\u00e9. L&rsquo;abr\u00e9viation \u00ab\u00a0REACH\u00a0\u00bb est d\u00e9riv\u00e9e du titre anglais du r\u00e8glement : R\u00e8glement concernant l&rsquo;enregistrement, l&rsquo;\u00e9valuation et l&rsquo;autorisation des substances chimiques, ainsi que les restrictions applicables \u00e0 ces substances.<\/p>\n\n\n\n<h3 class=\"wp-block-heading\">Pourquoi REACH?  <\/h3>\n\n\n\n<p>REACH s&rsquo;appuie sur l&rsquo;exp\u00e9rience de la pr\u00e9c\u00e9dente l\u00e9gislation sur les produits chimiques. Selon l&rsquo;ancienne loi, les autorit\u00e9s devaient v\u00e9rifier la s\u00e9curit\u00e9 des produits chimiques. Pour la plupart des produits chimiques, \u00e0 savoir ceux qui \u00e9taient sur le march\u00e9 europ\u00e9en avant 1981, aucune information recueillie syst\u00e9matiquement n&rsquo;\u00e9tait disponible. Les fabricants n&rsquo;\u00e9taient pas tenus de fournir les informations manquantes jusqu&rsquo;\u00e0 ce qu&rsquo;une \u00e9valuation de la substance par les autorit\u00e9s r\u00e9v\u00e8le des lacunes dans les informations ou des indications de risque pour l&rsquo;environnement ou la sant\u00e9. La proc\u00e9dure s&rsquo;est av\u00e9r\u00e9e lente et lourde. REACH vise \u00e0 rem\u00e9dier \u00e0 cette situation. Les fabricants et les importateurs de substances chimiques doivent d\u00e9sormais soumettre des donn\u00e9es avec l&rsquo;enregistrement obligatoire et \u00e9valuer les risques pr\u00e9sent\u00e9s par les substances elles-m\u00eames. La r\u00e8gle est la suivante : \u00ab\u00a0pas de donn\u00e9es &#8211; pas de march\u00e9\u00a0\u00bb. Cela signifie que les substances chimiques ne peuvent pas \u00eatre mises sur le march\u00e9 sans enregistrement. Le r\u00f4le des autorit\u00e9s publiques est de soutenir les parties prenantes, de revoir les enregistrements et de r\u00e9glementer les substances tr\u00e8s pr\u00e9occupantes ou les substances qui pr\u00e9sentent un risque pour l&rsquo;homme ou l&rsquo;environnement. REACH a \u00e9galement abord\u00e9 d&rsquo;autres probl\u00e8mes. Les consommateurs ont d\u00e9sormais le droit de recevoir des informations sur les substances chimiques contenues dans les produits. Le transfert de donn\u00e9es au sein de la cha\u00eene d&rsquo;approvisionnement est r\u00e9glement\u00e9 et le remplacement des substances extr\u00eamement pr\u00e9occupantes est encourag\u00e9. La proc\u00e9dure d&rsquo;autorisation cr\u00e9e une autre possibilit\u00e9 de r\u00e9glementer les substances chimiques.<\/p>\n\n\n\n<p>(Source : <a href=\"https:\/\/www.umweltbundesamt.de\/themen\/chemikalien\/reach-chemikalien-reach\" target=\"_blank\" rel=\"noreferrer noopener\">https:\/\/www.umweltbundesamt.de\/themen\/chemikalien\/reach-chemikalien-reach<\/a>)<\/p>\n\n\n\n<p>Chez Filtration Group, nous nous pr\u00e9occupons aussi de ce sujet. Comme il est impossible d&rsquo;\u00e9viter compl\u00e8tement que nos produits contiennent des substances qui sont d\u00e9clar\u00e9es comme substances dangereuses dans le r\u00e8glement REACH, nous offrons \u00e0 nos clients la possibilit\u00e9 de s&rsquo;informer sur les mati\u00e8res premi\u00e8res des produits achet\u00e9s chez nous. Si un produit contient des substances pr\u00e9occupantes (SVHC), celles-ci sont indiqu\u00e9es sur le bon de livraison. En attendant, vous pouvez nous contacter \u00e0 tout moment via notre formulaire de contact si vous avez une question sur les mati\u00e8res premi\u00e8res de vos produits.<\/p>\n\n\n\n<h3 class=\"wp-block-heading\">Liens utiles : <\/h3>\n\n\n\n<p><a href=\"https:\/\/eur-lex.europa.eu\/legal-content\/EN\/TXT\/PDF\/?uri=CELEX:02006R1907-20210215&amp;from=EN\" target=\"_blank\" rel=\"noreferrer noopener\">REACH Regulation Status 15.02.2021 (English)<\/a><\/p>\n\n\n\n<p><a href=\"https:\/\/echa.europa.eu\/fr\/candidate-list-table\" target=\"_blank\" rel=\"noreferrer noopener\">ECHA Candidate List 2021 according to Article 59(10) of the REACH Regulation<\/a><\/p>\n","protected":false},"excerpt":{"rendered":"<p>INFORMATION REACH Le r\u00e8glement REACH (EG) 1907\/2006] est le r\u00e8glement chimique europ\u00e9en pour l&rsquo;enregistrement, l&rsquo;\u00e9valuation, l&rsquo;approbation et la restriction des substances chimiques. REACH &#8211; Qu&rsquo;est ce que c&rsquo;est? REACH est en vigueur depuis 2007 et vise \u00e0 assurer un niveau \u00e9lev\u00e9 de protection de la sant\u00e9 humaine et de l&rsquo;environnement. Dans le m\u00eame temps, il [&hellip;]<\/p>\n","protected":false},"author":2068,"featured_media":0,"parent":2184,"menu_order":0,"comment_status":"closed","ping_status":"closed","template":"","meta":{"_acf_changed":false,"footnotes":""},"class_list":["post-6190","page","type-page","status-publish","hentry"],"acf":[],"yoast_head":"<!-- This site is optimized with the Yoast SEO plugin v27.3 - https:\/\/yoast.com\/product\/yoast-seo-wordpress\/ -->\n<title>Informations REACH pour nos clients - Filtration Group Industrial<\/title>\n<meta name=\"description\" content=\"REACH is the European Chemicals Regulation for the Registration, Evaluation, Authorization and Restriction of Chemicals. Find information and further links!\" \/>\n<meta name=\"robots\" content=\"index, follow, max-snippet:-1, max-image-preview:large, max-video-preview:-1\" \/>\n<link rel=\"canonical\" href=\"https:\/\/industrial.filtrationgroup.com\/fr\/contact\/reach-customers\/\" \/>\n<meta property=\"og:locale\" content=\"fr_FR\" \/>\n<meta property=\"og:type\" content=\"article\" \/>\n<meta property=\"og:title\" content=\"Informations REACH pour nos clients - Filtration Group Industrial\" \/>\n<meta property=\"og:description\" content=\"REACH is the European Chemicals Regulation for the Registration, Evaluation, Authorization and Restriction of Chemicals. Find information and further links!\" \/>\n<meta property=\"og:url\" content=\"https:\/\/industrial.filtrationgroup.com\/fr\/contact\/reach-customers\/\" \/>\n<meta property=\"og:site_name\" content=\"Filtration Group Industrial\" \/>\n<meta property=\"article:modified_time\" content=\"2021-12-07T10:32:11+00:00\" \/>\n<meta property=\"og:image\" content=\"https:\/\/industrial.filtrationgroup.com\/wp-content\/uploads\/2020\/03\/fg-customer.jpg\" \/>\n<meta name=\"twitter:card\" content=\"summary_large_image\" \/>\n<meta name=\"twitter:label1\" content=\"Dur\u00e9e de lecture estim\u00e9e\" \/>\n\t<meta name=\"twitter:data1\" content=\"3 minutes\" \/>\n<script type=\"application\/ld+json\" class=\"yoast-schema-graph\">{\"@context\":\"https:\\\/\\\/schema.org\",\"@graph\":[{\"@type\":\"WebPage\",\"@id\":\"https:\\\/\\\/industrial.filtrationgroup.com\\\/fr\\\/contact\\\/reach-customers\\\/\",\"url\":\"https:\\\/\\\/industrial.filtrationgroup.com\\\/fr\\\/contact\\\/reach-customers\\\/\",\"name\":\"Informations REACH pour nos clients - Filtration Group Industrial\",\"isPartOf\":{\"@id\":\"https:\\\/\\\/industrial.filtrationgroup.com\\\/fr\\\/#website\"},\"primaryImageOfPage\":{\"@id\":\"https:\\\/\\\/industrial.filtrationgroup.com\\\/fr\\\/contact\\\/reach-customers\\\/#primaryimage\"},\"image\":{\"@id\":\"https:\\\/\\\/industrial.filtrationgroup.com\\\/fr\\\/contact\\\/reach-customers\\\/#primaryimage\"},\"thumbnailUrl\":\"https:\\\/\\\/industrial.filtrationgroup.com\\\/wp-content\\\/uploads\\\/2020\\\/03\\\/fg-customer.jpg\",\"datePublished\":\"2019-10-02T00:29:59+00:00\",\"dateModified\":\"2021-12-07T10:32:11+00:00\",\"description\":\"REACH is the European Chemicals Regulation for the Registration, Evaluation, Authorization and Restriction of Chemicals. Find information and further links!\",\"breadcrumb\":{\"@id\":\"https:\\\/\\\/industrial.filtrationgroup.com\\\/fr\\\/contact\\\/reach-customers\\\/#breadcrumb\"},\"inLanguage\":\"fr-FR\",\"potentialAction\":[{\"@type\":\"ReadAction\",\"target\":[\"https:\\\/\\\/industrial.filtrationgroup.com\\\/fr\\\/contact\\\/reach-customers\\\/\"]}]},{\"@type\":\"ImageObject\",\"inLanguage\":\"fr-FR\",\"@id\":\"https:\\\/\\\/industrial.filtrationgroup.com\\\/fr\\\/contact\\\/reach-customers\\\/#primaryimage\",\"url\":\"https:\\\/\\\/industrial.filtrationgroup.com\\\/wp-content\\\/uploads\\\/2020\\\/03\\\/fg-customer.jpg\",\"contentUrl\":\"https:\\\/\\\/industrial.filtrationgroup.com\\\/wp-content\\\/uploads\\\/2020\\\/03\\\/fg-customer.jpg\"},{\"@type\":\"BreadcrumbList\",\"@id\":\"https:\\\/\\\/industrial.filtrationgroup.com\\\/fr\\\/contact\\\/reach-customers\\\/#breadcrumb\",\"itemListElement\":[{\"@type\":\"ListItem\",\"position\":1,\"name\":\"\",\"item\":\"https:\\\/\\\/industrial.filtrationgroup.com\\\/fr\\\/\"},{\"@type\":\"ListItem\",\"position\":2,\"name\":\"Contact\",\"item\":\"https:\\\/\\\/industrial.filtrationgroup.com\\\/fr\\\/contact\\\/\"},{\"@type\":\"ListItem\",\"position\":3,\"name\":\"Informations REACH pour nos clients\"}]},{\"@type\":\"WebSite\",\"@id\":\"https:\\\/\\\/industrial.filtrationgroup.com\\\/fr\\\/#website\",\"url\":\"https:\\\/\\\/industrial.filtrationgroup.com\\\/fr\\\/\",\"name\":\"Filtration Group Industrial\",\"description\":\"Making the World Safer, Healthier and More Productive\",\"publisher\":{\"@id\":\"https:\\\/\\\/industrial.filtrationgroup.com\\\/fr\\\/#organization\"},\"potentialAction\":[{\"@type\":\"SearchAction\",\"target\":{\"@type\":\"EntryPoint\",\"urlTemplate\":\"https:\\\/\\\/industrial.filtrationgroup.com\\\/fr\\\/?s={search_term_string}\"},\"query-input\":{\"@type\":\"PropertyValueSpecification\",\"valueRequired\":true,\"valueName\":\"search_term_string\"}}],\"inLanguage\":\"fr-FR\"},{\"@type\":\"Organization\",\"@id\":\"https:\\\/\\\/industrial.filtrationgroup.com\\\/fr\\\/#organization\",\"name\":\"Filtration Group\",\"url\":\"https:\\\/\\\/industrial.filtrationgroup.com\\\/fr\\\/\",\"logo\":{\"@type\":\"ImageObject\",\"inLanguage\":\"fr-FR\",\"@id\":\"https:\\\/\\\/industrial.filtrationgroup.com\\\/fr\\\/#\\\/schema\\\/logo\\\/image\\\/\",\"url\":\"https:\\\/\\\/industrial.filtrationgroup.com\\\/wp-content\\\/uploads\\\/2019\\\/06\\\/FGC-logo-1.png\",\"contentUrl\":\"https:\\\/\\\/industrial.filtrationgroup.com\\\/wp-content\\\/uploads\\\/2019\\\/06\\\/FGC-logo-1.png\",\"width\":1104,\"height\":224,\"caption\":\"Filtration Group\"},\"image\":{\"@id\":\"https:\\\/\\\/industrial.filtrationgroup.com\\\/fr\\\/#\\\/schema\\\/logo\\\/image\\\/\"}}]}<\/script>\n<!-- \/ Yoast SEO plugin. -->","yoast_head_json":{"title":"Informations REACH pour nos clients - Filtration Group Industrial","description":"REACH is the European Chemicals Regulation for the Registration, Evaluation, Authorization and Restriction of Chemicals. Find information and further links!","robots":{"index":"index","follow":"follow","max-snippet":"max-snippet:-1","max-image-preview":"max-image-preview:large","max-video-preview":"max-video-preview:-1"},"canonical":"https:\/\/industrial.filtrationgroup.com\/fr\/contact\/reach-customers\/","og_locale":"fr_FR","og_type":"article","og_title":"Informations REACH pour nos clients - Filtration Group Industrial","og_description":"REACH is the European Chemicals Regulation for the Registration, Evaluation, Authorization and Restriction of Chemicals. Find information and further links!","og_url":"https:\/\/industrial.filtrationgroup.com\/fr\/contact\/reach-customers\/","og_site_name":"Filtration Group Industrial","article_modified_time":"2021-12-07T10:32:11+00:00","og_image":[{"url":"https:\/\/industrial.filtrationgroup.com\/wp-content\/uploads\/2020\/03\/fg-customer.jpg","type":"","width":"","height":""}],"twitter_card":"summary_large_image","twitter_misc":{"Dur\u00e9e de lecture estim\u00e9e":"3 minutes"},"schema":{"@context":"https:\/\/schema.org","@graph":[{"@type":"WebPage","@id":"https:\/\/industrial.filtrationgroup.com\/fr\/contact\/reach-customers\/","url":"https:\/\/industrial.filtrationgroup.com\/fr\/contact\/reach-customers\/","name":"Informations REACH pour nos clients - Filtration Group Industrial","isPartOf":{"@id":"https:\/\/industrial.filtrationgroup.com\/fr\/#website"},"primaryImageOfPage":{"@id":"https:\/\/industrial.filtrationgroup.com\/fr\/contact\/reach-customers\/#primaryimage"},"image":{"@id":"https:\/\/industrial.filtrationgroup.com\/fr\/contact\/reach-customers\/#primaryimage"},"thumbnailUrl":"https:\/\/industrial.filtrationgroup.com\/wp-content\/uploads\/2020\/03\/fg-customer.jpg","datePublished":"2019-10-02T00:29:59+00:00","dateModified":"2021-12-07T10:32:11+00:00","description":"REACH is the European Chemicals Regulation for the Registration, Evaluation, Authorization and Restriction of Chemicals. Find information and further links!","breadcrumb":{"@id":"https:\/\/industrial.filtrationgroup.com\/fr\/contact\/reach-customers\/#breadcrumb"},"inLanguage":"fr-FR","potentialAction":[{"@type":"ReadAction","target":["https:\/\/industrial.filtrationgroup.com\/fr\/contact\/reach-customers\/"]}]},{"@type":"ImageObject","inLanguage":"fr-FR","@id":"https:\/\/industrial.filtrationgroup.com\/fr\/contact\/reach-customers\/#primaryimage","url":"https:\/\/industrial.filtrationgroup.com\/wp-content\/uploads\/2020\/03\/fg-customer.jpg","contentUrl":"https:\/\/industrial.filtrationgroup.com\/wp-content\/uploads\/2020\/03\/fg-customer.jpg"},{"@type":"BreadcrumbList","@id":"https:\/\/industrial.filtrationgroup.com\/fr\/contact\/reach-customers\/#breadcrumb","itemListElement":[{"@type":"ListItem","position":1,"name":"","item":"https:\/\/industrial.filtrationgroup.com\/fr\/"},{"@type":"ListItem","position":2,"name":"Contact","item":"https:\/\/industrial.filtrationgroup.com\/fr\/contact\/"},{"@type":"ListItem","position":3,"name":"Informations REACH pour nos clients"}]},{"@type":"WebSite","@id":"https:\/\/industrial.filtrationgroup.com\/fr\/#website","url":"https:\/\/industrial.filtrationgroup.com\/fr\/","name":"Filtration Group Industrial","description":"Making the World Safer, Healthier and More Productive","publisher":{"@id":"https:\/\/industrial.filtrationgroup.com\/fr\/#organization"},"potentialAction":[{"@type":"SearchAction","target":{"@type":"EntryPoint","urlTemplate":"https:\/\/industrial.filtrationgroup.com\/fr\/?s={search_term_string}"},"query-input":{"@type":"PropertyValueSpecification","valueRequired":true,"valueName":"search_term_string"}}],"inLanguage":"fr-FR"},{"@type":"Organization","@id":"https:\/\/industrial.filtrationgroup.com\/fr\/#organization","name":"Filtration Group","url":"https:\/\/industrial.filtrationgroup.com\/fr\/","logo":{"@type":"ImageObject","inLanguage":"fr-FR","@id":"https:\/\/industrial.filtrationgroup.com\/fr\/#\/schema\/logo\/image\/","url":"https:\/\/industrial.filtrationgroup.com\/wp-content\/uploads\/2019\/06\/FGC-logo-1.png","contentUrl":"https:\/\/industrial.filtrationgroup.com\/wp-content\/uploads\/2019\/06\/FGC-logo-1.png","width":1104,"height":224,"caption":"Filtration Group"},"image":{"@id":"https:\/\/industrial.filtrationgroup.com\/fr\/#\/schema\/logo\/image\/"}}]}},"_links":{"self":[{"href":"https:\/\/industrial.filtrationgroup.com\/fr\/wp-json\/wp\/v2\/pages\/6190","targetHints":{"allow":["GET"]}}],"collection":[{"href":"https:\/\/industrial.filtrationgroup.com\/fr\/wp-json\/wp\/v2\/pages"}],"about":[{"href":"https:\/\/industrial.filtrationgroup.com\/fr\/wp-json\/wp\/v2\/types\/page"}],"author":[{"embeddable":true,"href":"https:\/\/industrial.filtrationgroup.com\/fr\/wp-json\/wp\/v2\/users\/2068"}],"replies":[{"embeddable":true,"href":"https:\/\/industrial.filtrationgroup.com\/fr\/wp-json\/wp\/v2\/comments?post=6190"}],"version-history":[{"count":0,"href":"https:\/\/industrial.filtrationgroup.com\/fr\/wp-json\/wp\/v2\/pages\/6190\/revisions"}],"up":[{"embeddable":true,"href":"https:\/\/industrial.filtrationgroup.com\/fr\/wp-json\/wp\/v2\/pages\/2184"}],"wp:attachment":[{"href":"https:\/\/industrial.filtrationgroup.com\/fr\/wp-json\/wp\/v2\/media?parent=6190"}],"curies":[{"name":"wp","href":"https:\/\/api.w.org\/{rel}","templated":true}]}}